{"id":10403,"date":"2025-07-09T08:26:30","date_gmt":"2025-07-09T08:26:30","guid":{"rendered":"https:\/\/www.adiestradorcanino.com\/webdelperro\/santa-cruz-de-tenerife\/el-fronton\/adiestramiento-canino-t-can-tenerife-en-el-fronton-santa-cruz-de-tenerife\/"},"modified":"2025-07-09T08:26:30","modified_gmt":"2025-07-09T08:26:30","slug":"adiestramiento-canino-t-can-tenerife-en-el-fronton-santa-cruz-de-tenerife","status":"publish","type":"page","link":"https:\/\/www.adiestradorcanino.com\/webdelperro\/santa-cruz-de-tenerife\/el-fronton\/adiestramiento-canino-t-can-tenerife-en-el-fronton-santa-cruz-de-tenerife\/","title":{"rendered":"Adiestramiento canino T Can Tenerife en El Front\u00f3n, Santa Cruz De Tenerife"},"content":{"rendered":"\n<p>Si acaso te encuentras en la b\u00fasqueda de un lugar confiable para el el adiestramiento canino dentro de El Front\u00f3n, nuestra instituci\u00f3n se presenta como una alternativa destacada. Nuestra instalaci\u00f3n se especializa en el entrenamiento de canes sin importar la raza o edad, siempre utilizando con respetuosos y tambi\u00e9n eficaces.<\/p>\n\n\n\n<h2 class=\"wp-block-heading has-text-align-left nombreclinica\">T Can Tenerife<\/h2>\n\n\n\n<div class=\"wp-block-group is-layout-constrained wp-block-group-is-layout-constrained\">\n<div class=\"wp-block-columns nc-clase-ficha is-layout-flex wp-container-core-columns-is-layout-9d6595d7 wp-block-columns-is-layout-flex\">\n<div class=\"wp-block-column is-vertically-aligned-center is-layout-flow wp-block-column-is-layout-flow\">\n<figure class=\"wp-block-image size-full\"><img decoding=\"async\" src=\"https:\/\/www.adiestradorcanino.com\/webdelperro\/wp-content\/uploads\/2025\/07\/T-Can-Tenerife.jpg\" alt=\"T Can Tenerife\" class=\"wp-image-19766\"\/><\/figure>\n\n\n\n<p>Entre los tratamientos m\u00e1s demandados se encuentran la entrenamiento de obediencia, la correcci\u00f3n de conductas no deseadas, la socializaci\u00f3n con otros perros y las clases espec\u00edficas para cachorros. Asimismo, en nuestro centro nos adaptamos a las necesidades concretas de cada familia y animal.<\/p>\n<\/div>\n\n\n\n<div class=\"wp-block-column is-vertically-aligned-center is-layout-flow wp-block-column-is-layout-flow\">\n<div class=\"su-service\"><div class=\"su-service-title\" style=\"padding-left:46px;min-height:32px;line-height:32px\"><i class=\"sui sui-user\" style=\"font-size:32px;color:#2471a3\"><\/i> <strong>Nombre<\/strong><\/div><div class=\"su-service-content su-u-clearfix su-u-trim\" style=\"padding-left:46px\">T Can Tenerife<\/div><\/div>\n\n\n\n<div class=\"su-service\"><div class=\"su-service-title\" style=\"padding-left:46px;min-height:32px;line-height:32px\"><i class=\"sui sui-map-marker\" style=\"font-size:32px;color:#2471a3\"><\/i> <strong>Direcci\u00f3n<\/strong><\/div><div class=\"su-service-content su-u-clearfix su-u-trim\" style=\"padding-left:46px\">Calle Uchoba, 29, 38629 El Front\u00f3n, Santa Cruz de Tenerife<\/div><\/div>\n\n\n\n<div class=\"su-service\"><div class=\"su-service-title\" style=\"padding-left:46px;min-height:32px;line-height:32px\"><i class=\"sui sui-volume-control-phone\" style=\"font-size:32px;color:#2471a3\"><\/i> <strong>Tel\u00e9fono<\/strong><\/div><div class=\"su-service-content su-u-clearfix su-u-trim\" style=\"padding-left:46px\">636 61 86 05<\/div><\/div>\n\n\n\n<div class=\"su-service\"><div class=\"su-service-title\" style=\"padding-left:46px;min-height:32px;line-height:32px\"><i class=\"sui sui-globe\" style=\"font-size:32px;color:#2471a3\"><\/i> <strong>Sitio web<\/strong><\/div><div class=\"su-service-content su-u-clearfix su-u-trim\" style=\"padding-left:46px\">https:\/\/www.instagram.com\/tcantenerife\/<\/div><\/div>\n\n\n\n<div class=\"su-service\"><div class=\"su-service-title\" style=\"padding-left:46px;min-height:32px;line-height:32px\"><i class=\"sui sui-star\" style=\"font-size:32px;color:#2471a3\"><\/i> Valoraci\u00f3n de los clientes<\/div><div class=\"su-service-content su-u-clearfix su-u-trim\" style=\"padding-left:46px\">5 \/ 5 (21)<\/div><\/div>\n<\/div>\n<\/div>\n<\/div>\n\n\n\n<div class=\"wp-block-columns is-layout-flex wp-container-core-columns-is-layout-9d6595d7 wp-block-columns-is-layout-flex\">\n<div class=\"wp-block-column mapa2 is-layout-flow wp-block-column-is-layout-flow\">\n<h2 class=\"wp-block-heading\">Ubicaci\u00f3n de T Can Tenerife<\/h2>\n\n\n\n<div class=\"su-gmap su-u-responsive-media-yes mapa\"><iframe loading=\"lazy\" width=\"600\" height=\"280\" src=\"\/\/maps.google.com\/maps?q=T%20Can%20Tenerife%2C%20Calle%20Uchoba%2C%2029%2C%2038629%20El%20Front%C3%B3n%2C%20Santa%20Cruz%20de%20Tenerife&amp;output=embed&amp;z=20\" title=\"\"><\/iframe><\/div>\n\n\n\n<h2 class=\"wp-block-heading\">Horarios de T Can Tenerife<\/h2>\n\n\n\n<figure class=\"wp-block-table\"><table><tbody><tr><td><strong>Lunes<\/strong><\/td><td><\/td><\/tr><tr><td><strong>Martes<\/strong><\/td><td><\/td><\/tr><tr><td><strong>Mi\u00e9rcoles<\/strong><\/td><td><\/td><\/tr><tr><td><strong>Jueves<\/strong><\/td><td><\/td><\/tr><tr><td><strong>Viernes<\/strong><\/td><td><\/td><\/tr><tr><td><strong>S\u00e1bado<\/strong><\/td><td><\/td><\/tr><tr><td><strong>Domingo<\/strong><\/td><td><\/td><\/tr><\/tbody><\/table><\/figure>\n\n\n\n<h2 class=\"wp-block-heading\">Tel\u00e9fono de T Can Tenerife<\/h2>\n\n\n\n<p>Si quieres comunicarte con <strong>T Can Tenerife<\/strong>, puedes hacerlo directamente llamando al siguiente n\u00famero:<\/p>\n\n\n\n<div class=\"wp-block-buttons is-content-justification-center is-layout-flex wp-container-core-buttons-is-layout-16018d1d wp-block-buttons-is-layout-flex\">\n<div class=\"wp-block-button is-style-fill\"><a class=\"wp-block-button__link has-background has-medium-font-size has-custom-font-size wp-element-button\" href=\"tel:636 61 86 05\" style=\"border-radius:6px;background-color:#2471a3\">Llamar ahora<\/a><\/div>\n<\/div>\n\n\n\n<h2 class=\"wp-block-heading\">M\u00e1s informaci\u00f3n<\/h2>\n\n\n\n<p>En el centro de adiestramiento canino T Can Tenerife, ubicado en Calle Uchoba, 29, 38629 El Front\u00f3n, Santa Cruz de Tenerife, ofrecemos un enfoque integral y personalizable para adiestrar perros, adapt\u00e1ndonos a las necesidades espec\u00edficas de cada mascota y su due\u00f1o. Nuestros servicios abarcan desde la obediencia b\u00e1sica y la socializaci\u00f3n hasta la modificaci\u00f3n de conducta, asegurando un desarrollo arm\u00f3nico y equilibrado en tu perro. Contamos con un equipo de adiestradores de perros en Santa Cruz de Tenerife altamente capacitados y con amplia experiencia, que utilizan m\u00e9todos positivos y efectivos para fomentar una relaci\u00f3n s\u00f3lida y respetuosa entre el propietario y su mascota. Lo que nos diferencia de otros centros es nuestro compromiso con la educaci\u00f3n continua y el seguimiento personalizado, garantizando que cada perro reciba la atenci\u00f3n y el cuidado que merece. Si buscas un servicio de calidad para el adiestramiento canino en El Front\u00f3n, en T Can Tenerife estamos aqu\u00ed para ayudarte a construir un v\u00ednculo duradero y satisfactorio con tu mejor amigo.<\/p>\n\n\n\n<p>Situado en Calle Uchoba, 29, 38629 El Front\u00f3n, Santa Cruz de Tenerife, este centro de adiestramiento canino en El Front\u00f3n es famoso por su trato personal, profesionalidad y logros visibles. Mira las rese\u00f1as de otros due\u00f1os de mascotas para entender su experiencia.<\/p>\n<\/div>\n<\/div>\n\n\n\n<p><\/p>\n\n\n\n<p>Si necesitas conocer otros (PONER NEGOCIO, ej: asesor\u00eda legal, decoraci\u00f3n de eventos, instalaciones el\u00e9ctricas) puedes <strong><a href=\"\/\">visitar nuestra p\u00e1gina principal<\/a><\/strong>.<\/p>\n","protected":false},"excerpt":{"rendered":"<p>Si acaso te encuentras en la b\u00fasqueda de un lugar confiable para el el adiestramiento canino dentro de El Front\u00f3n, nuestra instituci\u00f3n se presenta como una alternativa destacada. Nuestra instalaci\u00f3n se especializa en el entrenamiento de canes sin importar la raza o edad, siempre utilizando con respetuosos y tambi\u00e9n eficaces. T Can Tenerife Entre los [&hellip;]<\/p>\n","protected":false},"author":2,"featured_media":0,"parent":8408,"menu_order":0,"comment_status":"closed","ping_status":"closed","template":"","meta":{"_et_pb_use_builder":"","_et_pb_old_content":"","_et_gb_content_width":"","footnotes":""},"tags":[1204],"class_list":["post-10403","page","type-page","status-publish","hentry","tag-el-fronton"],"_links":{"self":[{"href":"https:\/\/www.adiestradorcanino.com\/webdelperro\/wp-json\/wp\/v2\/pages\/10403","targetHints":{"allow":["GET"]}}],"collection":[{"href":"https:\/\/www.adiestradorcanino.com\/webdelperro\/wp-json\/wp\/v2\/pages"}],"about":[{"href":"https:\/\/www.adiestradorcanino.com\/webdelperro\/wp-json\/wp\/v2\/types\/page"}],"author":[{"embeddable":true,"href":"https:\/\/www.adiestradorcanino.com\/webdelperro\/wp-json\/wp\/v2\/users\/2"}],"replies":[{"embeddable":true,"href":"https:\/\/www.adiestradorcanino.com\/webdelperro\/wp-json\/wp\/v2\/comments?post=10403"}],"version-history":[{"count":0,"href":"https:\/\/www.adiestradorcanino.com\/webdelperro\/wp-json\/wp\/v2\/pages\/10403\/revisions"}],"up":[{"embeddable":true,"href":"https:\/\/www.adiestradorcanino.com\/webdelperro\/wp-json\/wp\/v2\/pages\/8408"}],"wp:attachment":[{"href":"https:\/\/www.adiestradorcanino.com\/webdelperro\/wp-json\/wp\/v2\/media?parent=10403"}],"wp:term":[{"taxonomy":"post_tag","embeddable":true,"href":"https:\/\/www.adiestradorcanino.com\/webdelperro\/wp-json\/wp\/v2\/tags?post=10403"}],"curies":[{"name":"wp","href":"https:\/\/api.w.org\/{rel}","templated":true}]}}