{"id":10399,"date":"2025-07-09T08:26:08","date_gmt":"2025-07-09T08:26:08","guid":{"rendered":"https:\/\/www.adiestradorcanino.com\/webdelperro\/santa-cruz-de-tenerife\/puerto-de-la-cruz\/adiestramiento-canino-tu-centro-canino-damian-machado-en-puerto-de-la-cruz-santa-cruz-de-tenerife\/"},"modified":"2025-07-09T08:26:08","modified_gmt":"2025-07-09T08:26:08","slug":"adiestramiento-canino-tu-centro-canino-damian-machado-en-puerto-de-la-cruz-santa-cruz-de-tenerife","status":"publish","type":"page","link":"https:\/\/www.adiestradorcanino.com\/webdelperro\/santa-cruz-de-tenerife\/puerto-de-la-cruz\/adiestramiento-canino-tu-centro-canino-damian-machado-en-puerto-de-la-cruz-santa-cruz-de-tenerife\/","title":{"rendered":"Adiestramiento canino Tu Centro Canino Dami\u00e1n Machado en Puerto De La Cruz, Santa Cruz De Tenerife"},"content":{"rendered":"\n<p>En caso de que buscas buscando un lugar confiable id\u00f3neo para adiestramiento de perros en el \u00e1rea de Puerto De La Cruz, nuestra instituci\u00f3n es una opci\u00f3n destacada. Nuestra instalaci\u00f3n se dedica en el manejo de perros de todas las edades y razas, usando con respetuosos y \u00fatiles.<\/p>\n\n\n\n<h2 class=\"wp-block-heading has-text-align-left nombreclinica\">Tu Centro Canino Dami\u00e1n Machado<\/h2>\n\n\n\n<div class=\"wp-block-group is-layout-constrained wp-block-group-is-layout-constrained\">\n<div class=\"wp-block-columns nc-clase-ficha is-layout-flex wp-container-core-columns-is-layout-9d6595d7 wp-block-columns-is-layout-flex\">\n<div class=\"wp-block-column is-vertically-aligned-center is-layout-flow wp-block-column-is-layout-flow\">\n<figure class=\"wp-block-image size-full\"><img decoding=\"async\" src=\"https:\/\/www.adiestradorcanino.com\/webdelperro\/wp-content\/uploads\/2025\/07\/Tu-Centro-Canino-Damian-Machado.png\" alt=\"Tu Centro Canino Dami\u00e1n Machado\" class=\"wp-image-19766\"\/><\/figure>\n\n\n\n<p>Dentro de los tratamientos m\u00e1s demandados est\u00e1n los obediencia b\u00e1sica, la correcci\u00f3n de conductas inapropiadas, la socializaci\u00f3n con otros perros y las sesiones especiales para cachorros. Adem\u00e1s, en nuestro centro nos adaptamos a las particularidades de cada familia y su mascota.<\/p>\n<\/div>\n\n\n\n<div class=\"wp-block-column is-vertically-aligned-center is-layout-flow wp-block-column-is-layout-flow\">\n<div class=\"su-service\"><div class=\"su-service-title\" style=\"padding-left:46px;min-height:32px;line-height:32px\"><i class=\"sui sui-user\" style=\"font-size:32px;color:#2471a3\"><\/i> <strong>Nombre<\/strong><\/div><div class=\"su-service-content su-u-clearfix su-u-trim\" style=\"padding-left:46px\">Tu Centro Canino Dami\u00e1n Machado<\/div><\/div>\n\n\n\n<div class=\"su-service\"><div class=\"su-service-title\" style=\"padding-left:46px;min-height:32px;line-height:32px\"><i class=\"sui sui-map-marker\" style=\"font-size:32px;color:#2471a3\"><\/i> <strong>Direcci\u00f3n<\/strong><\/div><div class=\"su-service-content su-u-clearfix su-u-trim\" style=\"padding-left:46px\">Cam. Piedras Blancas, 59, 38400 Puerto de la Cruz, Santa Cruz de Tenerife<\/div><\/div>\n\n\n\n<div class=\"su-service\"><div class=\"su-service-title\" style=\"padding-left:46px;min-height:32px;line-height:32px\"><i class=\"sui sui-volume-control-phone\" style=\"font-size:32px;color:#2471a3\"><\/i> <strong>Tel\u00e9fono<\/strong><\/div><div class=\"su-service-content su-u-clearfix su-u-trim\" style=\"padding-left:46px\">922 30 53 33<\/div><\/div>\n\n\n\n<div class=\"su-service\"><div class=\"su-service-title\" style=\"padding-left:46px;min-height:32px;line-height:32px\"><i class=\"sui sui-globe\" style=\"font-size:32px;color:#2471a3\"><\/i> <strong>Sitio web<\/strong><\/div><div class=\"su-service-content su-u-clearfix su-u-trim\" style=\"padding-left:46px\">https:\/\/tucentrocanino.com\/<\/div><\/div>\n\n\n\n<div class=\"su-service\"><div class=\"su-service-title\" style=\"padding-left:46px;min-height:32px;line-height:32px\"><i class=\"sui sui-star\" style=\"font-size:32px;color:#2471a3\"><\/i> Valoraci\u00f3n de los clientes<\/div><div class=\"su-service-content su-u-clearfix su-u-trim\" style=\"padding-left:46px\">4.7 \/ 5 (114)<\/div><\/div>\n<\/div>\n<\/div>\n<\/div>\n\n\n\n<div class=\"wp-block-columns is-layout-flex wp-container-core-columns-is-layout-9d6595d7 wp-block-columns-is-layout-flex\">\n<div class=\"wp-block-column mapa2 is-layout-flow wp-block-column-is-layout-flow\">\n<h2 class=\"wp-block-heading\">Ubicaci\u00f3n de Tu Centro Canino Dami\u00e1n Machado<\/h2>\n\n\n\n<div class=\"su-gmap su-u-responsive-media-yes mapa\"><iframe loading=\"lazy\" width=\"600\" height=\"280\" src=\"\/\/maps.google.com\/maps?q=Tu%20Centro%20Canino%20Dami%C3%A1n%20Machado%2C%20Cam.%20Piedras%20Blancas%2C%2059%2C%2038400%20Puerto%20de%20la%20Cruz%2C%20Santa%20Cruz%20de%20Tenerife&amp;output=embed&amp;z=20\" title=\"\"><\/iframe><\/div>\n\n\n\n<h2 class=\"wp-block-heading\">Horarios de Tu Centro Canino Dami\u00e1n Machado<\/h2>\n\n\n\n<figure class=\"wp-block-table\"><table><tbody><tr><td><strong>Lunes<\/strong><\/td><td>lunes: 8:00\u201318:00<\/td><\/tr><tr><td><strong>Martes<\/strong><\/td><td>martes: 8:00\u201318:00<\/td><\/tr><tr><td><strong>Mi\u00e9rcoles<\/strong><\/td><td>mi\u00e9rcoles: 8:00\u201318:00<\/td><\/tr><tr><td><strong>Jueves<\/strong><\/td><td>jueves: 8:00\u201318:00<\/td><\/tr><tr><td><strong>Viernes<\/strong><\/td><td>viernes: 8:00\u201318:00<\/td><\/tr><tr><td><strong>S\u00e1bado<\/strong><\/td><td>s\u00e1bado: 10:00\u201312:00<\/td><\/tr><tr><td><strong>Domingo<\/strong><\/td><td>domingo: 10:00\u201312:00<\/td><\/tr><\/tbody><\/table><\/figure>\n\n\n\n<h2 class=\"wp-block-heading\">Tel\u00e9fono de Tu Centro Canino Dami\u00e1n Machado<\/h2>\n\n\n\n<p>Si quieres comunicarte con <strong>Tu Centro Canino Dami\u00e1n Machado<\/strong>, puedes hacerlo directamente llamando al siguiente n\u00famero:<\/p>\n\n\n\n<div class=\"wp-block-buttons is-content-justification-center is-layout-flex wp-container-core-buttons-is-layout-16018d1d wp-block-buttons-is-layout-flex\">\n<div class=\"wp-block-button is-style-fill\"><a class=\"wp-block-button__link has-background has-medium-font-size has-custom-font-size wp-element-button\" href=\"tel:922 30 53 33\" style=\"border-radius:6px;background-color:#2471a3\">Llamar ahora<\/a><\/div>\n<\/div>\n\n\n\n<h2 class=\"wp-block-heading\">M\u00e1s informaci\u00f3n<\/h2>\n\n\n\n<p>En **Tu Centro Canino Dami\u00e1n Machado**, ubicado en Cam. Piedras Blancas, 59, 38400 Puerto de la Cruz, Santa Cruz de Tenerife, ofrecemos un completo servicio de **adiestramiento canino en Puerto De La Cruz** que se adapta a las necesidades de cada perro y su due\u00f1o. Nuestros adiestradores de perros en Santa Cruz de Tenerife se especializan en t\u00e9cnicas de obediencia, socializaci\u00f3n y modificaci\u00f3n de conducta, garantizando un enfoque personalizado que fomenta una relaci\u00f3n armoniosa entre el animal y su familia. Lo que nos distingue de otros centros es nuestro compromiso con m\u00e9todos basados en el refuerzo positivo y una atenci\u00f3n cercana, asegurando que cada sesi\u00f3n sea tanto educativa como enriquecedora. Si buscas **adiestrar perros** de manera positiva y amable, en **Tu Centro Canino Dami\u00e1n Machado** encontrar\u00e1s un espacio donde tu mascota podr\u00e1 aprender y crecer en un ambiente seguro y divertido.<\/p>\n\n\n\n<p>Ubicado en Cam. Piedras Blancas, 59, 38400 Puerto de la Cruz, Santa Cruz de Tenerife, el centro de adiestramiento canino en Puerto De La Cruz ha sido reconocido por su trato personal, expertise y logros notables. Consulta las opiniones de otros usuarios para entender su experiencia.<\/p>\n<\/div>\n<\/div>\n\n\n\n<p><\/p>\n\n\n\n<p>Si necesitas conocer otros (PONER NEGOCIO, ej: asesor\u00eda legal, decoraci\u00f3n de eventos, instalaciones el\u00e9ctricas) puedes <strong><a href=\"\/\">visitar nuestra p\u00e1gina principal<\/a><\/strong>.<\/p>\n","protected":false},"excerpt":{"rendered":"<p>En caso de que buscas buscando un lugar confiable id\u00f3neo para adiestramiento de perros en el \u00e1rea de Puerto De La Cruz, nuestra instituci\u00f3n es una opci\u00f3n destacada. Nuestra instalaci\u00f3n se dedica en el manejo de perros de todas las edades y razas, usando con respetuosos y \u00fatiles. Tu Centro Canino Dami\u00e1n Machado Dentro de [&hellip;]<\/p>\n","protected":false},"author":2,"featured_media":0,"parent":8402,"menu_order":0,"comment_status":"closed","ping_status":"closed","template":"","meta":{"_et_pb_use_builder":"","_et_pb_old_content":"","_et_gb_content_width":"","footnotes":""},"tags":[1202],"class_list":["post-10399","page","type-page","status-publish","hentry","tag-puerto-de-la-cruz"],"_links":{"self":[{"href":"https:\/\/www.adiestradorcanino.com\/webdelperro\/wp-json\/wp\/v2\/pages\/10399","targetHints":{"allow":["GET"]}}],"collection":[{"href":"https:\/\/www.adiestradorcanino.com\/webdelperro\/wp-json\/wp\/v2\/pages"}],"about":[{"href":"https:\/\/www.adiestradorcanino.com\/webdelperro\/wp-json\/wp\/v2\/types\/page"}],"author":[{"embeddable":true,"href":"https:\/\/www.adiestradorcanino.com\/webdelperro\/wp-json\/wp\/v2\/users\/2"}],"replies":[{"embeddable":true,"href":"https:\/\/www.adiestradorcanino.com\/webdelperro\/wp-json\/wp\/v2\/comments?post=10399"}],"version-history":[{"count":0,"href":"https:\/\/www.adiestradorcanino.com\/webdelperro\/wp-json\/wp\/v2\/pages\/10399\/revisions"}],"up":[{"embeddable":true,"href":"https:\/\/www.adiestradorcanino.com\/webdelperro\/wp-json\/wp\/v2\/pages\/8402"}],"wp:attachment":[{"href":"https:\/\/www.adiestradorcanino.com\/webdelperro\/wp-json\/wp\/v2\/media?parent=10399"}],"wp:term":[{"taxonomy":"post_tag","embeddable":true,"href":"https:\/\/www.adiestradorcanino.com\/webdelperro\/wp-json\/wp\/v2\/tags?post=10399"}],"curies":[{"name":"wp","href":"https:\/\/api.w.org\/{rel}","templated":true}]}}