{"id":10388,"date":"2025-07-09T08:25:17","date_gmt":"2025-07-09T08:25:17","guid":{"rendered":"https:\/\/www.adiestradorcanino.com\/webdelperro\/pontevedra\/pontevedra\/adiestramiento-canino-kesars-educacion-canina-amable-en-pontevedra-pontevedra\/"},"modified":"2025-07-09T08:25:17","modified_gmt":"2025-07-09T08:25:17","slug":"adiestramiento-canino-kesars-educacion-canina-amable-en-pontevedra-pontevedra","status":"publish","type":"page","link":"https:\/\/www.adiestradorcanino.com\/webdelperro\/pontevedra\/pontevedra\/adiestramiento-canino-kesars-educacion-canina-amable-en-pontevedra-pontevedra\/","title":{"rendered":"Adiestramiento canino Kesar\u00b4s Educaci\u00f3n Canina Amable en Pontevedra, Pontevedra"},"content":{"rendered":"\n<p>Si acaso buscas en la b\u00fasqueda de un espacio de confianza para el entrenamiento canino en el \u00e1rea de Pontevedra, este centro es una alternativa destacada. Este lugar se especializa en el manejo de perros sin importar la raza o edad, usando con \u00e9ticos y tambi\u00e9n efectivos.<\/p>\n\n\n\n<h2 class=\"wp-block-heading has-text-align-left nombreclinica\">Kesar\u00b4s Educaci\u00f3n Canina Amable<\/h2>\n\n\n\n<div class=\"wp-block-group is-layout-constrained wp-block-group-is-layout-constrained\">\n<div class=\"wp-block-columns nc-clase-ficha is-layout-flex wp-container-core-columns-is-layout-9d6595d7 wp-block-columns-is-layout-flex\">\n<div class=\"wp-block-column is-vertically-aligned-center is-layout-flow wp-block-column-is-layout-flow\">\n\n\n<p>Entre nuestros tratamientos m\u00e1s solicitados est\u00e1n la entrenamiento de obediencia, la modificaci\u00f3n de comportamientos no deseados, la interacci\u00f3n con otros animales y las clases espec\u00edficas para cachorros. Asimismo, en nombre nos adaptamos a las particularidades de cada hogar y su animal.<\/p>\n<\/div>\n\n\n\n<div class=\"wp-block-column is-vertically-aligned-center is-layout-flow wp-block-column-is-layout-flow\">\n<div class=\"su-service\"><div class=\"su-service-title\" style=\"padding-left:46px;min-height:32px;line-height:32px\"><i class=\"sui sui-user\" style=\"font-size:32px;color:#2471a3\"><\/i> <strong>Nombre<\/strong><\/div><div class=\"su-service-content su-u-clearfix su-u-trim\" style=\"padding-left:46px\">Kesar\u00b4s Educaci\u00f3n Canina Amable<\/div><\/div>\n\n\n\n<div class=\"su-service\"><div class=\"su-service-title\" style=\"padding-left:46px;min-height:32px;line-height:32px\"><i class=\"sui sui-map-marker\" style=\"font-size:32px;color:#2471a3\"><\/i> <strong>Direcci\u00f3n<\/strong><\/div><div class=\"su-service-content su-u-clearfix su-u-trim\" style=\"padding-left:46px\">C\/ LA BARCA, 18, 6B, 36004 Pontevedra<\/div><\/div>\n\n\n\n<div class=\"su-service\"><div class=\"su-service-title\" style=\"padding-left:46px;min-height:32px;line-height:32px\"><i class=\"sui sui-volume-control-phone\" style=\"font-size:32px;color:#2471a3\"><\/i> <strong>Tel\u00e9fono<\/strong><\/div><div class=\"su-service-content su-u-clearfix su-u-trim\" style=\"padding-left:46px\">658 09 89 46<\/div><\/div>\n\n\n\n<div class=\"su-service\"><div class=\"su-service-title\" style=\"padding-left:46px;min-height:32px;line-height:32px\"><i class=\"sui sui-globe\" style=\"font-size:32px;color:#2471a3\"><\/i> <strong>Sitio web<\/strong><\/div><div class=\"su-service-content su-u-clearfix su-u-trim\" style=\"padding-left:46px\"><\/div><\/div>\n\n\n\n<div class=\"su-service\"><div class=\"su-service-title\" style=\"padding-left:46px;min-height:32px;line-height:32px\"><i class=\"sui sui-star\" style=\"font-size:32px;color:#2471a3\"><\/i> Valoraci\u00f3n de los clientes<\/div><div class=\"su-service-content su-u-clearfix su-u-trim\" style=\"padding-left:46px\"> \/ 5 (0)<\/div><\/div>\n<\/div>\n<\/div>\n<\/div>\n\n\n\n<div class=\"wp-block-columns is-layout-flex wp-container-core-columns-is-layout-9d6595d7 wp-block-columns-is-layout-flex\">\n<div class=\"wp-block-column mapa2 is-layout-flow wp-block-column-is-layout-flow\">\n<h2 class=\"wp-block-heading\">Ubicaci\u00f3n de Kesar\u00b4s Educaci\u00f3n Canina Amable<\/h2>\n\n\n\n<div class=\"su-gmap su-u-responsive-media-yes mapa\"><iframe loading=\"lazy\" width=\"600\" height=\"280\" src=\"\/\/maps.google.com\/maps?q=Kesar%C2%B4s%20Educaci%C3%B3n%20Canina%20Amable%2C%20C%2F%20LA%20BARCA%2C%2018%2C%206B%2C%2036004%20Pontevedra&amp;output=embed&amp;z=20\" title=\"\"><\/iframe><\/div>\n\n\n\n<h2 class=\"wp-block-heading\">Horarios de Kesar\u00b4s Educaci\u00f3n Canina Amable<\/h2>\n\n\n\n<figure class=\"wp-block-table\"><table><tbody><tr><td><strong>Lunes<\/strong><\/td><td>lunes: 9:30\u201320:00<\/td><\/tr><tr><td><strong>Martes<\/strong><\/td><td>martes: 9:30\u201320:00<\/td><\/tr><tr><td><strong>Mi\u00e9rcoles<\/strong><\/td><td>mi\u00e9rcoles: 9:30\u201320:00<\/td><\/tr><tr><td><strong>Jueves<\/strong><\/td><td>jueves: 9:30\u201320:00<\/td><\/tr><tr><td><strong>Viernes<\/strong><\/td><td>viernes: 9:30\u201320:00<\/td><\/tr><tr><td><strong>S\u00e1bado<\/strong><\/td><td>s\u00e1bado: 9:30\u201320:00<\/td><\/tr><tr><td><strong>Domingo<\/strong><\/td><td>domingo: 9:30\u201320:00<\/td><\/tr><\/tbody><\/table><\/figure>\n\n\n\n<h2 class=\"wp-block-heading\">Tel\u00e9fono de Kesar\u00b4s Educaci\u00f3n Canina Amable<\/h2>\n\n\n\n<p>Si quieres comunicarte con <strong>Kesar\u00b4s Educaci\u00f3n Canina Amable<\/strong>, puedes hacerlo directamente llamando al siguiente n\u00famero:<\/p>\n\n\n\n<div class=\"wp-block-buttons is-content-justification-center is-layout-flex wp-container-core-buttons-is-layout-16018d1d wp-block-buttons-is-layout-flex\">\n<div class=\"wp-block-button is-style-fill\"><a class=\"wp-block-button__link has-background has-medium-font-size has-custom-font-size wp-element-button\" href=\"tel:658 09 89 46\" style=\"border-radius:6px;background-color:#2471a3\">Llamar ahora<\/a><\/div>\n<\/div>\n\n\n\n<h2 class=\"wp-block-heading\">M\u00e1s informaci\u00f3n<\/h2>\n\n\n\n<p>En Kesar\u00b4s Educaci\u00f3n Canina Amable, situado en C\/ LA BARCA, 18, 6B, 36004 Pontevedra, ofrecemos un enfoque integral para el adiestramiento canino en Pontevedra, dise\u00f1ado para atender las necesidades espec\u00edficas de cada perro y su propietario. Nuestros servicios abarcan desde la obediencia b\u00e1sica y la socializaci\u00f3n hasta la modificaci\u00f3n de conducta, asegurando que cada animal desarrolle un comportamiento equilibrado y amigable. Nuestro equipo de adiestradores de perros en Pontevedra se destaca por su metodolog\u00eda amable y personalizada, fomentando una relaci\u00f3n de confianza entre el due\u00f1o y su mascota. En Kesar\u00b4s, no solo nos enfocamos en adiestrar perros, sino en crear un ambiente positivo y enriquecedor que promueva el bienestar animal. Si buscas un centro de adiestramiento canino que combine profesionalismo y un trato cercano, Kesar\u00b4s Educaci\u00f3n Canina Amable es tu mejor opci\u00f3n en Pontevedra.<\/p>\n\n\n\n<p>Situado en C\/ LA BARCA, 18, 6B, 36004 Pontevedra, el centro de adiestramiento canino en Pontevedra se considera reconocido por su trato personal, seriedad y logros visibles. Mira las rese\u00f1as de otros clientes para conocer su opini\u00f3n.<\/p>\n<\/div>\n<\/div>\n\n\n\n<p><\/p>\n\n\n\n<p>Si necesitas conocer otros (PONER NEGOCIO, ej: asesor\u00eda legal, decoraci\u00f3n de eventos, instalaciones el\u00e9ctricas) puedes <strong><a href=\"\/\">visitar nuestra p\u00e1gina principal<\/a><\/strong>.<\/p>\n","protected":false},"excerpt":{"rendered":"<p>Si acaso buscas en la b\u00fasqueda de un espacio de confianza para el entrenamiento canino en el \u00e1rea de Pontevedra, este centro es una alternativa destacada. Este lugar se especializa en el manejo de perros sin importar la raza o edad, usando con \u00e9ticos y tambi\u00e9n efectivos. Kesar\u00b4s Educaci\u00f3n Canina Amable Entre nuestros tratamientos m\u00e1s [&hellip;]<\/p>\n","protected":false},"author":2,"featured_media":0,"parent":8376,"menu_order":0,"comment_status":"closed","ping_status":"closed","template":"","meta":{"_et_pb_use_builder":"","_et_pb_old_content":"","_et_gb_content_width":"","footnotes":""},"tags":[876],"class_list":["post-10388","page","type-page","status-publish","hentry","tag-pontevedra"],"_links":{"self":[{"href":"https:\/\/www.adiestradorcanino.com\/webdelperro\/wp-json\/wp\/v2\/pages\/10388","targetHints":{"allow":["GET"]}}],"collection":[{"href":"https:\/\/www.adiestradorcanino.com\/webdelperro\/wp-json\/wp\/v2\/pages"}],"about":[{"href":"https:\/\/www.adiestradorcanino.com\/webdelperro\/wp-json\/wp\/v2\/types\/page"}],"author":[{"embeddable":true,"href":"https:\/\/www.adiestradorcanino.com\/webdelperro\/wp-json\/wp\/v2\/users\/2"}],"replies":[{"embeddable":true,"href":"https:\/\/www.adiestradorcanino.com\/webdelperro\/wp-json\/wp\/v2\/comments?post=10388"}],"version-history":[{"count":0,"href":"https:\/\/www.adiestradorcanino.com\/webdelperro\/wp-json\/wp\/v2\/pages\/10388\/revisions"}],"up":[{"embeddable":true,"href":"https:\/\/www.adiestradorcanino.com\/webdelperro\/wp-json\/wp\/v2\/pages\/8376"}],"wp:attachment":[{"href":"https:\/\/www.adiestradorcanino.com\/webdelperro\/wp-json\/wp\/v2\/media?parent=10388"}],"wp:term":[{"taxonomy":"post_tag","embeddable":true,"href":"https:\/\/www.adiestradorcanino.com\/webdelperro\/wp-json\/wp\/v2\/tags?post=10388"}],"curies":[{"name":"wp","href":"https:\/\/api.w.org\/{rel}","templated":true}]}}