{"id":10387,"date":"2025-07-09T08:25:13","date_gmt":"2025-07-09T08:25:13","guid":{"rendered":"https:\/\/www.adiestradorcanino.com\/webdelperro\/pontevedra\/sotomayor\/adiestramiento-canino-inucan-centro-canino-en-sotomayor-pontevedra\/"},"modified":"2025-07-09T08:25:13","modified_gmt":"2025-07-09T08:25:13","slug":"adiestramiento-canino-inucan-centro-canino-en-sotomayor-pontevedra","status":"publish","type":"page","link":"https:\/\/www.adiestradorcanino.com\/webdelperro\/pontevedra\/sotomayor\/adiestramiento-canino-inucan-centro-canino-en-sotomayor-pontevedra\/","title":{"rendered":"Adiestramiento canino Inucan Centro Canino en Sotomayor, Pontevedra"},"content":{"rendered":"\n<p>Si acaso buscas en la b\u00fasqueda de un sitio seguro id\u00f3neo para adiestramiento de perros dentro de Sotomayor, este centro se presenta como una opci\u00f3n destacada. Este lugar se especializa con canes de todas las edades y razas, siempre t\u00e9cnicas \u00e9ticos y tambi\u00e9n efectivos.<\/p>\n\n\n\n<h2 class=\"wp-block-heading has-text-align-left nombreclinica\">Inucan Centro Canino<\/h2>\n\n\n\n<div class=\"wp-block-group is-layout-constrained wp-block-group-is-layout-constrained\">\n<div class=\"wp-block-columns nc-clase-ficha is-layout-flex wp-container-core-columns-is-layout-9d6595d7 wp-block-columns-is-layout-flex\">\n<div class=\"wp-block-column is-vertically-aligned-center is-layout-flow wp-block-column-is-layout-flow\">\n<figure class=\"wp-block-image size-full\"><img decoding=\"async\" src=\"https:\/\/www.adiestradorcanino.com\/webdelperro\/wp-content\/uploads\/2025\/07\/Inucan-Centro-Canino.jpg\" alt=\"Inucan Centro Canino\" class=\"wp-image-19766\"\/><\/figure>\n\n\n\n<p>Entre nuestros servicios m\u00e1s solicitados est\u00e1n la obediencia b\u00e1sica, la correcci\u00f3n de conductas inapropiadas, la socializaci\u00f3n con otros animales y las clases espec\u00edficas para cachorros. Adem\u00e1s, en el centro nos adaptamos a las necesidades espec\u00edficas de cada hogar y su animal.<\/p>\n<\/div>\n\n\n\n<div class=\"wp-block-column is-vertically-aligned-center is-layout-flow wp-block-column-is-layout-flow\">\n<div class=\"su-service\"><div class=\"su-service-title\" style=\"padding-left:46px;min-height:32px;line-height:32px\"><i class=\"sui sui-user\" style=\"font-size:32px;color:#2471a3\"><\/i> <strong>Nombre<\/strong><\/div><div class=\"su-service-content su-u-clearfix su-u-trim\" style=\"padding-left:46px\">Inucan Centro Canino<\/div><\/div>\n\n\n\n<div class=\"su-service\"><div class=\"su-service-title\" style=\"padding-left:46px;min-height:32px;line-height:32px\"><i class=\"sui sui-map-marker\" style=\"font-size:32px;color:#2471a3\"><\/i> <strong>Direcci\u00f3n<\/strong><\/div><div class=\"su-service-content su-u-clearfix su-u-trim\" style=\"padding-left:46px\">R\u00faa da Coutada, 9, 1B, 36690 Sotomayor, Pontevedra<\/div><\/div>\n\n\n\n<div class=\"su-service\"><div class=\"su-service-title\" style=\"padding-left:46px;min-height:32px;line-height:32px\"><i class=\"sui sui-volume-control-phone\" style=\"font-size:32px;color:#2471a3\"><\/i> <strong>Tel\u00e9fono<\/strong><\/div><div class=\"su-service-content su-u-clearfix su-u-trim\" style=\"padding-left:46px\">664 16 85 39<\/div><\/div>\n\n\n\n<div class=\"su-service\"><div class=\"su-service-title\" style=\"padding-left:46px;min-height:32px;line-height:32px\"><i class=\"sui sui-globe\" style=\"font-size:32px;color:#2471a3\"><\/i> <strong>Sitio web<\/strong><\/div><div class=\"su-service-content su-u-clearfix su-u-trim\" style=\"padding-left:46px\">http:\/\/www.inucan.es\/<\/div><\/div>\n\n\n\n<div class=\"su-service\"><div class=\"su-service-title\" style=\"padding-left:46px;min-height:32px;line-height:32px\"><i class=\"sui sui-star\" style=\"font-size:32px;color:#2471a3\"><\/i> Valoraci\u00f3n de los clientes<\/div><div class=\"su-service-content su-u-clearfix su-u-trim\" style=\"padding-left:46px\">5 \/ 5 (10)<\/div><\/div>\n<\/div>\n<\/div>\n<\/div>\n\n\n\n<div class=\"wp-block-columns is-layout-flex wp-container-core-columns-is-layout-9d6595d7 wp-block-columns-is-layout-flex\">\n<div class=\"wp-block-column mapa2 is-layout-flow wp-block-column-is-layout-flow\">\n<h2 class=\"wp-block-heading\">Ubicaci\u00f3n de Inucan Centro Canino<\/h2>\n\n\n\n<div class=\"su-gmap su-u-responsive-media-yes mapa\"><iframe loading=\"lazy\" width=\"600\" height=\"280\" src=\"\/\/maps.google.com\/maps?q=Inucan%20Centro%20Canino%2C%20R%C3%BAa%20da%20Coutada%2C%209%2C%201B%2C%2036690%20Sotomayor%2C%20Pontevedra&amp;output=embed&amp;z=20\" title=\"\"><\/iframe><\/div>\n\n\n\n<h2 class=\"wp-block-heading\">Horarios de Inucan Centro Canino<\/h2>\n\n\n\n<figure class=\"wp-block-table\"><table><tbody><tr><td><strong>Lunes<\/strong><\/td><td>lunes: 9:00\u201314:00, 16:00\u201321:00<\/td><\/tr><tr><td><strong>Martes<\/strong><\/td><td>martes: 9:00\u201314:00, 16:00\u201321:00<\/td><\/tr><tr><td><strong>Mi\u00e9rcoles<\/strong><\/td><td>mi\u00e9rcoles: 9:00\u201314:00, 16:00\u201321:00<\/td><\/tr><tr><td><strong>Jueves<\/strong><\/td><td>jueves: 9:00\u201314:00, 16:00\u201321:00<\/td><\/tr><tr><td><strong>Viernes<\/strong><\/td><td>viernes: 9:00\u201314:00, 16:00\u201321:00<\/td><\/tr><tr><td><strong>S\u00e1bado<\/strong><\/td><td>s\u00e1bado: 9:00\u201314:00<\/td><\/tr><tr><td><strong>Domingo<\/strong><\/td><td>domingo: Cerrado<\/td><\/tr><\/tbody><\/table><\/figure>\n\n\n\n<h2 class=\"wp-block-heading\">Tel\u00e9fono de Inucan Centro Canino<\/h2>\n\n\n\n<p>Si quieres comunicarte con <strong>Inucan Centro Canino<\/strong>, puedes hacerlo directamente llamando al siguiente n\u00famero:<\/p>\n\n\n\n<div class=\"wp-block-buttons is-content-justification-center is-layout-flex wp-container-core-buttons-is-layout-16018d1d wp-block-buttons-is-layout-flex\">\n<div class=\"wp-block-button is-style-fill\"><a class=\"wp-block-button__link has-background has-medium-font-size has-custom-font-size wp-element-button\" href=\"tel:664 16 85 39\" style=\"border-radius:6px;background-color:#2471a3\">Llamar ahora<\/a><\/div>\n<\/div>\n\n\n\n<h2 class=\"wp-block-heading\">M\u00e1s informaci\u00f3n<\/h2>\n\n\n\n<p>En Inucan Centro Canino, ubicado en R\u00faa da Coutada, 9, 1B, 36690 Sotomayor, Pontevedra, ofrecemos un servicio integral de adiestramiento canino en Sotomayor que se adapta a las necesidades espec\u00edficas de cada perro y su due\u00f1o. Nuestro enfoque abarca desde la obediencia b\u00e1sica y la socializaci\u00f3n hasta la modificaci\u00f3n de conducta, garantizando as\u00ed un aprendizaje efectivo y armonioso. Nuestros adiestradores de perros en Pontevedra son profesionales altamente capacitados que emplean m\u00e9todos positivos y respetuosos, lo que nos distingue de otros centros. En Inucan, entendemos que cada mascota es \u00fanica, por lo que dise\u00f1amos programas personalizados que fomentan una relaci\u00f3n s\u00f3lida y confiable entre el perro y su gu\u00eda. Si buscas adiestrar perros de manera profesional y cercana, en Inucan Centro Canino encontrar\u00e1s el aliado ideal para lograr un compa\u00f1ero equilibrado y feliz.<\/p>\n\n\n\n<p>Ubicado en R\u00faa da Coutada, 9, 1B, 36690 Sotomayor, Pontevedra, este centro de adiestramiento canino en Sotomayor es reconocido por su trato cercano, expertise y resultados notables. Consulta las opiniones de otros due\u00f1os de mascotas para conocer su experiencia.<\/p>\n<\/div>\n<\/div>\n\n\n\n<p><\/p>\n\n\n\n<p>Si necesitas conocer otros (PONER NEGOCIO, ej: asesor\u00eda legal, decoraci\u00f3n de eventos, instalaciones el\u00e9ctricas) puedes <strong><a href=\"\/\">visitar nuestra p\u00e1gina principal<\/a><\/strong>.<\/p>\n","protected":false},"excerpt":{"rendered":"<p>Si acaso buscas en la b\u00fasqueda de un sitio seguro id\u00f3neo para adiestramiento de perros dentro de Sotomayor, este centro se presenta como una opci\u00f3n destacada. Este lugar se especializa con canes de todas las edades y razas, siempre t\u00e9cnicas \u00e9ticos y tambi\u00e9n efectivos. Inucan Centro Canino Entre nuestros servicios m\u00e1s solicitados est\u00e1n la obediencia [&hellip;]<\/p>\n","protected":false},"author":2,"featured_media":0,"parent":8379,"menu_order":0,"comment_status":"closed","ping_status":"closed","template":"","meta":{"_et_pb_use_builder":"","_et_pb_old_content":"","_et_gb_content_width":"","footnotes":""},"tags":[1197],"class_list":["post-10387","page","type-page","status-publish","hentry","tag-sotomayor"],"_links":{"self":[{"href":"https:\/\/www.adiestradorcanino.com\/webdelperro\/wp-json\/wp\/v2\/pages\/10387","targetHints":{"allow":["GET"]}}],"collection":[{"href":"https:\/\/www.adiestradorcanino.com\/webdelperro\/wp-json\/wp\/v2\/pages"}],"about":[{"href":"https:\/\/www.adiestradorcanino.com\/webdelperro\/wp-json\/wp\/v2\/types\/page"}],"author":[{"embeddable":true,"href":"https:\/\/www.adiestradorcanino.com\/webdelperro\/wp-json\/wp\/v2\/users\/2"}],"replies":[{"embeddable":true,"href":"https:\/\/www.adiestradorcanino.com\/webdelperro\/wp-json\/wp\/v2\/comments?post=10387"}],"version-history":[{"count":0,"href":"https:\/\/www.adiestradorcanino.com\/webdelperro\/wp-json\/wp\/v2\/pages\/10387\/revisions"}],"up":[{"embeddable":true,"href":"https:\/\/www.adiestradorcanino.com\/webdelperro\/wp-json\/wp\/v2\/pages\/8379"}],"wp:attachment":[{"href":"https:\/\/www.adiestradorcanino.com\/webdelperro\/wp-json\/wp\/v2\/media?parent=10387"}],"wp:term":[{"taxonomy":"post_tag","embeddable":true,"href":"https:\/\/www.adiestradorcanino.com\/webdelperro\/wp-json\/wp\/v2\/tags?post=10387"}],"curies":[{"name":"wp","href":"https:\/\/api.w.org\/{rel}","templated":true}]}}