{"id":10386,"date":"2025-07-09T08:25:08","date_gmt":"2025-07-09T08:25:08","guid":{"rendered":"https:\/\/www.adiestradorcanino.com\/webdelperro\/pontevedra\/pontevedra\/adiestramiento-canino-acaracan-adiestramiento-canino-en-pontevedra-pontevedra\/"},"modified":"2025-07-09T08:25:08","modified_gmt":"2025-07-09T08:25:08","slug":"adiestramiento-canino-acaracan-adiestramiento-canino-en-pontevedra-pontevedra","status":"publish","type":"page","link":"https:\/\/www.adiestradorcanino.com\/webdelperro\/pontevedra\/pontevedra\/adiestramiento-canino-acaracan-adiestramiento-canino-en-pontevedra-pontevedra\/","title":{"rendered":"Adiestramiento canino Acarac\u00e1n Adiestramiento Canino en Pontevedra, Pontevedra"},"content":{"rendered":"\n<p>Si buscas en la b\u00fasqueda un lugar de confianza id\u00f3neo para entrenamiento canino en el \u00e1rea de Pontevedra,  Acarac\u00e1n Adiestramiento Canino es una excelente opci\u00f3n. Este centro se especializa con canes de todas las edades y razas, usando m\u00e9todos amigables y tambi\u00e9n \u00fatiles.<\/p>\n\n\n\n<h2 class=\"wp-block-heading has-text-align-left nombreclinica\">Acarac\u00e1n Adiestramiento Canino<\/h2>\n\n\n\n<div class=\"wp-block-group is-layout-constrained wp-block-group-is-layout-constrained\">\n<div class=\"wp-block-columns nc-clase-ficha is-layout-flex wp-container-core-columns-is-layout-9d6595d7 wp-block-columns-is-layout-flex\">\n<div class=\"wp-block-column is-vertically-aligned-center is-layout-flow wp-block-column-is-layout-flow\">\n<figure class=\"wp-block-image size-full\"><img decoding=\"async\" src=\"https:\/\/www.adiestradorcanino.com\/webdelperro\/wp-content\/uploads\/2025\/07\/Acaracan-Adiestramiento-Canino.jpg\" alt=\"Acarac\u00e1n Adiestramiento Canino\" class=\"wp-image-19766\"\/><\/figure>\n\n\n\n<p>Entre nuestros servicios m\u00e1s demandados est\u00e1n los cursos de obediencia b\u00e1sica, la modificaci\u00f3n de comportamientos no deseados, la interacci\u00f3n con otros animales y las clases espec\u00edficas para cachorros. Asimismo, en nombre nos adaptamos a las necesidades concretas de cada familia y su mascota.<\/p>\n<\/div>\n\n\n\n<div class=\"wp-block-column is-vertically-aligned-center is-layout-flow wp-block-column-is-layout-flow\">\n<div class=\"su-service\"><div class=\"su-service-title\" style=\"padding-left:46px;min-height:32px;line-height:32px\"><i class=\"sui sui-user\" style=\"font-size:32px;color:#2471a3\"><\/i> <strong>Nombre<\/strong><\/div><div class=\"su-service-content su-u-clearfix su-u-trim\" style=\"padding-left:46px\">Acarac\u00e1n Adiestramiento Canino<\/div><\/div>\n\n\n\n<div class=\"su-service\"><div class=\"su-service-title\" style=\"padding-left:46px;min-height:32px;line-height:32px\"><i class=\"sui sui-map-marker\" style=\"font-size:32px;color:#2471a3\"><\/i> <strong>Direcci\u00f3n<\/strong><\/div><div class=\"su-service-content su-u-clearfix su-u-trim\" style=\"padding-left:46px\">Cmo. da G\u00e1ndara, 73, 36416, Pontevedra<\/div><\/div>\n\n\n\n<div class=\"su-service\"><div class=\"su-service-title\" style=\"padding-left:46px;min-height:32px;line-height:32px\"><i class=\"sui sui-volume-control-phone\" style=\"font-size:32px;color:#2471a3\"><\/i> <strong>Tel\u00e9fono<\/strong><\/div><div class=\"su-service-content su-u-clearfix su-u-trim\" style=\"padding-left:46px\">629 80 42 22<\/div><\/div>\n\n\n\n<div class=\"su-service\"><div class=\"su-service-title\" style=\"padding-left:46px;min-height:32px;line-height:32px\"><i class=\"sui sui-globe\" style=\"font-size:32px;color:#2471a3\"><\/i> <strong>Sitio web<\/strong><\/div><div class=\"su-service-content su-u-clearfix su-u-trim\" style=\"padding-left:46px\">https:\/\/www.acaracan.es\/<\/div><\/div>\n\n\n\n<div class=\"su-service\"><div class=\"su-service-title\" style=\"padding-left:46px;min-height:32px;line-height:32px\"><i class=\"sui sui-star\" style=\"font-size:32px;color:#2471a3\"><\/i> Valoraci\u00f3n de los clientes<\/div><div class=\"su-service-content su-u-clearfix su-u-trim\" style=\"padding-left:46px\">5 \/ 5 (76)<\/div><\/div>\n<\/div>\n<\/div>\n<\/div>\n\n\n\n<div class=\"wp-block-columns is-layout-flex wp-container-core-columns-is-layout-9d6595d7 wp-block-columns-is-layout-flex\">\n<div class=\"wp-block-column mapa2 is-layout-flow wp-block-column-is-layout-flow\">\n<h2 class=\"wp-block-heading\">Ubicaci\u00f3n de Acarac\u00e1n Adiestramiento Canino<\/h2>\n\n\n\n<div class=\"su-gmap su-u-responsive-media-yes mapa\"><iframe loading=\"lazy\" width=\"600\" height=\"280\" src=\"\/\/maps.google.com\/maps?q=Acarac%C3%A1n%20Adiestramiento%20Canino%2C%20Cmo.%20da%20G%C3%A1ndara%2C%2073%2C%2036416%2C%20Pontevedra&amp;output=embed&amp;z=20\" title=\"\"><\/iframe><\/div>\n\n\n\n<h2 class=\"wp-block-heading\">Horarios de Acarac\u00e1n Adiestramiento Canino<\/h2>\n\n\n\n<figure class=\"wp-block-table\"><table><tbody><tr><td><strong>Lunes<\/strong><\/td><td>lunes: 10:00\u201321:00<\/td><\/tr><tr><td><strong>Martes<\/strong><\/td><td>martes: 10:00\u201321:00<\/td><\/tr><tr><td><strong>Mi\u00e9rcoles<\/strong><\/td><td>mi\u00e9rcoles: 10:00\u201321:00<\/td><\/tr><tr><td><strong>Jueves<\/strong><\/td><td>jueves: 10:00\u201321:00<\/td><\/tr><tr><td><strong>Viernes<\/strong><\/td><td>viernes: 10:00\u201321:00<\/td><\/tr><tr><td><strong>S\u00e1bado<\/strong><\/td><td>s\u00e1bado: Cerrado<\/td><\/tr><tr><td><strong>Domingo<\/strong><\/td><td>domingo: Cerrado<\/td><\/tr><\/tbody><\/table><\/figure>\n\n\n\n<h2 class=\"wp-block-heading\">Tel\u00e9fono de Acarac\u00e1n Adiestramiento Canino<\/h2>\n\n\n\n<p>Si quieres comunicarte con <strong>Acarac\u00e1n Adiestramiento Canino<\/strong>, puedes hacerlo directamente llamando al siguiente n\u00famero:<\/p>\n\n\n\n<div class=\"wp-block-buttons is-content-justification-center is-layout-flex wp-container-core-buttons-is-layout-16018d1d wp-block-buttons-is-layout-flex\">\n<div class=\"wp-block-button is-style-fill\"><a class=\"wp-block-button__link has-background has-medium-font-size has-custom-font-size wp-element-button\" href=\"tel:629 80 42 22\" style=\"border-radius:6px;background-color:#2471a3\">Llamar ahora<\/a><\/div>\n<\/div>\n\n\n\n<h2 class=\"wp-block-heading\">M\u00e1s informaci\u00f3n<\/h2>\n\n\n\n<p>Acarac\u00e1n Adiestramiento Canino, situado en Cmo. da G\u00e1ndara, 73, 36416, Pontevedra, es el centro de adiestramiento canino que necesitas para educar a tu perro de manera positiva y cari\u00f1osa. Ofrecemos una amplia gama de servicios que incluyen adiestramiento en obediencia, socializaci\u00f3n y modificaci\u00f3n de conducta, dise\u00f1ados para adaptarse a las necesidades espec\u00edficas de cada mascota. Nuestro equipo de adiestradores de perros en Pontevedra utiliza m\u00e9todos basados en el refuerzo positivo, garantizando un aprendizaje ameno y efectivo. Lo que nos distingue de otros centros de adiestramiento canino en Pontevedra es nuestro enfoque personalizado y el compromiso con el bienestar emocional de tu perro, asegurando que cada sesi\u00f3n no solo sea educativa, sino tambi\u00e9n divertida. Si buscas adiestrar perros con profesionales apasionados y experimentados, Acarac\u00e1n es la soluci\u00f3n ideal para ti y tu mejor amigo.<\/p>\n\n\n\n<p>Localizado en Cmo. da G\u00e1ndara, 73, 36416, Pontevedra, este centro de adiestramiento canino en Pontevedra es reconocido por su trato personal, seriedad y resultados notables. Revisa las valoraciones de otros usuarios para entender su experiencia.<\/p>\n<\/div>\n<\/div>\n\n\n\n<p><\/p>\n\n\n\n<p>Si necesitas conocer otros (PONER NEGOCIO, ej: asesor\u00eda legal, decoraci\u00f3n de eventos, instalaciones el\u00e9ctricas) puedes <strong><a href=\"\/\">visitar nuestra p\u00e1gina principal<\/a><\/strong>.<\/p>\n","protected":false},"excerpt":{"rendered":"<p>Si buscas en la b\u00fasqueda un lugar de confianza id\u00f3neo para entrenamiento canino en el \u00e1rea de Pontevedra, Acarac\u00e1n Adiestramiento Canino es una excelente opci\u00f3n. Este centro se especializa con canes de todas las edades y razas, usando m\u00e9todos amigables y tambi\u00e9n \u00fatiles. Acarac\u00e1n Adiestramiento Canino Entre nuestros servicios m\u00e1s demandados est\u00e1n los cursos de [&hellip;]<\/p>\n","protected":false},"author":2,"featured_media":0,"parent":8376,"menu_order":0,"comment_status":"closed","ping_status":"closed","template":"","meta":{"_et_pb_use_builder":"","_et_pb_old_content":"","_et_gb_content_width":"","footnotes":""},"tags":[876],"class_list":["post-10386","page","type-page","status-publish","hentry","tag-pontevedra"],"_links":{"self":[{"href":"https:\/\/www.adiestradorcanino.com\/webdelperro\/wp-json\/wp\/v2\/pages\/10386","targetHints":{"allow":["GET"]}}],"collection":[{"href":"https:\/\/www.adiestradorcanino.com\/webdelperro\/wp-json\/wp\/v2\/pages"}],"about":[{"href":"https:\/\/www.adiestradorcanino.com\/webdelperro\/wp-json\/wp\/v2\/types\/page"}],"author":[{"embeddable":true,"href":"https:\/\/www.adiestradorcanino.com\/webdelperro\/wp-json\/wp\/v2\/users\/2"}],"replies":[{"embeddable":true,"href":"https:\/\/www.adiestradorcanino.com\/webdelperro\/wp-json\/wp\/v2\/comments?post=10386"}],"version-history":[{"count":0,"href":"https:\/\/www.adiestradorcanino.com\/webdelperro\/wp-json\/wp\/v2\/pages\/10386\/revisions"}],"up":[{"embeddable":true,"href":"https:\/\/www.adiestradorcanino.com\/webdelperro\/wp-json\/wp\/v2\/pages\/8376"}],"wp:attachment":[{"href":"https:\/\/www.adiestradorcanino.com\/webdelperro\/wp-json\/wp\/v2\/media?parent=10386"}],"wp:term":[{"taxonomy":"post_tag","embeddable":true,"href":"https:\/\/www.adiestradorcanino.com\/webdelperro\/wp-json\/wp\/v2\/tags?post=10386"}],"curies":[{"name":"wp","href":"https:\/\/api.w.org\/{rel}","templated":true}]}}