{"id":10380,"date":"2025-07-09T08:24:27","date_gmt":"2025-07-09T08:24:27","guid":{"rendered":"https:\/\/www.adiestradorcanino.com\/webdelperro\/zaragoza\/tarazona\/adiestramiento-canino-mas-que-amigos-educacion-canina-tarazona-en-tarazona-zaragoza\/"},"modified":"2025-07-09T08:24:27","modified_gmt":"2025-07-09T08:24:27","slug":"adiestramiento-canino-mas-que-amigos-educacion-canina-tarazona-en-tarazona-zaragoza","status":"publish","type":"page","link":"https:\/\/www.adiestradorcanino.com\/webdelperro\/zaragoza\/tarazona\/adiestramiento-canino-mas-que-amigos-educacion-canina-tarazona-en-tarazona-zaragoza\/","title":{"rendered":"Adiestramiento canino M\u00e1s Que Amigos Educaci\u00f3n Canina Tarazona en Tarazona, Zaragoza"},"content":{"rendered":"\n<p>Si acaso te encuentras en la b\u00fasqueda de un lugar confiable para adiestramiento de perros en el \u00e1rea de Tarazona,  M\u00e1s Que Amigos Educaci\u00f3n Canina Tarazona se presenta como una opci\u00f3n destacada. Nuestra instalaci\u00f3n se especializa en el entrenamiento de perros de todas las edades y razas, usando t\u00e9cnicas amigables y \u00fatiles.<\/p>\n\n\n\n<h2 class=\"wp-block-heading has-text-align-left nombreclinica\">M\u00e1s Que Amigos Educaci\u00f3n Canina Tarazona<\/h2>\n\n\n\n<div class=\"wp-block-group is-layout-constrained wp-block-group-is-layout-constrained\">\n<div class=\"wp-block-columns nc-clase-ficha is-layout-flex wp-container-core-columns-is-layout-9d6595d7 wp-block-columns-is-layout-flex\">\n<div class=\"wp-block-column is-vertically-aligned-center is-layout-flow wp-block-column-is-layout-flow\">\n<figure class=\"wp-block-image size-full\"><img decoding=\"async\" src=\"https:\/\/www.adiestradorcanino.com\/webdelperro\/wp-content\/uploads\/2025\/07\/Mas-Que-Amigos-Educacion-Canina-Tarazona.jpg\" alt=\"M\u00e1s Que Amigos Educaci\u00f3n Canina Tarazona\" class=\"wp-image-19766\"\/><\/figure>\n\n\n\n<p>Dentro de nuestros servicios m\u00e1s demandados se encuentran los cursos de obediencia b\u00e1sica, la correcci\u00f3n de conductas no deseadas, la socializaci\u00f3n con otros animales y las clases dirigidas a cachorros. Asimismo, en el centro se adaptan a las necesidades concretas de cada hogar y su animal.<\/p>\n<\/div>\n\n\n\n<div class=\"wp-block-column is-vertically-aligned-center is-layout-flow wp-block-column-is-layout-flow\">\n<div class=\"su-service\"><div class=\"su-service-title\" style=\"padding-left:46px;min-height:32px;line-height:32px\"><i class=\"sui sui-user\" style=\"font-size:32px;color:#2471a3\"><\/i> <strong>Nombre<\/strong><\/div><div class=\"su-service-content su-u-clearfix su-u-trim\" style=\"padding-left:46px\">M\u00e1s Que Amigos Educaci\u00f3n Canina Tarazona<\/div><\/div>\n\n\n\n<div class=\"su-service\"><div class=\"su-service-title\" style=\"padding-left:46px;min-height:32px;line-height:32px\"><i class=\"sui sui-map-marker\" style=\"font-size:32px;color:#2471a3\"><\/i> <strong>Direcci\u00f3n<\/strong><\/div><div class=\"su-service-content su-u-clearfix su-u-trim\" style=\"padding-left:46px\">Unnamed Road, 50500, 50500 Tarazona, Zaragoza<\/div><\/div>\n\n\n\n<div class=\"su-service\"><div class=\"su-service-title\" style=\"padding-left:46px;min-height:32px;line-height:32px\"><i class=\"sui sui-volume-control-phone\" style=\"font-size:32px;color:#2471a3\"><\/i> <strong>Tel\u00e9fono<\/strong><\/div><div class=\"su-service-content su-u-clearfix su-u-trim\" style=\"padding-left:46px\">676 52 93 04<\/div><\/div>\n\n\n\n<div class=\"su-service\"><div class=\"su-service-title\" style=\"padding-left:46px;min-height:32px;line-height:32px\"><i class=\"sui sui-globe\" style=\"font-size:32px;color:#2471a3\"><\/i> <strong>Sitio web<\/strong><\/div><div class=\"su-service-content su-u-clearfix su-u-trim\" style=\"padding-left:46px\"><\/div><\/div>\n\n\n\n<div class=\"su-service\"><div class=\"su-service-title\" style=\"padding-left:46px;min-height:32px;line-height:32px\"><i class=\"sui sui-star\" style=\"font-size:32px;color:#2471a3\"><\/i> Valoraci\u00f3n de los clientes<\/div><div class=\"su-service-content su-u-clearfix su-u-trim\" style=\"padding-left:46px\">5 \/ 5 (16)<\/div><\/div>\n<\/div>\n<\/div>\n<\/div>\n\n\n\n<div class=\"wp-block-columns is-layout-flex wp-container-core-columns-is-layout-9d6595d7 wp-block-columns-is-layout-flex\">\n<div class=\"wp-block-column mapa2 is-layout-flow wp-block-column-is-layout-flow\">\n<h2 class=\"wp-block-heading\">Ubicaci\u00f3n de M\u00e1s Que Amigos Educaci\u00f3n Canina Tarazona<\/h2>\n\n\n\n<div class=\"su-gmap su-u-responsive-media-yes mapa\"><iframe loading=\"lazy\" width=\"600\" height=\"280\" src=\"\/\/maps.google.com\/maps?q=M%C3%A1s%20Que%20Amigos%20Educaci%C3%B3n%20Canina%20Tarazona%2C%20Unnamed%20Road%2C%2050500%2C%2050500%20Tarazona%2C%20Zaragoza&amp;output=embed&amp;z=20\" title=\"\"><\/iframe><\/div>\n\n\n\n<h2 class=\"wp-block-heading\">Horarios de M\u00e1s Que Amigos Educaci\u00f3n Canina Tarazona<\/h2>\n\n\n\n<figure class=\"wp-block-table\"><table><tbody><tr><td><strong>Lunes<\/strong><\/td><td>lunes: Abierto 24 horas<\/td><\/tr><tr><td><strong>Martes<\/strong><\/td><td>martes: Abierto 24 horas<\/td><\/tr><tr><td><strong>Mi\u00e9rcoles<\/strong><\/td><td>mi\u00e9rcoles: Abierto 24 horas<\/td><\/tr><tr><td><strong>Jueves<\/strong><\/td><td>jueves: Abierto 24 horas<\/td><\/tr><tr><td><strong>Viernes<\/strong><\/td><td>viernes: Abierto 24 horas<\/td><\/tr><tr><td><strong>S\u00e1bado<\/strong><\/td><td>s\u00e1bado: Cerrado<\/td><\/tr><tr><td><strong>Domingo<\/strong><\/td><td>domingo: Cerrado<\/td><\/tr><\/tbody><\/table><\/figure>\n\n\n\n<h2 class=\"wp-block-heading\">Tel\u00e9fono de M\u00e1s Que Amigos Educaci\u00f3n Canina Tarazona<\/h2>\n\n\n\n<p>Si quieres comunicarte con <strong>M\u00e1s Que Amigos Educaci\u00f3n Canina Tarazona<\/strong>, puedes hacerlo directamente llamando al siguiente n\u00famero:<\/p>\n\n\n\n<div class=\"wp-block-buttons is-content-justification-center is-layout-flex wp-container-core-buttons-is-layout-16018d1d wp-block-buttons-is-layout-flex\">\n<div class=\"wp-block-button is-style-fill\"><a class=\"wp-block-button__link has-background has-medium-font-size has-custom-font-size wp-element-button\" href=\"tel:676 52 93 04\" style=\"border-radius:6px;background-color:#2471a3\">Llamar ahora<\/a><\/div>\n<\/div>\n\n\n\n<h2 class=\"wp-block-heading\">M\u00e1s informaci\u00f3n<\/h2>\n\n\n\n<p>En el centro de adiestramiento canino M\u00e1s Que Amigos Educaci\u00f3n Canina Tarazona, situado en Unnamed Road, 50500, Tarazona, Zaragoza, ofrecemos una amplia variedad de servicios dise\u00f1ados para mejorar la convivencia entre t\u00fa y tu perro. Nuestro enfoque integral abarca desde la obediencia y socializaci\u00f3n hasta la modificaci\u00f3n de conducta, adaptando cada programa a las necesidades espec\u00edficas de cada mascota y su due\u00f1o. Contamos con un equipo de adiestradores de perros en Zaragoza altamente capacitados, que utilizan t\u00e9cnicas positivas y respetuosas para garantizar el bienestar de tu compa\u00f1ero peludo. Lo que nos diferencia de otros centros de adiestramiento canino en Tarazona es nuestra metodolog\u00eda personalizada y el compromiso con la educaci\u00f3n continua, asegurando que cada sesi\u00f3n sea positiva y enriquecedora. Si est\u00e1s buscando adiestrar perros de manera positiva y profesional, en M\u00e1s Que Amigos encontrar\u00e1s el apoyo y la experiencia que necesitas para lograr una relaci\u00f3n armoniosa y feliz con tu mascota.<\/p>\n\n\n\n<p>Ubicado en Unnamed Road, 50500, 50500 Tarazona, Zaragoza, el centro de adiestramiento canino en Tarazona ha sido reconocido por su trato personal, seriedad y resultados visibles. Mira las opiniones de otros clientes para conocer su opini\u00f3n.<\/p>\n<\/div>\n<\/div>\n\n\n\n<p><\/p>\n\n\n\n<p>Si necesitas conocer otros (PONER NEGOCIO, ej: asesor\u00eda legal, decoraci\u00f3n de eventos, instalaciones el\u00e9ctricas) puedes <strong><a href=\"\/\">visitar nuestra p\u00e1gina principal<\/a><\/strong>.<\/p>\n","protected":false},"excerpt":{"rendered":"<p>Si acaso te encuentras en la b\u00fasqueda de un lugar confiable para adiestramiento de perros en el \u00e1rea de Tarazona, M\u00e1s Que Amigos Educaci\u00f3n Canina Tarazona se presenta como una opci\u00f3n destacada. Nuestra instalaci\u00f3n se especializa en el entrenamiento de perros de todas las edades y razas, usando t\u00e9cnicas amigables y \u00fatiles. M\u00e1s Que Amigos [&hellip;]<\/p>\n","protected":false},"author":2,"featured_media":0,"parent":8359,"menu_order":0,"comment_status":"closed","ping_status":"closed","template":"","meta":{"_et_pb_use_builder":"","_et_pb_old_content":"","_et_gb_content_width":"","footnotes":""},"tags":[1194],"class_list":["post-10380","page","type-page","status-publish","hentry","tag-tarazona"],"_links":{"self":[{"href":"https:\/\/www.adiestradorcanino.com\/webdelperro\/wp-json\/wp\/v2\/pages\/10380","targetHints":{"allow":["GET"]}}],"collection":[{"href":"https:\/\/www.adiestradorcanino.com\/webdelperro\/wp-json\/wp\/v2\/pages"}],"about":[{"href":"https:\/\/www.adiestradorcanino.com\/webdelperro\/wp-json\/wp\/v2\/types\/page"}],"author":[{"embeddable":true,"href":"https:\/\/www.adiestradorcanino.com\/webdelperro\/wp-json\/wp\/v2\/users\/2"}],"replies":[{"embeddable":true,"href":"https:\/\/www.adiestradorcanino.com\/webdelperro\/wp-json\/wp\/v2\/comments?post=10380"}],"version-history":[{"count":0,"href":"https:\/\/www.adiestradorcanino.com\/webdelperro\/wp-json\/wp\/v2\/pages\/10380\/revisions"}],"up":[{"embeddable":true,"href":"https:\/\/www.adiestradorcanino.com\/webdelperro\/wp-json\/wp\/v2\/pages\/8359"}],"wp:attachment":[{"href":"https:\/\/www.adiestradorcanino.com\/webdelperro\/wp-json\/wp\/v2\/media?parent=10380"}],"wp:term":[{"taxonomy":"post_tag","embeddable":true,"href":"https:\/\/www.adiestradorcanino.com\/webdelperro\/wp-json\/wp\/v2\/tags?post=10380"}],"curies":[{"name":"wp","href":"https:\/\/api.w.org\/{rel}","templated":true}]}}