{"id":10368,"date":"2025-07-09T08:23:21","date_gmt":"2025-07-09T08:23:21","guid":{"rendered":"https:\/\/www.adiestradorcanino.com\/webdelperro\/murcia\/guadalupe\/adiestramiento-canino-adiestramiento-canino-en-murcia-latana-en-guadalupe-murcia\/"},"modified":"2025-07-09T08:23:21","modified_gmt":"2025-07-09T08:23:21","slug":"adiestramiento-canino-adiestramiento-canino-en-murcia-latana-en-guadalupe-murcia","status":"publish","type":"page","link":"https:\/\/www.adiestradorcanino.com\/webdelperro\/murcia\/guadalupe\/adiestramiento-canino-adiestramiento-canino-en-murcia-latana-en-guadalupe-murcia\/","title":{"rendered":"Adiestramiento canino Adiestramiento Canino En Murcia Latana en Guadalupe, Murcia"},"content":{"rendered":"\n<p>Si acaso buscas en la b\u00fasqueda un espacio confiable para adiestramiento de perros en el \u00e1rea de Guadalupe,  Adiestramiento Canino En Murcia Latana representa una opci\u00f3n destacada. Nuestra instalaci\u00f3n trabaja en el manejo de mascotas sin importar la raza o edad, usando m\u00e9todos amigables adem\u00e1s de eficaces.<\/p>\n\n\n\n<h2 class=\"wp-block-heading has-text-align-left nombreclinica\">Adiestramiento Canino En Murcia Latana<\/h2>\n\n\n\n<div class=\"wp-block-group is-layout-constrained wp-block-group-is-layout-constrained\">\n<div class=\"wp-block-columns nc-clase-ficha is-layout-flex wp-container-core-columns-is-layout-9d6595d7 wp-block-columns-is-layout-flex\">\n<div class=\"wp-block-column is-vertically-aligned-center is-layout-flow wp-block-column-is-layout-flow\">\n<figure class=\"wp-block-image size-full\"><img decoding=\"async\" src=\"https:\/\/www.adiestradorcanino.com\/webdelperro\/wp-content\/uploads\/2025\/07\/Adiestramiento-Canino-En-Murcia-Latana.jpg\" alt=\"Adiestramiento Canino En Murcia Latana\" class=\"wp-image-19766\"\/><\/figure>\n\n\n\n<p>Dentro de nuestros tratamientos m\u00e1s demandados se encuentran los cursos de obediencia b\u00e1sica, la correcci\u00f3n de conductas no deseadas, la socializaci\u00f3n con otros perros y las sesiones especiales para cachorros. Asimismo, en nuestro centro nos adaptamos a las particularidades de cada familia y su mascota.<\/p>\n<\/div>\n\n\n\n<div class=\"wp-block-column is-vertically-aligned-center is-layout-flow wp-block-column-is-layout-flow\">\n<div class=\"su-service\"><div class=\"su-service-title\" style=\"padding-left:46px;min-height:32px;line-height:32px\"><i class=\"sui sui-user\" style=\"font-size:32px;color:#2471a3\"><\/i> <strong>Nombre<\/strong><\/div><div class=\"su-service-content su-u-clearfix su-u-trim\" style=\"padding-left:46px\">Adiestramiento Canino En Murcia Latana<\/div><\/div>\n\n\n\n<div class=\"su-service\"><div class=\"su-service-title\" style=\"padding-left:46px;min-height:32px;line-height:32px\"><i class=\"sui sui-map-marker\" style=\"font-size:32px;color:#2471a3\"><\/i> <strong>Direcci\u00f3n<\/strong><\/div><div class=\"su-service-content su-u-clearfix su-u-trim\" style=\"padding-left:46px\">Cam. de la Almazara, 30107 Guadalupe, Murcia<\/div><\/div>\n\n\n\n<div class=\"su-service\"><div class=\"su-service-title\" style=\"padding-left:46px;min-height:32px;line-height:32px\"><i class=\"sui sui-volume-control-phone\" style=\"font-size:32px;color:#2471a3\"><\/i> <strong>Tel\u00e9fono<\/strong><\/div><div class=\"su-service-content su-u-clearfix su-u-trim\" style=\"padding-left:46px\"><\/div><\/div>\n\n\n\n<div class=\"su-service\"><div class=\"su-service-title\" style=\"padding-left:46px;min-height:32px;line-height:32px\"><i class=\"sui sui-globe\" style=\"font-size:32px;color:#2471a3\"><\/i> <strong>Sitio web<\/strong><\/div><div class=\"su-service-content su-u-clearfix su-u-trim\" style=\"padding-left:46px\">http:\/\/latana.260mb.net\/<\/div><\/div>\n\n\n\n<div class=\"su-service\"><div class=\"su-service-title\" style=\"padding-left:46px;min-height:32px;line-height:32px\"><i class=\"sui sui-star\" style=\"font-size:32px;color:#2471a3\"><\/i> Valoraci\u00f3n de los clientes<\/div><div class=\"su-service-content su-u-clearfix su-u-trim\" style=\"padding-left:46px\">4.9 \/ 5 (59)<\/div><\/div>\n<\/div>\n<\/div>\n<\/div>\n\n\n\n<div class=\"wp-block-columns is-layout-flex wp-container-core-columns-is-layout-9d6595d7 wp-block-columns-is-layout-flex\">\n<div class=\"wp-block-column mapa2 is-layout-flow wp-block-column-is-layout-flow\">\n<h2 class=\"wp-block-heading\">Ubicaci\u00f3n de Adiestramiento Canino En Murcia Latana<\/h2>\n\n\n\n<div class=\"su-gmap su-u-responsive-media-yes mapa\"><iframe loading=\"lazy\" width=\"600\" height=\"280\" src=\"\/\/maps.google.com\/maps?q=Adiestramiento%20Canino%20En%20Murcia%20Latana%2C%20Cam.%20de%20la%20Almazara%2C%2030107%20Guadalupe%2C%20Murcia&amp;output=embed&amp;z=20\" title=\"\"><\/iframe><\/div>\n\n\n\n<h2 class=\"wp-block-heading\">Horarios de Adiestramiento Canino En Murcia Latana<\/h2>\n\n\n\n<figure class=\"wp-block-table\"><table><tbody><tr><td><strong>Lunes<\/strong><\/td><td>lunes: Cerrado<\/td><\/tr><tr><td><strong>Martes<\/strong><\/td><td>martes: 19:00\u201321:00<\/td><\/tr><tr><td><strong>Mi\u00e9rcoles<\/strong><\/td><td>mi\u00e9rcoles: Cerrado<\/td><\/tr><tr><td><strong>Jueves<\/strong><\/td><td>jueves: 19:00\u201321:00<\/td><\/tr><tr><td><strong>Viernes<\/strong><\/td><td>viernes: 19:00\u201321:00<\/td><\/tr><tr><td><strong>S\u00e1bado<\/strong><\/td><td>s\u00e1bado: Cerrado<\/td><\/tr><tr><td><strong>Domingo<\/strong><\/td><td>domingo: 10:00\u201312:00<\/td><\/tr><\/tbody><\/table><\/figure>\n\n\n\n<h2 class=\"wp-block-heading\">Tel\u00e9fono de Adiestramiento Canino En Murcia Latana<\/h2>\n\n\n\n<p>Si quieres comunicarte con <strong>Adiestramiento Canino En Murcia Latana<\/strong>, puedes hacerlo directamente llamando al siguiente n\u00famero:<\/p>\n\n\n\n<div class=\"wp-block-buttons is-content-justification-center is-layout-flex wp-container-core-buttons-is-layout-16018d1d wp-block-buttons-is-layout-flex\">\n<div class=\"wp-block-button is-style-fill\"><a class=\"wp-block-button__link has-background has-medium-font-size has-custom-font-size wp-element-button\" href=\"tel:\" style=\"border-radius:6px;background-color:#2471a3\">Llamar ahora<\/a><\/div>\n<\/div>\n\n\n\n<h2 class=\"wp-block-heading\">M\u00e1s informaci\u00f3n<\/h2>\n\n\n\n<p>En el centro de adiestramiento canino Adiestramiento Canino En Murcia Latana, ubicado en Cam. de la Almazara, 30107 Guadalupe, Murcia, ofrecemos un enfoque integral para adiestrar perros, adaptado a las necesidades de cada mascota y su propietario. Nuestros servicios incluyen programas de obediencia b\u00e1sica, socializaci\u00f3n, modificaci\u00f3n de conducta y entrenamiento avanzado, todos dise\u00f1ados por un equipo de adiestradores de perros en Murcia con amplia experiencia. Lo que nos diferencia de otros centros es nuestra metodolog\u00eda personalizada y nuestro compromiso con el bienestar del perro, garantizando un ambiente seguro y positivo para el aprendizaje. Si buscas un servicio de calidad para educar a tu perro en Guadalupe, en Adiestramiento Canino En Murcia Latana, encontrar\u00e1s la soluci\u00f3n perfecta para fortalecer el v\u00ednculo con tu mascota y lograr resultados efectivos y duraderos.<\/p>\n\n\n\n<p>Ubicado en Cam. de la Almazara, 30107 Guadalupe, Murcia, este centro de adiestramiento canino en Guadalupe es destacado por su trato afectuoso, expertise y logros evidentes. Revisa las rese\u00f1as de otros due\u00f1os de mascotas para descubrir su experiencia.<\/p>\n<\/div>\n<\/div>\n\n\n\n<p><\/p>\n\n\n\n<p>Si necesitas conocer otros (PONER NEGOCIO, ej: asesor\u00eda legal, decoraci\u00f3n de eventos, instalaciones el\u00e9ctricas) puedes <strong><a href=\"\/\">visitar nuestra p\u00e1gina principal<\/a><\/strong>.<\/p>\n","protected":false},"excerpt":{"rendered":"<p>Si acaso buscas en la b\u00fasqueda un espacio confiable para adiestramiento de perros en el \u00e1rea de Guadalupe, Adiestramiento Canino En Murcia Latana representa una opci\u00f3n destacada. Nuestra instalaci\u00f3n trabaja en el manejo de mascotas sin importar la raza o edad, usando m\u00e9todos amigables adem\u00e1s de eficaces. Adiestramiento Canino En Murcia Latana Dentro de nuestros [&hellip;]<\/p>\n","protected":false},"author":2,"featured_media":0,"parent":8325,"menu_order":0,"comment_status":"closed","ping_status":"closed","template":"","meta":{"_et_pb_use_builder":"","_et_pb_old_content":"","_et_gb_content_width":"","footnotes":""},"tags":[1185],"class_list":["post-10368","page","type-page","status-publish","hentry","tag-guadalupe"],"_links":{"self":[{"href":"https:\/\/www.adiestradorcanino.com\/webdelperro\/wp-json\/wp\/v2\/pages\/10368","targetHints":{"allow":["GET"]}}],"collection":[{"href":"https:\/\/www.adiestradorcanino.com\/webdelperro\/wp-json\/wp\/v2\/pages"}],"about":[{"href":"https:\/\/www.adiestradorcanino.com\/webdelperro\/wp-json\/wp\/v2\/types\/page"}],"author":[{"embeddable":true,"href":"https:\/\/www.adiestradorcanino.com\/webdelperro\/wp-json\/wp\/v2\/users\/2"}],"replies":[{"embeddable":true,"href":"https:\/\/www.adiestradorcanino.com\/webdelperro\/wp-json\/wp\/v2\/comments?post=10368"}],"version-history":[{"count":0,"href":"https:\/\/www.adiestradorcanino.com\/webdelperro\/wp-json\/wp\/v2\/pages\/10368\/revisions"}],"up":[{"embeddable":true,"href":"https:\/\/www.adiestradorcanino.com\/webdelperro\/wp-json\/wp\/v2\/pages\/8325"}],"wp:attachment":[{"href":"https:\/\/www.adiestradorcanino.com\/webdelperro\/wp-json\/wp\/v2\/media?parent=10368"}],"wp:term":[{"taxonomy":"post_tag","embeddable":true,"href":"https:\/\/www.adiestradorcanino.com\/webdelperro\/wp-json\/wp\/v2\/tags?post=10368"}],"curies":[{"name":"wp","href":"https:\/\/api.w.org\/{rel}","templated":true}]}}