{"id":10362,"date":"2025-07-09T08:22:51","date_gmt":"2025-07-09T08:22:51","guid":{"rendered":"https:\/\/www.adiestradorcanino.com\/webdelperro\/malaga\/malaga\/adiestramiento-canino-ja-adiestrador-canino-dog-trainer-k9-en-malaga-malaga\/"},"modified":"2025-07-09T08:22:51","modified_gmt":"2025-07-09T08:22:51","slug":"adiestramiento-canino-ja-adiestrador-canino-dog-trainer-k9-en-malaga-malaga","status":"publish","type":"page","link":"https:\/\/www.adiestradorcanino.com\/webdelperro\/malaga\/malaga\/adiestramiento-canino-ja-adiestrador-canino-dog-trainer-k9-en-malaga-malaga\/","title":{"rendered":"Adiestramiento canino Ja Adiestrador Canino ( Dog Trainer K9 ) en M\u00e1laga, M\u00e1laga"},"content":{"rendered":"\n<p>Si acaso buscas en la b\u00fasqueda de un lugar de confianza para el el adiestramiento canino en el \u00e1rea de M\u00e1laga, nuestra instituci\u00f3n se presenta como una opci\u00f3n destacada. Este lugar se especializa con canes de cualquier edad y raza, siempre utilizando con \u00e9ticos y tambi\u00e9n eficaces.<\/p>\n\n\n\n<h2 class=\"wp-block-heading has-text-align-left nombreclinica\">Ja Adiestrador Canino ( Dog Trainer K9 )<\/h2>\n\n\n\n<div class=\"wp-block-group is-layout-constrained wp-block-group-is-layout-constrained\">\n<div class=\"wp-block-columns nc-clase-ficha is-layout-flex wp-container-core-columns-is-layout-9d6595d7 wp-block-columns-is-layout-flex\">\n<div class=\"wp-block-column is-vertically-aligned-center is-layout-flow wp-block-column-is-layout-flow\">\n<figure class=\"wp-block-image size-full\"><img decoding=\"async\" src=\"https:\/\/www.adiestradorcanino.com\/webdelperro\/wp-content\/uploads\/2025\/07\/Ja-Adiestrador-Canino-Dog-Trainer-K9.png\" alt=\"Ja Adiestrador Canino ( Dog Trainer K9 )\" class=\"wp-image-19766\"\/><\/figure>\n\n\n\n<p>Dentro de nuestros servicios m\u00e1s demandados est\u00e1n los entrenamiento de obediencia, la correcci\u00f3n de conductas no deseadas, la socializaci\u00f3n con otros perros y las clases dirigidas a cachorros. Adem\u00e1s, en nombre nos adaptamos a las necesidades espec\u00edficas de cada familia y animal.<\/p>\n<\/div>\n\n\n\n<div class=\"wp-block-column is-vertically-aligned-center is-layout-flow wp-block-column-is-layout-flow\">\n<div class=\"su-service\"><div class=\"su-service-title\" style=\"padding-left:46px;min-height:32px;line-height:32px\"><i class=\"sui sui-user\" style=\"font-size:32px;color:#2471a3\"><\/i> <strong>Nombre<\/strong><\/div><div class=\"su-service-content su-u-clearfix su-u-trim\" style=\"padding-left:46px\">Ja Adiestrador Canino ( Dog Trainer K9 )<\/div><\/div>\n\n\n\n<div class=\"su-service\"><div class=\"su-service-title\" style=\"padding-left:46px;min-height:32px;line-height:32px\"><i class=\"sui sui-map-marker\" style=\"font-size:32px;color:#2471a3\"><\/i> <strong>Direcci\u00f3n<\/strong><\/div><div class=\"su-service-content su-u-clearfix su-u-trim\" style=\"padding-left:46px\">C. Tajamar, 4, Cruz de Humilladero, 29006 M\u00e1laga<\/div><\/div>\n\n\n\n<div class=\"su-service\"><div class=\"su-service-title\" style=\"padding-left:46px;min-height:32px;line-height:32px\"><i class=\"sui sui-volume-control-phone\" style=\"font-size:32px;color:#2471a3\"><\/i> <strong>Tel\u00e9fono<\/strong><\/div><div class=\"su-service-content su-u-clearfix su-u-trim\" style=\"padding-left:46px\">670 78 84 16<\/div><\/div>\n\n\n\n<div class=\"su-service\"><div class=\"su-service-title\" style=\"padding-left:46px;min-height:32px;line-height:32px\"><i class=\"sui sui-globe\" style=\"font-size:32px;color:#2471a3\"><\/i> <strong>Sitio web<\/strong><\/div><div class=\"su-service-content su-u-clearfix su-u-trim\" style=\"padding-left:46px\"><\/div><\/div>\n\n\n\n<div class=\"su-service\"><div class=\"su-service-title\" style=\"padding-left:46px;min-height:32px;line-height:32px\"><i class=\"sui sui-star\" style=\"font-size:32px;color:#2471a3\"><\/i> Valoraci\u00f3n de los clientes<\/div><div class=\"su-service-content su-u-clearfix su-u-trim\" style=\"padding-left:46px\"> \/ 5 (0)<\/div><\/div>\n<\/div>\n<\/div>\n<\/div>\n\n\n\n<div class=\"wp-block-columns is-layout-flex wp-container-core-columns-is-layout-9d6595d7 wp-block-columns-is-layout-flex\">\n<div class=\"wp-block-column mapa2 is-layout-flow wp-block-column-is-layout-flow\">\n<h2 class=\"wp-block-heading\">Ubicaci\u00f3n de Ja Adiestrador Canino ( Dog Trainer K9 )<\/h2>\n\n\n\n<div class=\"su-gmap su-u-responsive-media-yes mapa\"><iframe loading=\"lazy\" width=\"600\" height=\"280\" src=\"\/\/maps.google.com\/maps?q=Ja%20Adiestrador%20Canino%20%28%20Dog%20Trainer%20K9%20%29%2C%20C.%20Tajamar%2C%204%2C%20Cruz%20de%20Humilladero%2C%2029006%20M%C3%A1laga&amp;output=embed&amp;z=20\" title=\"\"><\/iframe><\/div>\n\n\n\n<h2 class=\"wp-block-heading\">Horarios de Ja Adiestrador Canino ( Dog Trainer K9 )<\/h2>\n\n\n\n<figure class=\"wp-block-table\"><table><tbody><tr><td><strong>Lunes<\/strong><\/td><td><\/td><\/tr><tr><td><strong>Martes<\/strong><\/td><td><\/td><\/tr><tr><td><strong>Mi\u00e9rcoles<\/strong><\/td><td><\/td><\/tr><tr><td><strong>Jueves<\/strong><\/td><td><\/td><\/tr><tr><td><strong>Viernes<\/strong><\/td><td><\/td><\/tr><tr><td><strong>S\u00e1bado<\/strong><\/td><td><\/td><\/tr><tr><td><strong>Domingo<\/strong><\/td><td><\/td><\/tr><\/tbody><\/table><\/figure>\n\n\n\n<h2 class=\"wp-block-heading\">Tel\u00e9fono de Ja Adiestrador Canino ( Dog Trainer K9 )<\/h2>\n\n\n\n<p>Si quieres comunicarte con <strong>Ja Adiestrador Canino ( Dog Trainer K9 )<\/strong>, puedes hacerlo directamente llamando al siguiente n\u00famero:<\/p>\n\n\n\n<div class=\"wp-block-buttons is-content-justification-center is-layout-flex wp-container-core-buttons-is-layout-16018d1d wp-block-buttons-is-layout-flex\">\n<div class=\"wp-block-button is-style-fill\"><a class=\"wp-block-button__link has-background has-medium-font-size has-custom-font-size wp-element-button\" href=\"tel:670 78 84 16\" style=\"border-radius:6px;background-color:#2471a3\">Llamar ahora<\/a><\/div>\n<\/div>\n\n\n\n<h2 class=\"wp-block-heading\">M\u00e1s informaci\u00f3n<\/h2>\n\n\n\n<p>En el coraz\u00f3n de M\u00e1laga, en C. Tajamar, 4, Cruz de Humilladero, se encuentra Ja Adiestrador Canino (Dog Trainer K9), un centro especializado en adiestramiento canino en M\u00e1laga que ofrece una amplia gama de servicios para asegurar el bienestar y la educaci\u00f3n de tu perro. Nuestro enfoque integral abarca desde la obediencia b\u00e1sica y avanzada hasta la socializaci\u00f3n y modificaci\u00f3n de conducta, adapt\u00e1ndonos a las necesidades individuales de cada mascota. Nuestros adiestradores de perros en M\u00e1laga cuentan con la experiencia y el conocimiento necesarios para crear un ambiente positivo y estimulante que fomente el aprendizaje efectivo. Lo que nos diferencia de otros centros es nuestro compromiso con la formaci\u00f3n continua y el uso de m\u00e9todos de adiestramiento respetuosos y efectivos, garantizando resultados duraderos y una relaci\u00f3n armoniosa entre t\u00fa y tu compa\u00f1ero. Si buscas adiestrar perros de manera profesional y cercana, Ja Adiestrador Canino es tu mejor opci\u00f3n en M\u00e1laga.<\/p>\n\n\n\n<p>Ubicado en C. Tajamar, 4, Cruz de Humilladero, 29006 M\u00e1laga, el centro de adiestramiento canino en M\u00e1laga es destacado por su atenci\u00f3n cercano, profesionalidad y logros evidentes. Revisa las rese\u00f1as de otros clientes para descubrir su opini\u00f3n.<\/p>\n<\/div>\n<\/div>\n\n\n\n<p><\/p>\n\n\n\n<p>Si necesitas conocer otros (PONER NEGOCIO, ej: asesor\u00eda legal, decoraci\u00f3n de eventos, instalaciones el\u00e9ctricas) puedes <strong><a href=\"\/\">visitar nuestra p\u00e1gina principal<\/a><\/strong>.<\/p>\n","protected":false},"excerpt":{"rendered":"<p>Si acaso buscas en la b\u00fasqueda de un lugar de confianza para el el adiestramiento canino en el \u00e1rea de M\u00e1laga, nuestra instituci\u00f3n se presenta como una opci\u00f3n destacada. Este lugar se especializa con canes de cualquier edad y raza, siempre utilizando con \u00e9ticos y tambi\u00e9n eficaces. Ja Adiestrador Canino ( Dog Trainer K9 ) [&hellip;]<\/p>\n","protected":false},"author":2,"featured_media":0,"parent":8302,"menu_order":0,"comment_status":"closed","ping_status":"closed","template":"","meta":{"_et_pb_use_builder":"","_et_pb_old_content":"","_et_gb_content_width":"","footnotes":""},"tags":[870],"class_list":["post-10362","page","type-page","status-publish","hentry","tag-malaga"],"_links":{"self":[{"href":"https:\/\/www.adiestradorcanino.com\/webdelperro\/wp-json\/wp\/v2\/pages\/10362","targetHints":{"allow":["GET"]}}],"collection":[{"href":"https:\/\/www.adiestradorcanino.com\/webdelperro\/wp-json\/wp\/v2\/pages"}],"about":[{"href":"https:\/\/www.adiestradorcanino.com\/webdelperro\/wp-json\/wp\/v2\/types\/page"}],"author":[{"embeddable":true,"href":"https:\/\/www.adiestradorcanino.com\/webdelperro\/wp-json\/wp\/v2\/users\/2"}],"replies":[{"embeddable":true,"href":"https:\/\/www.adiestradorcanino.com\/webdelperro\/wp-json\/wp\/v2\/comments?post=10362"}],"version-history":[{"count":0,"href":"https:\/\/www.adiestradorcanino.com\/webdelperro\/wp-json\/wp\/v2\/pages\/10362\/revisions"}],"up":[{"embeddable":true,"href":"https:\/\/www.adiestradorcanino.com\/webdelperro\/wp-json\/wp\/v2\/pages\/8302"}],"wp:attachment":[{"href":"https:\/\/www.adiestradorcanino.com\/webdelperro\/wp-json\/wp\/v2\/media?parent=10362"}],"wp:term":[{"taxonomy":"post_tag","embeddable":true,"href":"https:\/\/www.adiestradorcanino.com\/webdelperro\/wp-json\/wp\/v2\/tags?post=10362"}],"curies":[{"name":"wp","href":"https:\/\/api.w.org\/{rel}","templated":true}]}}