{"id":10360,"date":"2025-07-09T08:22:33","date_gmt":"2025-07-09T08:22:33","guid":{"rendered":"https:\/\/www.adiestradorcanino.com\/webdelperro\/malaga\/estacion-de-cartama\/adiestramiento-canino-ilea-educacion-canina-en-estacion-de-cartama-malaga\/"},"modified":"2025-07-09T08:22:33","modified_gmt":"2025-07-09T08:22:33","slug":"adiestramiento-canino-ilea-educacion-canina-en-estacion-de-cartama-malaga","status":"publish","type":"page","link":"https:\/\/www.adiestradorcanino.com\/webdelperro\/malaga\/estacion-de-cartama\/adiestramiento-canino-ilea-educacion-canina-en-estacion-de-cartama-malaga\/","title":{"rendered":"Adiestramiento canino Ilea Educaci\u00f3n Canina en Estaci\u00f3n De C\u00e1rtama, M\u00e1laga"},"content":{"rendered":"\n<p>Si acaso est\u00e1s en la b\u00fasqueda de un sitio de confianza para entrenamiento canino dentro de Estaci\u00f3n De C\u00e1rtama,  Ilea Educaci\u00f3n Canina se presenta como una opci\u00f3n destacada. Nuestra instalaci\u00f3n se dedica en el manejo de canes de cualquier edad y raza, siempre utilizando con \u00e9ticos y efectivos.<\/p>\n\n\n\n<h2 class=\"wp-block-heading has-text-align-left nombreclinica\">Ilea Educaci\u00f3n Canina<\/h2>\n\n\n\n<div class=\"wp-block-group is-layout-constrained wp-block-group-is-layout-constrained\">\n<div class=\"wp-block-columns nc-clase-ficha is-layout-flex wp-container-core-columns-is-layout-9d6595d7 wp-block-columns-is-layout-flex\">\n<div class=\"wp-block-column is-vertically-aligned-center is-layout-flow wp-block-column-is-layout-flow\">\n<figure class=\"wp-block-image size-full\"><img decoding=\"async\" src=\"https:\/\/www.adiestradorcanino.com\/webdelperro\/wp-content\/uploads\/2025\/07\/Ilea-Educacion-Canina.jpg\" alt=\"Ilea Educaci\u00f3n Canina\" class=\"wp-image-19766\"\/><\/figure>\n\n\n\n<p>Dentro de nuestros tratamientos m\u00e1s solicitados se encuentran los cursos de obediencia b\u00e1sica, la modificaci\u00f3n de comportamientos no deseados, la interacci\u00f3n con otros animales y las sesiones especiales para cachorros. Adem\u00e1s, en nuestro centro se adaptan a las necesidades concretas de cada familia y su mascota.<\/p>\n<\/div>\n\n\n\n<div class=\"wp-block-column is-vertically-aligned-center is-layout-flow wp-block-column-is-layout-flow\">\n<div class=\"su-service\"><div class=\"su-service-title\" style=\"padding-left:46px;min-height:32px;line-height:32px\"><i class=\"sui sui-user\" style=\"font-size:32px;color:#2471a3\"><\/i> <strong>Nombre<\/strong><\/div><div class=\"su-service-content su-u-clearfix su-u-trim\" style=\"padding-left:46px\">Ilea Educaci\u00f3n Canina<\/div><\/div>\n\n\n\n<div class=\"su-service\"><div class=\"su-service-title\" style=\"padding-left:46px;min-height:32px;line-height:32px\"><i class=\"sui sui-map-marker\" style=\"font-size:32px;color:#2471a3\"><\/i> <strong>Direcci\u00f3n<\/strong><\/div><div class=\"su-service-content su-u-clearfix su-u-trim\" style=\"padding-left:46px\">Cortijo Rat\u00f3n s\/n, 29580 Estaci\u00f3n de C\u00e1rtama, M\u00e1laga<\/div><\/div>\n\n\n\n<div class=\"su-service\"><div class=\"su-service-title\" style=\"padding-left:46px;min-height:32px;line-height:32px\"><i class=\"sui sui-volume-control-phone\" style=\"font-size:32px;color:#2471a3\"><\/i> <strong>Tel\u00e9fono<\/strong><\/div><div class=\"su-service-content su-u-clearfix su-u-trim\" style=\"padding-left:46px\">613 00 94 87<\/div><\/div>\n\n\n\n<div class=\"su-service\"><div class=\"su-service-title\" style=\"padding-left:46px;min-height:32px;line-height:32px\"><i class=\"sui sui-globe\" style=\"font-size:32px;color:#2471a3\"><\/i> <strong>Sitio web<\/strong><\/div><div class=\"su-service-content su-u-clearfix su-u-trim\" style=\"padding-left:46px\"><\/div><\/div>\n\n\n\n<div class=\"su-service\"><div class=\"su-service-title\" style=\"padding-left:46px;min-height:32px;line-height:32px\"><i class=\"sui sui-star\" style=\"font-size:32px;color:#2471a3\"><\/i> Valoraci\u00f3n de los clientes<\/div><div class=\"su-service-content su-u-clearfix su-u-trim\" style=\"padding-left:46px\">5 \/ 5 (31)<\/div><\/div>\n<\/div>\n<\/div>\n<\/div>\n\n\n\n<div class=\"wp-block-columns is-layout-flex wp-container-core-columns-is-layout-9d6595d7 wp-block-columns-is-layout-flex\">\n<div class=\"wp-block-column mapa2 is-layout-flow wp-block-column-is-layout-flow\">\n<h2 class=\"wp-block-heading\">Ubicaci\u00f3n de Ilea Educaci\u00f3n Canina<\/h2>\n\n\n\n<div class=\"su-gmap su-u-responsive-media-yes mapa\"><iframe loading=\"lazy\" width=\"600\" height=\"280\" src=\"\/\/maps.google.com\/maps?q=Ilea%20Educaci%C3%B3n%20Canina%2C%20Cortijo%20Rat%C3%B3n%20s%2Fn%2C%2029580%20Estaci%C3%B3n%20de%20C%C3%A1rtama%2C%20M%C3%A1laga&amp;output=embed&amp;z=20\" title=\"\"><\/iframe><\/div>\n\n\n\n<h2 class=\"wp-block-heading\">Horarios de Ilea Educaci\u00f3n Canina<\/h2>\n\n\n\n<figure class=\"wp-block-table\"><table><tbody><tr><td><strong>Lunes<\/strong><\/td><td>lunes: 10:00\u201313:00, 16:00\u201319:00<\/td><\/tr><tr><td><strong>Martes<\/strong><\/td><td>martes: 10:00\u201313:00, 16:00\u201319:00<\/td><\/tr><tr><td><strong>Mi\u00e9rcoles<\/strong><\/td><td>mi\u00e9rcoles: 10:00\u201313:00, 16:00\u201319:00<\/td><\/tr><tr><td><strong>Jueves<\/strong><\/td><td>jueves: 10:00\u201313:00, 16:00\u201319:00<\/td><\/tr><tr><td><strong>Viernes<\/strong><\/td><td>viernes: 10:00\u201313:00, 16:00\u201319:00<\/td><\/tr><tr><td><strong>S\u00e1bado<\/strong><\/td><td>s\u00e1bado: 10:00\u201313:00, 16:00\u201319:00<\/td><\/tr><tr><td><strong>Domingo<\/strong><\/td><td>domingo: 10:00\u201313:00, 16:00\u201319:00<\/td><\/tr><\/tbody><\/table><\/figure>\n\n\n\n<h2 class=\"wp-block-heading\">Tel\u00e9fono de Ilea Educaci\u00f3n Canina<\/h2>\n\n\n\n<p>Si quieres comunicarte con <strong>Ilea Educaci\u00f3n Canina<\/strong>, puedes hacerlo directamente llamando al siguiente n\u00famero:<\/p>\n\n\n\n<div class=\"wp-block-buttons is-content-justification-center is-layout-flex wp-container-core-buttons-is-layout-16018d1d wp-block-buttons-is-layout-flex\">\n<div class=\"wp-block-button is-style-fill\"><a class=\"wp-block-button__link has-background has-medium-font-size has-custom-font-size wp-element-button\" href=\"tel:613 00 94 87\" style=\"border-radius:6px;background-color:#2471a3\">Llamar ahora<\/a><\/div>\n<\/div>\n\n\n\n<h2 class=\"wp-block-heading\">M\u00e1s informaci\u00f3n<\/h2>\n\n\n\n<p>Ilea Educaci\u00f3n Canina, situado en Cortijo Rat\u00f3n s\/n, 29580 Estaci\u00f3n de C\u00e1rtama, M\u00e1laga, se destaca como un centro de adiestramiento canino en Estaci\u00f3n De C\u00e1rtama que ofrece una amplia gama de servicios para adiestrar perros de todas las edades y razas. Nuestros experimentados adiestradores de perros en M\u00e1laga utilizan un enfoque personalizado que abarca la obediencia, la socializaci\u00f3n y la modificaci\u00f3n de conducta, garantizando as\u00ed una educaci\u00f3n integral y positiva. En Ilea, entendemos que cada perro es \u00fanico, por lo que adaptamos nuestras t\u00e9cnicas a las necesidades espec\u00edficas de cada mascota y su due\u00f1o, lo que nos diferencia de otros centros. Si buscas un servicio de calidad para educar a tu perro y fortalecer el v\u00ednculo con \u00e9l, Ilea Educaci\u00f3n Canina es la opci\u00f3n ideal para lograr un comportamiento ejemplar y feliz en tu compa\u00f1ero.<\/p>\n\n\n\n<p>Ubicado en Cortijo Rat\u00f3n s\/n, 29580 Estaci\u00f3n de C\u00e1rtama, M\u00e1laga, este centro de adiestramiento canino en Estaci\u00f3n De C\u00e1rtama ha sido destacado por su atenci\u00f3n cercano, expertise y resultados visibles. Mira las opiniones de otros due\u00f1os de mascotas para conocer su experiencia.<\/p>\n<\/div>\n<\/div>\n\n\n\n<p><\/p>\n\n\n\n<p>Si necesitas conocer otros (PONER NEGOCIO, ej: asesor\u00eda legal, decoraci\u00f3n de eventos, instalaciones el\u00e9ctricas) puedes <strong><a href=\"\/\">visitar nuestra p\u00e1gina principal<\/a><\/strong>.<\/p>\n","protected":false},"excerpt":{"rendered":"<p>Si acaso est\u00e1s en la b\u00fasqueda de un sitio de confianza para entrenamiento canino dentro de Estaci\u00f3n De C\u00e1rtama, Ilea Educaci\u00f3n Canina se presenta como una opci\u00f3n destacada. Nuestra instalaci\u00f3n se dedica en el manejo de canes de cualquier edad y raza, siempre utilizando con \u00e9ticos y efectivos. Ilea Educaci\u00f3n Canina Dentro de nuestros tratamientos [&hellip;]<\/p>\n","protected":false},"author":2,"featured_media":0,"parent":8317,"menu_order":0,"comment_status":"closed","ping_status":"closed","template":"","meta":{"_et_pb_use_builder":"","_et_pb_old_content":"","_et_gb_content_width":"","footnotes":""},"tags":[1184],"class_list":["post-10360","page","type-page","status-publish","hentry","tag-estacion-de-cartama"],"_links":{"self":[{"href":"https:\/\/www.adiestradorcanino.com\/webdelperro\/wp-json\/wp\/v2\/pages\/10360","targetHints":{"allow":["GET"]}}],"collection":[{"href":"https:\/\/www.adiestradorcanino.com\/webdelperro\/wp-json\/wp\/v2\/pages"}],"about":[{"href":"https:\/\/www.adiestradorcanino.com\/webdelperro\/wp-json\/wp\/v2\/types\/page"}],"author":[{"embeddable":true,"href":"https:\/\/www.adiestradorcanino.com\/webdelperro\/wp-json\/wp\/v2\/users\/2"}],"replies":[{"embeddable":true,"href":"https:\/\/www.adiestradorcanino.com\/webdelperro\/wp-json\/wp\/v2\/comments?post=10360"}],"version-history":[{"count":0,"href":"https:\/\/www.adiestradorcanino.com\/webdelperro\/wp-json\/wp\/v2\/pages\/10360\/revisions"}],"up":[{"embeddable":true,"href":"https:\/\/www.adiestradorcanino.com\/webdelperro\/wp-json\/wp\/v2\/pages\/8317"}],"wp:attachment":[{"href":"https:\/\/www.adiestradorcanino.com\/webdelperro\/wp-json\/wp\/v2\/media?parent=10360"}],"wp:term":[{"taxonomy":"post_tag","embeddable":true,"href":"https:\/\/www.adiestradorcanino.com\/webdelperro\/wp-json\/wp\/v2\/tags?post=10360"}],"curies":[{"name":"wp","href":"https:\/\/api.w.org\/{rel}","templated":true}]}}