{"id":10354,"date":"2025-07-09T08:22:01","date_gmt":"2025-07-09T08:22:01","guid":{"rendered":"https:\/\/www.adiestradorcanino.com\/webdelperro\/malaga\/velez-malaga\/adiestramiento-canino-canducadores-en-velez-malaga-malaga\/"},"modified":"2025-07-09T08:22:01","modified_gmt":"2025-07-09T08:22:01","slug":"adiestramiento-canino-canducadores-en-velez-malaga-malaga","status":"publish","type":"page","link":"https:\/\/www.adiestradorcanino.com\/webdelperro\/malaga\/velez-malaga\/adiestramiento-canino-canducadores-en-velez-malaga-malaga\/","title":{"rendered":"Adiestramiento canino Canducadores en V\u00e9lez-m\u00e1laga, M\u00e1laga"},"content":{"rendered":"\n<p>Si acaso te encuentras buscando un espacio de confianza para adiestramiento de perros en el \u00e1rea de V\u00e9lez-m\u00e1laga, nuestra instituci\u00f3n se presenta como una alternativa destacada. Nuestra instalaci\u00f3n se especializa con perros de todas las edades y razas, siempre utilizando con \u00e9ticos adem\u00e1s de \u00fatiles.<\/p>\n\n\n\n<h2 class=\"wp-block-heading has-text-align-left nombreclinica\">Canducadores<\/h2>\n\n\n\n<div class=\"wp-block-group is-layout-constrained wp-block-group-is-layout-constrained\">\n<div class=\"wp-block-columns nc-clase-ficha is-layout-flex wp-container-core-columns-is-layout-9d6595d7 wp-block-columns-is-layout-flex\">\n<div class=\"wp-block-column is-vertically-aligned-center is-layout-flow wp-block-column-is-layout-flow\">\n<figure class=\"wp-block-image size-full\"><img decoding=\"async\" src=\"https:\/\/www.adiestradorcanino.com\/webdelperro\/wp-content\/uploads\/2025\/07\/Canducadores.png\" alt=\"Canducadores\" class=\"wp-image-19766\"\/><\/figure>\n\n\n\n<p>Entre nuestros tratamientos m\u00e1s demandados se encuentran la cursos de obediencia b\u00e1sica, la correcci\u00f3n de conductas no deseadas, la socializaci\u00f3n con otros perros y las sesiones especiales para cachorros. Adem\u00e1s, en el centro se adaptan a las particularidades de cada hogar y su animal.<\/p>\n<\/div>\n\n\n\n<div class=\"wp-block-column is-vertically-aligned-center is-layout-flow wp-block-column-is-layout-flow\">\n<div class=\"su-service\"><div class=\"su-service-title\" style=\"padding-left:46px;min-height:32px;line-height:32px\"><i class=\"sui sui-user\" style=\"font-size:32px;color:#2471a3\"><\/i> <strong>Nombre<\/strong><\/div><div class=\"su-service-content su-u-clearfix su-u-trim\" style=\"padding-left:46px\">Canducadores<\/div><\/div>\n\n\n\n<div class=\"su-service\"><div class=\"su-service-title\" style=\"padding-left:46px;min-height:32px;line-height:32px\"><i class=\"sui sui-map-marker\" style=\"font-size:32px;color:#2471a3\"><\/i> <strong>Direcci\u00f3n<\/strong><\/div><div class=\"su-service-content su-u-clearfix su-u-trim\" style=\"padding-left:46px\">Las Casillas, 7, 29740 Valle-Niza, M\u00e1laga<\/div><\/div>\n\n\n\n<div class=\"su-service\"><div class=\"su-service-title\" style=\"padding-left:46px;min-height:32px;line-height:32px\"><i class=\"sui sui-volume-control-phone\" style=\"font-size:32px;color:#2471a3\"><\/i> <strong>Tel\u00e9fono<\/strong><\/div><div class=\"su-service-content su-u-clearfix su-u-trim\" style=\"padding-left:46px\">667 48 43 05<\/div><\/div>\n\n\n\n<div class=\"su-service\"><div class=\"su-service-title\" style=\"padding-left:46px;min-height:32px;line-height:32px\"><i class=\"sui sui-globe\" style=\"font-size:32px;color:#2471a3\"><\/i> <strong>Sitio web<\/strong><\/div><div class=\"su-service-content su-u-clearfix su-u-trim\" style=\"padding-left:46px\">https:\/\/www.canducadores.com\/<\/div><\/div>\n\n\n\n<div class=\"su-service\"><div class=\"su-service-title\" style=\"padding-left:46px;min-height:32px;line-height:32px\"><i class=\"sui sui-star\" style=\"font-size:32px;color:#2471a3\"><\/i> Valoraci\u00f3n de los clientes<\/div><div class=\"su-service-content su-u-clearfix su-u-trim\" style=\"padding-left:46px\">5 \/ 5 (60)<\/div><\/div>\n<\/div>\n<\/div>\n<\/div>\n\n\n\n<div class=\"wp-block-columns is-layout-flex wp-container-core-columns-is-layout-9d6595d7 wp-block-columns-is-layout-flex\">\n<div class=\"wp-block-column mapa2 is-layout-flow wp-block-column-is-layout-flow\">\n<h2 class=\"wp-block-heading\">Ubicaci\u00f3n de Canducadores<\/h2>\n\n\n\n<div class=\"su-gmap su-u-responsive-media-yes mapa\"><iframe loading=\"lazy\" width=\"600\" height=\"280\" src=\"\/\/maps.google.com\/maps?q=Canducadores%2C%20Las%20Casillas%2C%207%2C%2029740%20Valle-Niza%2C%20M%C3%A1laga&amp;output=embed&amp;z=20\" title=\"\"><\/iframe><\/div>\n\n\n\n<h2 class=\"wp-block-heading\">Horarios de Canducadores<\/h2>\n\n\n\n<figure class=\"wp-block-table\"><table><tbody><tr><td><strong>Lunes<\/strong><\/td><td>lunes: 9:00\u201321:00<\/td><\/tr><tr><td><strong>Martes<\/strong><\/td><td>martes: 9:00\u201321:00<\/td><\/tr><tr><td><strong>Mi\u00e9rcoles<\/strong><\/td><td>mi\u00e9rcoles: 9:00\u201321:00<\/td><\/tr><tr><td><strong>Jueves<\/strong><\/td><td>jueves: 9:00\u201321:00<\/td><\/tr><tr><td><strong>Viernes<\/strong><\/td><td>viernes: 9:00\u201321:00<\/td><\/tr><tr><td><strong>S\u00e1bado<\/strong><\/td><td>s\u00e1bado: 9:00\u201317:00<\/td><\/tr><tr><td><strong>Domingo<\/strong><\/td><td>domingo: Cerrado<\/td><\/tr><\/tbody><\/table><\/figure>\n\n\n\n<h2 class=\"wp-block-heading\">Tel\u00e9fono de Canducadores<\/h2>\n\n\n\n<p>Si quieres comunicarte con <strong>Canducadores<\/strong>, puedes hacerlo directamente llamando al siguiente n\u00famero:<\/p>\n\n\n\n<div class=\"wp-block-buttons is-content-justification-center is-layout-flex wp-container-core-buttons-is-layout-16018d1d wp-block-buttons-is-layout-flex\">\n<div class=\"wp-block-button is-style-fill\"><a class=\"wp-block-button__link has-background has-medium-font-size has-custom-font-size wp-element-button\" href=\"tel:667 48 43 05\" style=\"border-radius:6px;background-color:#2471a3\">Llamar ahora<\/a><\/div>\n<\/div>\n\n\n\n<h2 class=\"wp-block-heading\">M\u00e1s informaci\u00f3n<\/h2>\n\n\n\n<p>En el coraz\u00f3n de V\u00e9lez-M\u00e1laga, el centro de adiestramiento canino Canducadores, ubicado en Las Casillas, 7, 29740 Valle-Niza, M\u00e1laga, ofrece una gama completa de servicios dise\u00f1ados para adiestrar perros de todas las razas y edades. Nuestro enfoque integral abarca desde la obediencia b\u00e1sica y la socializaci\u00f3n hasta la modificaci\u00f3n de conducta, garantizando que cada perro reciba la atenci\u00f3n y el entrenamiento personalizados que necesita. Con un equipo de adiestradores de perros en M\u00e1laga altamente capacitados y apasionados por el bienestar canino, en Canducadores nos destacamos por nuestra metodolog\u00eda positiva y positiva, que no solo educa, sino que tambi\u00e9n fortalece el v\u00ednculo entre el due\u00f1o y su mascota. Si buscas un servicio de adiestramiento canino en V\u00e9lez-M\u00e1laga que combine profesionalismo, cercan\u00eda y resultados tangibles, Canducadores es la elecci\u00f3n ideal para transformar la vida de tu perro y mejorar su comportamiento en el hogar y en la comunidad.<\/p>\n\n\n\n<p>Localizado en Las Casillas, 7, 29740 Valle-Niza, M\u00e1laga, el centro de adiestramiento canino en V\u00e9lez-m\u00e1laga ha sido famoso por su atenci\u00f3n afectuoso, expertise y logros evidentes. Revisa las opiniones de otros clientes para descubrir su experiencia.<\/p>\n<\/div>\n<\/div>\n\n\n\n<p><\/p>\n\n\n\n<p>Si necesitas conocer otros (PONER NEGOCIO, ej: asesor\u00eda legal, decoraci\u00f3n de eventos, instalaciones el\u00e9ctricas) puedes <strong><a href=\"\/\">visitar nuestra p\u00e1gina principal<\/a><\/strong>.<\/p>\n","protected":false},"excerpt":{"rendered":"<p>Si acaso te encuentras buscando un espacio de confianza para adiestramiento de perros en el \u00e1rea de V\u00e9lez-m\u00e1laga, nuestra instituci\u00f3n se presenta como una alternativa destacada. Nuestra instalaci\u00f3n se especializa con perros de todas las edades y razas, siempre utilizando con \u00e9ticos adem\u00e1s de \u00fatiles. Canducadores Entre nuestros tratamientos m\u00e1s demandados se encuentran la cursos [&hellip;]<\/p>\n","protected":false},"author":2,"featured_media":0,"parent":8314,"menu_order":0,"comment_status":"closed","ping_status":"closed","template":"","meta":{"_et_pb_use_builder":"","_et_pb_old_content":"","_et_gb_content_width":"","footnotes":""},"tags":[1183],"class_list":["post-10354","page","type-page","status-publish","hentry","tag-velez-malaga"],"_links":{"self":[{"href":"https:\/\/www.adiestradorcanino.com\/webdelperro\/wp-json\/wp\/v2\/pages\/10354","targetHints":{"allow":["GET"]}}],"collection":[{"href":"https:\/\/www.adiestradorcanino.com\/webdelperro\/wp-json\/wp\/v2\/pages"}],"about":[{"href":"https:\/\/www.adiestradorcanino.com\/webdelperro\/wp-json\/wp\/v2\/types\/page"}],"author":[{"embeddable":true,"href":"https:\/\/www.adiestradorcanino.com\/webdelperro\/wp-json\/wp\/v2\/users\/2"}],"replies":[{"embeddable":true,"href":"https:\/\/www.adiestradorcanino.com\/webdelperro\/wp-json\/wp\/v2\/comments?post=10354"}],"version-history":[{"count":0,"href":"https:\/\/www.adiestradorcanino.com\/webdelperro\/wp-json\/wp\/v2\/pages\/10354\/revisions"}],"up":[{"embeddable":true,"href":"https:\/\/www.adiestradorcanino.com\/webdelperro\/wp-json\/wp\/v2\/pages\/8314"}],"wp:attachment":[{"href":"https:\/\/www.adiestradorcanino.com\/webdelperro\/wp-json\/wp\/v2\/media?parent=10354"}],"wp:term":[{"taxonomy":"post_tag","embeddable":true,"href":"https:\/\/www.adiestradorcanino.com\/webdelperro\/wp-json\/wp\/v2\/tags?post=10354"}],"curies":[{"name":"wp","href":"https:\/\/api.w.org\/{rel}","templated":true}]}}