{"id":10353,"date":"2025-07-09T08:21:56","date_gmt":"2025-07-09T08:21:56","guid":{"rendered":"https:\/\/www.adiestradorcanino.com\/webdelperro\/malaga\/velez-malaga\/adiestramiento-canino-koguau-adiestramiento-canino-consciente-malaga-en-velez-malaga-malaga\/"},"modified":"2025-07-09T08:21:56","modified_gmt":"2025-07-09T08:21:56","slug":"adiestramiento-canino-koguau-adiestramiento-canino-consciente-malaga-en-velez-malaga-malaga","status":"publish","type":"page","link":"https:\/\/www.adiestradorcanino.com\/webdelperro\/malaga\/velez-malaga\/adiestramiento-canino-koguau-adiestramiento-canino-consciente-malaga-en-velez-malaga-malaga\/","title":{"rendered":"Adiestramiento canino Koguau Adiestramiento Canino Consciente &#8211; M\u00e1laga en V\u00e9lez-m\u00e1laga, M\u00e1laga"},"content":{"rendered":"\n<p>En caso de que est\u00e1s buscando un espacio de confianza para entrenamiento canino en el \u00e1rea de V\u00e9lez-m\u00e1laga,  Koguau Adiestramiento Canino Consciente &#8211; M\u00e1laga representa una opci\u00f3n destacada. Este lugar trabaja en el manejo de mascotas de cualquier edad y raza, siempre utilizando t\u00e9cnicas amigables y tambi\u00e9n efectivos.<\/p>\n\n\n\n<h2 class=\"wp-block-heading has-text-align-left nombreclinica\">Koguau Adiestramiento Canino Consciente &#8211; M\u00e1laga<\/h2>\n\n\n\n<div class=\"wp-block-group is-layout-constrained wp-block-group-is-layout-constrained\">\n<div class=\"wp-block-columns nc-clase-ficha is-layout-flex wp-container-core-columns-is-layout-9d6595d7 wp-block-columns-is-layout-flex\">\n<div class=\"wp-block-column is-vertically-aligned-center is-layout-flow wp-block-column-is-layout-flow\">\n<figure class=\"wp-block-image size-full\"><img decoding=\"async\" src=\"https:\/\/www.adiestradorcanino.com\/webdelperro\/wp-content\/uploads\/2025\/07\/Koguau-Adiestramiento-Canino-Consciente-Malaga.png\" alt=\"Koguau Adiestramiento Canino Consciente - M\u00e1laga\" class=\"wp-image-19766\"\/><\/figure>\n\n\n\n<p>Dentro de los servicios m\u00e1s solicitados est\u00e1n los cursos de obediencia b\u00e1sica, la correcci\u00f3n de conductas no deseadas, la socializaci\u00f3n con otros perros y las clases dirigidas a cachorros. Adem\u00e1s, en nuestro centro nos adaptamos a las particularidades de cada familia y animal.<\/p>\n<\/div>\n\n\n\n<div class=\"wp-block-column is-vertically-aligned-center is-layout-flow wp-block-column-is-layout-flow\">\n<div class=\"su-service\"><div class=\"su-service-title\" style=\"padding-left:46px;min-height:32px;line-height:32px\"><i class=\"sui sui-user\" style=\"font-size:32px;color:#2471a3\"><\/i> <strong>Nombre<\/strong><\/div><div class=\"su-service-content su-u-clearfix su-u-trim\" style=\"padding-left:46px\">Koguau Adiestramiento Canino Consciente &#8211; M\u00e1laga<\/div><\/div>\n\n\n\n<div class=\"su-service\"><div class=\"su-service-title\" style=\"padding-left:46px;min-height:32px;line-height:32px\"><i class=\"sui sui-map-marker\" style=\"font-size:32px;color:#2471a3\"><\/i> <strong>Direcci\u00f3n<\/strong><\/div><div class=\"su-service-content su-u-clearfix su-u-trim\" style=\"padding-left:46px\">C. las Palomas, 29700 V\u00e9lez-M\u00e1laga, M\u00e1laga<\/div><\/div>\n\n\n\n<div class=\"su-service\"><div class=\"su-service-title\" style=\"padding-left:46px;min-height:32px;line-height:32px\"><i class=\"sui sui-volume-control-phone\" style=\"font-size:32px;color:#2471a3\"><\/i> <strong>Tel\u00e9fono<\/strong><\/div><div class=\"su-service-content su-u-clearfix su-u-trim\" style=\"padding-left:46px\">611 89 63 15<\/div><\/div>\n\n\n\n<div class=\"su-service\"><div class=\"su-service-title\" style=\"padding-left:46px;min-height:32px;line-height:32px\"><i class=\"sui sui-globe\" style=\"font-size:32px;color:#2471a3\"><\/i> <strong>Sitio web<\/strong><\/div><div class=\"su-service-content su-u-clearfix su-u-trim\" style=\"padding-left:46px\">https:\/\/www.koguau.com\/<\/div><\/div>\n\n\n\n<div class=\"su-service\"><div class=\"su-service-title\" style=\"padding-left:46px;min-height:32px;line-height:32px\"><i class=\"sui sui-star\" style=\"font-size:32px;color:#2471a3\"><\/i> Valoraci\u00f3n de los clientes<\/div><div class=\"su-service-content su-u-clearfix su-u-trim\" style=\"padding-left:46px\">5 \/ 5 (13)<\/div><\/div>\n<\/div>\n<\/div>\n<\/div>\n\n\n\n<div class=\"wp-block-columns is-layout-flex wp-container-core-columns-is-layout-9d6595d7 wp-block-columns-is-layout-flex\">\n<div class=\"wp-block-column mapa2 is-layout-flow wp-block-column-is-layout-flow\">\n<h2 class=\"wp-block-heading\">Ubicaci\u00f3n de Koguau Adiestramiento Canino Consciente &#8211; M\u00e1laga<\/h2>\n\n\n\n<div class=\"su-gmap su-u-responsive-media-yes mapa\"><iframe loading=\"lazy\" width=\"600\" height=\"280\" src=\"\/\/maps.google.com\/maps?q=Koguau%20Adiestramiento%20Canino%20Consciente%20-%20M%C3%A1laga%2C%20C.%20las%20Palomas%2C%2029700%20V%C3%A9lez-M%C3%A1laga%2C%20M%C3%A1laga&amp;output=embed&amp;z=20\" title=\"\"><\/iframe><\/div>\n\n\n\n<h2 class=\"wp-block-heading\">Horarios de Koguau Adiestramiento Canino Consciente &#8211; M\u00e1laga<\/h2>\n\n\n\n<figure class=\"wp-block-table\"><table><tbody><tr><td><strong>Lunes<\/strong><\/td><td>lunes: Abierto 24 horas<\/td><\/tr><tr><td><strong>Martes<\/strong><\/td><td>martes: Abierto 24 horas<\/td><\/tr><tr><td><strong>Mi\u00e9rcoles<\/strong><\/td><td>mi\u00e9rcoles: Abierto 24 horas<\/td><\/tr><tr><td><strong>Jueves<\/strong><\/td><td>jueves: Abierto 24 horas<\/td><\/tr><tr><td><strong>Viernes<\/strong><\/td><td>viernes: Abierto 24 horas<\/td><\/tr><tr><td><strong>S\u00e1bado<\/strong><\/td><td>s\u00e1bado: Abierto 24 horas<\/td><\/tr><tr><td><strong>Domingo<\/strong><\/td><td>domingo: Abierto 24 horas<\/td><\/tr><\/tbody><\/table><\/figure>\n\n\n\n<h2 class=\"wp-block-heading\">Tel\u00e9fono de Koguau Adiestramiento Canino Consciente &#8211; M\u00e1laga<\/h2>\n\n\n\n<p>Si quieres comunicarte con <strong>Koguau Adiestramiento Canino Consciente &#8211; M\u00e1laga<\/strong>, puedes hacerlo directamente llamando al siguiente n\u00famero:<\/p>\n\n\n\n<div class=\"wp-block-buttons is-content-justification-center is-layout-flex wp-container-core-buttons-is-layout-16018d1d wp-block-buttons-is-layout-flex\">\n<div class=\"wp-block-button is-style-fill\"><a class=\"wp-block-button__link has-background has-medium-font-size has-custom-font-size wp-element-button\" href=\"tel:611 89 63 15\" style=\"border-radius:6px;background-color:#2471a3\">Llamar ahora<\/a><\/div>\n<\/div>\n\n\n\n<h2 class=\"wp-block-heading\">M\u00e1s informaci\u00f3n<\/h2>\n\n\n\n<p>Koguau Adiestramiento Canino Consciente, ubicado en C. las Palomas, 29700 V\u00e9lez-M\u00e1laga, es el centro de adiestramiento canino en V\u00e9lez-M\u00e1laga que se destaca por su enfoque integral y personalizado. Nuestros servicios abarcan desde la obediencia y socializaci\u00f3n hasta la modificaci\u00f3n de conducta, siempre con un m\u00e9todo consciente que respeta el bienestar del animal. Contamos con un equipo de adiestradores de perros en M\u00e1laga altamente capacitados que trabajan mano a mano con los due\u00f1os para crear una relaci\u00f3n arm\u00f3nica y positiva entre ellos y sus mascotas. En Koguau, entendemos que cada perro es \u00fanico, por lo que adaptamos nuestras t\u00e9cnicas a las necesidades espec\u00edficas de cada uno, asegurando un proceso de aprendizaje ameno y efectivo. Si buscas adiestrar perros en un ambiente profesional y cercano, Koguau es tu mejor opci\u00f3n en la provincia de M\u00e1laga.<\/p>\n\n\n\n<p>Ubicado en C. las Palomas, 29700 V\u00e9lez-M\u00e1laga, M\u00e1laga, este centro de adiestramiento canino en V\u00e9lez-m\u00e1laga se considera destacado por su trato cercano, expertise y logros visibles. Consulta las rese\u00f1as de otros usuarios para entender su opini\u00f3n.<\/p>\n<\/div>\n<\/div>\n\n\n\n<p><\/p>\n\n\n\n<p>Si necesitas conocer otros (PONER NEGOCIO, ej: asesor\u00eda legal, decoraci\u00f3n de eventos, instalaciones el\u00e9ctricas) puedes <strong><a href=\"\/\">visitar nuestra p\u00e1gina principal<\/a><\/strong>.<\/p>\n","protected":false},"excerpt":{"rendered":"<p>En caso de que est\u00e1s buscando un espacio de confianza para entrenamiento canino en el \u00e1rea de V\u00e9lez-m\u00e1laga, Koguau Adiestramiento Canino Consciente &#8211; M\u00e1laga representa una opci\u00f3n destacada. Este lugar trabaja en el manejo de mascotas de cualquier edad y raza, siempre utilizando t\u00e9cnicas amigables y tambi\u00e9n efectivos. Koguau Adiestramiento Canino Consciente &#8211; M\u00e1laga Dentro [&hellip;]<\/p>\n","protected":false},"author":2,"featured_media":0,"parent":8314,"menu_order":0,"comment_status":"closed","ping_status":"closed","template":"","meta":{"_et_pb_use_builder":"","_et_pb_old_content":"","_et_gb_content_width":"","footnotes":""},"tags":[1183],"class_list":["post-10353","page","type-page","status-publish","hentry","tag-velez-malaga"],"_links":{"self":[{"href":"https:\/\/www.adiestradorcanino.com\/webdelperro\/wp-json\/wp\/v2\/pages\/10353","targetHints":{"allow":["GET"]}}],"collection":[{"href":"https:\/\/www.adiestradorcanino.com\/webdelperro\/wp-json\/wp\/v2\/pages"}],"about":[{"href":"https:\/\/www.adiestradorcanino.com\/webdelperro\/wp-json\/wp\/v2\/types\/page"}],"author":[{"embeddable":true,"href":"https:\/\/www.adiestradorcanino.com\/webdelperro\/wp-json\/wp\/v2\/users\/2"}],"replies":[{"embeddable":true,"href":"https:\/\/www.adiestradorcanino.com\/webdelperro\/wp-json\/wp\/v2\/comments?post=10353"}],"version-history":[{"count":0,"href":"https:\/\/www.adiestradorcanino.com\/webdelperro\/wp-json\/wp\/v2\/pages\/10353\/revisions"}],"up":[{"embeddable":true,"href":"https:\/\/www.adiestradorcanino.com\/webdelperro\/wp-json\/wp\/v2\/pages\/8314"}],"wp:attachment":[{"href":"https:\/\/www.adiestradorcanino.com\/webdelperro\/wp-json\/wp\/v2\/media?parent=10353"}],"wp:term":[{"taxonomy":"post_tag","embeddable":true,"href":"https:\/\/www.adiestradorcanino.com\/webdelperro\/wp-json\/wp\/v2\/tags?post=10353"}],"curies":[{"name":"wp","href":"https:\/\/api.w.org\/{rel}","templated":true}]}}