{"id":10350,"date":"2025-07-09T08:21:34","date_gmt":"2025-07-09T08:21:34","guid":{"rendered":"https:\/\/www.adiestradorcanino.com\/webdelperro\/malaga\/la-cala-del-moral\/adiestramiento-canino-mumbie-bienestar-y-educacion-canina-amable-en-la-cala-del-moral-malaga\/"},"modified":"2025-07-09T08:21:34","modified_gmt":"2025-07-09T08:21:34","slug":"adiestramiento-canino-mumbie-bienestar-y-educacion-canina-amable-en-la-cala-del-moral-malaga","status":"publish","type":"page","link":"https:\/\/www.adiestradorcanino.com\/webdelperro\/malaga\/la-cala-del-moral\/adiestramiento-canino-mumbie-bienestar-y-educacion-canina-amable-en-la-cala-del-moral-malaga\/","title":{"rendered":"Adiestramiento canino Mumbie Bienestar Y Educaci\u00f3n Canina Amable en La Cala Del Moral, M\u00e1laga"},"content":{"rendered":"\n<p>En caso de que est\u00e1s en la b\u00fasqueda un lugar de confianza id\u00f3neo para el adiestramiento canino dentro de La Cala Del Moral, este centro es una opci\u00f3n destacada. Este centro trabaja con perros sin importar la raza o edad, usando t\u00e9cnicas \u00e9ticos adem\u00e1s de \u00fatiles.<\/p>\n\n\n\n<h2 class=\"wp-block-heading has-text-align-left nombreclinica\">Mumbie Bienestar Y Educaci\u00f3n Canina Amable<\/h2>\n\n\n\n<div class=\"wp-block-group is-layout-constrained wp-block-group-is-layout-constrained\">\n<div class=\"wp-block-columns nc-clase-ficha is-layout-flex wp-container-core-columns-is-layout-9d6595d7 wp-block-columns-is-layout-flex\">\n<div class=\"wp-block-column is-vertically-aligned-center is-layout-flow wp-block-column-is-layout-flow\">\n<figure class=\"wp-block-image size-full\"><img decoding=\"async\" src=\"https:\/\/www.adiestradorcanino.com\/webdelperro\/wp-content\/uploads\/2025\/07\/Mumbie-Bienestar-Y-Educacion-Canina-Amable.jpg\" alt=\"Mumbie Bienestar Y Educaci\u00f3n Canina Amable\" class=\"wp-image-19766\"\/><\/figure>\n\n\n\n<p>Entre los servicios m\u00e1s solicitados se encuentran los entrenamiento de obediencia, la correcci\u00f3n de conductas no deseadas, la socializaci\u00f3n con otros perros y las clases dirigidas a cachorros. Asimismo, en nombre se adaptan a las particularidades de cada familia y su mascota.<\/p>\n<\/div>\n\n\n\n<div class=\"wp-block-column is-vertically-aligned-center is-layout-flow wp-block-column-is-layout-flow\">\n<div class=\"su-service\"><div class=\"su-service-title\" style=\"padding-left:46px;min-height:32px;line-height:32px\"><i class=\"sui sui-user\" style=\"font-size:32px;color:#2471a3\"><\/i> <strong>Nombre<\/strong><\/div><div class=\"su-service-content su-u-clearfix su-u-trim\" style=\"padding-left:46px\">Mumbie Bienestar Y Educaci\u00f3n Canina Amable<\/div><\/div>\n\n\n\n<div class=\"su-service\"><div class=\"su-service-title\" style=\"padding-left:46px;min-height:32px;line-height:32px\"><i class=\"sui sui-map-marker\" style=\"font-size:32px;color:#2471a3\"><\/i> <strong>Direcci\u00f3n<\/strong><\/div><div class=\"su-service-content su-u-clearfix su-u-trim\" style=\"padding-left:46px\">C. Arroyo Total\u00e1n, M\u00e1laga-Este, 29719 La Cala del Moral, M\u00e1laga<\/div><\/div>\n\n\n\n<div class=\"su-service\"><div class=\"su-service-title\" style=\"padding-left:46px;min-height:32px;line-height:32px\"><i class=\"sui sui-volume-control-phone\" style=\"font-size:32px;color:#2471a3\"><\/i> <strong>Tel\u00e9fono<\/strong><\/div><div class=\"su-service-content su-u-clearfix su-u-trim\" style=\"padding-left:46px\">623 02 16 62<\/div><\/div>\n\n\n\n<div class=\"su-service\"><div class=\"su-service-title\" style=\"padding-left:46px;min-height:32px;line-height:32px\"><i class=\"sui sui-globe\" style=\"font-size:32px;color:#2471a3\"><\/i> <strong>Sitio web<\/strong><\/div><div class=\"su-service-content su-u-clearfix su-u-trim\" style=\"padding-left:46px\">https:\/\/www.mumbie.es\/<\/div><\/div>\n\n\n\n<div class=\"su-service\"><div class=\"su-service-title\" style=\"padding-left:46px;min-height:32px;line-height:32px\"><i class=\"sui sui-star\" style=\"font-size:32px;color:#2471a3\"><\/i> Valoraci\u00f3n de los clientes<\/div><div class=\"su-service-content su-u-clearfix su-u-trim\" style=\"padding-left:46px\">4.9 \/ 5 (70)<\/div><\/div>\n<\/div>\n<\/div>\n<\/div>\n\n\n\n<div class=\"wp-block-columns is-layout-flex wp-container-core-columns-is-layout-9d6595d7 wp-block-columns-is-layout-flex\">\n<div class=\"wp-block-column mapa2 is-layout-flow wp-block-column-is-layout-flow\">\n<h2 class=\"wp-block-heading\">Ubicaci\u00f3n de Mumbie Bienestar Y Educaci\u00f3n Canina Amable<\/h2>\n\n\n\n<div class=\"su-gmap su-u-responsive-media-yes mapa\"><iframe loading=\"lazy\" width=\"600\" height=\"280\" src=\"\/\/maps.google.com\/maps?q=Mumbie%20Bienestar%20Y%20Educaci%C3%B3n%20Canina%20Amable%2C%20C.%20Arroyo%20Total%C3%A1n%2C%20M%C3%A1laga-Este%2C%2029719%20La%20Cala%20del%20Moral%2C%20M%C3%A1laga&amp;output=embed&amp;z=20\" title=\"\"><\/iframe><\/div>\n\n\n\n<h2 class=\"wp-block-heading\">Horarios de Mumbie Bienestar Y Educaci\u00f3n Canina Amable<\/h2>\n\n\n\n<figure class=\"wp-block-table\"><table><tbody><tr><td><strong>Lunes<\/strong><\/td><td>lunes: Cerrado<\/td><\/tr><tr><td><strong>Martes<\/strong><\/td><td>martes: 10:00\u201321:00<\/td><\/tr><tr><td><strong>Mi\u00e9rcoles<\/strong><\/td><td>mi\u00e9rcoles: 10:00\u201321:30<\/td><\/tr><tr><td><strong>Jueves<\/strong><\/td><td>jueves: 10:00\u201321:00<\/td><\/tr><tr><td><strong>Viernes<\/strong><\/td><td>viernes: 10:00\u201320:00<\/td><\/tr><tr><td><strong>S\u00e1bado<\/strong><\/td><td>s\u00e1bado: Cerrado<\/td><\/tr><tr><td><strong>Domingo<\/strong><\/td><td>domingo: Cerrado<\/td><\/tr><\/tbody><\/table><\/figure>\n\n\n\n<h2 class=\"wp-block-heading\">Tel\u00e9fono de Mumbie Bienestar Y Educaci\u00f3n Canina Amable<\/h2>\n\n\n\n<p>Si quieres comunicarte con <strong>Mumbie Bienestar Y Educaci\u00f3n Canina Amable<\/strong>, puedes hacerlo directamente llamando al siguiente n\u00famero:<\/p>\n\n\n\n<div class=\"wp-block-buttons is-content-justification-center is-layout-flex wp-container-core-buttons-is-layout-16018d1d wp-block-buttons-is-layout-flex\">\n<div class=\"wp-block-button is-style-fill\"><a class=\"wp-block-button__link has-background has-medium-font-size has-custom-font-size wp-element-button\" href=\"tel:623 02 16 62\" style=\"border-radius:6px;background-color:#2471a3\">Llamar ahora<\/a><\/div>\n<\/div>\n\n\n\n<h2 class=\"wp-block-heading\">M\u00e1s informaci\u00f3n<\/h2>\n\n\n\n<p>En el centro de adiestramiento canino Mumbie Bienestar y Educaci\u00f3n Canina Amable, ubicado en C. Arroyo Total\u00e1n, M\u00e1laga-Este, 29719 La Cala del Moral, M\u00e1laga, ofrecemos un enfoque integral y personalizado para adiestrar perros, centrado en la obediencia, socializaci\u00f3n y modificaci\u00f3n de conducta. Nuestros adiestradores de perros en M\u00e1laga cuentan con una amplia experiencia y utilizan m\u00e9todos positivos que fomentan el bienestar del animal, asegurando un aprendizaje efectivo y divertido. La Cala del Moral se convierte as\u00ed en el lugar ideal para quienes buscan un servicio de calidad en adiestramiento canino, destacando nuestro compromiso con la educaci\u00f3n amable y el v\u00ednculo entre el perro y su due\u00f1o. Si deseas transformar el comportamiento de tu mascota y disfrutar de una convivencia armoniosa, Mumbie es tu mejor opci\u00f3n para adiestrar perros en La Cala Del Moral.<\/p>\n\n\n\n<p>Situado en C. Arroyo Total\u00e1n, M\u00e1laga-Este, 29719 La Cala del Moral, M\u00e1laga, este centro de adiestramiento canino en La Cala Del Moral es reconocido por su trato personal, expertise y resultados visibles. Revisa las rese\u00f1as de otros usuarios para entender su testimonio.<\/p>\n<\/div>\n<\/div>\n\n\n\n<p><\/p>\n\n\n\n<p>Si necesitas conocer otros (PONER NEGOCIO, ej: asesor\u00eda legal, decoraci\u00f3n de eventos, instalaciones el\u00e9ctricas) puedes <strong><a href=\"\/\">visitar nuestra p\u00e1gina principal<\/a><\/strong>.<\/p>\n","protected":false},"excerpt":{"rendered":"<p>En caso de que est\u00e1s en la b\u00fasqueda un lugar de confianza id\u00f3neo para el adiestramiento canino dentro de La Cala Del Moral, este centro es una opci\u00f3n destacada. Este centro trabaja con perros sin importar la raza o edad, usando t\u00e9cnicas \u00e9ticos adem\u00e1s de \u00fatiles. Mumbie Bienestar Y Educaci\u00f3n Canina Amable Entre los servicios [&hellip;]<\/p>\n","protected":false},"author":2,"featured_media":0,"parent":8311,"menu_order":0,"comment_status":"closed","ping_status":"closed","template":"","meta":{"_et_pb_use_builder":"","_et_pb_old_content":"","_et_gb_content_width":"","footnotes":""},"tags":[1182],"class_list":["post-10350","page","type-page","status-publish","hentry","tag-la-cala-del-moral"],"_links":{"self":[{"href":"https:\/\/www.adiestradorcanino.com\/webdelperro\/wp-json\/wp\/v2\/pages\/10350","targetHints":{"allow":["GET"]}}],"collection":[{"href":"https:\/\/www.adiestradorcanino.com\/webdelperro\/wp-json\/wp\/v2\/pages"}],"about":[{"href":"https:\/\/www.adiestradorcanino.com\/webdelperro\/wp-json\/wp\/v2\/types\/page"}],"author":[{"embeddable":true,"href":"https:\/\/www.adiestradorcanino.com\/webdelperro\/wp-json\/wp\/v2\/users\/2"}],"replies":[{"embeddable":true,"href":"https:\/\/www.adiestradorcanino.com\/webdelperro\/wp-json\/wp\/v2\/comments?post=10350"}],"version-history":[{"count":0,"href":"https:\/\/www.adiestradorcanino.com\/webdelperro\/wp-json\/wp\/v2\/pages\/10350\/revisions"}],"up":[{"embeddable":true,"href":"https:\/\/www.adiestradorcanino.com\/webdelperro\/wp-json\/wp\/v2\/pages\/8311"}],"wp:attachment":[{"href":"https:\/\/www.adiestradorcanino.com\/webdelperro\/wp-json\/wp\/v2\/media?parent=10350"}],"wp:term":[{"taxonomy":"post_tag","embeddable":true,"href":"https:\/\/www.adiestradorcanino.com\/webdelperro\/wp-json\/wp\/v2\/tags?post=10350"}],"curies":[{"name":"wp","href":"https:\/\/api.w.org\/{rel}","templated":true}]}}