{"id":10344,"date":"2025-07-09T08:21:05","date_gmt":"2025-07-09T08:21:05","guid":{"rendered":"https:\/\/www.adiestradorcanino.com\/webdelperro\/malaga\/cartama\/adiestramiento-canino-akindi-malaga-adiestramiento-canino-en-cartama-malaga\/"},"modified":"2025-07-09T08:21:05","modified_gmt":"2025-07-09T08:21:05","slug":"adiestramiento-canino-akindi-malaga-adiestramiento-canino-en-cartama-malaga","status":"publish","type":"page","link":"https:\/\/www.adiestradorcanino.com\/webdelperro\/malaga\/cartama\/adiestramiento-canino-akindi-malaga-adiestramiento-canino-en-cartama-malaga\/","title":{"rendered":"Adiestramiento canino Akindi M\u00e1laga &#8211; Adiestramiento Canino en C\u00e1rtama, M\u00e1laga"},"content":{"rendered":"\n<p>Si est\u00e1s en la b\u00fasqueda un espacio confiable para el entrenamiento canino en el \u00e1rea de C\u00e1rtama,  Akindi M\u00e1laga &#8211; Adiestramiento Canino representa una alternativa destacada. Este lugar se dedica en el manejo de mascotas de todas las edades y razas, usando t\u00e9cnicas respetuosos adem\u00e1s de eficaces.<\/p>\n\n\n\n<h2 class=\"wp-block-heading has-text-align-left nombreclinica\">Akindi M\u00e1laga &#8211; Adiestramiento Canino<\/h2>\n\n\n\n<div class=\"wp-block-group is-layout-constrained wp-block-group-is-layout-constrained\">\n<div class=\"wp-block-columns nc-clase-ficha is-layout-flex wp-container-core-columns-is-layout-9d6595d7 wp-block-columns-is-layout-flex\">\n<div class=\"wp-block-column is-vertically-aligned-center is-layout-flow wp-block-column-is-layout-flow\">\n<figure class=\"wp-block-image size-full\"><img decoding=\"async\" src=\"https:\/\/www.adiestradorcanino.com\/webdelperro\/wp-content\/uploads\/2025\/07\/Akindi-Malaga-Adiestramiento-Canino.jpg\" alt=\"Akindi M\u00e1laga - Adiestramiento Canino\" class=\"wp-image-19766\"\/><\/figure>\n\n\n\n<p>Dentro de nuestros tratamientos m\u00e1s solicitados se encuentran la obediencia b\u00e1sica, la correcci\u00f3n de conductas no deseadas, la socializaci\u00f3n con otros perros y las clases espec\u00edficas para cachorros. Adem\u00e1s, en nuestro centro se adaptan a las necesidades concretas de cada familia y animal.<\/p>\n<\/div>\n\n\n\n<div class=\"wp-block-column is-vertically-aligned-center is-layout-flow wp-block-column-is-layout-flow\">\n<div class=\"su-service\"><div class=\"su-service-title\" style=\"padding-left:46px;min-height:32px;line-height:32px\"><i class=\"sui sui-user\" style=\"font-size:32px;color:#2471a3\"><\/i> <strong>Nombre<\/strong><\/div><div class=\"su-service-content su-u-clearfix su-u-trim\" style=\"padding-left:46px\">Akindi M\u00e1laga &#8211; Adiestramiento Canino<\/div><\/div>\n\n\n\n<div class=\"su-service\"><div class=\"su-service-title\" style=\"padding-left:46px;min-height:32px;line-height:32px\"><i class=\"sui sui-map-marker\" style=\"font-size:32px;color:#2471a3\"><\/i> <strong>Direcci\u00f3n<\/strong><\/div><div class=\"su-service-content su-u-clearfix su-u-trim\" style=\"padding-left:46px\">29570 Vega Riaran, M\u00e1laga<\/div><\/div>\n\n\n\n<div class=\"su-service\"><div class=\"su-service-title\" style=\"padding-left:46px;min-height:32px;line-height:32px\"><i class=\"sui sui-volume-control-phone\" style=\"font-size:32px;color:#2471a3\"><\/i> <strong>Tel\u00e9fono<\/strong><\/div><div class=\"su-service-content su-u-clearfix su-u-trim\" style=\"padding-left:46px\">669 00 61 71<\/div><\/div>\n\n\n\n<div class=\"su-service\"><div class=\"su-service-title\" style=\"padding-left:46px;min-height:32px;line-height:32px\"><i class=\"sui sui-globe\" style=\"font-size:32px;color:#2471a3\"><\/i> <strong>Sitio web<\/strong><\/div><div class=\"su-service-content su-u-clearfix su-u-trim\" style=\"padding-left:46px\">https:\/\/akindi.es\/adiestramiento-y-educacion-canina-en-malaga\/?utm_source=seolocal&amp;utm_medium=adiestramiento-cantabria&amp;utm_campaign=web<\/div><\/div>\n\n\n\n<div class=\"su-service\"><div class=\"su-service-title\" style=\"padding-left:46px;min-height:32px;line-height:32px\"><i class=\"sui sui-star\" style=\"font-size:32px;color:#2471a3\"><\/i> Valoraci\u00f3n de los clientes<\/div><div class=\"su-service-content su-u-clearfix su-u-trim\" style=\"padding-left:46px\">5 \/ 5 (43)<\/div><\/div>\n<\/div>\n<\/div>\n<\/div>\n\n\n\n<div class=\"wp-block-columns is-layout-flex wp-container-core-columns-is-layout-9d6595d7 wp-block-columns-is-layout-flex\">\n<div class=\"wp-block-column mapa2 is-layout-flow wp-block-column-is-layout-flow\">\n<h2 class=\"wp-block-heading\">Ubicaci\u00f3n de Akindi M\u00e1laga &#8211; Adiestramiento Canino<\/h2>\n\n\n\n<div class=\"su-gmap su-u-responsive-media-yes mapa\"><iframe loading=\"lazy\" width=\"600\" height=\"280\" src=\"\/\/maps.google.com\/maps?q=Akindi%20M%C3%A1laga%20-%20Adiestramiento%20Canino%2C%2029570%20Vega%20Riaran%2C%20M%C3%A1laga&amp;output=embed&amp;z=20\" title=\"\"><\/iframe><\/div>\n\n\n\n<h2 class=\"wp-block-heading\">Horarios de Akindi M\u00e1laga &#8211; Adiestramiento Canino<\/h2>\n\n\n\n<figure class=\"wp-block-table\"><table><tbody><tr><td><strong>Lunes<\/strong><\/td><td>lunes: 9:00\u201322:00<\/td><\/tr><tr><td><strong>Martes<\/strong><\/td><td>martes: 9:00\u201322:00<\/td><\/tr><tr><td><strong>Mi\u00e9rcoles<\/strong><\/td><td>mi\u00e9rcoles: 9:00\u201322:00<\/td><\/tr><tr><td><strong>Jueves<\/strong><\/td><td>jueves: 9:00\u201322:00<\/td><\/tr><tr><td><strong>Viernes<\/strong><\/td><td>viernes: 9:00\u201322:00<\/td><\/tr><tr><td><strong>S\u00e1bado<\/strong><\/td><td>s\u00e1bado: 9:00\u201322:00<\/td><\/tr><tr><td><strong>Domingo<\/strong><\/td><td>domingo: 9:00\u201322:00<\/td><\/tr><\/tbody><\/table><\/figure>\n\n\n\n<h2 class=\"wp-block-heading\">Tel\u00e9fono de Akindi M\u00e1laga &#8211; Adiestramiento Canino<\/h2>\n\n\n\n<p>Si quieres comunicarte con <strong>Akindi M\u00e1laga &#8211; Adiestramiento Canino<\/strong>, puedes hacerlo directamente llamando al siguiente n\u00famero:<\/p>\n\n\n\n<div class=\"wp-block-buttons is-content-justification-center is-layout-flex wp-container-core-buttons-is-layout-16018d1d wp-block-buttons-is-layout-flex\">\n<div class=\"wp-block-button is-style-fill\"><a class=\"wp-block-button__link has-background has-medium-font-size has-custom-font-size wp-element-button\" href=\"tel:669 00 61 71\" style=\"border-radius:6px;background-color:#2471a3\">Llamar ahora<\/a><\/div>\n<\/div>\n\n\n\n<h2 class=\"wp-block-heading\">M\u00e1s informaci\u00f3n<\/h2>\n\n\n\n<p>En el centro de adiestramiento canino Akindi M\u00e1laga, ubicado en 29570 Vega Riaran, C\u00e1rtama, ofrecemos una amplia gama de servicios dise\u00f1ados para transformar la relaci\u00f3n entre t\u00fa y tu perro. Nuestro equipo de adiestradores de perros en M\u00e1laga se especializa en t\u00e9cnicas de obediencia, socializaci\u00f3n y modificaci\u00f3n de conducta, adaptando cada programa a las necesidades espec\u00edficas de tu mascota. Con un enfoque basado en el refuerzo positivo, garantizamos un ambiente seguro y estimulante donde tu perro aprender\u00e1 a comportarse de manera adecuada en diferentes situaciones. Lo que nos diferencia de otros centros de adiestramiento canino en C\u00e1rtama es nuestra dedicaci\u00f3n personalizada y un seguimiento continuo del progreso, asegurando as\u00ed que tanto t\u00fa como tu compa\u00f1ero peludo disfrut\u00e9is del proceso de aprendizaje. Si buscas adiestrar perros de manera positiva y amorosa, en Akindi M\u00e1laga encontrar\u00e1s la soluci\u00f3n ideal para potenciar el bienestar y la educaci\u00f3n de tu mascota.<\/p>\n\n\n\n<p>Situado en 29570 Vega Riaran, M\u00e1laga, el centro de adiestramiento canino en C\u00e1rtama es famoso por su trato afectuoso, profesionalidad y logros evidentes. Mira las rese\u00f1as de otros due\u00f1os de mascotas para entender su opini\u00f3n.<\/p>\n<\/div>\n<\/div>\n\n\n\n<p><\/p>\n\n\n\n<p>Si necesitas conocer otros (PONER NEGOCIO, ej: asesor\u00eda legal, decoraci\u00f3n de eventos, instalaciones el\u00e9ctricas) puedes <strong><a href=\"\/\">visitar nuestra p\u00e1gina principal<\/a><\/strong>.<\/p>\n","protected":false},"excerpt":{"rendered":"<p>Si est\u00e1s en la b\u00fasqueda un espacio confiable para el entrenamiento canino en el \u00e1rea de C\u00e1rtama, Akindi M\u00e1laga &#8211; Adiestramiento Canino representa una alternativa destacada. Este lugar se dedica en el manejo de mascotas de todas las edades y razas, usando t\u00e9cnicas respetuosos adem\u00e1s de eficaces. Akindi M\u00e1laga &#8211; Adiestramiento Canino Dentro de nuestros [&hellip;]<\/p>\n","protected":false},"author":2,"featured_media":0,"parent":8305,"menu_order":0,"comment_status":"closed","ping_status":"closed","template":"","meta":{"_et_pb_use_builder":"","_et_pb_old_content":"","_et_gb_content_width":"","footnotes":""},"tags":[1180],"class_list":["post-10344","page","type-page","status-publish","hentry","tag-cartama"],"_links":{"self":[{"href":"https:\/\/www.adiestradorcanino.com\/webdelperro\/wp-json\/wp\/v2\/pages\/10344","targetHints":{"allow":["GET"]}}],"collection":[{"href":"https:\/\/www.adiestradorcanino.com\/webdelperro\/wp-json\/wp\/v2\/pages"}],"about":[{"href":"https:\/\/www.adiestradorcanino.com\/webdelperro\/wp-json\/wp\/v2\/types\/page"}],"author":[{"embeddable":true,"href":"https:\/\/www.adiestradorcanino.com\/webdelperro\/wp-json\/wp\/v2\/users\/2"}],"replies":[{"embeddable":true,"href":"https:\/\/www.adiestradorcanino.com\/webdelperro\/wp-json\/wp\/v2\/comments?post=10344"}],"version-history":[{"count":0,"href":"https:\/\/www.adiestradorcanino.com\/webdelperro\/wp-json\/wp\/v2\/pages\/10344\/revisions"}],"up":[{"embeddable":true,"href":"https:\/\/www.adiestradorcanino.com\/webdelperro\/wp-json\/wp\/v2\/pages\/8305"}],"wp:attachment":[{"href":"https:\/\/www.adiestradorcanino.com\/webdelperro\/wp-json\/wp\/v2\/media?parent=10344"}],"wp:term":[{"taxonomy":"post_tag","embeddable":true,"href":"https:\/\/www.adiestradorcanino.com\/webdelperro\/wp-json\/wp\/v2\/tags?post=10344"}],"curies":[{"name":"wp","href":"https:\/\/api.w.org\/{rel}","templated":true}]}}