{"id":10340,"date":"2025-07-09T08:20:39","date_gmt":"2025-07-09T08:20:39","guid":{"rendered":"https:\/\/www.adiestradorcanino.com\/webdelperro\/malaga\/malaga\/adiestramiento-canino-wedog-adiestrador-canino-malaga-en-malaga-malaga\/"},"modified":"2025-07-09T08:20:39","modified_gmt":"2025-07-09T08:20:39","slug":"adiestramiento-canino-wedog-adiestrador-canino-malaga-en-malaga-malaga","status":"publish","type":"page","link":"https:\/\/www.adiestradorcanino.com\/webdelperro\/malaga\/malaga\/adiestramiento-canino-wedog-adiestrador-canino-malaga-en-malaga-malaga\/","title":{"rendered":"Adiestramiento canino Wedog Adiestrador Canino M\u00e1laga en M\u00e1laga, M\u00e1laga"},"content":{"rendered":"\n<p>En caso de que te encuentras en la b\u00fasqueda de un sitio de confianza id\u00f3neo para el adiestramiento canino en el \u00e1rea de M\u00e1laga, nuestra instituci\u00f3n representa una alternativa destacada. Este centro se especializa en el manejo de canes de todas las edades y razas, siempre utilizando con respetuosos y \u00fatiles.<\/p>\n\n\n\n<h2 class=\"wp-block-heading has-text-align-left nombreclinica\">Wedog Adiestrador Canino M\u00e1laga<\/h2>\n\n\n\n<div class=\"wp-block-group is-layout-constrained wp-block-group-is-layout-constrained\">\n<div class=\"wp-block-columns nc-clase-ficha is-layout-flex wp-container-core-columns-is-layout-9d6595d7 wp-block-columns-is-layout-flex\">\n<div class=\"wp-block-column is-vertically-aligned-center is-layout-flow wp-block-column-is-layout-flow\">\n<figure class=\"wp-block-image size-full\"><img decoding=\"async\" src=\"https:\/\/www.adiestradorcanino.com\/webdelperro\/wp-content\/uploads\/2025\/07\/Wedog-Adiestrador-Canino-Malaga.jpg\" alt=\"Wedog Adiestrador Canino M\u00e1laga\" class=\"wp-image-19766\"\/><\/figure>\n\n\n\n<p>Dentro de nuestros servicios m\u00e1s demandados se encuentran los obediencia b\u00e1sica, la modificaci\u00f3n de comportamientos no deseados, la socializaci\u00f3n con otros animales y las sesiones especiales para cachorros. Asimismo, en nuestro centro nos adaptamos a las particularidades de cada familia y animal.<\/p>\n<\/div>\n\n\n\n<div class=\"wp-block-column is-vertically-aligned-center is-layout-flow wp-block-column-is-layout-flow\">\n<div class=\"su-service\"><div class=\"su-service-title\" style=\"padding-left:46px;min-height:32px;line-height:32px\"><i class=\"sui sui-user\" style=\"font-size:32px;color:#2471a3\"><\/i> <strong>Nombre<\/strong><\/div><div class=\"su-service-content su-u-clearfix su-u-trim\" style=\"padding-left:46px\">Wedog Adiestrador Canino M\u00e1laga<\/div><\/div>\n\n\n\n<div class=\"su-service\"><div class=\"su-service-title\" style=\"padding-left:46px;min-height:32px;line-height:32px\"><i class=\"sui sui-map-marker\" style=\"font-size:32px;color:#2471a3\"><\/i> <strong>Direcci\u00f3n<\/strong><\/div><div class=\"su-service-content su-u-clearfix su-u-trim\" style=\"padding-left:46px\">Parque de, Carretera de C\u00e1diz, 29002 M\u00e1laga<\/div><\/div>\n\n\n\n<div class=\"su-service\"><div class=\"su-service-title\" style=\"padding-left:46px;min-height:32px;line-height:32px\"><i class=\"sui sui-volume-control-phone\" style=\"font-size:32px;color:#2471a3\"><\/i> <strong>Tel\u00e9fono<\/strong><\/div><div class=\"su-service-content su-u-clearfix su-u-trim\" style=\"padding-left:46px\">655 30 70 90<\/div><\/div>\n\n\n\n<div class=\"su-service\"><div class=\"su-service-title\" style=\"padding-left:46px;min-height:32px;line-height:32px\"><i class=\"sui sui-globe\" style=\"font-size:32px;color:#2471a3\"><\/i> <strong>Sitio web<\/strong><\/div><div class=\"su-service-content su-u-clearfix su-u-trim\" style=\"padding-left:46px\">https:\/\/adiestradorcaninomalaga.com\/?utm_source=google&amp;utm_medium=gmb<\/div><\/div>\n\n\n\n<div class=\"su-service\"><div class=\"su-service-title\" style=\"padding-left:46px;min-height:32px;line-height:32px\"><i class=\"sui sui-star\" style=\"font-size:32px;color:#2471a3\"><\/i> Valoraci\u00f3n de los clientes<\/div><div class=\"su-service-content su-u-clearfix su-u-trim\" style=\"padding-left:46px\">4.6 \/ 5 (29)<\/div><\/div>\n<\/div>\n<\/div>\n<\/div>\n\n\n\n<div class=\"wp-block-columns is-layout-flex wp-container-core-columns-is-layout-9d6595d7 wp-block-columns-is-layout-flex\">\n<div class=\"wp-block-column mapa2 is-layout-flow wp-block-column-is-layout-flow\">\n<h2 class=\"wp-block-heading\">Ubicaci\u00f3n de Wedog Adiestrador Canino M\u00e1laga<\/h2>\n\n\n\n<div class=\"su-gmap su-u-responsive-media-yes mapa\"><iframe loading=\"lazy\" width=\"600\" height=\"280\" src=\"\/\/maps.google.com\/maps?q=Wedog%20Adiestrador%20Canino%20M%C3%A1laga%2C%20Parque%20de%2C%20Carretera%20de%20C%C3%A1diz%2C%2029002%20M%C3%A1laga&amp;output=embed&amp;z=20\" title=\"\"><\/iframe><\/div>\n\n\n\n<h2 class=\"wp-block-heading\">Horarios de Wedog Adiestrador Canino M\u00e1laga<\/h2>\n\n\n\n<figure class=\"wp-block-table\"><table><tbody><tr><td><strong>Lunes<\/strong><\/td><td>lunes: 9:00\u201322:00<\/td><\/tr><tr><td><strong>Martes<\/strong><\/td><td>martes: 9:00\u201322:00<\/td><\/tr><tr><td><strong>Mi\u00e9rcoles<\/strong><\/td><td>mi\u00e9rcoles: 9:00\u201322:00<\/td><\/tr><tr><td><strong>Jueves<\/strong><\/td><td>jueves: 9:00\u201322:00<\/td><\/tr><tr><td><strong>Viernes<\/strong><\/td><td>viernes: 9:00\u201322:00<\/td><\/tr><tr><td><strong>S\u00e1bado<\/strong><\/td><td>s\u00e1bado: 9:00\u201322:00<\/td><\/tr><tr><td><strong>Domingo<\/strong><\/td><td>domingo: 9:00\u201322:00<\/td><\/tr><\/tbody><\/table><\/figure>\n\n\n\n<h2 class=\"wp-block-heading\">Tel\u00e9fono de Wedog Adiestrador Canino M\u00e1laga<\/h2>\n\n\n\n<p>Si quieres comunicarte con <strong>Wedog Adiestrador Canino M\u00e1laga<\/strong>, puedes hacerlo directamente llamando al siguiente n\u00famero:<\/p>\n\n\n\n<div class=\"wp-block-buttons is-content-justification-center is-layout-flex wp-container-core-buttons-is-layout-16018d1d wp-block-buttons-is-layout-flex\">\n<div class=\"wp-block-button is-style-fill\"><a class=\"wp-block-button__link has-background has-medium-font-size has-custom-font-size wp-element-button\" href=\"tel:655 30 70 90\" style=\"border-radius:6px;background-color:#2471a3\">Llamar ahora<\/a><\/div>\n<\/div>\n\n\n\n<h2 class=\"wp-block-heading\">M\u00e1s informaci\u00f3n<\/h2>\n\n\n\n<p>Wedog Adiestrador Canino M\u00e1laga, ubicado en el Parque de la Carretera de C\u00e1diz, 29002 M\u00e1laga, se posiciona como un referente en adiestramiento canino en M\u00e1laga gracias a su enfoque integral y personalizado. Nuestro equipo de adiestradores de perros en M\u00e1laga se especializa en la obediencia, socializaci\u00f3n y modificaci\u00f3n de conducta, ofreciendo servicios adaptados a las necesidades espec\u00edficas de cada perro y su propietario. En Wedog, entendemos que cada mascota es \u00fanica, por lo que dise\u00f1amos programas de adiestramiento que fomentan una relaci\u00f3n armoniosa entre el due\u00f1o y su compa\u00f1ero. Nuestra metodolog\u00eda se basa en t\u00e9cnicas positivas y respetuosas, asegurando un aprendizaje efectivo y duradero. Si buscas adiestrar perros de manera profesional y cercana, Wedog es la elecci\u00f3n ideal para transformar la convivencia con tu mascota en una experiencia gratificante y enriquecedora.<\/p>\n\n\n\n<p>Ubicado en Parque de, Carretera de C\u00e1diz, 29002 M\u00e1laga, este centro de adiestramiento canino en M\u00e1laga es reconocido por su trato afectuoso, profesionalidad y logros notables. Revisa las opiniones de otros usuarios para entender su testimonio.<\/p>\n<\/div>\n<\/div>\n\n\n\n<p><\/p>\n\n\n\n<p>Si necesitas conocer otros (PONER NEGOCIO, ej: asesor\u00eda legal, decoraci\u00f3n de eventos, instalaciones el\u00e9ctricas) puedes <strong><a href=\"\/\">visitar nuestra p\u00e1gina principal<\/a><\/strong>.<\/p>\n","protected":false},"excerpt":{"rendered":"<p>En caso de que te encuentras en la b\u00fasqueda de un sitio de confianza id\u00f3neo para el adiestramiento canino en el \u00e1rea de M\u00e1laga, nuestra instituci\u00f3n representa una alternativa destacada. Este centro se especializa en el manejo de canes de todas las edades y razas, siempre utilizando con respetuosos y \u00fatiles. Wedog Adiestrador Canino M\u00e1laga [&hellip;]<\/p>\n","protected":false},"author":2,"featured_media":0,"parent":8302,"menu_order":0,"comment_status":"closed","ping_status":"closed","template":"","meta":{"_et_pb_use_builder":"","_et_pb_old_content":"","_et_gb_content_width":"","footnotes":""},"tags":[870],"class_list":["post-10340","page","type-page","status-publish","hentry","tag-malaga"],"_links":{"self":[{"href":"https:\/\/www.adiestradorcanino.com\/webdelperro\/wp-json\/wp\/v2\/pages\/10340","targetHints":{"allow":["GET"]}}],"collection":[{"href":"https:\/\/www.adiestradorcanino.com\/webdelperro\/wp-json\/wp\/v2\/pages"}],"about":[{"href":"https:\/\/www.adiestradorcanino.com\/webdelperro\/wp-json\/wp\/v2\/types\/page"}],"author":[{"embeddable":true,"href":"https:\/\/www.adiestradorcanino.com\/webdelperro\/wp-json\/wp\/v2\/users\/2"}],"replies":[{"embeddable":true,"href":"https:\/\/www.adiestradorcanino.com\/webdelperro\/wp-json\/wp\/v2\/comments?post=10340"}],"version-history":[{"count":0,"href":"https:\/\/www.adiestradorcanino.com\/webdelperro\/wp-json\/wp\/v2\/pages\/10340\/revisions"}],"up":[{"embeddable":true,"href":"https:\/\/www.adiestradorcanino.com\/webdelperro\/wp-json\/wp\/v2\/pages\/8302"}],"wp:attachment":[{"href":"https:\/\/www.adiestradorcanino.com\/webdelperro\/wp-json\/wp\/v2\/media?parent=10340"}],"wp:term":[{"taxonomy":"post_tag","embeddable":true,"href":"https:\/\/www.adiestradorcanino.com\/webdelperro\/wp-json\/wp\/v2\/tags?post=10340"}],"curies":[{"name":"wp","href":"https:\/\/api.w.org\/{rel}","templated":true}]}}