{"id":10339,"date":"2025-07-09T08:20:35","date_gmt":"2025-07-09T08:20:35","guid":{"rendered":"https:\/\/www.adiestradorcanino.com\/webdelperro\/malaga\/torremolinos\/adiestramiento-canino-escuela-canina-de-adiestramiento-k9-malaga-en-torremolinos-malaga\/"},"modified":"2025-07-09T08:20:35","modified_gmt":"2025-07-09T08:20:35","slug":"adiestramiento-canino-escuela-canina-de-adiestramiento-k9-malaga-en-torremolinos-malaga","status":"publish","type":"page","link":"https:\/\/www.adiestradorcanino.com\/webdelperro\/malaga\/torremolinos\/adiestramiento-canino-escuela-canina-de-adiestramiento-k9-malaga-en-torremolinos-malaga\/","title":{"rendered":"Adiestramiento canino Escuela Canina De Adiestramiento K9 M\u00e1laga en Torremolinos, M\u00e1laga"},"content":{"rendered":"\n<p>En caso de que te encuentras en la b\u00fasqueda un lugar confiable id\u00f3neo para adiestramiento de perros en el \u00e1rea de Torremolinos, este centro es una excelente opci\u00f3n. Este centro trabaja en el entrenamiento de canes de cualquier edad y raza, usando con respetuosos y tambi\u00e9n \u00fatiles.<\/p>\n\n\n\n<h2 class=\"wp-block-heading has-text-align-left nombreclinica\">Escuela Canina De Adiestramiento K9 M\u00e1laga<\/h2>\n\n\n\n<div class=\"wp-block-group is-layout-constrained wp-block-group-is-layout-constrained\">\n<div class=\"wp-block-columns nc-clase-ficha is-layout-flex wp-container-core-columns-is-layout-9d6595d7 wp-block-columns-is-layout-flex\">\n<div class=\"wp-block-column is-vertically-aligned-center is-layout-flow wp-block-column-is-layout-flow\">\n<figure class=\"wp-block-image size-full\"><img decoding=\"async\" src=\"https:\/\/www.adiestradorcanino.com\/webdelperro\/wp-content\/uploads\/2025\/07\/Escuela-Canina-De-Adiestramiento-K9-Malaga.png\" alt=\"Escuela Canina De Adiestramiento K9 M\u00e1laga\" class=\"wp-image-19766\"\/><\/figure>\n\n\n\n<p>Entre los servicios m\u00e1s demandados se encuentran los entrenamiento de obediencia, la correcci\u00f3n de conductas inapropiadas, la socializaci\u00f3n con otros animales y las sesiones especiales para cachorros. Asimismo, en el centro se adaptan a las necesidades concretas de cada hogar y su animal.<\/p>\n<\/div>\n\n\n\n<div class=\"wp-block-column is-vertically-aligned-center is-layout-flow wp-block-column-is-layout-flow\">\n<div class=\"su-service\"><div class=\"su-service-title\" style=\"padding-left:46px;min-height:32px;line-height:32px\"><i class=\"sui sui-user\" style=\"font-size:32px;color:#2471a3\"><\/i> <strong>Nombre<\/strong><\/div><div class=\"su-service-content su-u-clearfix su-u-trim\" style=\"padding-left:46px\">Escuela Canina De Adiestramiento K9 M\u00e1laga<\/div><\/div>\n\n\n\n<div class=\"su-service\"><div class=\"su-service-title\" style=\"padding-left:46px;min-height:32px;line-height:32px\"><i class=\"sui sui-map-marker\" style=\"font-size:32px;color:#2471a3\"><\/i> <strong>Direcci\u00f3n<\/strong><\/div><div class=\"su-service-content su-u-clearfix su-u-trim\" style=\"padding-left:46px\">Cam. de los Pinares, s\/n, 29620 Torremolinos, M\u00e1laga<\/div><\/div>\n\n\n\n<div class=\"su-service\"><div class=\"su-service-title\" style=\"padding-left:46px;min-height:32px;line-height:32px\"><i class=\"sui sui-volume-control-phone\" style=\"font-size:32px;color:#2471a3\"><\/i> <strong>Tel\u00e9fono<\/strong><\/div><div class=\"su-service-content su-u-clearfix su-u-trim\" style=\"padding-left:46px\">671 31 68 55<\/div><\/div>\n\n\n\n<div class=\"su-service\"><div class=\"su-service-title\" style=\"padding-left:46px;min-height:32px;line-height:32px\"><i class=\"sui sui-globe\" style=\"font-size:32px;color:#2471a3\"><\/i> <strong>Sitio web<\/strong><\/div><div class=\"su-service-content su-u-clearfix su-u-trim\" style=\"padding-left:46px\">http:\/\/www.k9malaga.es\/<\/div><\/div>\n\n\n\n<div class=\"su-service\"><div class=\"su-service-title\" style=\"padding-left:46px;min-height:32px;line-height:32px\"><i class=\"sui sui-star\" style=\"font-size:32px;color:#2471a3\"><\/i> Valoraci\u00f3n de los clientes<\/div><div class=\"su-service-content su-u-clearfix su-u-trim\" style=\"padding-left:46px\">4.7 \/ 5 (83)<\/div><\/div>\n<\/div>\n<\/div>\n<\/div>\n\n\n\n<div class=\"wp-block-columns is-layout-flex wp-container-core-columns-is-layout-9d6595d7 wp-block-columns-is-layout-flex\">\n<div class=\"wp-block-column mapa2 is-layout-flow wp-block-column-is-layout-flow\">\n<h2 class=\"wp-block-heading\">Ubicaci\u00f3n de Escuela Canina De Adiestramiento K9 M\u00e1laga<\/h2>\n\n\n\n<div class=\"su-gmap su-u-responsive-media-yes mapa\"><iframe loading=\"lazy\" width=\"600\" height=\"280\" src=\"\/\/maps.google.com\/maps?q=Escuela%20Canina%20De%20Adiestramiento%20K9%20M%C3%A1laga%2C%20Cam.%20de%20los%20Pinares%2C%20s%2Fn%2C%2029620%20Torremolinos%2C%20M%C3%A1laga&amp;output=embed&amp;z=20\" title=\"\"><\/iframe><\/div>\n\n\n\n<h2 class=\"wp-block-heading\">Horarios de Escuela Canina De Adiestramiento K9 M\u00e1laga<\/h2>\n\n\n\n<figure class=\"wp-block-table\"><table><tbody><tr><td><strong>Lunes<\/strong><\/td><td>lunes: 9:00\u201320:00<\/td><\/tr><tr><td><strong>Martes<\/strong><\/td><td>martes: 9:00\u201320:00<\/td><\/tr><tr><td><strong>Mi\u00e9rcoles<\/strong><\/td><td>mi\u00e9rcoles: 9:00\u201320:00<\/td><\/tr><tr><td><strong>Jueves<\/strong><\/td><td>jueves: 9:00\u201320:00<\/td><\/tr><tr><td><strong>Viernes<\/strong><\/td><td>viernes: 9:00\u201320:00<\/td><\/tr><tr><td><strong>S\u00e1bado<\/strong><\/td><td>s\u00e1bado: Cerrado<\/td><\/tr><tr><td><strong>Domingo<\/strong><\/td><td>domingo: Cerrado<\/td><\/tr><\/tbody><\/table><\/figure>\n\n\n\n<h2 class=\"wp-block-heading\">Tel\u00e9fono de Escuela Canina De Adiestramiento K9 M\u00e1laga<\/h2>\n\n\n\n<p>Si quieres comunicarte con <strong>Escuela Canina De Adiestramiento K9 M\u00e1laga<\/strong>, puedes hacerlo directamente llamando al siguiente n\u00famero:<\/p>\n\n\n\n<div class=\"wp-block-buttons is-content-justification-center is-layout-flex wp-container-core-buttons-is-layout-16018d1d wp-block-buttons-is-layout-flex\">\n<div class=\"wp-block-button is-style-fill\"><a class=\"wp-block-button__link has-background has-medium-font-size has-custom-font-size wp-element-button\" href=\"tel:671 31 68 55\" style=\"border-radius:6px;background-color:#2471a3\">Llamar ahora<\/a><\/div>\n<\/div>\n\n\n\n<h2 class=\"wp-block-heading\">M\u00e1s informaci\u00f3n<\/h2>\n\n\n\n<p>La Escuela Canina De Adiestramiento K9 M\u00e1laga, ubicada en Cam. de los Pinares, s\/n, 29620 Torremolinos, M\u00e1laga, se posiciona como una de las mejores opciones para el adiestramiento canino en Torremolinos. Este centro ofrece una amplia gama de servicios que incluyen clases de obediencia, socializaci\u00f3n y modificaci\u00f3n de conducta, adapt\u00e1ndose a las necesidades espec\u00edficas de cada perro y su propietario. Su enfoque profesional y personalizado garantiza que cada mascota reciba una educaci\u00f3n integral, fomentando una convivencia arm\u00f3nica y respetuosa. Lo que distingue a la Escuela Canina K9 de otros adiestradores de perros en M\u00e1laga es su equipo de expertos altamente capacitados, que utilizan t\u00e9cnicas basadas en el refuerzo positivo, asegurando un aprendizaje efectivo y agradable. Si buscas adiestrar perros con un m\u00e9todo que prioriza el bienestar animal y la relaci\u00f3n entre el due\u00f1o y su mascota, este es el lugar ideal para ti.<\/p>\n\n\n\n<p>Localizado en Cam. de los Pinares, s\/n, 29620 Torremolinos, M\u00e1laga, este centro de adiestramiento canino en Torremolinos ha sido reconocido por su trato personal, seriedad y resultados evidentes. Mira las valoraciones de otros clientes para conocer su experiencia.<\/p>\n<\/div>\n<\/div>\n\n\n\n<p><\/p>\n\n\n\n<p>Si necesitas conocer otros (PONER NEGOCIO, ej: asesor\u00eda legal, decoraci\u00f3n de eventos, instalaciones el\u00e9ctricas) puedes <strong><a href=\"\/\">visitar nuestra p\u00e1gina principal<\/a><\/strong>.<\/p>\n","protected":false},"excerpt":{"rendered":"<p>En caso de que te encuentras en la b\u00fasqueda un lugar confiable id\u00f3neo para adiestramiento de perros en el \u00e1rea de Torremolinos, este centro es una excelente opci\u00f3n. Este centro trabaja en el entrenamiento de canes de cualquier edad y raza, usando con respetuosos y tambi\u00e9n \u00fatiles. Escuela Canina De Adiestramiento K9 M\u00e1laga Entre los [&hellip;]<\/p>\n","protected":false},"author":2,"featured_media":0,"parent":8299,"menu_order":0,"comment_status":"closed","ping_status":"closed","template":"","meta":{"_et_pb_use_builder":"","_et_pb_old_content":"","_et_gb_content_width":"","footnotes":""},"tags":[1179],"class_list":["post-10339","page","type-page","status-publish","hentry","tag-torremolinos"],"_links":{"self":[{"href":"https:\/\/www.adiestradorcanino.com\/webdelperro\/wp-json\/wp\/v2\/pages\/10339","targetHints":{"allow":["GET"]}}],"collection":[{"href":"https:\/\/www.adiestradorcanino.com\/webdelperro\/wp-json\/wp\/v2\/pages"}],"about":[{"href":"https:\/\/www.adiestradorcanino.com\/webdelperro\/wp-json\/wp\/v2\/types\/page"}],"author":[{"embeddable":true,"href":"https:\/\/www.adiestradorcanino.com\/webdelperro\/wp-json\/wp\/v2\/users\/2"}],"replies":[{"embeddable":true,"href":"https:\/\/www.adiestradorcanino.com\/webdelperro\/wp-json\/wp\/v2\/comments?post=10339"}],"version-history":[{"count":0,"href":"https:\/\/www.adiestradorcanino.com\/webdelperro\/wp-json\/wp\/v2\/pages\/10339\/revisions"}],"up":[{"embeddable":true,"href":"https:\/\/www.adiestradorcanino.com\/webdelperro\/wp-json\/wp\/v2\/pages\/8299"}],"wp:attachment":[{"href":"https:\/\/www.adiestradorcanino.com\/webdelperro\/wp-json\/wp\/v2\/media?parent=10339"}],"wp:term":[{"taxonomy":"post_tag","embeddable":true,"href":"https:\/\/www.adiestradorcanino.com\/webdelperro\/wp-json\/wp\/v2\/tags?post=10339"}],"curies":[{"name":"wp","href":"https:\/\/api.w.org\/{rel}","templated":true}]}}