{"id":10330,"date":"2025-07-09T08:19:27","date_gmt":"2025-07-09T08:19:27","guid":{"rendered":"https:\/\/www.adiestradorcanino.com\/webdelperro\/madrid\/fuenlabrada\/adiestramiento-canino-adiestrador-canino-fuenlabrada-en-fuenlabrada-madrid\/"},"modified":"2025-07-09T08:19:27","modified_gmt":"2025-07-09T08:19:27","slug":"adiestramiento-canino-adiestrador-canino-fuenlabrada-en-fuenlabrada-madrid","status":"publish","type":"page","link":"https:\/\/www.adiestradorcanino.com\/webdelperro\/madrid\/fuenlabrada\/adiestramiento-canino-adiestrador-canino-fuenlabrada-en-fuenlabrada-madrid\/","title":{"rendered":"Adiestramiento canino Adiestrador Canino Fuenlabrada en Fuenlabrada, Madrid"},"content":{"rendered":"\n<p>Si acaso est\u00e1s en la b\u00fasqueda de un sitio de confianza para entrenamiento canino en el \u00e1rea de Fuenlabrada, este centro se presenta como una alternativa destacada. Nuestra instalaci\u00f3n trabaja con canes de todas las edades y razas, usando t\u00e9cnicas amigables y efectivos.<\/p>\n\n\n\n<h2 class=\"wp-block-heading has-text-align-left nombreclinica\">Adiestrador Canino Fuenlabrada<\/h2>\n\n\n\n<div class=\"wp-block-group is-layout-constrained wp-block-group-is-layout-constrained\">\n<div class=\"wp-block-columns nc-clase-ficha is-layout-flex wp-container-core-columns-is-layout-9d6595d7 wp-block-columns-is-layout-flex\">\n<div class=\"wp-block-column is-vertically-aligned-center is-layout-flow wp-block-column-is-layout-flow\">\n<figure class=\"wp-block-image size-full\"><img decoding=\"async\" src=\"https:\/\/www.adiestradorcanino.com\/webdelperro\/wp-content\/uploads\/2025\/07\/Adiestrador-Canino-Fuenlabrada.png\" alt=\"Adiestrador Canino Fuenlabrada\" class=\"wp-image-19766\"\/><\/figure>\n\n\n\n<p>Dentro de nuestros servicios m\u00e1s demandados est\u00e1n los entrenamiento de obediencia, la correcci\u00f3n de conductas inapropiadas, la socializaci\u00f3n con otros animales y las clases espec\u00edficas para cachorros. Asimismo, en nombre se adaptan a las necesidades concretas de cada familia y su mascota.<\/p>\n<\/div>\n\n\n\n<div class=\"wp-block-column is-vertically-aligned-center is-layout-flow wp-block-column-is-layout-flow\">\n<div class=\"su-service\"><div class=\"su-service-title\" style=\"padding-left:46px;min-height:32px;line-height:32px\"><i class=\"sui sui-user\" style=\"font-size:32px;color:#2471a3\"><\/i> <strong>Nombre<\/strong><\/div><div class=\"su-service-content su-u-clearfix su-u-trim\" style=\"padding-left:46px\">Adiestrador Canino Fuenlabrada<\/div><\/div>\n\n\n\n<div class=\"su-service\"><div class=\"su-service-title\" style=\"padding-left:46px;min-height:32px;line-height:32px\"><i class=\"sui sui-map-marker\" style=\"font-size:32px;color:#2471a3\"><\/i> <strong>Direcci\u00f3n<\/strong><\/div><div class=\"su-service-content su-u-clearfix su-u-trim\" style=\"padding-left:46px\">P.\u00ba de Londres, 14, 28942 Fuenlabrada, Madrid<\/div><\/div>\n\n\n\n<div class=\"su-service\"><div class=\"su-service-title\" style=\"padding-left:46px;min-height:32px;line-height:32px\"><i class=\"sui sui-volume-control-phone\" style=\"font-size:32px;color:#2471a3\"><\/i> <strong>Tel\u00e9fono<\/strong><\/div><div class=\"su-service-content su-u-clearfix su-u-trim\" style=\"padding-left:46px\">624 01 42 74<\/div><\/div>\n\n\n\n<div class=\"su-service\"><div class=\"su-service-title\" style=\"padding-left:46px;min-height:32px;line-height:32px\"><i class=\"sui sui-globe\" style=\"font-size:32px;color:#2471a3\"><\/i> <strong>Sitio web<\/strong><\/div><div class=\"su-service-content su-u-clearfix su-u-trim\" style=\"padding-left:46px\"><\/div><\/div>\n\n\n\n<div class=\"su-service\"><div class=\"su-service-title\" style=\"padding-left:46px;min-height:32px;line-height:32px\"><i class=\"sui sui-star\" style=\"font-size:32px;color:#2471a3\"><\/i> Valoraci\u00f3n de los clientes<\/div><div class=\"su-service-content su-u-clearfix su-u-trim\" style=\"padding-left:46px\">4.9 \/ 5 (73)<\/div><\/div>\n<\/div>\n<\/div>\n<\/div>\n\n\n\n<div class=\"wp-block-columns is-layout-flex wp-container-core-columns-is-layout-9d6595d7 wp-block-columns-is-layout-flex\">\n<div class=\"wp-block-column mapa2 is-layout-flow wp-block-column-is-layout-flow\">\n<h2 class=\"wp-block-heading\">Ubicaci\u00f3n de Adiestrador Canino Fuenlabrada<\/h2>\n\n\n\n<div class=\"su-gmap su-u-responsive-media-yes mapa\"><iframe loading=\"lazy\" width=\"600\" height=\"280\" src=\"\/\/maps.google.com\/maps?q=Adiestrador%20Canino%20Fuenlabrada%2C%20P.%C2%BA%20de%20Londres%2C%2014%2C%2028942%20Fuenlabrada%2C%20Madrid&amp;output=embed&amp;z=20\" title=\"\"><\/iframe><\/div>\n\n\n\n<h2 class=\"wp-block-heading\">Horarios de Adiestrador Canino Fuenlabrada<\/h2>\n\n\n\n<figure class=\"wp-block-table\"><table><tbody><tr><td><strong>Lunes<\/strong><\/td><td>lunes: 9:00\u201322:00<\/td><\/tr><tr><td><strong>Martes<\/strong><\/td><td>martes: 9:00\u201322:00<\/td><\/tr><tr><td><strong>Mi\u00e9rcoles<\/strong><\/td><td>mi\u00e9rcoles: 9:00\u201322:00<\/td><\/tr><tr><td><strong>Jueves<\/strong><\/td><td>jueves: 9:00\u201322:00<\/td><\/tr><tr><td><strong>Viernes<\/strong><\/td><td>viernes: 9:00\u201322:00<\/td><\/tr><tr><td><strong>S\u00e1bado<\/strong><\/td><td>s\u00e1bado: 9:00\u201322:00<\/td><\/tr><tr><td><strong>Domingo<\/strong><\/td><td>domingo: 9:00\u201322:00<\/td><\/tr><\/tbody><\/table><\/figure>\n\n\n\n<h2 class=\"wp-block-heading\">Tel\u00e9fono de Adiestrador Canino Fuenlabrada<\/h2>\n\n\n\n<p>Si quieres comunicarte con <strong>Adiestrador Canino Fuenlabrada<\/strong>, puedes hacerlo directamente llamando al siguiente n\u00famero:<\/p>\n\n\n\n<div class=\"wp-block-buttons is-content-justification-center is-layout-flex wp-container-core-buttons-is-layout-16018d1d wp-block-buttons-is-layout-flex\">\n<div class=\"wp-block-button is-style-fill\"><a class=\"wp-block-button__link has-background has-medium-font-size has-custom-font-size wp-element-button\" href=\"tel:624 01 42 74\" style=\"border-radius:6px;background-color:#2471a3\">Llamar ahora<\/a><\/div>\n<\/div>\n\n\n\n<h2 class=\"wp-block-heading\">M\u00e1s informaci\u00f3n<\/h2>\n\n\n\n<p>En el coraz\u00f3n de Fuenlabrada, en P.\u00ba de Londres, 14, se encuentra Adiestrador Canino Fuenlabrada, un centro especializado en adiestramiento canino que se distingue por su enfoque integral y personalizado. Ofrecemos una variedad de servicios que abarcan desde la obediencia b\u00e1sica y la socializaci\u00f3n de cachorros hasta la modificaci\u00f3n de conducta para problemas espec\u00edficos. Nuestros adiestradores de perros en Madrid poseen una amplia experiencia y utilizan t\u00e9cnicas positivas que fomentan una comunicaci\u00f3n positiva entre el due\u00f1o y su mascota, garantizando un aprendizaje ameno y duradero. Lo que realmente nos diferencia es nuestro compromiso con el bienestar del perro y la satisfacci\u00f3n del due\u00f1o, asegurando que cada sesi\u00f3n de adiestramiento sea una experiencia enriquecedora y transformadora. Si buscas un servicio de calidad para adiestrar perros en Fuenlabrada, en Adiestrador Canino Fuenlabrada encontrar\u00e1s la soluci\u00f3n ideal para fortalecer el v\u00ednculo con tu mejor amigo.<\/p>\n\n\n\n<p>Localizado en P.\u00ba de Londres, 14, 28942 Fuenlabrada, Madrid, este centro de adiestramiento canino en Fuenlabrada es destacado por su trato personal, profesionalidad y resultados notables. Consulta las valoraciones de otros due\u00f1os de mascotas para conocer su opini\u00f3n.<\/p>\n<\/div>\n<\/div>\n\n\n\n<p><\/p>\n\n\n\n<p>Si necesitas conocer otros (PONER NEGOCIO, ej: asesor\u00eda legal, decoraci\u00f3n de eventos, instalaciones el\u00e9ctricas) puedes <strong><a href=\"\/\">visitar nuestra p\u00e1gina principal<\/a><\/strong>.<\/p>\n","protected":false},"excerpt":{"rendered":"<p>Si acaso est\u00e1s en la b\u00fasqueda de un sitio de confianza para entrenamiento canino en el \u00e1rea de Fuenlabrada, este centro se presenta como una alternativa destacada. Nuestra instalaci\u00f3n trabaja con canes de todas las edades y razas, usando t\u00e9cnicas amigables y efectivos. Adiestrador Canino Fuenlabrada Dentro de nuestros servicios m\u00e1s demandados est\u00e1n los entrenamiento [&hellip;]<\/p>\n","protected":false},"author":2,"featured_media":0,"parent":8292,"menu_order":0,"comment_status":"closed","ping_status":"closed","template":"","meta":{"_et_pb_use_builder":"","_et_pb_old_content":"","_et_gb_content_width":"","footnotes":""},"tags":[1178],"class_list":["post-10330","page","type-page","status-publish","hentry","tag-fuenlabrada"],"_links":{"self":[{"href":"https:\/\/www.adiestradorcanino.com\/webdelperro\/wp-json\/wp\/v2\/pages\/10330","targetHints":{"allow":["GET"]}}],"collection":[{"href":"https:\/\/www.adiestradorcanino.com\/webdelperro\/wp-json\/wp\/v2\/pages"}],"about":[{"href":"https:\/\/www.adiestradorcanino.com\/webdelperro\/wp-json\/wp\/v2\/types\/page"}],"author":[{"embeddable":true,"href":"https:\/\/www.adiestradorcanino.com\/webdelperro\/wp-json\/wp\/v2\/users\/2"}],"replies":[{"embeddable":true,"href":"https:\/\/www.adiestradorcanino.com\/webdelperro\/wp-json\/wp\/v2\/comments?post=10330"}],"version-history":[{"count":0,"href":"https:\/\/www.adiestradorcanino.com\/webdelperro\/wp-json\/wp\/v2\/pages\/10330\/revisions"}],"up":[{"embeddable":true,"href":"https:\/\/www.adiestradorcanino.com\/webdelperro\/wp-json\/wp\/v2\/pages\/8292"}],"wp:attachment":[{"href":"https:\/\/www.adiestradorcanino.com\/webdelperro\/wp-json\/wp\/v2\/media?parent=10330"}],"wp:term":[{"taxonomy":"post_tag","embeddable":true,"href":"https:\/\/www.adiestradorcanino.com\/webdelperro\/wp-json\/wp\/v2\/tags?post=10330"}],"curies":[{"name":"wp","href":"https:\/\/api.w.org\/{rel}","templated":true}]}}