{"id":10325,"date":"2025-07-09T08:19:03","date_gmt":"2025-07-09T08:19:03","guid":{"rendered":"https:\/\/www.adiestradorcanino.com\/webdelperro\/madrid\/san-sebastian-de-los-reyes\/adiestramiento-canino-actuarperro-adiestramiento-canino-profesional-en-san-sebastian-de-los-reyes-madrid\/"},"modified":"2025-07-09T08:19:03","modified_gmt":"2025-07-09T08:19:03","slug":"adiestramiento-canino-actuarperro-adiestramiento-canino-profesional-en-san-sebastian-de-los-reyes-madrid","status":"publish","type":"page","link":"https:\/\/www.adiestradorcanino.com\/webdelperro\/madrid\/san-sebastian-de-los-reyes\/adiestramiento-canino-actuarperro-adiestramiento-canino-profesional-en-san-sebastian-de-los-reyes-madrid\/","title":{"rendered":"Adiestramiento canino Actuarperro Adiestramiento Canino Profesional en San Sebasti\u00e1n De Los Reyes, Madrid"},"content":{"rendered":"\n<p>Si acaso te encuentras en la b\u00fasqueda un lugar seguro id\u00f3neo para adiestramiento de perros en el \u00e1rea de San Sebasti\u00e1n De Los Reyes,  Actuarperro Adiestramiento Canino Profesional representa una alternativa destacada. Nuestra instalaci\u00f3n se dedica en el entrenamiento de canes sin importar la raza o edad, siempre utilizando con respetuosos y efectivos.<\/p>\n\n\n\n<h2 class=\"wp-block-heading has-text-align-left nombreclinica\">Actuarperro Adiestramiento Canino Profesional<\/h2>\n\n\n\n<div class=\"wp-block-group is-layout-constrained wp-block-group-is-layout-constrained\">\n<div class=\"wp-block-columns nc-clase-ficha is-layout-flex wp-container-core-columns-is-layout-9d6595d7 wp-block-columns-is-layout-flex\">\n<div class=\"wp-block-column is-vertically-aligned-center is-layout-flow wp-block-column-is-layout-flow\">\n<figure class=\"wp-block-image size-full\"><img decoding=\"async\" src=\"https:\/\/www.adiestradorcanino.com\/webdelperro\/wp-content\/uploads\/2025\/07\/Actuarperro-Adiestramiento-Canino-Profesional.png\" alt=\"Actuarperro Adiestramiento Canino Profesional\" class=\"wp-image-19766\"\/><\/figure>\n\n\n\n<p>Dentro de los servicios m\u00e1s solicitados se encuentran la cursos de obediencia b\u00e1sica, la modificaci\u00f3n de comportamientos no deseados, la interacci\u00f3n con otros animales y las clases dirigidas a cachorros. Adem\u00e1s, en nuestro centro se adaptan a las necesidades concretas de cada familia y animal.<\/p>\n<\/div>\n\n\n\n<div class=\"wp-block-column is-vertically-aligned-center is-layout-flow wp-block-column-is-layout-flow\">\n<div class=\"su-service\"><div class=\"su-service-title\" style=\"padding-left:46px;min-height:32px;line-height:32px\"><i class=\"sui sui-user\" style=\"font-size:32px;color:#2471a3\"><\/i> <strong>Nombre<\/strong><\/div><div class=\"su-service-content su-u-clearfix su-u-trim\" style=\"padding-left:46px\">Actuarperro Adiestramiento Canino Profesional<\/div><\/div>\n\n\n\n<div class=\"su-service\"><div class=\"su-service-title\" style=\"padding-left:46px;min-height:32px;line-height:32px\"><i class=\"sui sui-map-marker\" style=\"font-size:32px;color:#2471a3\"><\/i> <strong>Direcci\u00f3n<\/strong><\/div><div class=\"su-service-content su-u-clearfix su-u-trim\" style=\"padding-left:46px\">Av. de Colmenar Viejo, 25, 28701 San Sebasti\u00e1n de los Reyes, Madrid<\/div><\/div>\n\n\n\n<div class=\"su-service\"><div class=\"su-service-title\" style=\"padding-left:46px;min-height:32px;line-height:32px\"><i class=\"sui sui-volume-control-phone\" style=\"font-size:32px;color:#2471a3\"><\/i> <strong>Tel\u00e9fono<\/strong><\/div><div class=\"su-service-content su-u-clearfix su-u-trim\" style=\"padding-left:46px\">611 15 58 29<\/div><\/div>\n\n\n\n<div class=\"su-service\"><div class=\"su-service-title\" style=\"padding-left:46px;min-height:32px;line-height:32px\"><i class=\"sui sui-globe\" style=\"font-size:32px;color:#2471a3\"><\/i> <strong>Sitio web<\/strong><\/div><div class=\"su-service-content su-u-clearfix su-u-trim\" style=\"padding-left:46px\"><\/div><\/div>\n\n\n\n<div class=\"su-service\"><div class=\"su-service-title\" style=\"padding-left:46px;min-height:32px;line-height:32px\"><i class=\"sui sui-star\" style=\"font-size:32px;color:#2471a3\"><\/i> Valoraci\u00f3n de los clientes<\/div><div class=\"su-service-content su-u-clearfix su-u-trim\" style=\"padding-left:46px\">5 \/ 5 (32)<\/div><\/div>\n<\/div>\n<\/div>\n<\/div>\n\n\n\n<div class=\"wp-block-columns is-layout-flex wp-container-core-columns-is-layout-9d6595d7 wp-block-columns-is-layout-flex\">\n<div class=\"wp-block-column mapa2 is-layout-flow wp-block-column-is-layout-flow\">\n<h2 class=\"wp-block-heading\">Ubicaci\u00f3n de Actuarperro Adiestramiento Canino Profesional<\/h2>\n\n\n\n<div class=\"su-gmap su-u-responsive-media-yes mapa\"><iframe loading=\"lazy\" width=\"600\" height=\"280\" src=\"\/\/maps.google.com\/maps?q=Actuarperro%20Adiestramiento%20Canino%20Profesional%2C%20Av.%20de%20Colmenar%20Viejo%2C%2025%2C%2028701%20San%20Sebasti%C3%A1n%20de%20los%20Reyes%2C%20Madrid&amp;output=embed&amp;z=20\" title=\"\"><\/iframe><\/div>\n\n\n\n<h2 class=\"wp-block-heading\">Horarios de Actuarperro Adiestramiento Canino Profesional<\/h2>\n\n\n\n<figure class=\"wp-block-table\"><table><tbody><tr><td><strong>Lunes<\/strong><\/td><td>lunes: 9:00\u201321:00<\/td><\/tr><tr><td><strong>Martes<\/strong><\/td><td>martes: 9:00\u201321:00<\/td><\/tr><tr><td><strong>Mi\u00e9rcoles<\/strong><\/td><td>mi\u00e9rcoles: 9:00\u201321:00<\/td><\/tr><tr><td><strong>Jueves<\/strong><\/td><td>jueves: 9:00\u201321:00<\/td><\/tr><tr><td><strong>Viernes<\/strong><\/td><td>viernes: 9:00\u201321:00<\/td><\/tr><tr><td><strong>S\u00e1bado<\/strong><\/td><td>s\u00e1bado: Cerrado<\/td><\/tr><tr><td><strong>Domingo<\/strong><\/td><td>domingo: Cerrado<\/td><\/tr><\/tbody><\/table><\/figure>\n\n\n\n<h2 class=\"wp-block-heading\">Tel\u00e9fono de Actuarperro Adiestramiento Canino Profesional<\/h2>\n\n\n\n<p>Si quieres comunicarte con <strong>Actuarperro Adiestramiento Canino Profesional<\/strong>, puedes hacerlo directamente llamando al siguiente n\u00famero:<\/p>\n\n\n\n<div class=\"wp-block-buttons is-content-justification-center is-layout-flex wp-container-core-buttons-is-layout-16018d1d wp-block-buttons-is-layout-flex\">\n<div class=\"wp-block-button is-style-fill\"><a class=\"wp-block-button__link has-background has-medium-font-size has-custom-font-size wp-element-button\" href=\"tel:611 15 58 29\" style=\"border-radius:6px;background-color:#2471a3\">Llamar ahora<\/a><\/div>\n<\/div>\n\n\n\n<h2 class=\"wp-block-heading\">M\u00e1s informaci\u00f3n<\/h2>\n\n\n\n<p>En el centro de adiestramiento canino Actuarperro, ubicado en Av. de Colmenar Viejo, 25, 28701 San Sebasti\u00e1n de los Reyes, Madrid, ofrecemos un enfoque integral para el adiestramiento de perros que se adapta a las necesidades de cada mascota y su familia. Nuestros servicios incluyen programas de obediencia, socializaci\u00f3n, modificaci\u00f3n de conducta y adiestramiento especializado, todo dise\u00f1ado para fomentar una relaci\u00f3n armoniosa entre el perro y su due\u00f1o. Nuestros adiestradores de perros en Madrid cuentan con una amplia experiencia y un enfoque profesional, brindando t\u00e9cnicas positivas y personalizadas que garantizan resultados visibles. Lo que nos diferencia de otros centros de adiestramiento canino en San Sebasti\u00e1n De Los Reyes es nuestra filosof\u00eda centrada en el bienestar del animal, utilizando m\u00e9todos positivos que promueven la confianza y la felicidad de tu mascota. En Actuarperro, estamos comprometidos a ayudarte a adiestrar perros de manera positiva, creando un entorno de aprendizaje amigable y enriquecedor.<\/p>\n\n\n\n<p>Ubicado en Av. de Colmenar Viejo, 25, 28701 San Sebasti\u00e1n de los Reyes, Madrid, el centro de adiestramiento canino en San Sebasti\u00e1n De Los Reyes es destacado por su atenci\u00f3n personal, profesionalidad y resultados visibles. Revisa las opiniones de otros due\u00f1os de mascotas para descubrir su opini\u00f3n.<\/p>\n<\/div>\n<\/div>\n\n\n\n<p><\/p>\n\n\n\n<p>Si necesitas conocer otros (PONER NEGOCIO, ej: asesor\u00eda legal, decoraci\u00f3n de eventos, instalaciones el\u00e9ctricas) puedes <strong><a href=\"\/\">visitar nuestra p\u00e1gina principal<\/a><\/strong>.<\/p>\n","protected":false},"excerpt":{"rendered":"<p>Si acaso te encuentras en la b\u00fasqueda un lugar seguro id\u00f3neo para adiestramiento de perros en el \u00e1rea de San Sebasti\u00e1n De Los Reyes, Actuarperro Adiestramiento Canino Profesional representa una alternativa destacada. Nuestra instalaci\u00f3n se dedica en el entrenamiento de canes sin importar la raza o edad, siempre utilizando con respetuosos y efectivos. Actuarperro Adiestramiento [&hellip;]<\/p>\n","protected":false},"author":2,"featured_media":0,"parent":8286,"menu_order":0,"comment_status":"closed","ping_status":"closed","template":"","meta":{"_et_pb_use_builder":"","_et_pb_old_content":"","_et_gb_content_width":"","footnotes":""},"tags":[1176],"class_list":["post-10325","page","type-page","status-publish","hentry","tag-san-sebastian-de-los-reyes"],"_links":{"self":[{"href":"https:\/\/www.adiestradorcanino.com\/webdelperro\/wp-json\/wp\/v2\/pages\/10325","targetHints":{"allow":["GET"]}}],"collection":[{"href":"https:\/\/www.adiestradorcanino.com\/webdelperro\/wp-json\/wp\/v2\/pages"}],"about":[{"href":"https:\/\/www.adiestradorcanino.com\/webdelperro\/wp-json\/wp\/v2\/types\/page"}],"author":[{"embeddable":true,"href":"https:\/\/www.adiestradorcanino.com\/webdelperro\/wp-json\/wp\/v2\/users\/2"}],"replies":[{"embeddable":true,"href":"https:\/\/www.adiestradorcanino.com\/webdelperro\/wp-json\/wp\/v2\/comments?post=10325"}],"version-history":[{"count":0,"href":"https:\/\/www.adiestradorcanino.com\/webdelperro\/wp-json\/wp\/v2\/pages\/10325\/revisions"}],"up":[{"embeddable":true,"href":"https:\/\/www.adiestradorcanino.com\/webdelperro\/wp-json\/wp\/v2\/pages\/8286"}],"wp:attachment":[{"href":"https:\/\/www.adiestradorcanino.com\/webdelperro\/wp-json\/wp\/v2\/media?parent=10325"}],"wp:term":[{"taxonomy":"post_tag","embeddable":true,"href":"https:\/\/www.adiestradorcanino.com\/webdelperro\/wp-json\/wp\/v2\/tags?post=10325"}],"curies":[{"name":"wp","href":"https:\/\/api.w.org\/{rel}","templated":true}]}}