{"id":10320,"date":"2025-07-09T08:18:29","date_gmt":"2025-07-09T08:18:29","guid":{"rendered":"https:\/\/www.adiestradorcanino.com\/webdelperro\/madrid\/pozuelo-de-alarcon\/adiestramiento-canino-magic-pets-educacion-natural-y-respetuosa-en-pozuelo-de-alarcon-madrid\/"},"modified":"2025-07-09T08:18:29","modified_gmt":"2025-07-09T08:18:29","slug":"adiestramiento-canino-magic-pets-educacion-natural-y-respetuosa-en-pozuelo-de-alarcon-madrid","status":"publish","type":"page","link":"https:\/\/www.adiestradorcanino.com\/webdelperro\/madrid\/pozuelo-de-alarcon\/adiestramiento-canino-magic-pets-educacion-natural-y-respetuosa-en-pozuelo-de-alarcon-madrid\/","title":{"rendered":"Adiestramiento canino Magic Pets, Educaci\u00f3n Natural Y Respetuosa en Pozuelo De Alarc\u00f3n, Madrid"},"content":{"rendered":"\n<p>Si te encuentras en la b\u00fasqueda un lugar de confianza id\u00f3neo para el adiestramiento canino dentro de Pozuelo De Alarc\u00f3n, nuestra instituci\u00f3n representa una alternativa destacada. Nuestra instalaci\u00f3n trabaja en el manejo de perros de cualquier edad y raza, siempre m\u00e9todos respetuosos y \u00fatiles.<\/p>\n\n\n\n<h2 class=\"wp-block-heading has-text-align-left nombreclinica\">Magic Pets, Educaci\u00f3n Natural Y Respetuosa<\/h2>\n\n\n\n<div class=\"wp-block-group is-layout-constrained wp-block-group-is-layout-constrained\">\n<div class=\"wp-block-columns nc-clase-ficha is-layout-flex wp-container-core-columns-is-layout-9d6595d7 wp-block-columns-is-layout-flex\">\n<div class=\"wp-block-column is-vertically-aligned-center is-layout-flow wp-block-column-is-layout-flow\">\n<figure class=\"wp-block-image size-full\"><img decoding=\"async\" src=\"https:\/\/www.adiestradorcanino.com\/webdelperro\/wp-content\/uploads\/2025\/07\/Magic-Pets-Educacion-Natural-Y-Respetuosa.png\" alt=\"Magic Pets, Educaci\u00f3n Natural Y Respetuosa\" class=\"wp-image-19766\"\/><\/figure>\n\n\n\n<p>Entre nuestros servicios m\u00e1s demandados se encuentran los obediencia b\u00e1sica, la modificaci\u00f3n de comportamientos no deseados, la interacci\u00f3n con otros animales y las clases espec\u00edficas para cachorros. Adem\u00e1s, en el centro se adaptan a las necesidades espec\u00edficas de cada hogar y su animal.<\/p>\n<\/div>\n\n\n\n<div class=\"wp-block-column is-vertically-aligned-center is-layout-flow wp-block-column-is-layout-flow\">\n<div class=\"su-service\"><div class=\"su-service-title\" style=\"padding-left:46px;min-height:32px;line-height:32px\"><i class=\"sui sui-user\" style=\"font-size:32px;color:#2471a3\"><\/i> <strong>Nombre<\/strong><\/div><div class=\"su-service-content su-u-clearfix su-u-trim\" style=\"padding-left:46px\">Magic Pets, Educaci\u00f3n Natural Y Respetuosa<\/div><\/div>\n\n\n\n<div class=\"su-service\"><div class=\"su-service-title\" style=\"padding-left:46px;min-height:32px;line-height:32px\"><i class=\"sui sui-map-marker\" style=\"font-size:32px;color:#2471a3\"><\/i> <strong>Direcci\u00f3n<\/strong><\/div><div class=\"su-service-content su-u-clearfix su-u-trim\" style=\"padding-left:46px\">V\u00eda de las Dos Castillas, 5, 28224 Pozuelo de Alarc\u00f3n, Madrid<\/div><\/div>\n\n\n\n<div class=\"su-service\"><div class=\"su-service-title\" style=\"padding-left:46px;min-height:32px;line-height:32px\"><i class=\"sui sui-volume-control-phone\" style=\"font-size:32px;color:#2471a3\"><\/i> <strong>Tel\u00e9fono<\/strong><\/div><div class=\"su-service-content su-u-clearfix su-u-trim\" style=\"padding-left:46px\">629 14 49 45<\/div><\/div>\n\n\n\n<div class=\"su-service\"><div class=\"su-service-title\" style=\"padding-left:46px;min-height:32px;line-height:32px\"><i class=\"sui sui-globe\" style=\"font-size:32px;color:#2471a3\"><\/i> <strong>Sitio web<\/strong><\/div><div class=\"su-service-content su-u-clearfix su-u-trim\" style=\"padding-left:46px\">http:\/\/www.magicpets.es\/<\/div><\/div>\n\n\n\n<div class=\"su-service\"><div class=\"su-service-title\" style=\"padding-left:46px;min-height:32px;line-height:32px\"><i class=\"sui sui-star\" style=\"font-size:32px;color:#2471a3\"><\/i> Valoraci\u00f3n de los clientes<\/div><div class=\"su-service-content su-u-clearfix su-u-trim\" style=\"padding-left:46px\">4.9 \/ 5 (35)<\/div><\/div>\n<\/div>\n<\/div>\n<\/div>\n\n\n\n<div class=\"wp-block-columns is-layout-flex wp-container-core-columns-is-layout-9d6595d7 wp-block-columns-is-layout-flex\">\n<div class=\"wp-block-column mapa2 is-layout-flow wp-block-column-is-layout-flow\">\n<h2 class=\"wp-block-heading\">Ubicaci\u00f3n de Magic Pets, Educaci\u00f3n Natural Y Respetuosa<\/h2>\n\n\n\n<div class=\"su-gmap su-u-responsive-media-yes mapa\"><iframe loading=\"lazy\" width=\"600\" height=\"280\" src=\"\/\/maps.google.com\/maps?q=Magic%20Pets%2C%20Educaci%C3%B3n%20Natural%20Y%20Respetuosa%2C%20V%C3%ADa%20de%20las%20Dos%20Castillas%2C%205%2C%2028224%20Pozuelo%20de%20Alarc%C3%B3n%2C%20Madrid&amp;output=embed&amp;z=20\" title=\"\"><\/iframe><\/div>\n\n\n\n<h2 class=\"wp-block-heading\">Horarios de Magic Pets, Educaci\u00f3n Natural Y Respetuosa<\/h2>\n\n\n\n<figure class=\"wp-block-table\"><table><tbody><tr><td><strong>Lunes<\/strong><\/td><td>lunes: 10:00\u201320:00<\/td><\/tr><tr><td><strong>Martes<\/strong><\/td><td>martes: 10:00\u201320:00<\/td><\/tr><tr><td><strong>Mi\u00e9rcoles<\/strong><\/td><td>mi\u00e9rcoles: 10:00\u201320:00<\/td><\/tr><tr><td><strong>Jueves<\/strong><\/td><td>jueves: 10:00\u201320:00<\/td><\/tr><tr><td><strong>Viernes<\/strong><\/td><td>viernes: 10:00\u201320:00<\/td><\/tr><tr><td><strong>S\u00e1bado<\/strong><\/td><td>s\u00e1bado: 10:00\u201320:00<\/td><\/tr><tr><td><strong>Domingo<\/strong><\/td><td>domingo: 10:00\u201314:00<\/td><\/tr><\/tbody><\/table><\/figure>\n\n\n\n<h2 class=\"wp-block-heading\">Tel\u00e9fono de Magic Pets, Educaci\u00f3n Natural Y Respetuosa<\/h2>\n\n\n\n<p>Si quieres comunicarte con <strong>Magic Pets, Educaci\u00f3n Natural Y Respetuosa<\/strong>, puedes hacerlo directamente llamando al siguiente n\u00famero:<\/p>\n\n\n\n<div class=\"wp-block-buttons is-content-justification-center is-layout-flex wp-container-core-buttons-is-layout-16018d1d wp-block-buttons-is-layout-flex\">\n<div class=\"wp-block-button is-style-fill\"><a class=\"wp-block-button__link has-background has-medium-font-size has-custom-font-size wp-element-button\" href=\"tel:629 14 49 45\" style=\"border-radius:6px;background-color:#2471a3\">Llamar ahora<\/a><\/div>\n<\/div>\n\n\n\n<h2 class=\"wp-block-heading\">M\u00e1s informaci\u00f3n<\/h2>\n\n\n\n<p>En el centro de adiestramiento canino Magic Pets, ubicado en V\u00eda de las Dos Castillas, 5, 28224 Pozuelo de Alarc\u00f3n, Madrid, ofrecemos un enfoque de Educaci\u00f3n Natural y Respetuosa que transforma la relaci\u00f3n entre t\u00fa y tu perro. Nuestro equipo de adiestradores de perros en Madrid se especializa en adiestramiento canino en Pozuelo de Alarc\u00f3n, brindando servicios como obediencia b\u00e1sica, socializaci\u00f3n y modificaci\u00f3n de conducta, adaptados a las necesidades individuales de cada mascota. Lo que nos distingue de otros centros es nuestra filosof\u00eda centrada en el bienestar animal, donde promovemos t\u00e9cnicas positivas que fomentan la confianza y el respeto mutuo. Ya sea que busques adiestrar perros para mejorar su comportamiento en casa o en p\u00fablico, en Magic Pets encontrar\u00e1s un ambiente c\u00e1lido y profesional que garantiza resultados efectivos y duraderos.<\/p>\n\n\n\n<p>Localizado en V\u00eda de las Dos Castillas, 5, 28224 Pozuelo de Alarc\u00f3n, Madrid, este centro de adiestramiento canino en Pozuelo De Alarc\u00f3n ha sido destacado por su atenci\u00f3n personal, expertise y logros visibles. Revisa las rese\u00f1as de otros clientes para entender su experiencia.<\/p>\n<\/div>\n<\/div>\n\n\n\n<p><\/p>\n\n\n\n<p>Si necesitas conocer otros (PONER NEGOCIO, ej: asesor\u00eda legal, decoraci\u00f3n de eventos, instalaciones el\u00e9ctricas) puedes <strong><a href=\"\/\">visitar nuestra p\u00e1gina principal<\/a><\/strong>.<\/p>\n","protected":false},"excerpt":{"rendered":"<p>Si te encuentras en la b\u00fasqueda un lugar de confianza id\u00f3neo para el adiestramiento canino dentro de Pozuelo De Alarc\u00f3n, nuestra instituci\u00f3n representa una alternativa destacada. Nuestra instalaci\u00f3n trabaja en el manejo de perros de cualquier edad y raza, siempre m\u00e9todos respetuosos y \u00fatiles. Magic Pets, Educaci\u00f3n Natural Y Respetuosa Entre nuestros servicios m\u00e1s demandados [&hellip;]<\/p>\n","protected":false},"author":2,"featured_media":0,"parent":8277,"menu_order":0,"comment_status":"closed","ping_status":"closed","template":"","meta":{"_et_pb_use_builder":"","_et_pb_old_content":"","_et_gb_content_width":"","footnotes":""},"tags":[1173],"class_list":["post-10320","page","type-page","status-publish","hentry","tag-pozuelo-de-alarcon"],"_links":{"self":[{"href":"https:\/\/www.adiestradorcanino.com\/webdelperro\/wp-json\/wp\/v2\/pages\/10320","targetHints":{"allow":["GET"]}}],"collection":[{"href":"https:\/\/www.adiestradorcanino.com\/webdelperro\/wp-json\/wp\/v2\/pages"}],"about":[{"href":"https:\/\/www.adiestradorcanino.com\/webdelperro\/wp-json\/wp\/v2\/types\/page"}],"author":[{"embeddable":true,"href":"https:\/\/www.adiestradorcanino.com\/webdelperro\/wp-json\/wp\/v2\/users\/2"}],"replies":[{"embeddable":true,"href":"https:\/\/www.adiestradorcanino.com\/webdelperro\/wp-json\/wp\/v2\/comments?post=10320"}],"version-history":[{"count":0,"href":"https:\/\/www.adiestradorcanino.com\/webdelperro\/wp-json\/wp\/v2\/pages\/10320\/revisions"}],"up":[{"embeddable":true,"href":"https:\/\/www.adiestradorcanino.com\/webdelperro\/wp-json\/wp\/v2\/pages\/8277"}],"wp:attachment":[{"href":"https:\/\/www.adiestradorcanino.com\/webdelperro\/wp-json\/wp\/v2\/media?parent=10320"}],"wp:term":[{"taxonomy":"post_tag","embeddable":true,"href":"https:\/\/www.adiestradorcanino.com\/webdelperro\/wp-json\/wp\/v2\/tags?post=10320"}],"curies":[{"name":"wp","href":"https:\/\/api.w.org\/{rel}","templated":true}]}}