{"id":10314,"date":"2025-07-09T08:17:46","date_gmt":"2025-07-09T08:17:46","guid":{"rendered":"https:\/\/www.adiestradorcanino.com\/webdelperro\/madrid\/pozuelo-de-alarcon\/adiestramiento-canino-dogmadrid-guarderia-y-educacion-canina-en-pozuelo-de-alarcon-madrid\/"},"modified":"2025-07-09T08:17:46","modified_gmt":"2025-07-09T08:17:46","slug":"adiestramiento-canino-dogmadrid-guarderia-y-educacion-canina-en-pozuelo-de-alarcon-madrid","status":"publish","type":"page","link":"https:\/\/www.adiestradorcanino.com\/webdelperro\/madrid\/pozuelo-de-alarcon\/adiestramiento-canino-dogmadrid-guarderia-y-educacion-canina-en-pozuelo-de-alarcon-madrid\/","title":{"rendered":"Adiestramiento canino Dogmadrid Guarder\u00eda Y Educaci\u00f3n Canina en Pozuelo De Alarc\u00f3n, Madrid"},"content":{"rendered":"\n<p>Si buscas en la b\u00fasqueda de un espacio confiable id\u00f3neo para adiestramiento de perros dentro de Pozuelo De Alarc\u00f3n, este centro representa una alternativa destacada. Este centro se especializa en el entrenamiento de canes de cualquier edad y raza, siempre t\u00e9cnicas \u00e9ticos y tambi\u00e9n \u00fatiles.<\/p>\n\n\n\n<h2 class=\"wp-block-heading has-text-align-left nombreclinica\">Dogmadrid Guarder\u00eda Y Educaci\u00f3n Canina<\/h2>\n\n\n\n<div class=\"wp-block-group is-layout-constrained wp-block-group-is-layout-constrained\">\n<div class=\"wp-block-columns nc-clase-ficha is-layout-flex wp-container-core-columns-is-layout-9d6595d7 wp-block-columns-is-layout-flex\">\n<div class=\"wp-block-column is-vertically-aligned-center is-layout-flow wp-block-column-is-layout-flow\">\n<figure class=\"wp-block-image size-full\"><img decoding=\"async\" src=\"https:\/\/www.adiestradorcanino.com\/webdelperro\/wp-content\/uploads\/2025\/07\/Dogmadrid-Guarderia-Y-Educacion-Canina.jpg\" alt=\"Dogmadrid Guarder\u00eda Y Educaci\u00f3n Canina\" class=\"wp-image-19766\"\/><\/figure>\n\n\n\n<p>Entre los tratamientos m\u00e1s demandados se encuentran la cursos de obediencia b\u00e1sica, la correcci\u00f3n de conductas inapropiadas, la interacci\u00f3n con otros animales y las clases espec\u00edficas para cachorros. Adem\u00e1s, en nuestro centro se adaptan a las necesidades espec\u00edficas de cada familia y animal.<\/p>\n<\/div>\n\n\n\n<div class=\"wp-block-column is-vertically-aligned-center is-layout-flow wp-block-column-is-layout-flow\">\n<div class=\"su-service\"><div class=\"su-service-title\" style=\"padding-left:46px;min-height:32px;line-height:32px\"><i class=\"sui sui-user\" style=\"font-size:32px;color:#2471a3\"><\/i> <strong>Nombre<\/strong><\/div><div class=\"su-service-content su-u-clearfix su-u-trim\" style=\"padding-left:46px\">Dogmadrid Guarder\u00eda Y Educaci\u00f3n Canina<\/div><\/div>\n\n\n\n<div class=\"su-service\"><div class=\"su-service-title\" style=\"padding-left:46px;min-height:32px;line-height:32px\"><i class=\"sui sui-map-marker\" style=\"font-size:32px;color:#2471a3\"><\/i> <strong>Direcci\u00f3n<\/strong><\/div><div class=\"su-service-content su-u-clearfix su-u-trim\" style=\"padding-left:46px\">C. Campomanes, 53, 28223 Pozuelo de Alarc\u00f3n, Madrid<\/div><\/div>\n\n\n\n<div class=\"su-service\"><div class=\"su-service-title\" style=\"padding-left:46px;min-height:32px;line-height:32px\"><i class=\"sui sui-volume-control-phone\" style=\"font-size:32px;color:#2471a3\"><\/i> <strong>Tel\u00e9fono<\/strong><\/div><div class=\"su-service-content su-u-clearfix su-u-trim\" style=\"padding-left:46px\">641 17 80 66<\/div><\/div>\n\n\n\n<div class=\"su-service\"><div class=\"su-service-title\" style=\"padding-left:46px;min-height:32px;line-height:32px\"><i class=\"sui sui-globe\" style=\"font-size:32px;color:#2471a3\"><\/i> <strong>Sitio web<\/strong><\/div><div class=\"su-service-content su-u-clearfix su-u-trim\" style=\"padding-left:46px\">https:\/\/www.dogmadrid.es\/<\/div><\/div>\n\n\n\n<div class=\"su-service\"><div class=\"su-service-title\" style=\"padding-left:46px;min-height:32px;line-height:32px\"><i class=\"sui sui-star\" style=\"font-size:32px;color:#2471a3\"><\/i> Valoraci\u00f3n de los clientes<\/div><div class=\"su-service-content su-u-clearfix su-u-trim\" style=\"padding-left:46px\">4.8 \/ 5 (94)<\/div><\/div>\n<\/div>\n<\/div>\n<\/div>\n\n\n\n<div class=\"wp-block-columns is-layout-flex wp-container-core-columns-is-layout-9d6595d7 wp-block-columns-is-layout-flex\">\n<div class=\"wp-block-column mapa2 is-layout-flow wp-block-column-is-layout-flow\">\n<h2 class=\"wp-block-heading\">Ubicaci\u00f3n de Dogmadrid Guarder\u00eda Y Educaci\u00f3n Canina<\/h2>\n\n\n\n<div class=\"su-gmap su-u-responsive-media-yes mapa\"><iframe loading=\"lazy\" width=\"600\" height=\"280\" src=\"\/\/maps.google.com\/maps?q=Dogmadrid%20Guarder%C3%ADa%20Y%20Educaci%C3%B3n%20Canina%2C%20C.%20Campomanes%2C%2053%2C%2028223%20Pozuelo%20de%20Alarc%C3%B3n%2C%20Madrid&amp;output=embed&amp;z=20\" title=\"\"><\/iframe><\/div>\n\n\n\n<h2 class=\"wp-block-heading\">Horarios de Dogmadrid Guarder\u00eda Y Educaci\u00f3n Canina<\/h2>\n\n\n\n<figure class=\"wp-block-table\"><table><tbody><tr><td><strong>Lunes<\/strong><\/td><td>lunes: 8:00\u201320:00<\/td><\/tr><tr><td><strong>Martes<\/strong><\/td><td>martes: 8:00\u201320:00<\/td><\/tr><tr><td><strong>Mi\u00e9rcoles<\/strong><\/td><td>mi\u00e9rcoles: 8:00\u201320:00<\/td><\/tr><tr><td><strong>Jueves<\/strong><\/td><td>jueves: 8:00\u201320:00<\/td><\/tr><tr><td><strong>Viernes<\/strong><\/td><td>viernes: 8:00\u201319:00<\/td><\/tr><tr><td><strong>S\u00e1bado<\/strong><\/td><td>s\u00e1bado: 10:00\u201314:00<\/td><\/tr><tr><td><strong>Domingo<\/strong><\/td><td>domingo: Cerrado<\/td><\/tr><\/tbody><\/table><\/figure>\n\n\n\n<h2 class=\"wp-block-heading\">Tel\u00e9fono de Dogmadrid Guarder\u00eda Y Educaci\u00f3n Canina<\/h2>\n\n\n\n<p>Si quieres comunicarte con <strong>Dogmadrid Guarder\u00eda Y Educaci\u00f3n Canina<\/strong>, puedes hacerlo directamente llamando al siguiente n\u00famero:<\/p>\n\n\n\n<div class=\"wp-block-buttons is-content-justification-center is-layout-flex wp-container-core-buttons-is-layout-16018d1d wp-block-buttons-is-layout-flex\">\n<div class=\"wp-block-button is-style-fill\"><a class=\"wp-block-button__link has-background has-medium-font-size has-custom-font-size wp-element-button\" href=\"tel:641 17 80 66\" style=\"border-radius:6px;background-color:#2471a3\">Llamar ahora<\/a><\/div>\n<\/div>\n\n\n\n<h2 class=\"wp-block-heading\">M\u00e1s informaci\u00f3n<\/h2>\n\n\n\n<p>En el coraz\u00f3n de Pozuelo de Alarc\u00f3n, en C. Campomanes, 53, se encuentra Dogmadrid Guarder\u00eda y Educaci\u00f3n Canina, un centro de adiestramiento canino en Pozuelo de Alarc\u00f3n que se destaca por su enfoque integral y personalizado en la educaci\u00f3n de perros. Ofrecemos servicios de adiestramiento que abarcan obediencia b\u00e1sica y avanzada, socializaci\u00f3n, modificaci\u00f3n de conducta y entrenamiento espec\u00edfico para resolver problemas de comportamiento. Nuestro equipo de adiestradores de perros en Madrid est\u00e1 compuesto por profesionales altamente cualificados que utilizan m\u00e9todos positivos y respetuosos, garantizando as\u00ed una experiencia enriquecedora tanto para los caninos como para sus due\u00f1os. En Dogmadrid, entendemos que cada perro es \u00fanico, por lo que adaptamos nuestros programas a las necesidades individuales de cada mascota, asegurando un aprendizaje efectivo y duradero. Si buscas un lugar donde adiestrar perros con un enfoque profesional y cercano, Dogmadrid es la opci\u00f3n ideal para ti y tu compa\u00f1ero peludo.<\/p>\n\n\n\n<p>Ubicado en C. Campomanes, 53, 28223 Pozuelo de Alarc\u00f3n, Madrid, este centro de adiestramiento canino en Pozuelo De Alarc\u00f3n ha sido famoso por su trato cercano, seriedad y logros notables. Mira las valoraciones de otros usuarios para descubrir su opini\u00f3n.<\/p>\n<\/div>\n<\/div>\n\n\n\n<p><\/p>\n\n\n\n<p>Si necesitas conocer otros (PONER NEGOCIO, ej: asesor\u00eda legal, decoraci\u00f3n de eventos, instalaciones el\u00e9ctricas) puedes <strong><a href=\"\/\">visitar nuestra p\u00e1gina principal<\/a><\/strong>.<\/p>\n","protected":false},"excerpt":{"rendered":"<p>Si buscas en la b\u00fasqueda de un espacio confiable id\u00f3neo para adiestramiento de perros dentro de Pozuelo De Alarc\u00f3n, este centro representa una alternativa destacada. Este centro se especializa en el entrenamiento de canes de cualquier edad y raza, siempre t\u00e9cnicas \u00e9ticos y tambi\u00e9n \u00fatiles. Dogmadrid Guarder\u00eda Y Educaci\u00f3n Canina Entre los tratamientos m\u00e1s demandados [&hellip;]<\/p>\n","protected":false},"author":2,"featured_media":0,"parent":8277,"menu_order":0,"comment_status":"closed","ping_status":"closed","template":"","meta":{"_et_pb_use_builder":"","_et_pb_old_content":"","_et_gb_content_width":"","footnotes":""},"tags":[1173],"class_list":["post-10314","page","type-page","status-publish","hentry","tag-pozuelo-de-alarcon"],"_links":{"self":[{"href":"https:\/\/www.adiestradorcanino.com\/webdelperro\/wp-json\/wp\/v2\/pages\/10314","targetHints":{"allow":["GET"]}}],"collection":[{"href":"https:\/\/www.adiestradorcanino.com\/webdelperro\/wp-json\/wp\/v2\/pages"}],"about":[{"href":"https:\/\/www.adiestradorcanino.com\/webdelperro\/wp-json\/wp\/v2\/types\/page"}],"author":[{"embeddable":true,"href":"https:\/\/www.adiestradorcanino.com\/webdelperro\/wp-json\/wp\/v2\/users\/2"}],"replies":[{"embeddable":true,"href":"https:\/\/www.adiestradorcanino.com\/webdelperro\/wp-json\/wp\/v2\/comments?post=10314"}],"version-history":[{"count":0,"href":"https:\/\/www.adiestradorcanino.com\/webdelperro\/wp-json\/wp\/v2\/pages\/10314\/revisions"}],"up":[{"embeddable":true,"href":"https:\/\/www.adiestradorcanino.com\/webdelperro\/wp-json\/wp\/v2\/pages\/8277"}],"wp:attachment":[{"href":"https:\/\/www.adiestradorcanino.com\/webdelperro\/wp-json\/wp\/v2\/media?parent=10314"}],"wp:term":[{"taxonomy":"post_tag","embeddable":true,"href":"https:\/\/www.adiestradorcanino.com\/webdelperro\/wp-json\/wp\/v2\/tags?post=10314"}],"curies":[{"name":"wp","href":"https:\/\/api.w.org\/{rel}","templated":true}]}}