{"id":10295,"date":"2025-07-09T08:15:38","date_gmt":"2025-07-09T08:15:38","guid":{"rendered":"https:\/\/www.adiestradorcanino.com\/webdelperro\/madrid\/leganes\/adiestramiento-canino-roma-adiestramiento-en-leganes-madrid\/"},"modified":"2025-07-09T08:15:38","modified_gmt":"2025-07-09T08:15:38","slug":"adiestramiento-canino-roma-adiestramiento-en-leganes-madrid","status":"publish","type":"page","link":"https:\/\/www.adiestradorcanino.com\/webdelperro\/madrid\/leganes\/adiestramiento-canino-roma-adiestramiento-en-leganes-madrid\/","title":{"rendered":"Adiestramiento canino Roma Adiestramiento en Legan\u00e9s, Madrid"},"content":{"rendered":"\n<p>Si acaso buscas en la b\u00fasqueda un lugar de confianza para adiestramiento de perros en Legan\u00e9s, este centro representa una alternativa destacada. Este centro se dedica con perros sin importar la raza o edad, siempre m\u00e9todos \u00e9ticos adem\u00e1s de \u00fatiles.<\/p>\n\n\n\n<h2 class=\"wp-block-heading has-text-align-left nombreclinica\">Roma Adiestramiento<\/h2>\n\n\n\n<div class=\"wp-block-group is-layout-constrained wp-block-group-is-layout-constrained\">\n<div class=\"wp-block-columns nc-clase-ficha is-layout-flex wp-container-core-columns-is-layout-9d6595d7 wp-block-columns-is-layout-flex\">\n<div class=\"wp-block-column is-vertically-aligned-center is-layout-flow wp-block-column-is-layout-flow\">\n<figure class=\"wp-block-image size-full\"><img decoding=\"async\" src=\"https:\/\/www.adiestradorcanino.com\/webdelperro\/wp-content\/uploads\/2025\/07\/Roma-Adiestramiento.png\" alt=\"Roma Adiestramiento\" class=\"wp-image-19766\"\/><\/figure>\n\n\n\n<p>Entre los tratamientos m\u00e1s demandados se encuentran los entrenamiento de obediencia, la correcci\u00f3n de conductas no deseadas, la interacci\u00f3n con otros animales y las clases dirigidas a cachorros. Asimismo, en nuestro centro nos adaptamos a las necesidades concretas de cada hogar y su animal.<\/p>\n<\/div>\n\n\n\n<div class=\"wp-block-column is-vertically-aligned-center is-layout-flow wp-block-column-is-layout-flow\">\n<div class=\"su-service\"><div class=\"su-service-title\" style=\"padding-left:46px;min-height:32px;line-height:32px\"><i class=\"sui sui-user\" style=\"font-size:32px;color:#2471a3\"><\/i> <strong>Nombre<\/strong><\/div><div class=\"su-service-content su-u-clearfix su-u-trim\" style=\"padding-left:46px\">Roma Adiestramiento<\/div><\/div>\n\n\n\n<div class=\"su-service\"><div class=\"su-service-title\" style=\"padding-left:46px;min-height:32px;line-height:32px\"><i class=\"sui sui-map-marker\" style=\"font-size:32px;color:#2471a3\"><\/i> <strong>Direcci\u00f3n<\/strong><\/div><div class=\"su-service-content su-u-clearfix su-u-trim\" style=\"padding-left:46px\">Av. del Dos de Mayo, 28912 Legan\u00e9s, Madrid<\/div><\/div>\n\n\n\n<div class=\"su-service\"><div class=\"su-service-title\" style=\"padding-left:46px;min-height:32px;line-height:32px\"><i class=\"sui sui-volume-control-phone\" style=\"font-size:32px;color:#2471a3\"><\/i> <strong>Tel\u00e9fono<\/strong><\/div><div class=\"su-service-content su-u-clearfix su-u-trim\" style=\"padding-left:46px\">655 59 36 70<\/div><\/div>\n\n\n\n<div class=\"su-service\"><div class=\"su-service-title\" style=\"padding-left:46px;min-height:32px;line-height:32px\"><i class=\"sui sui-globe\" style=\"font-size:32px;color:#2471a3\"><\/i> <strong>Sitio web<\/strong><\/div><div class=\"su-service-content su-u-clearfix su-u-trim\" style=\"padding-left:46px\">https:\/\/www.romaadiestramiento.com\/<\/div><\/div>\n\n\n\n<div class=\"su-service\"><div class=\"su-service-title\" style=\"padding-left:46px;min-height:32px;line-height:32px\"><i class=\"sui sui-star\" style=\"font-size:32px;color:#2471a3\"><\/i> Valoraci\u00f3n de los clientes<\/div><div class=\"su-service-content su-u-clearfix su-u-trim\" style=\"padding-left:46px\">5 \/ 5 (165)<\/div><\/div>\n<\/div>\n<\/div>\n<\/div>\n\n\n\n<div class=\"wp-block-columns is-layout-flex wp-container-core-columns-is-layout-9d6595d7 wp-block-columns-is-layout-flex\">\n<div class=\"wp-block-column mapa2 is-layout-flow wp-block-column-is-layout-flow\">\n<h2 class=\"wp-block-heading\">Ubicaci\u00f3n de Roma Adiestramiento<\/h2>\n\n\n\n<div class=\"su-gmap su-u-responsive-media-yes mapa\"><iframe loading=\"lazy\" width=\"600\" height=\"280\" src=\"\/\/maps.google.com\/maps?q=Roma%20Adiestramiento%2C%20Av.%20del%20Dos%20de%20Mayo%2C%2028912%20Legan%C3%A9s%2C%20Madrid&amp;output=embed&amp;z=20\" title=\"\"><\/iframe><\/div>\n\n\n\n<h2 class=\"wp-block-heading\">Horarios de Roma Adiestramiento<\/h2>\n\n\n\n<figure class=\"wp-block-table\"><table><tbody><tr><td><strong>Lunes<\/strong><\/td><td>lunes: 8:30\u201321:00<\/td><\/tr><tr><td><strong>Martes<\/strong><\/td><td>martes: 8:30\u201321:00<\/td><\/tr><tr><td><strong>Mi\u00e9rcoles<\/strong><\/td><td>mi\u00e9rcoles: 8:30\u201321:00<\/td><\/tr><tr><td><strong>Jueves<\/strong><\/td><td>jueves: 8:30\u201321:00<\/td><\/tr><tr><td><strong>Viernes<\/strong><\/td><td>viernes: 8:30\u201321:00<\/td><\/tr><tr><td><strong>S\u00e1bado<\/strong><\/td><td>s\u00e1bado: 8:30\u201321:00<\/td><\/tr><tr><td><strong>Domingo<\/strong><\/td><td>domingo: 10:00\u201313:00<\/td><\/tr><\/tbody><\/table><\/figure>\n\n\n\n<h2 class=\"wp-block-heading\">Tel\u00e9fono de Roma Adiestramiento<\/h2>\n\n\n\n<p>Si quieres comunicarte con <strong>Roma Adiestramiento<\/strong>, puedes hacerlo directamente llamando al siguiente n\u00famero:<\/p>\n\n\n\n<div class=\"wp-block-buttons is-content-justification-center is-layout-flex wp-container-core-buttons-is-layout-16018d1d wp-block-buttons-is-layout-flex\">\n<div class=\"wp-block-button is-style-fill\"><a class=\"wp-block-button__link has-background has-medium-font-size has-custom-font-size wp-element-button\" href=\"tel:655 59 36 70\" style=\"border-radius:6px;background-color:#2471a3\">Llamar ahora<\/a><\/div>\n<\/div>\n\n\n\n<h2 class=\"wp-block-heading\">M\u00e1s informaci\u00f3n<\/h2>\n\n\n\n<p>En el centro de adiestramiento canino Roma Adiestramiento, ubicado en Av. del Dos de Mayo, 28912 Legan\u00e9s, Madrid, ofrecemos un enfoque integral para adiestrar perros que combina obediencia, socializaci\u00f3n y modificaci\u00f3n de conducta, adapt\u00e1ndonos a las necesidades espec\u00edficas de cada mascota y su propietario. Nuestro equipo de adiestradores de perros en Madrid est\u00e1 altamente cualificado y utiliza t\u00e9cnicas basadas en el refuerzo positivo, lo que garantiza un aprendizaje efectivo y ameno. Lo que nos diferencia de otros centros de adiestramiento canino en Legan\u00e9s es nuestra atenci\u00f3n personalizada y el compromiso con el bienestar del perro, creando un ambiente seguro y estimulante que fomenta el desarrollo de habilidades y la construcci\u00f3n de un v\u00ednculo s\u00f3lido entre el due\u00f1o y su mascota. Si buscas un servicio de calidad para educar a tu perro, en Roma Adiestramiento encontrar\u00e1s la soluci\u00f3n perfecta para transformar su comportamiento y mejorar su calidad de vida.<\/p>\n\n\n\n<p>Ubicado en Av. del Dos de Mayo, 28912 Legan\u00e9s, Madrid, este centro de adiestramiento canino en Legan\u00e9s se considera famoso por su trato cercano, profesionalidad y resultados evidentes. Consulta las rese\u00f1as de otros clientes para conocer su opini\u00f3n.<\/p>\n<\/div>\n<\/div>\n\n\n\n<p><\/p>\n\n\n\n<p>Si necesitas conocer otros (PONER NEGOCIO, ej: asesor\u00eda legal, decoraci\u00f3n de eventos, instalaciones el\u00e9ctricas) puedes <strong><a href=\"\/\">visitar nuestra p\u00e1gina principal<\/a><\/strong>.<\/p>\n","protected":false},"excerpt":{"rendered":"<p>Si acaso buscas en la b\u00fasqueda un lugar de confianza para adiestramiento de perros en Legan\u00e9s, este centro representa una alternativa destacada. Este centro se dedica con perros sin importar la raza o edad, siempre m\u00e9todos \u00e9ticos adem\u00e1s de \u00fatiles. Roma Adiestramiento Entre los tratamientos m\u00e1s demandados se encuentran los entrenamiento de obediencia, la correcci\u00f3n [&hellip;]<\/p>\n","protected":false},"author":2,"featured_media":0,"parent":8271,"menu_order":0,"comment_status":"closed","ping_status":"closed","template":"","meta":{"_et_pb_use_builder":"","_et_pb_old_content":"","_et_gb_content_width":"","footnotes":""},"tags":[958],"class_list":["post-10295","page","type-page","status-publish","hentry","tag-leganes"],"_links":{"self":[{"href":"https:\/\/www.adiestradorcanino.com\/webdelperro\/wp-json\/wp\/v2\/pages\/10295","targetHints":{"allow":["GET"]}}],"collection":[{"href":"https:\/\/www.adiestradorcanino.com\/webdelperro\/wp-json\/wp\/v2\/pages"}],"about":[{"href":"https:\/\/www.adiestradorcanino.com\/webdelperro\/wp-json\/wp\/v2\/types\/page"}],"author":[{"embeddable":true,"href":"https:\/\/www.adiestradorcanino.com\/webdelperro\/wp-json\/wp\/v2\/users\/2"}],"replies":[{"embeddable":true,"href":"https:\/\/www.adiestradorcanino.com\/webdelperro\/wp-json\/wp\/v2\/comments?post=10295"}],"version-history":[{"count":0,"href":"https:\/\/www.adiestradorcanino.com\/webdelperro\/wp-json\/wp\/v2\/pages\/10295\/revisions"}],"up":[{"embeddable":true,"href":"https:\/\/www.adiestradorcanino.com\/webdelperro\/wp-json\/wp\/v2\/pages\/8271"}],"wp:attachment":[{"href":"https:\/\/www.adiestradorcanino.com\/webdelperro\/wp-json\/wp\/v2\/media?parent=10295"}],"wp:term":[{"taxonomy":"post_tag","embeddable":true,"href":"https:\/\/www.adiestradorcanino.com\/webdelperro\/wp-json\/wp\/v2\/tags?post=10295"}],"curies":[{"name":"wp","href":"https:\/\/api.w.org\/{rel}","templated":true}]}}