{"id":10275,"date":"2025-07-09T08:13:33","date_gmt":"2025-07-09T08:13:33","guid":{"rendered":"https:\/\/www.adiestradorcanino.com\/webdelperro\/lugo\/lugo\/adiestramiento-canino-centro-adiestramiento-canino-inuk9-en-lugo-lugo\/"},"modified":"2025-07-09T08:13:33","modified_gmt":"2025-07-09T08:13:33","slug":"adiestramiento-canino-centro-adiestramiento-canino-inuk9-en-lugo-lugo","status":"publish","type":"page","link":"https:\/\/www.adiestradorcanino.com\/webdelperro\/lugo\/lugo\/adiestramiento-canino-centro-adiestramiento-canino-inuk9-en-lugo-lugo\/","title":{"rendered":"Adiestramiento canino Centro Adiestramiento Canino Inuk9 en Lugo, Lugo"},"content":{"rendered":"\n<p>Si acaso est\u00e1s en la b\u00fasqueda de un espacio seguro para entrenamiento canino en el \u00e1rea de Lugo, nuestra instituci\u00f3n representa una alternativa destacada. Nuestra instalaci\u00f3n se especializa en el entrenamiento de mascotas de cualquier edad y raza, usando con respetuosos adem\u00e1s de efectivos.<\/p>\n\n\n\n<h2 class=\"wp-block-heading has-text-align-left nombreclinica\">Centro Adiestramiento Canino Inuk9<\/h2>\n\n\n\n<div class=\"wp-block-group is-layout-constrained wp-block-group-is-layout-constrained\">\n<div class=\"wp-block-columns nc-clase-ficha is-layout-flex wp-container-core-columns-is-layout-9d6595d7 wp-block-columns-is-layout-flex\">\n<div class=\"wp-block-column is-vertically-aligned-center is-layout-flow wp-block-column-is-layout-flow\">\n<figure class=\"wp-block-image size-full\"><img decoding=\"async\" src=\"https:\/\/www.adiestradorcanino.com\/webdelperro\/wp-content\/uploads\/2025\/07\/Centro-Adiestramiento-Canino-Inuk9.jpg\" alt=\"Centro Adiestramiento Canino Inuk9\" class=\"wp-image-19766\"\/><\/figure>\n\n\n\n<p>Entre nuestros servicios m\u00e1s demandados se encuentran la cursos de obediencia b\u00e1sica, la modificaci\u00f3n de comportamientos no deseados, la socializaci\u00f3n con otros animales y las sesiones especiales para cachorros. Asimismo, en el centro se adaptan a las necesidades espec\u00edficas de cada familia y su mascota.<\/p>\n<\/div>\n\n\n\n<div class=\"wp-block-column is-vertically-aligned-center is-layout-flow wp-block-column-is-layout-flow\">\n<div class=\"su-service\"><div class=\"su-service-title\" style=\"padding-left:46px;min-height:32px;line-height:32px\"><i class=\"sui sui-user\" style=\"font-size:32px;color:#2471a3\"><\/i> <strong>Nombre<\/strong><\/div><div class=\"su-service-content su-u-clearfix su-u-trim\" style=\"padding-left:46px\">Centro Adiestramiento Canino Inuk9<\/div><\/div>\n\n\n\n<div class=\"su-service\"><div class=\"su-service-title\" style=\"padding-left:46px;min-height:32px;line-height:32px\"><i class=\"sui sui-map-marker\" style=\"font-size:32px;color:#2471a3\"><\/i> <strong>Direcci\u00f3n<\/strong><\/div><div class=\"su-service-content su-u-clearfix su-u-trim\" style=\"padding-left:46px\">Lugar Bosende, 42, 27140 Lugo<\/div><\/div>\n\n\n\n<div class=\"su-service\"><div class=\"su-service-title\" style=\"padding-left:46px;min-height:32px;line-height:32px\"><i class=\"sui sui-volume-control-phone\" style=\"font-size:32px;color:#2471a3\"><\/i> <strong>Tel\u00e9fono<\/strong><\/div><div class=\"su-service-content su-u-clearfix su-u-trim\" style=\"padding-left:46px\">680 13 61 72<\/div><\/div>\n\n\n\n<div class=\"su-service\"><div class=\"su-service-title\" style=\"padding-left:46px;min-height:32px;line-height:32px\"><i class=\"sui sui-globe\" style=\"font-size:32px;color:#2471a3\"><\/i> <strong>Sitio web<\/strong><\/div><div class=\"su-service-content su-u-clearfix su-u-trim\" style=\"padding-left:46px\"><\/div><\/div>\n\n\n\n<div class=\"su-service\"><div class=\"su-service-title\" style=\"padding-left:46px;min-height:32px;line-height:32px\"><i class=\"sui sui-star\" style=\"font-size:32px;color:#2471a3\"><\/i> Valoraci\u00f3n de los clientes<\/div><div class=\"su-service-content su-u-clearfix su-u-trim\" style=\"padding-left:46px\">5 \/ 5 (4)<\/div><\/div>\n<\/div>\n<\/div>\n<\/div>\n\n\n\n<div class=\"wp-block-columns is-layout-flex wp-container-core-columns-is-layout-9d6595d7 wp-block-columns-is-layout-flex\">\n<div class=\"wp-block-column mapa2 is-layout-flow wp-block-column-is-layout-flow\">\n<h2 class=\"wp-block-heading\">Ubicaci\u00f3n de Centro Adiestramiento Canino Inuk9<\/h2>\n\n\n\n<div class=\"su-gmap su-u-responsive-media-yes mapa\"><iframe loading=\"lazy\" width=\"600\" height=\"280\" src=\"\/\/maps.google.com\/maps?q=Centro%20Adiestramiento%20Canino%20Inuk9%2C%20Lugar%20Bosende%2C%2042%2C%2027140%20Lugo&amp;output=embed&amp;z=20\" title=\"\"><\/iframe><\/div>\n\n\n\n<h2 class=\"wp-block-heading\">Horarios de Centro Adiestramiento Canino Inuk9<\/h2>\n\n\n\n<figure class=\"wp-block-table\"><table><tbody><tr><td><strong>Lunes<\/strong><\/td><td>lunes: Cerrado<\/td><\/tr><tr><td><strong>Martes<\/strong><\/td><td>martes: Cerrado<\/td><\/tr><tr><td><strong>Mi\u00e9rcoles<\/strong><\/td><td>mi\u00e9rcoles: 16:00\u201320:00<\/td><\/tr><tr><td><strong>Jueves<\/strong><\/td><td>jueves: 16:00\u201320:00<\/td><\/tr><tr><td><strong>Viernes<\/strong><\/td><td>viernes: 16:00\u201320:00<\/td><\/tr><tr><td><strong>S\u00e1bado<\/strong><\/td><td>s\u00e1bado: 10:00\u201313:30<\/td><\/tr><tr><td><strong>Domingo<\/strong><\/td><td>domingo: Cerrado<\/td><\/tr><\/tbody><\/table><\/figure>\n\n\n\n<h2 class=\"wp-block-heading\">Tel\u00e9fono de Centro Adiestramiento Canino Inuk9<\/h2>\n\n\n\n<p>Si quieres comunicarte con <strong>Centro Adiestramiento Canino Inuk9<\/strong>, puedes hacerlo directamente llamando al siguiente n\u00famero:<\/p>\n\n\n\n<div class=\"wp-block-buttons is-content-justification-center is-layout-flex wp-container-core-buttons-is-layout-16018d1d wp-block-buttons-is-layout-flex\">\n<div class=\"wp-block-button is-style-fill\"><a class=\"wp-block-button__link has-background has-medium-font-size has-custom-font-size wp-element-button\" href=\"tel:680 13 61 72\" style=\"border-radius:6px;background-color:#2471a3\">Llamar ahora<\/a><\/div>\n<\/div>\n\n\n\n<h2 class=\"wp-block-heading\">M\u00e1s informaci\u00f3n<\/h2>\n\n\n\n<p>En el Centro de Adiestramiento Canino Inuk9, ubicado en Lugar Bosende, 42, 27140 Lugo, ofrecemos una amplia gama de servicios de **adiestramiento canino en Lugo** dise\u00f1ados para satisfacer las necesidades de cada perro y su due\u00f1o. Nuestro enfoque se centra en la **obediencia**, la **socializaci\u00f3n** y la **modificaci\u00f3n de conducta**, utilizando t\u00e9cnicas positivas y basadas en el refuerzo, lo que garantiza una experiencia educativa positiva y agradable. Contamos con un equipo de **adiestradores de perros en Lugo** altamente capacitados y apasionados por el bienestar animal, lo que nos diferencia de otros centros. En Inuk9, no solo nos dedicamos a **adiestrar perros**, sino a construir una relaci\u00f3n s\u00f3lida y armoniosa entre t\u00fa y tu mascota, asegurando que cada sesi\u00f3n de adiestramiento sea un paso hacia una convivencia m\u00e1s feliz y equilibrada. Con nosotros, tu perro no solo aprender\u00e1 comandos, sino que tambi\u00e9n desarrollar\u00e1 habilidades sociales y una mejor conducta, convirti\u00e9ndose en un compa\u00f1ero ideal.<\/p>\n\n\n\n<p>Situado en Lugar Bosende, 42, 27140 Lugo, el centro de adiestramiento canino en Lugo es destacado por su atenci\u00f3n afectuoso, expertise y resultados notables. Revisa las opiniones de otros clientes para conocer su testimonio.<\/p>\n<\/div>\n<\/div>\n\n\n\n<p><\/p>\n\n\n\n<p>Si necesitas conocer otros (PONER NEGOCIO, ej: asesor\u00eda legal, decoraci\u00f3n de eventos, instalaciones el\u00e9ctricas) puedes <strong><a href=\"\/\">visitar nuestra p\u00e1gina principal<\/a><\/strong>.<\/p>\n","protected":false},"excerpt":{"rendered":"<p>Si acaso est\u00e1s en la b\u00fasqueda de un espacio seguro para entrenamiento canino en el \u00e1rea de Lugo, nuestra instituci\u00f3n representa una alternativa destacada. Nuestra instalaci\u00f3n se especializa en el entrenamiento de mascotas de cualquier edad y raza, usando con respetuosos adem\u00e1s de efectivos. Centro Adiestramiento Canino Inuk9 Entre nuestros servicios m\u00e1s demandados se encuentran [&hellip;]<\/p>\n","protected":false},"author":2,"featured_media":0,"parent":8262,"menu_order":0,"comment_status":"closed","ping_status":"closed","template":"","meta":{"_et_pb_use_builder":"","_et_pb_old_content":"","_et_gb_content_width":"","footnotes":""},"tags":[869],"class_list":["post-10275","page","type-page","status-publish","hentry","tag-lugo"],"_links":{"self":[{"href":"https:\/\/www.adiestradorcanino.com\/webdelperro\/wp-json\/wp\/v2\/pages\/10275","targetHints":{"allow":["GET"]}}],"collection":[{"href":"https:\/\/www.adiestradorcanino.com\/webdelperro\/wp-json\/wp\/v2\/pages"}],"about":[{"href":"https:\/\/www.adiestradorcanino.com\/webdelperro\/wp-json\/wp\/v2\/types\/page"}],"author":[{"embeddable":true,"href":"https:\/\/www.adiestradorcanino.com\/webdelperro\/wp-json\/wp\/v2\/users\/2"}],"replies":[{"embeddable":true,"href":"https:\/\/www.adiestradorcanino.com\/webdelperro\/wp-json\/wp\/v2\/comments?post=10275"}],"version-history":[{"count":0,"href":"https:\/\/www.adiestradorcanino.com\/webdelperro\/wp-json\/wp\/v2\/pages\/10275\/revisions"}],"up":[{"embeddable":true,"href":"https:\/\/www.adiestradorcanino.com\/webdelperro\/wp-json\/wp\/v2\/pages\/8262"}],"wp:attachment":[{"href":"https:\/\/www.adiestradorcanino.com\/webdelperro\/wp-json\/wp\/v2\/media?parent=10275"}],"wp:term":[{"taxonomy":"post_tag","embeddable":true,"href":"https:\/\/www.adiestradorcanino.com\/webdelperro\/wp-json\/wp\/v2\/tags?post=10275"}],"curies":[{"name":"wp","href":"https:\/\/api.w.org\/{rel}","templated":true}]}}