{"id":10261,"date":"2025-07-09T08:12:15","date_gmt":"2025-07-09T08:12:15","guid":{"rendered":"https:\/\/www.adiestradorcanino.com\/webdelperro\/las-palmas\/las-palmas-de-gran-canaria\/adiestramiento-canino-victor-herrera-adiestramiento-dogdana-en-las-palmas-de-gran-canaria-las-palmas\/"},"modified":"2025-07-09T08:12:15","modified_gmt":"2025-07-09T08:12:15","slug":"adiestramiento-canino-victor-herrera-adiestramiento-dogdana-en-las-palmas-de-gran-canaria-las-palmas","status":"publish","type":"page","link":"https:\/\/www.adiestradorcanino.com\/webdelperro\/las-palmas\/las-palmas-de-gran-canaria\/adiestramiento-canino-victor-herrera-adiestramiento-dogdana-en-las-palmas-de-gran-canaria-las-palmas\/","title":{"rendered":"Adiestramiento canino V\u00edctor Herrera Adiestramiento Dogdana en Las Palmas De Gran Canaria, Las Palmas"},"content":{"rendered":"\n<p>En caso de que te encuentras en la b\u00fasqueda de un sitio de confianza para el entrenamiento canino en el \u00e1rea de Las Palmas De Gran Canaria, este centro es una opci\u00f3n destacada. Este centro se especializa en el entrenamiento de mascotas de todas las edades y razas, siempre utilizando m\u00e9todos \u00e9ticos y tambi\u00e9n eficaces.<\/p>\n\n\n\n<h2 class=\"wp-block-heading has-text-align-left nombreclinica\">V\u00edctor Herrera Adiestramiento Dogdana<\/h2>\n\n\n\n<div class=\"wp-block-group is-layout-constrained wp-block-group-is-layout-constrained\">\n<div class=\"wp-block-columns nc-clase-ficha is-layout-flex wp-container-core-columns-is-layout-9d6595d7 wp-block-columns-is-layout-flex\">\n<div class=\"wp-block-column is-vertically-aligned-center is-layout-flow wp-block-column-is-layout-flow\">\n<figure class=\"wp-block-image size-full\"><img decoding=\"async\" src=\"https:\/\/www.adiestradorcanino.com\/webdelperro\/wp-content\/uploads\/2025\/07\/Victor-Herrera-Adiestramiento-Dogdana.png\" alt=\"V\u00edctor Herrera Adiestramiento Dogdana\" class=\"wp-image-19766\"\/><\/figure>\n\n\n\n<p>Entre los servicios m\u00e1s demandados se encuentran los cursos de obediencia b\u00e1sica, la correcci\u00f3n de conductas no deseadas, la socializaci\u00f3n con otros perros y las clases espec\u00edficas para cachorros. Adem\u00e1s, en nombre nos adaptamos a las particularidades de cada hogar y su animal.<\/p>\n<\/div>\n\n\n\n<div class=\"wp-block-column is-vertically-aligned-center is-layout-flow wp-block-column-is-layout-flow\">\n<div class=\"su-service\"><div class=\"su-service-title\" style=\"padding-left:46px;min-height:32px;line-height:32px\"><i class=\"sui sui-user\" style=\"font-size:32px;color:#2471a3\"><\/i> <strong>Nombre<\/strong><\/div><div class=\"su-service-content su-u-clearfix su-u-trim\" style=\"padding-left:46px\">V\u00edctor Herrera Adiestramiento Dogdana<\/div><\/div>\n\n\n\n<div class=\"su-service\"><div class=\"su-service-title\" style=\"padding-left:46px;min-height:32px;line-height:32px\"><i class=\"sui sui-map-marker\" style=\"font-size:32px;color:#2471a3\"><\/i> <strong>Direcci\u00f3n<\/strong><\/div><div class=\"su-service-content su-u-clearfix su-u-trim\" style=\"padding-left:46px\">C. los Andes, 35014 Las Palmas de Gran Canaria, Las Palmas<\/div><\/div>\n\n\n\n<div class=\"su-service\"><div class=\"su-service-title\" style=\"padding-left:46px;min-height:32px;line-height:32px\"><i class=\"sui sui-volume-control-phone\" style=\"font-size:32px;color:#2471a3\"><\/i> <strong>Tel\u00e9fono<\/strong><\/div><div class=\"su-service-content su-u-clearfix su-u-trim\" style=\"padding-left:46px\">685 56 24 53<\/div><\/div>\n\n\n\n<div class=\"su-service\"><div class=\"su-service-title\" style=\"padding-left:46px;min-height:32px;line-height:32px\"><i class=\"sui sui-globe\" style=\"font-size:32px;color:#2471a3\"><\/i> <strong>Sitio web<\/strong><\/div><div class=\"su-service-content su-u-clearfix su-u-trim\" style=\"padding-left:46px\"><\/div><\/div>\n\n\n\n<div class=\"su-service\"><div class=\"su-service-title\" style=\"padding-left:46px;min-height:32px;line-height:32px\"><i class=\"sui sui-star\" style=\"font-size:32px;color:#2471a3\"><\/i> Valoraci\u00f3n de los clientes<\/div><div class=\"su-service-content su-u-clearfix su-u-trim\" style=\"padding-left:46px\">5 \/ 5 (18)<\/div><\/div>\n<\/div>\n<\/div>\n<\/div>\n\n\n\n<div class=\"wp-block-columns is-layout-flex wp-container-core-columns-is-layout-9d6595d7 wp-block-columns-is-layout-flex\">\n<div class=\"wp-block-column mapa2 is-layout-flow wp-block-column-is-layout-flow\">\n<h2 class=\"wp-block-heading\">Ubicaci\u00f3n de V\u00edctor Herrera Adiestramiento Dogdana<\/h2>\n\n\n\n<div class=\"su-gmap su-u-responsive-media-yes mapa\"><iframe loading=\"lazy\" width=\"600\" height=\"280\" src=\"\/\/maps.google.com\/maps?q=V%C3%ADctor%20Herrera%20Adiestramiento%20Dogdana%2C%20C.%20los%20Andes%2C%2035014%20Las%20Palmas%20de%20Gran%20Canaria%2C%20Las%20Palmas&amp;output=embed&amp;z=20\" title=\"\"><\/iframe><\/div>\n\n\n\n<h2 class=\"wp-block-heading\">Horarios de V\u00edctor Herrera Adiestramiento Dogdana<\/h2>\n\n\n\n<figure class=\"wp-block-table\"><table><tbody><tr><td><strong>Lunes<\/strong><\/td><td>lunes: 10:00\u201318:30<\/td><\/tr><tr><td><strong>Martes<\/strong><\/td><td>martes: 10:00\u201318:30<\/td><\/tr><tr><td><strong>Mi\u00e9rcoles<\/strong><\/td><td>mi\u00e9rcoles: 10:00\u201318:30<\/td><\/tr><tr><td><strong>Jueves<\/strong><\/td><td>jueves: 10:00\u201318:30<\/td><\/tr><tr><td><strong>Viernes<\/strong><\/td><td>viernes: 10:00\u201313:00<\/td><\/tr><tr><td><strong>S\u00e1bado<\/strong><\/td><td>s\u00e1bado: 9:09\u201311:00<\/td><\/tr><tr><td><strong>Domingo<\/strong><\/td><td>domingo: Cerrado<\/td><\/tr><\/tbody><\/table><\/figure>\n\n\n\n<h2 class=\"wp-block-heading\">Tel\u00e9fono de V\u00edctor Herrera Adiestramiento Dogdana<\/h2>\n\n\n\n<p>Si quieres comunicarte con <strong>V\u00edctor Herrera Adiestramiento Dogdana<\/strong>, puedes hacerlo directamente llamando al siguiente n\u00famero:<\/p>\n\n\n\n<div class=\"wp-block-buttons is-content-justification-center is-layout-flex wp-container-core-buttons-is-layout-16018d1d wp-block-buttons-is-layout-flex\">\n<div class=\"wp-block-button is-style-fill\"><a class=\"wp-block-button__link has-background has-medium-font-size has-custom-font-size wp-element-button\" href=\"tel:685 56 24 53\" style=\"border-radius:6px;background-color:#2471a3\">Llamar ahora<\/a><\/div>\n<\/div>\n\n\n\n<h2 class=\"wp-block-heading\">M\u00e1s informaci\u00f3n<\/h2>\n\n\n\n<p>En el centro de adiestramiento canino V\u00edctor Herrera Adiestramiento Dogdana, ubicado en C. los Andes, 35014 Las Palmas de Gran Canaria, ofrecemos una amplia gama de servicios dise\u00f1ados para mejorar la convivencia entre t\u00fa y tu mascota. Nuestro enfoque integral incluye adiestramiento en obediencia b\u00e1sica y avanzada, socializaci\u00f3n adecuada y modificaci\u00f3n de conducta, asegurando que tu perro se convierta en un compa\u00f1ero equilibrado y feliz. Contamos con un equipo de adiestradores de perros en Las Palmas altamente capacitados, quienes utilizan t\u00e9cnicas positivas y personalizadas para cada can, garantizando as\u00ed un aprendizaje efectivo y respetuoso. Lo que nos distingue de otros centros de adiestramiento canino en Las Palmas De Gran Canaria es nuestro compromiso con el bienestar animal y la formaci\u00f3n continua de nuestros profesionales, lo que nos permite ofrecer un servicio de calidad excepcional. Si buscas adiestrar perros de forma positiva y cari\u00f1osa, en Dogdana encontrar\u00e1s el apoyo que necesitas para lograr una relaci\u00f3n armoniosa con tu fiel amigo.<\/p>\n\n\n\n<p>Localizado en C. los Andes, 35014 Las Palmas de Gran Canaria, Las Palmas, este centro de adiestramiento canino en Las Palmas De Gran Canaria ha sido destacado por su trato cercano, expertise y logros notables. Consulta las rese\u00f1as de otros due\u00f1os de mascotas para descubrir su opini\u00f3n.<\/p>\n<\/div>\n<\/div>\n\n\n\n<p><\/p>\n\n\n\n<p>Si necesitas conocer otros (PONER NEGOCIO, ej: asesor\u00eda legal, decoraci\u00f3n de eventos, instalaciones el\u00e9ctricas) puedes <strong><a href=\"\/\">visitar nuestra p\u00e1gina principal<\/a><\/strong>.<\/p>\n","protected":false},"excerpt":{"rendered":"<p>En caso de que te encuentras en la b\u00fasqueda de un sitio de confianza para el entrenamiento canino en el \u00e1rea de Las Palmas De Gran Canaria, este centro es una opci\u00f3n destacada. Este centro se especializa en el entrenamiento de mascotas de todas las edades y razas, siempre utilizando m\u00e9todos \u00e9ticos y tambi\u00e9n eficaces. [&hellip;]<\/p>\n","protected":false},"author":2,"featured_media":0,"parent":8231,"menu_order":0,"comment_status":"closed","ping_status":"closed","template":"","meta":{"_et_pb_use_builder":"","_et_pb_old_content":"","_et_gb_content_width":"","footnotes":""},"tags":[951],"class_list":["post-10261","page","type-page","status-publish","hentry","tag-las-palmas-de-gran-canaria"],"_links":{"self":[{"href":"https:\/\/www.adiestradorcanino.com\/webdelperro\/wp-json\/wp\/v2\/pages\/10261","targetHints":{"allow":["GET"]}}],"collection":[{"href":"https:\/\/www.adiestradorcanino.com\/webdelperro\/wp-json\/wp\/v2\/pages"}],"about":[{"href":"https:\/\/www.adiestradorcanino.com\/webdelperro\/wp-json\/wp\/v2\/types\/page"}],"author":[{"embeddable":true,"href":"https:\/\/www.adiestradorcanino.com\/webdelperro\/wp-json\/wp\/v2\/users\/2"}],"replies":[{"embeddable":true,"href":"https:\/\/www.adiestradorcanino.com\/webdelperro\/wp-json\/wp\/v2\/comments?post=10261"}],"version-history":[{"count":0,"href":"https:\/\/www.adiestradorcanino.com\/webdelperro\/wp-json\/wp\/v2\/pages\/10261\/revisions"}],"up":[{"embeddable":true,"href":"https:\/\/www.adiestradorcanino.com\/webdelperro\/wp-json\/wp\/v2\/pages\/8231"}],"wp:attachment":[{"href":"https:\/\/www.adiestradorcanino.com\/webdelperro\/wp-json\/wp\/v2\/media?parent=10261"}],"wp:term":[{"taxonomy":"post_tag","embeddable":true,"href":"https:\/\/www.adiestradorcanino.com\/webdelperro\/wp-json\/wp\/v2\/tags?post=10261"}],"curies":[{"name":"wp","href":"https:\/\/api.w.org\/{rel}","templated":true}]}}