{"id":10259,"date":"2025-07-09T08:11:54","date_gmt":"2025-07-09T08:11:54","guid":{"rendered":"https:\/\/www.adiestradorcanino.com\/webdelperro\/jaen\/martos\/adiestramiento-canino-andican-en-martos-jaen\/"},"modified":"2025-07-09T08:11:54","modified_gmt":"2025-07-09T08:11:54","slug":"adiestramiento-canino-andican-en-martos-jaen","status":"publish","type":"page","link":"https:\/\/www.adiestradorcanino.com\/webdelperro\/jaen\/martos\/adiestramiento-canino-andican-en-martos-jaen\/","title":{"rendered":"Adiestramiento canino Andican en Martos, Ja\u00e9n"},"content":{"rendered":"\n<p>Si acaso buscas buscando un espacio de confianza para el adiestramiento de perros en el \u00e1rea de Martos, nuestra instituci\u00f3n se presenta como una opci\u00f3n destacada. Nuestra instalaci\u00f3n se especializa en el entrenamiento de canes de todas las edades y razas, usando t\u00e9cnicas respetuosos adem\u00e1s de eficaces.<\/p>\n\n\n\n<h2 class=\"wp-block-heading has-text-align-left nombreclinica\">Andican<\/h2>\n\n\n\n<div class=\"wp-block-group is-layout-constrained wp-block-group-is-layout-constrained\">\n<div class=\"wp-block-columns nc-clase-ficha is-layout-flex wp-container-core-columns-is-layout-9d6595d7 wp-block-columns-is-layout-flex\">\n<div class=\"wp-block-column is-vertically-aligned-center is-layout-flow wp-block-column-is-layout-flow\">\n<figure class=\"wp-block-image size-full\"><img decoding=\"async\" src=\"https:\/\/www.adiestradorcanino.com\/webdelperro\/wp-content\/uploads\/2025\/07\/Andican.jpg\" alt=\"Andican\" class=\"wp-image-19766\"\/><\/figure>\n\n\n\n<p>Entre los tratamientos m\u00e1s solicitados se encuentran la obediencia b\u00e1sica, la modificaci\u00f3n de comportamientos no deseados, la interacci\u00f3n con otros animales y las clases espec\u00edficas para cachorros. Adem\u00e1s, en el centro nos adaptamos a las particularidades de cada familia y animal.<\/p>\n<\/div>\n\n\n\n<div class=\"wp-block-column is-vertically-aligned-center is-layout-flow wp-block-column-is-layout-flow\">\n<div class=\"su-service\"><div class=\"su-service-title\" style=\"padding-left:46px;min-height:32px;line-height:32px\"><i class=\"sui sui-user\" style=\"font-size:32px;color:#2471a3\"><\/i> <strong>Nombre<\/strong><\/div><div class=\"su-service-content su-u-clearfix su-u-trim\" style=\"padding-left:46px\">Andican<\/div><\/div>\n\n\n\n<div class=\"su-service\"><div class=\"su-service-title\" style=\"padding-left:46px;min-height:32px;line-height:32px\"><i class=\"sui sui-map-marker\" style=\"font-size:32px;color:#2471a3\"><\/i> <strong>Direcci\u00f3n<\/strong><\/div><div class=\"su-service-content su-u-clearfix su-u-trim\" style=\"padding-left:46px\">23600 Martos, Ja\u00e9n<\/div><\/div>\n\n\n\n<div class=\"su-service\"><div class=\"su-service-title\" style=\"padding-left:46px;min-height:32px;line-height:32px\"><i class=\"sui sui-volume-control-phone\" style=\"font-size:32px;color:#2471a3\"><\/i> <strong>Tel\u00e9fono<\/strong><\/div><div class=\"su-service-content su-u-clearfix su-u-trim\" style=\"padding-left:46px\">693 84 90 30<\/div><\/div>\n\n\n\n<div class=\"su-service\"><div class=\"su-service-title\" style=\"padding-left:46px;min-height:32px;line-height:32px\"><i class=\"sui sui-globe\" style=\"font-size:32px;color:#2471a3\"><\/i> <strong>Sitio web<\/strong><\/div><div class=\"su-service-content su-u-clearfix su-u-trim\" style=\"padding-left:46px\"><\/div><\/div>\n\n\n\n<div class=\"su-service\"><div class=\"su-service-title\" style=\"padding-left:46px;min-height:32px;line-height:32px\"><i class=\"sui sui-star\" style=\"font-size:32px;color:#2471a3\"><\/i> Valoraci\u00f3n de los clientes<\/div><div class=\"su-service-content su-u-clearfix su-u-trim\" style=\"padding-left:46px\">4.9 \/ 5 (84)<\/div><\/div>\n<\/div>\n<\/div>\n<\/div>\n\n\n\n<div class=\"wp-block-columns is-layout-flex wp-container-core-columns-is-layout-9d6595d7 wp-block-columns-is-layout-flex\">\n<div class=\"wp-block-column mapa2 is-layout-flow wp-block-column-is-layout-flow\">\n<h2 class=\"wp-block-heading\">Ubicaci\u00f3n de Andican<\/h2>\n\n\n\n<div class=\"su-gmap su-u-responsive-media-yes mapa\"><iframe loading=\"lazy\" width=\"600\" height=\"280\" src=\"\/\/maps.google.com\/maps?q=Andican%2C%2023600%20Martos%2C%20Ja%C3%A9n&amp;output=embed&amp;z=20\" title=\"\"><\/iframe><\/div>\n\n\n\n<h2 class=\"wp-block-heading\">Horarios de Andican<\/h2>\n\n\n\n<figure class=\"wp-block-table\"><table><tbody><tr><td><strong>Lunes<\/strong><\/td><td>lunes: Abierto 24 horas<\/td><\/tr><tr><td><strong>Martes<\/strong><\/td><td>martes: Abierto 24 horas<\/td><\/tr><tr><td><strong>Mi\u00e9rcoles<\/strong><\/td><td>mi\u00e9rcoles: Abierto 24 horas<\/td><\/tr><tr><td><strong>Jueves<\/strong><\/td><td>jueves: Abierto 24 horas<\/td><\/tr><tr><td><strong>Viernes<\/strong><\/td><td>viernes: Abierto 24 horas<\/td><\/tr><tr><td><strong>S\u00e1bado<\/strong><\/td><td>s\u00e1bado: Abierto 24 horas<\/td><\/tr><tr><td><strong>Domingo<\/strong><\/td><td>domingo: Abierto 24 horas<\/td><\/tr><\/tbody><\/table><\/figure>\n\n\n\n<h2 class=\"wp-block-heading\">Tel\u00e9fono de Andican<\/h2>\n\n\n\n<p>Si quieres comunicarte con <strong>Andican<\/strong>, puedes hacerlo directamente llamando al siguiente n\u00famero:<\/p>\n\n\n\n<div class=\"wp-block-buttons is-content-justification-center is-layout-flex wp-container-core-buttons-is-layout-16018d1d wp-block-buttons-is-layout-flex\">\n<div class=\"wp-block-button is-style-fill\"><a class=\"wp-block-button__link has-background has-medium-font-size has-custom-font-size wp-element-button\" href=\"tel:693 84 90 30\" style=\"border-radius:6px;background-color:#2471a3\">Llamar ahora<\/a><\/div>\n<\/div>\n\n\n\n<h2 class=\"wp-block-heading\">M\u00e1s informaci\u00f3n<\/h2>\n\n\n\n<p>En el centro de adiestramiento canino Andican, ubicado en 23600 Martos, Ja\u00e9n, ofrecemos un enfoque integral y personalizado para adiestrar perros, garantizando una educaci\u00f3n canina de calidad que se adapta a las necesidades de cada mascota y su due\u00f1o. Nuestros servicios abarcan desde la obediencia b\u00e1sica y avanzada, hasta la socializaci\u00f3n y la modificaci\u00f3n de conducta, todo bajo la supervisi\u00f3n de adiestradores de perros en Ja\u00e9n con amplia experiencia. Lo que nos diferencia de otros centros de adiestramiento canino en Martos es nuestro compromiso con el bienestar emocional de los animales, utilizando m\u00e9todos positivos que fomentan una relaci\u00f3n armoniosa entre el perro y su propietario. Si est\u00e1s buscando adiestrar a tu perro de manera positiva y cari\u00f1osa, Andican es tu mejor opci\u00f3n en la provincia de Ja\u00e9n.<\/p>\n\n\n\n<p>Localizado en 23600 Martos, Ja\u00e9n, el centro de adiestramiento canino en Martos es famoso por su trato afectuoso, expertise y logros visibles. Mira las opiniones de otros usuarios para descubrir su testimonio.<\/p>\n<\/div>\n<\/div>\n\n\n\n<p><\/p>\n\n\n\n<p>Si necesitas conocer otros (PONER NEGOCIO, ej: asesor\u00eda legal, decoraci\u00f3n de eventos, instalaciones el\u00e9ctricas) puedes <strong><a href=\"\/\">visitar nuestra p\u00e1gina principal<\/a><\/strong>.<\/p>\n","protected":false},"excerpt":{"rendered":"<p>Si acaso buscas buscando un espacio de confianza para el adiestramiento de perros en el \u00e1rea de Martos, nuestra instituci\u00f3n se presenta como una opci\u00f3n destacada. Nuestra instalaci\u00f3n se especializa en el entrenamiento de canes de todas las edades y razas, usando t\u00e9cnicas respetuosos adem\u00e1s de eficaces. Andican Entre los tratamientos m\u00e1s solicitados se encuentran [&hellip;]<\/p>\n","protected":false},"author":2,"featured_media":0,"parent":8227,"menu_order":0,"comment_status":"closed","ping_status":"closed","template":"","meta":{"_et_pb_use_builder":"","_et_pb_old_content":"","_et_gb_content_width":"","footnotes":""},"tags":[1165],"class_list":["post-10259","page","type-page","status-publish","hentry","tag-martos"],"_links":{"self":[{"href":"https:\/\/www.adiestradorcanino.com\/webdelperro\/wp-json\/wp\/v2\/pages\/10259","targetHints":{"allow":["GET"]}}],"collection":[{"href":"https:\/\/www.adiestradorcanino.com\/webdelperro\/wp-json\/wp\/v2\/pages"}],"about":[{"href":"https:\/\/www.adiestradorcanino.com\/webdelperro\/wp-json\/wp\/v2\/types\/page"}],"author":[{"embeddable":true,"href":"https:\/\/www.adiestradorcanino.com\/webdelperro\/wp-json\/wp\/v2\/users\/2"}],"replies":[{"embeddable":true,"href":"https:\/\/www.adiestradorcanino.com\/webdelperro\/wp-json\/wp\/v2\/comments?post=10259"}],"version-history":[{"count":0,"href":"https:\/\/www.adiestradorcanino.com\/webdelperro\/wp-json\/wp\/v2\/pages\/10259\/revisions"}],"up":[{"embeddable":true,"href":"https:\/\/www.adiestradorcanino.com\/webdelperro\/wp-json\/wp\/v2\/pages\/8227"}],"wp:attachment":[{"href":"https:\/\/www.adiestradorcanino.com\/webdelperro\/wp-json\/wp\/v2\/media?parent=10259"}],"wp:term":[{"taxonomy":"post_tag","embeddable":true,"href":"https:\/\/www.adiestradorcanino.com\/webdelperro\/wp-json\/wp\/v2\/tags?post=10259"}],"curies":[{"name":"wp","href":"https:\/\/api.w.org\/{rel}","templated":true}]}}