{"id":10250,"date":"2025-07-09T08:11:03","date_gmt":"2025-07-09T08:11:03","guid":{"rendered":"https:\/\/www.adiestradorcanino.com\/webdelperro\/illes-balears\/muro\/adiestramiento-canino-die-hundecoachin-das-hundehotel-en-muro-illes-balears\/"},"modified":"2025-07-09T08:11:03","modified_gmt":"2025-07-09T08:11:03","slug":"adiestramiento-canino-die-hundecoachin-das-hundehotel-en-muro-illes-balears","status":"publish","type":"page","link":"https:\/\/www.adiestradorcanino.com\/webdelperro\/illes-balears\/muro\/adiestramiento-canino-die-hundecoachin-das-hundehotel-en-muro-illes-balears\/","title":{"rendered":"Adiestramiento canino Die Hundecoachin \/ Das Hundehotel en Muro, Illes Balears"},"content":{"rendered":"\n<p>Si acaso te encuentras en la b\u00fasqueda de un espacio de confianza id\u00f3neo para adiestramiento de perros dentro de Muro,  Die Hundecoachin \/ Das Hundehotel representa una opci\u00f3n destacada. Este centro se dedica en el entrenamiento de perros sin importar la raza o edad, usando t\u00e9cnicas amigables adem\u00e1s de efectivos.<\/p>\n\n\n\n<h2 class=\"wp-block-heading has-text-align-left nombreclinica\">Die Hundecoachin \/ Das Hundehotel<\/h2>\n\n\n\n<div class=\"wp-block-group is-layout-constrained wp-block-group-is-layout-constrained\">\n<div class=\"wp-block-columns nc-clase-ficha is-layout-flex wp-container-core-columns-is-layout-9d6595d7 wp-block-columns-is-layout-flex\">\n<div class=\"wp-block-column is-vertically-aligned-center is-layout-flow wp-block-column-is-layout-flow\">\n<figure class=\"wp-block-image size-full\"><img decoding=\"async\" src=\"https:\/\/www.adiestradorcanino.com\/webdelperro\/wp-content\/uploads\/2025\/07\/Die-Hundecoachin-Das-Hundehotel.png\" alt=\"Die Hundecoachin \/ Das Hundehotel\" class=\"wp-image-19766\"\/><\/figure>\n\n\n\n<p>Entre los servicios m\u00e1s solicitados se encuentran los obediencia b\u00e1sica, la modificaci\u00f3n de comportamientos no deseados, la socializaci\u00f3n con otros perros y las clases dirigidas a cachorros. Adem\u00e1s, en el centro nos adaptamos a las particularidades de cada familia y su mascota.<\/p>\n<\/div>\n\n\n\n<div class=\"wp-block-column is-vertically-aligned-center is-layout-flow wp-block-column-is-layout-flow\">\n<div class=\"su-service\"><div class=\"su-service-title\" style=\"padding-left:46px;min-height:32px;line-height:32px\"><i class=\"sui sui-user\" style=\"font-size:32px;color:#2471a3\"><\/i> <strong>Nombre<\/strong><\/div><div class=\"su-service-content su-u-clearfix su-u-trim\" style=\"padding-left:46px\">Die Hundecoachin \/ Das Hundehotel<\/div><\/div>\n\n\n\n<div class=\"su-service\"><div class=\"su-service-title\" style=\"padding-left:46px;min-height:32px;line-height:32px\"><i class=\"sui sui-map-marker\" style=\"font-size:32px;color:#2471a3\"><\/i> <strong>Direcci\u00f3n<\/strong><\/div><div class=\"su-service-content su-u-clearfix su-u-trim\" style=\"padding-left:46px\">Ma-3430, 07440 Muro, Illes Balears<\/div><\/div>\n\n\n\n<div class=\"su-service\"><div class=\"su-service-title\" style=\"padding-left:46px;min-height:32px;line-height:32px\"><i class=\"sui sui-volume-control-phone\" style=\"font-size:32px;color:#2471a3\"><\/i> <strong>Tel\u00e9fono<\/strong><\/div><div class=\"su-service-content su-u-clearfix su-u-trim\" style=\"padding-left:46px\">644 54 40 41<\/div><\/div>\n\n\n\n<div class=\"su-service\"><div class=\"su-service-title\" style=\"padding-left:46px;min-height:32px;line-height:32px\"><i class=\"sui sui-globe\" style=\"font-size:32px;color:#2471a3\"><\/i> <strong>Sitio web<\/strong><\/div><div class=\"su-service-content su-u-clearfix su-u-trim\" style=\"padding-left:46px\">https:\/\/www.die-hundecoachin.com\/<\/div><\/div>\n\n\n\n<div class=\"su-service\"><div class=\"su-service-title\" style=\"padding-left:46px;min-height:32px;line-height:32px\"><i class=\"sui sui-star\" style=\"font-size:32px;color:#2471a3\"><\/i> Valoraci\u00f3n de los clientes<\/div><div class=\"su-service-content su-u-clearfix su-u-trim\" style=\"padding-left:46px\">5 \/ 5 (1)<\/div><\/div>\n<\/div>\n<\/div>\n<\/div>\n\n\n\n<div class=\"wp-block-columns is-layout-flex wp-container-core-columns-is-layout-9d6595d7 wp-block-columns-is-layout-flex\">\n<div class=\"wp-block-column mapa2 is-layout-flow wp-block-column-is-layout-flow\">\n<h2 class=\"wp-block-heading\">Ubicaci\u00f3n de Die Hundecoachin \/ Das Hundehotel<\/h2>\n\n\n\n<div class=\"su-gmap su-u-responsive-media-yes mapa\"><iframe loading=\"lazy\" width=\"600\" height=\"280\" src=\"\/\/maps.google.com\/maps?q=Die%20Hundecoachin%20%2F%20Das%20Hundehotel%2C%20Ma-3430%2C%2007440%20Muro%2C%20Illes%20Balears&amp;output=embed&amp;z=20\" title=\"\"><\/iframe><\/div>\n\n\n\n<h2 class=\"wp-block-heading\">Horarios de Die Hundecoachin \/ Das Hundehotel<\/h2>\n\n\n\n<figure class=\"wp-block-table\"><table><tbody><tr><td><strong>Lunes<\/strong><\/td><td>lunes: 9:00\u201312:00, 15:00\u201319:00<\/td><\/tr><tr><td><strong>Martes<\/strong><\/td><td>martes: 9:00\u201312:00, 15:00\u201319:00<\/td><\/tr><tr><td><strong>Mi\u00e9rcoles<\/strong><\/td><td>mi\u00e9rcoles: 9:00\u201312:00, 15:00\u201319:00<\/td><\/tr><tr><td><strong>Jueves<\/strong><\/td><td>jueves: 9:00\u201312:00, 15:00\u201319:00<\/td><\/tr><tr><td><strong>Viernes<\/strong><\/td><td>viernes: 9:00\u201312:00, 15:00\u201319:00<\/td><\/tr><tr><td><strong>S\u00e1bado<\/strong><\/td><td>s\u00e1bado: 9:00\u201312:00, 15:00\u201319:00<\/td><\/tr><tr><td><strong>Domingo<\/strong><\/td><td>domingo: 9:00\u201312:00, 15:00\u201319:00<\/td><\/tr><\/tbody><\/table><\/figure>\n\n\n\n<h2 class=\"wp-block-heading\">Tel\u00e9fono de Die Hundecoachin \/ Das Hundehotel<\/h2>\n\n\n\n<p>Si quieres comunicarte con <strong>Die Hundecoachin \/ Das Hundehotel<\/strong>, puedes hacerlo directamente llamando al siguiente n\u00famero:<\/p>\n\n\n\n<div class=\"wp-block-buttons is-content-justification-center is-layout-flex wp-container-core-buttons-is-layout-16018d1d wp-block-buttons-is-layout-flex\">\n<div class=\"wp-block-button is-style-fill\"><a class=\"wp-block-button__link has-background has-medium-font-size has-custom-font-size wp-element-button\" href=\"tel:644 54 40 41\" style=\"border-radius:6px;background-color:#2471a3\">Llamar ahora<\/a><\/div>\n<\/div>\n\n\n\n<h2 class=\"wp-block-heading\">M\u00e1s informaci\u00f3n<\/h2>\n\n\n\n<p>En el centro de adiestramiento canino Die Hundecoachin \/ Das Hundehotel, ubicado en Ma-3430, 07440 Muro, Illes Balears, ofrecemos una gama integral de servicios dise\u00f1ados para adiestrar perros de todas las edades y razas. Nuestro enfoque se centra en la obediencia, la socializaci\u00f3n y la modificaci\u00f3n de conducta, utilizando t\u00e9cnicas positivas que fomentan una relaci\u00f3n armoniosa entre el perro y su due\u00f1o. Nuestros adiestradores de perros en Illes Balears cuentan con una amplia experiencia y est\u00e1n comprometidos a personalizar cada programa seg\u00fan las necesidades espec\u00edficas de cada mascota, lo que nos diferencia de otros centros de adiestramiento canino en Muro. En Die Hundecoachin, creemos que la educaci\u00f3n canina debe ser un proceso enriquecedor y divertido, por lo que trabajamos en un ambiente acogedor y profesional, garantizando as\u00ed que cada perro alcance su m\u00e1ximo potencial y disfrute de una convivencia feliz y equilibrada.<\/p>\n\n\n\n<p>Localizado en Ma-3430, 07440 Muro, Illes Balears, este centro de adiestramiento canino en Muro se considera destacado por su atenci\u00f3n personal, seriedad y logros visibles. Mira las opiniones de otros clientes para conocer su testimonio.<\/p>\n<\/div>\n<\/div>\n\n\n\n<p><\/p>\n\n\n\n<p>Si necesitas conocer otros (PONER NEGOCIO, ej: asesor\u00eda legal, decoraci\u00f3n de eventos, instalaciones el\u00e9ctricas) puedes <strong><a href=\"\/\">visitar nuestra p\u00e1gina principal<\/a><\/strong>.<\/p>\n","protected":false},"excerpt":{"rendered":"<p>Si acaso te encuentras en la b\u00fasqueda de un espacio de confianza id\u00f3neo para adiestramiento de perros dentro de Muro, Die Hundecoachin \/ Das Hundehotel representa una opci\u00f3n destacada. Este centro se dedica en el entrenamiento de perros sin importar la raza o edad, usando t\u00e9cnicas amigables adem\u00e1s de efectivos. Die Hundecoachin \/ Das Hundehotel [&hellip;]<\/p>\n","protected":false},"author":2,"featured_media":0,"parent":8205,"menu_order":0,"comment_status":"closed","ping_status":"closed","template":"","meta":{"_et_pb_use_builder":"","_et_pb_old_content":"","_et_gb_content_width":"","footnotes":""},"tags":[1159],"class_list":["post-10250","page","type-page","status-publish","hentry","tag-muro"],"_links":{"self":[{"href":"https:\/\/www.adiestradorcanino.com\/webdelperro\/wp-json\/wp\/v2\/pages\/10250","targetHints":{"allow":["GET"]}}],"collection":[{"href":"https:\/\/www.adiestradorcanino.com\/webdelperro\/wp-json\/wp\/v2\/pages"}],"about":[{"href":"https:\/\/www.adiestradorcanino.com\/webdelperro\/wp-json\/wp\/v2\/types\/page"}],"author":[{"embeddable":true,"href":"https:\/\/www.adiestradorcanino.com\/webdelperro\/wp-json\/wp\/v2\/users\/2"}],"replies":[{"embeddable":true,"href":"https:\/\/www.adiestradorcanino.com\/webdelperro\/wp-json\/wp\/v2\/comments?post=10250"}],"version-history":[{"count":0,"href":"https:\/\/www.adiestradorcanino.com\/webdelperro\/wp-json\/wp\/v2\/pages\/10250\/revisions"}],"up":[{"embeddable":true,"href":"https:\/\/www.adiestradorcanino.com\/webdelperro\/wp-json\/wp\/v2\/pages\/8205"}],"wp:attachment":[{"href":"https:\/\/www.adiestradorcanino.com\/webdelperro\/wp-json\/wp\/v2\/media?parent=10250"}],"wp:term":[{"taxonomy":"post_tag","embeddable":true,"href":"https:\/\/www.adiestradorcanino.com\/webdelperro\/wp-json\/wp\/v2\/tags?post=10250"}],"curies":[{"name":"wp","href":"https:\/\/api.w.org\/{rel}","templated":true}]}}