{"id":10249,"date":"2025-07-09T08:10:57","date_gmt":"2025-07-09T08:10:57","guid":{"rendered":"https:\/\/www.adiestradorcanino.com\/webdelperro\/illes-balears\/santa-gertrudis-de-fruitera\/adiestramiento-canino-dogs-abc-ibiza-en-santa-gertrudis-de-fruitera-illes-balears\/"},"modified":"2025-07-09T08:10:57","modified_gmt":"2025-07-09T08:10:57","slug":"adiestramiento-canino-dogs-abc-ibiza-en-santa-gertrudis-de-fruitera-illes-balears","status":"publish","type":"page","link":"https:\/\/www.adiestradorcanino.com\/webdelperro\/illes-balears\/santa-gertrudis-de-fruitera\/adiestramiento-canino-dogs-abc-ibiza-en-santa-gertrudis-de-fruitera-illes-balears\/","title":{"rendered":"Adiestramiento canino Dogs Abc Ibiza en Santa Gertrudis De Fruitera, Illes Balears"},"content":{"rendered":"\n<p>Si acaso buscas buscando un sitio seguro id\u00f3neo para adiestramiento de perros en el \u00e1rea de Santa Gertrudis De Fruitera, nuestra instituci\u00f3n representa una excelente opci\u00f3n. Nuestra instalaci\u00f3n trabaja en el manejo de perros sin importar la raza o edad, usando m\u00e9todos \u00e9ticos adem\u00e1s de efectivos.<\/p>\n\n\n\n<h2 class=\"wp-block-heading has-text-align-left nombreclinica\">Dogs Abc Ibiza<\/h2>\n\n\n\n<div class=\"wp-block-group is-layout-constrained wp-block-group-is-layout-constrained\">\n<div class=\"wp-block-columns nc-clase-ficha is-layout-flex wp-container-core-columns-is-layout-9d6595d7 wp-block-columns-is-layout-flex\">\n<div class=\"wp-block-column is-vertically-aligned-center is-layout-flow wp-block-column-is-layout-flow\">\n<figure class=\"wp-block-image size-full\"><img decoding=\"async\" src=\"https:\/\/www.adiestradorcanino.com\/webdelperro\/wp-content\/uploads\/2025\/07\/Dogs-Abc-Ibiza.jpg\" alt=\"Dogs Abc Ibiza\" class=\"wp-image-19766\"\/><\/figure>\n\n\n\n<p>Dentro de los tratamientos m\u00e1s solicitados se encuentran la cursos de obediencia b\u00e1sica, la correcci\u00f3n de conductas no deseadas, la socializaci\u00f3n con otros perros y las clases espec\u00edficas para cachorros. Asimismo, en el centro se adaptan a las necesidades espec\u00edficas de cada familia y animal.<\/p>\n<\/div>\n\n\n\n<div class=\"wp-block-column is-vertically-aligned-center is-layout-flow wp-block-column-is-layout-flow\">\n<div class=\"su-service\"><div class=\"su-service-title\" style=\"padding-left:46px;min-height:32px;line-height:32px\"><i class=\"sui sui-user\" style=\"font-size:32px;color:#2471a3\"><\/i> <strong>Nombre<\/strong><\/div><div class=\"su-service-content su-u-clearfix su-u-trim\" style=\"padding-left:46px\">Dogs Abc Ibiza<\/div><\/div>\n\n\n\n<div class=\"su-service\"><div class=\"su-service-title\" style=\"padding-left:46px;min-height:32px;line-height:32px\"><i class=\"sui sui-map-marker\" style=\"font-size:32px;color:#2471a3\"><\/i> <strong>Direcci\u00f3n<\/strong><\/div><div class=\"su-service-content su-u-clearfix su-u-trim\" style=\"padding-left:46px\">carretera san miguel, km 5,2, Buz\u00f3n Serreta 102, 07814 Santa Gertrudis de Fruitera, Illes Balears<\/div><\/div>\n\n\n\n<div class=\"su-service\"><div class=\"su-service-title\" style=\"padding-left:46px;min-height:32px;line-height:32px\"><i class=\"sui sui-volume-control-phone\" style=\"font-size:32px;color:#2471a3\"><\/i> <strong>Tel\u00e9fono<\/strong><\/div><div class=\"su-service-content su-u-clearfix su-u-trim\" style=\"padding-left:46px\">653 96 30 37<\/div><\/div>\n\n\n\n<div class=\"su-service\"><div class=\"su-service-title\" style=\"padding-left:46px;min-height:32px;line-height:32px\"><i class=\"sui sui-globe\" style=\"font-size:32px;color:#2471a3\"><\/i> <strong>Sitio web<\/strong><\/div><div class=\"su-service-content su-u-clearfix su-u-trim\" style=\"padding-left:46px\">https:\/\/dogs-abc-ibiza.com\/<\/div><\/div>\n\n\n\n<div class=\"su-service\"><div class=\"su-service-title\" style=\"padding-left:46px;min-height:32px;line-height:32px\"><i class=\"sui sui-star\" style=\"font-size:32px;color:#2471a3\"><\/i> Valoraci\u00f3n de los clientes<\/div><div class=\"su-service-content su-u-clearfix su-u-trim\" style=\"padding-left:46px\">5 \/ 5 (1)<\/div><\/div>\n<\/div>\n<\/div>\n<\/div>\n\n\n\n<div class=\"wp-block-columns is-layout-flex wp-container-core-columns-is-layout-9d6595d7 wp-block-columns-is-layout-flex\">\n<div class=\"wp-block-column mapa2 is-layout-flow wp-block-column-is-layout-flow\">\n<h2 class=\"wp-block-heading\">Ubicaci\u00f3n de Dogs Abc Ibiza<\/h2>\n\n\n\n<div class=\"su-gmap su-u-responsive-media-yes mapa\"><iframe loading=\"lazy\" width=\"600\" height=\"280\" src=\"\/\/maps.google.com\/maps?q=Dogs%20Abc%20Ibiza%2C%20carretera%20san%20miguel%2C%20km%205%2C2%2C%20Buz%C3%B3n%20Serreta%20102%2C%2007814%20Santa%20Gertrudis%20de%20Fruitera%2C%20Illes%20Balears&amp;output=embed&amp;z=20\" title=\"\"><\/iframe><\/div>\n\n\n\n<h2 class=\"wp-block-heading\">Horarios de Dogs Abc Ibiza<\/h2>\n\n\n\n<figure class=\"wp-block-table\"><table><tbody><tr><td><strong>Lunes<\/strong><\/td><td>lunes: 8:00\u201320:00<\/td><\/tr><tr><td><strong>Martes<\/strong><\/td><td>martes: 8:00\u201320:00<\/td><\/tr><tr><td><strong>Mi\u00e9rcoles<\/strong><\/td><td>mi\u00e9rcoles: 8:00\u201320:00<\/td><\/tr><tr><td><strong>Jueves<\/strong><\/td><td>jueves: 8:00\u201320:00<\/td><\/tr><tr><td><strong>Viernes<\/strong><\/td><td>viernes: 8:00\u201320:00<\/td><\/tr><tr><td><strong>S\u00e1bado<\/strong><\/td><td>s\u00e1bado: 8:00\u201320:00<\/td><\/tr><tr><td><strong>Domingo<\/strong><\/td><td>domingo: Cerrado<\/td><\/tr><\/tbody><\/table><\/figure>\n\n\n\n<h2 class=\"wp-block-heading\">Tel\u00e9fono de Dogs Abc Ibiza<\/h2>\n\n\n\n<p>Si quieres comunicarte con <strong>Dogs Abc Ibiza<\/strong>, puedes hacerlo directamente llamando al siguiente n\u00famero:<\/p>\n\n\n\n<div class=\"wp-block-buttons is-content-justification-center is-layout-flex wp-container-core-buttons-is-layout-16018d1d wp-block-buttons-is-layout-flex\">\n<div class=\"wp-block-button is-style-fill\"><a class=\"wp-block-button__link has-background has-medium-font-size has-custom-font-size wp-element-button\" href=\"tel:653 96 30 37\" style=\"border-radius:6px;background-color:#2471a3\">Llamar ahora<\/a><\/div>\n<\/div>\n\n\n\n<h2 class=\"wp-block-heading\">M\u00e1s informaci\u00f3n<\/h2>\n\n\n\n<p>En el centro de adiestramiento canino Dogs Abc Ibiza, ubicado en carretera San Miguel, km 5,2, Buz\u00f3n Serreta 102, 07814 Santa Gertrudis de Fruitera, ofrecemos un enfoque integral para el adiestramiento de perros en Santa Gertrudis De Fruitera. Nuestro equipo de adiestradores de perros en Illes Balears se especializa en obediencia, socializaci\u00f3n y modificaci\u00f3n de conducta, garantizando que cada mascota reciba la atenci\u00f3n y el entrenamiento adecuados a sus necesidades espec\u00edficas. En Dogs Abc Ibiza, nos destacamos por nuestro m\u00e9todo personalizado y basado en el refuerzo positivo, lo que no solo mejora la relaci\u00f3n entre el perro y su due\u00f1o, sino que tambi\u00e9n fomenta un ambiente de aprendizaje divertido y efectivo. Si buscas un servicio de calidad para adiestrar perros, nuestro centro es la opci\u00f3n ideal para transformar el comportamiento de tu mascota y disfrutar de una convivencia armoniosa.<\/p>\n\n\n\n<p>Ubicado en carretera san miguel, km 5,2, Buz\u00f3n Serreta 102, 07814 Santa Gertrudis de Fruitera, Illes Balears, este centro de adiestramiento canino en Santa Gertrudis De Fruitera es reconocido por su trato cercano, profesionalidad y resultados evidentes. Revisa las rese\u00f1as de otros due\u00f1os de mascotas para conocer su testimonio.<\/p>\n<\/div>\n<\/div>\n\n\n\n<p><\/p>\n\n\n\n<p>Si necesitas conocer otros (PONER NEGOCIO, ej: asesor\u00eda legal, decoraci\u00f3n de eventos, instalaciones el\u00e9ctricas) puedes <strong><a href=\"\/\">visitar nuestra p\u00e1gina principal<\/a><\/strong>.<\/p>\n","protected":false},"excerpt":{"rendered":"<p>Si acaso buscas buscando un sitio seguro id\u00f3neo para adiestramiento de perros en el \u00e1rea de Santa Gertrudis De Fruitera, nuestra instituci\u00f3n representa una excelente opci\u00f3n. Nuestra instalaci\u00f3n trabaja en el manejo de perros sin importar la raza o edad, usando m\u00e9todos \u00e9ticos adem\u00e1s de efectivos. Dogs Abc Ibiza Dentro de los tratamientos m\u00e1s solicitados [&hellip;]<\/p>\n","protected":false},"author":2,"featured_media":0,"parent":8202,"menu_order":0,"comment_status":"closed","ping_status":"closed","template":"","meta":{"_et_pb_use_builder":"","_et_pb_old_content":"","_et_gb_content_width":"","footnotes":""},"tags":[1158],"class_list":["post-10249","page","type-page","status-publish","hentry","tag-santa-gertrudis-de-fruitera"],"_links":{"self":[{"href":"https:\/\/www.adiestradorcanino.com\/webdelperro\/wp-json\/wp\/v2\/pages\/10249","targetHints":{"allow":["GET"]}}],"collection":[{"href":"https:\/\/www.adiestradorcanino.com\/webdelperro\/wp-json\/wp\/v2\/pages"}],"about":[{"href":"https:\/\/www.adiestradorcanino.com\/webdelperro\/wp-json\/wp\/v2\/types\/page"}],"author":[{"embeddable":true,"href":"https:\/\/www.adiestradorcanino.com\/webdelperro\/wp-json\/wp\/v2\/users\/2"}],"replies":[{"embeddable":true,"href":"https:\/\/www.adiestradorcanino.com\/webdelperro\/wp-json\/wp\/v2\/comments?post=10249"}],"version-history":[{"count":0,"href":"https:\/\/www.adiestradorcanino.com\/webdelperro\/wp-json\/wp\/v2\/pages\/10249\/revisions"}],"up":[{"embeddable":true,"href":"https:\/\/www.adiestradorcanino.com\/webdelperro\/wp-json\/wp\/v2\/pages\/8202"}],"wp:attachment":[{"href":"https:\/\/www.adiestradorcanino.com\/webdelperro\/wp-json\/wp\/v2\/media?parent=10249"}],"wp:term":[{"taxonomy":"post_tag","embeddable":true,"href":"https:\/\/www.adiestradorcanino.com\/webdelperro\/wp-json\/wp\/v2\/tags?post=10249"}],"curies":[{"name":"wp","href":"https:\/\/api.w.org\/{rel}","templated":true}]}}