{"id":10248,"date":"2025-07-09T08:10:52","date_gmt":"2025-07-09T08:10:52","guid":{"rendered":"https:\/\/www.adiestradorcanino.com\/webdelperro\/illes-balears\/palma\/adiestramiento-canino-el-arca-de-tia-vivi-en-palma-illes-balears\/"},"modified":"2025-07-09T08:10:52","modified_gmt":"2025-07-09T08:10:52","slug":"adiestramiento-canino-el-arca-de-tia-vivi-en-palma-illes-balears","status":"publish","type":"page","link":"https:\/\/www.adiestradorcanino.com\/webdelperro\/illes-balears\/palma\/adiestramiento-canino-el-arca-de-tia-vivi-en-palma-illes-balears\/","title":{"rendered":"Adiestramiento canino El Arca De Tia Vivi en Palma, Illes Balears"},"content":{"rendered":"\n<p>Si acaso buscas buscando un lugar confiable para el adiestramiento canino en Palma, nuestra instituci\u00f3n representa una excelente opci\u00f3n. Nuestra instalaci\u00f3n trabaja con perros sin importar la raza o edad, siempre utilizando t\u00e9cnicas \u00e9ticos adem\u00e1s de \u00fatiles.<\/p>\n\n\n\n<h2 class=\"wp-block-heading has-text-align-left nombreclinica\">El Arca De Tia Vivi<\/h2>\n\n\n\n<div class=\"wp-block-group is-layout-constrained wp-block-group-is-layout-constrained\">\n<div class=\"wp-block-columns nc-clase-ficha is-layout-flex wp-container-core-columns-is-layout-9d6595d7 wp-block-columns-is-layout-flex\">\n<div class=\"wp-block-column is-vertically-aligned-center is-layout-flow wp-block-column-is-layout-flow\">\n<figure class=\"wp-block-image size-full\"><img decoding=\"async\" src=\"https:\/\/www.adiestradorcanino.com\/webdelperro\/wp-content\/uploads\/2025\/07\/El-Arca-De-Tia-Vivi.jpg\" alt=\"El Arca De Tia Vivi\" class=\"wp-image-19766\"\/><\/figure>\n\n\n\n<p>Dentro de nuestros servicios m\u00e1s demandados est\u00e1n los entrenamiento de obediencia, la correcci\u00f3n de conductas inapropiadas, la interacci\u00f3n con otros animales y las sesiones especiales para cachorros. Asimismo, en el centro se adaptan a las necesidades espec\u00edficas de cada familia y su mascota.<\/p>\n<\/div>\n\n\n\n<div class=\"wp-block-column is-vertically-aligned-center is-layout-flow wp-block-column-is-layout-flow\">\n<div class=\"su-service\"><div class=\"su-service-title\" style=\"padding-left:46px;min-height:32px;line-height:32px\"><i class=\"sui sui-user\" style=\"font-size:32px;color:#2471a3\"><\/i> <strong>Nombre<\/strong><\/div><div class=\"su-service-content su-u-clearfix su-u-trim\" style=\"padding-left:46px\">El Arca De Tia Vivi<\/div><\/div>\n\n\n\n<div class=\"su-service\"><div class=\"su-service-title\" style=\"padding-left:46px;min-height:32px;line-height:32px\"><i class=\"sui sui-map-marker\" style=\"font-size:32px;color:#2471a3\"><\/i> <strong>Direcci\u00f3n<\/strong><\/div><div class=\"su-service-content su-u-clearfix su-u-trim\" style=\"padding-left:46px\">Disseminat son Ds 8424, Llevant, 07198 Palma, Illes Balears<\/div><\/div>\n\n\n\n<div class=\"su-service\"><div class=\"su-service-title\" style=\"padding-left:46px;min-height:32px;line-height:32px\"><i class=\"sui sui-volume-control-phone\" style=\"font-size:32px;color:#2471a3\"><\/i> <strong>Tel\u00e9fono<\/strong><\/div><div class=\"su-service-content su-u-clearfix su-u-trim\" style=\"padding-left:46px\">628 30 63 66<\/div><\/div>\n\n\n\n<div class=\"su-service\"><div class=\"su-service-title\" style=\"padding-left:46px;min-height:32px;line-height:32px\"><i class=\"sui sui-globe\" style=\"font-size:32px;color:#2471a3\"><\/i> <strong>Sitio web<\/strong><\/div><div class=\"su-service-content su-u-clearfix su-u-trim\" style=\"padding-left:46px\"><\/div><\/div>\n\n\n\n<div class=\"su-service\"><div class=\"su-service-title\" style=\"padding-left:46px;min-height:32px;line-height:32px\"><i class=\"sui sui-star\" style=\"font-size:32px;color:#2471a3\"><\/i> Valoraci\u00f3n de los clientes<\/div><div class=\"su-service-content su-u-clearfix su-u-trim\" style=\"padding-left:46px\">4.7 \/ 5 (132)<\/div><\/div>\n<\/div>\n<\/div>\n<\/div>\n\n\n\n<div class=\"wp-block-columns is-layout-flex wp-container-core-columns-is-layout-9d6595d7 wp-block-columns-is-layout-flex\">\n<div class=\"wp-block-column mapa2 is-layout-flow wp-block-column-is-layout-flow\">\n<h2 class=\"wp-block-heading\">Ubicaci\u00f3n de El Arca De Tia Vivi<\/h2>\n\n\n\n<div class=\"su-gmap su-u-responsive-media-yes mapa\"><iframe loading=\"lazy\" width=\"600\" height=\"280\" src=\"\/\/maps.google.com\/maps?q=El%20Arca%20De%20Tia%20Vivi%2C%20Disseminat%20son%20Ds%208424%2C%20Llevant%2C%2007198%20Palma%2C%20Illes%20Balears&amp;output=embed&amp;z=20\" title=\"\"><\/iframe><\/div>\n\n\n\n<h2 class=\"wp-block-heading\">Horarios de El Arca De Tia Vivi<\/h2>\n\n\n\n<figure class=\"wp-block-table\"><table><tbody><tr><td><strong>Lunes<\/strong><\/td><td><\/td><\/tr><tr><td><strong>Martes<\/strong><\/td><td><\/td><\/tr><tr><td><strong>Mi\u00e9rcoles<\/strong><\/td><td><\/td><\/tr><tr><td><strong>Jueves<\/strong><\/td><td><\/td><\/tr><tr><td><strong>Viernes<\/strong><\/td><td><\/td><\/tr><tr><td><strong>S\u00e1bado<\/strong><\/td><td><\/td><\/tr><tr><td><strong>Domingo<\/strong><\/td><td><\/td><\/tr><\/tbody><\/table><\/figure>\n\n\n\n<h2 class=\"wp-block-heading\">Tel\u00e9fono de El Arca De Tia Vivi<\/h2>\n\n\n\n<p>Si quieres comunicarte con <strong>El Arca De Tia Vivi<\/strong>, puedes hacerlo directamente llamando al siguiente n\u00famero:<\/p>\n\n\n\n<div class=\"wp-block-buttons is-content-justification-center is-layout-flex wp-container-core-buttons-is-layout-16018d1d wp-block-buttons-is-layout-flex\">\n<div class=\"wp-block-button is-style-fill\"><a class=\"wp-block-button__link has-background has-medium-font-size has-custom-font-size wp-element-button\" href=\"tel:628 30 63 66\" style=\"border-radius:6px;background-color:#2471a3\">Llamar ahora<\/a><\/div>\n<\/div>\n\n\n\n<h2 class=\"wp-block-heading\">M\u00e1s informaci\u00f3n<\/h2>\n\n\n\n<p>El centro de adiestramiento canino El Arca De Tia Vivi, ubicado en Disseminat son Ds 8424, Llevant, 07198 Palma, Illes Balears, se destaca como una de las mejores opciones para quienes buscan adiestramiento canino en Palma. Con un enfoque integral que abarca la obediencia, socializaci\u00f3n y modificaci\u00f3n de conducta, nuestros adiestradores de perros en Illes Balears est\u00e1n comprometidos en ofrecer un servicio personalizado que se adapta a las necesidades espec\u00edficas de cada mascota y su due\u00f1o. Utilizamos m\u00e9todos positivos y efectivos para adiestrar perros, garantizando resultados duraderos y una relaci\u00f3n armoniosa entre el animal y su familia. En El Arca De Tia Vivi, no solo formamos perros obedientes, sino que tambi\u00e9n promovemos un ambiente de aprendizaje divertido y enriquecedor, lo que nos convierte en una opci\u00f3n preferida para aquellos que buscan calidad y profesionalismo en el adiestramiento canino.<\/p>\n\n\n\n<p>Localizado en Disseminat son Ds 8424, Llevant, 07198 Palma, Illes Balears, el centro de adiestramiento canino en Palma se considera destacado por su trato afectuoso, profesionalidad y resultados evidentes. Revisa las valoraciones de otros due\u00f1os de mascotas para entender su testimonio.<\/p>\n<\/div>\n<\/div>\n\n\n\n<p><\/p>\n\n\n\n<p>Si necesitas conocer otros (PONER NEGOCIO, ej: asesor\u00eda legal, decoraci\u00f3n de eventos, instalaciones el\u00e9ctricas) puedes <strong><a href=\"\/\">visitar nuestra p\u00e1gina principal<\/a><\/strong>.<\/p>\n","protected":false},"excerpt":{"rendered":"<p>Si acaso buscas buscando un lugar confiable para el adiestramiento canino en Palma, nuestra instituci\u00f3n representa una excelente opci\u00f3n. Nuestra instalaci\u00f3n trabaja con perros sin importar la raza o edad, siempre utilizando t\u00e9cnicas \u00e9ticos adem\u00e1s de \u00fatiles. El Arca De Tia Vivi Dentro de nuestros servicios m\u00e1s demandados est\u00e1n los entrenamiento de obediencia, la correcci\u00f3n [&hellip;]<\/p>\n","protected":false},"author":2,"featured_media":0,"parent":8166,"menu_order":0,"comment_status":"closed","ping_status":"closed","template":"","meta":{"_et_pb_use_builder":"","_et_pb_old_content":"","_et_gb_content_width":"","footnotes":""},"tags":[944],"class_list":["post-10248","page","type-page","status-publish","hentry","tag-palma"],"_links":{"self":[{"href":"https:\/\/www.adiestradorcanino.com\/webdelperro\/wp-json\/wp\/v2\/pages\/10248","targetHints":{"allow":["GET"]}}],"collection":[{"href":"https:\/\/www.adiestradorcanino.com\/webdelperro\/wp-json\/wp\/v2\/pages"}],"about":[{"href":"https:\/\/www.adiestradorcanino.com\/webdelperro\/wp-json\/wp\/v2\/types\/page"}],"author":[{"embeddable":true,"href":"https:\/\/www.adiestradorcanino.com\/webdelperro\/wp-json\/wp\/v2\/users\/2"}],"replies":[{"embeddable":true,"href":"https:\/\/www.adiestradorcanino.com\/webdelperro\/wp-json\/wp\/v2\/comments?post=10248"}],"version-history":[{"count":0,"href":"https:\/\/www.adiestradorcanino.com\/webdelperro\/wp-json\/wp\/v2\/pages\/10248\/revisions"}],"up":[{"embeddable":true,"href":"https:\/\/www.adiestradorcanino.com\/webdelperro\/wp-json\/wp\/v2\/pages\/8166"}],"wp:attachment":[{"href":"https:\/\/www.adiestradorcanino.com\/webdelperro\/wp-json\/wp\/v2\/media?parent=10248"}],"wp:term":[{"taxonomy":"post_tag","embeddable":true,"href":"https:\/\/www.adiestradorcanino.com\/webdelperro\/wp-json\/wp\/v2\/tags?post=10248"}],"curies":[{"name":"wp","href":"https:\/\/api.w.org\/{rel}","templated":true}]}}