{"id":10247,"date":"2025-07-09T08:10:46","date_gmt":"2025-07-09T08:10:46","guid":{"rendered":"https:\/\/www.adiestradorcanino.com\/webdelperro\/illes-balears\/san-juan-bautista\/adiestramiento-canino-guia-emocional-canina-en-san-juan-bautista-illes-balears\/"},"modified":"2025-07-09T08:10:46","modified_gmt":"2025-07-09T08:10:46","slug":"adiestramiento-canino-guia-emocional-canina-en-san-juan-bautista-illes-balears","status":"publish","type":"page","link":"https:\/\/www.adiestradorcanino.com\/webdelperro\/illes-balears\/san-juan-bautista\/adiestramiento-canino-guia-emocional-canina-en-san-juan-bautista-illes-balears\/","title":{"rendered":"Adiestramiento canino Gu\u00eda Emocional Canina en San Juan Bautista, Illes Balears"},"content":{"rendered":"\n<p>Si est\u00e1s en la b\u00fasqueda de un sitio confiable para el adiestramiento canino en San Juan Bautista, nuestra instituci\u00f3n representa una alternativa destacada. Este centro se dedica en el manejo de mascotas de cualquier edad y raza, usando t\u00e9cnicas respetuosos y tambi\u00e9n \u00fatiles.<\/p>\n\n\n\n<h2 class=\"wp-block-heading has-text-align-left nombreclinica\">Gu\u00eda Emocional Canina<\/h2>\n\n\n\n<div class=\"wp-block-group is-layout-constrained wp-block-group-is-layout-constrained\">\n<div class=\"wp-block-columns nc-clase-ficha is-layout-flex wp-container-core-columns-is-layout-9d6595d7 wp-block-columns-is-layout-flex\">\n<div class=\"wp-block-column is-vertically-aligned-center is-layout-flow wp-block-column-is-layout-flow\">\n<figure class=\"wp-block-image size-full\"><img decoding=\"async\" src=\"https:\/\/www.adiestradorcanino.com\/webdelperro\/wp-content\/uploads\/2025\/07\/Guia-Emocional-Canina.jpg\" alt=\"Gu\u00eda Emocional Canina\" class=\"wp-image-19766\"\/><\/figure>\n\n\n\n<p>Entre nuestros tratamientos m\u00e1s solicitados se encuentran los entrenamiento de obediencia, la modificaci\u00f3n de comportamientos no deseados, la socializaci\u00f3n con otros animales y las clases espec\u00edficas para cachorros. Asimismo, en nuestro centro se adaptan a las necesidades concretas de cada hogar y su animal.<\/p>\n<\/div>\n\n\n\n<div class=\"wp-block-column is-vertically-aligned-center is-layout-flow wp-block-column-is-layout-flow\">\n<div class=\"su-service\"><div class=\"su-service-title\" style=\"padding-left:46px;min-height:32px;line-height:32px\"><i class=\"sui sui-user\" style=\"font-size:32px;color:#2471a3\"><\/i> <strong>Nombre<\/strong><\/div><div class=\"su-service-content su-u-clearfix su-u-trim\" style=\"padding-left:46px\">Gu\u00eda Emocional Canina<\/div><\/div>\n\n\n\n<div class=\"su-service\"><div class=\"su-service-title\" style=\"padding-left:46px;min-height:32px;line-height:32px\"><i class=\"sui sui-map-marker\" style=\"font-size:32px;color:#2471a3\"><\/i> <strong>Direcci\u00f3n<\/strong><\/div><div class=\"su-service-content su-u-clearfix su-u-trim\" style=\"padding-left:46px\">Can Miquel de sa Font, 07810 San Juan Bautista, Illes Balears<\/div><\/div>\n\n\n\n<div class=\"su-service\"><div class=\"su-service-title\" style=\"padding-left:46px;min-height:32px;line-height:32px\"><i class=\"sui sui-volume-control-phone\" style=\"font-size:32px;color:#2471a3\"><\/i> <strong>Tel\u00e9fono<\/strong><\/div><div class=\"su-service-content su-u-clearfix su-u-trim\" style=\"padding-left:46px\">692 09 38 79<\/div><\/div>\n\n\n\n<div class=\"su-service\"><div class=\"su-service-title\" style=\"padding-left:46px;min-height:32px;line-height:32px\"><i class=\"sui sui-globe\" style=\"font-size:32px;color:#2471a3\"><\/i> <strong>Sitio web<\/strong><\/div><div class=\"su-service-content su-u-clearfix su-u-trim\" style=\"padding-left:46px\"><\/div><\/div>\n\n\n\n<div class=\"su-service\"><div class=\"su-service-title\" style=\"padding-left:46px;min-height:32px;line-height:32px\"><i class=\"sui sui-star\" style=\"font-size:32px;color:#2471a3\"><\/i> Valoraci\u00f3n de los clientes<\/div><div class=\"su-service-content su-u-clearfix su-u-trim\" style=\"padding-left:46px\">5 \/ 5 (1)<\/div><\/div>\n<\/div>\n<\/div>\n<\/div>\n\n\n\n<div class=\"wp-block-columns is-layout-flex wp-container-core-columns-is-layout-9d6595d7 wp-block-columns-is-layout-flex\">\n<div class=\"wp-block-column mapa2 is-layout-flow wp-block-column-is-layout-flow\">\n<h2 class=\"wp-block-heading\">Ubicaci\u00f3n de Gu\u00eda Emocional Canina<\/h2>\n\n\n\n<div class=\"su-gmap su-u-responsive-media-yes mapa\"><iframe loading=\"lazy\" width=\"600\" height=\"280\" src=\"\/\/maps.google.com\/maps?q=Gu%C3%ADa%20Emocional%20Canina%2C%20Can%20Miquel%20de%20sa%20Font%2C%2007810%20San%20Juan%20Bautista%2C%20Illes%20Balears&amp;output=embed&amp;z=20\" title=\"\"><\/iframe><\/div>\n\n\n\n<h2 class=\"wp-block-heading\">Horarios de Gu\u00eda Emocional Canina<\/h2>\n\n\n\n<figure class=\"wp-block-table\"><table><tbody><tr><td><strong>Lunes<\/strong><\/td><td>lunes: 8:00\u201313:00, 17:00\u201320:00<\/td><\/tr><tr><td><strong>Martes<\/strong><\/td><td>martes: 8:00\u201313:00, 17:00\u201320:00<\/td><\/tr><tr><td><strong>Mi\u00e9rcoles<\/strong><\/td><td>mi\u00e9rcoles: 8:00\u201313:00, 17:00\u201320:00<\/td><\/tr><tr><td><strong>Jueves<\/strong><\/td><td>jueves: 8:00\u201313:00, 17:00\u201320:00<\/td><\/tr><tr><td><strong>Viernes<\/strong><\/td><td>viernes: 8:00\u201313:00, 17:00\u201320:00<\/td><\/tr><tr><td><strong>S\u00e1bado<\/strong><\/td><td>s\u00e1bado: 8:00\u201313:00, 17:00\u201320:00<\/td><\/tr><tr><td><strong>Domingo<\/strong><\/td><td>domingo: 8:00\u201313:00, 17:00\u201320:00<\/td><\/tr><\/tbody><\/table><\/figure>\n\n\n\n<h2 class=\"wp-block-heading\">Tel\u00e9fono de Gu\u00eda Emocional Canina<\/h2>\n\n\n\n<p>Si quieres comunicarte con <strong>Gu\u00eda Emocional Canina<\/strong>, puedes hacerlo directamente llamando al siguiente n\u00famero:<\/p>\n\n\n\n<div class=\"wp-block-buttons is-content-justification-center is-layout-flex wp-container-core-buttons-is-layout-16018d1d wp-block-buttons-is-layout-flex\">\n<div class=\"wp-block-button is-style-fill\"><a class=\"wp-block-button__link has-background has-medium-font-size has-custom-font-size wp-element-button\" href=\"tel:692 09 38 79\" style=\"border-radius:6px;background-color:#2471a3\">Llamar ahora<\/a><\/div>\n<\/div>\n\n\n\n<h2 class=\"wp-block-heading\">M\u00e1s informaci\u00f3n<\/h2>\n\n\n\n<p>En el coraz\u00f3n de San Juan Bautista, en la provincia de Illes Balears, se encuentra el centro de adiestramiento canino Gu\u00eda Emocional Canina, un espacio dedicado a ofrecer servicios de educaci\u00f3n canina de alta calidad. Nuestro enfoque integral abarca desde la obediencia b\u00e1sica hasta la socializaci\u00f3n y la modificaci\u00f3n de conducta, garantizando que cada perro reciba un adiestramiento personalizado que se adapta a sus necesidades y caracter\u00edsticas individuales. Contamos con un equipo de adiestradores de perros en Illes Balears altamente capacitados, que utilizan m\u00e9todos positivos y efectivos para fomentar un v\u00ednculo s\u00f3lido entre el propietario y su mascota. En Gu\u00eda Emocional Canina, nos comprometemos a transformar la experiencia de adiestrar perros en un proceso enriquecedor y placentero, destac\u00e1ndonos por nuestra atenci\u00f3n al detalle y un trato cercano que asegura el bienestar emocional de tu compa\u00f1ero peludo. Si buscas adiestramiento canino en San Juan Bautista, nuestro centro es la opci\u00f3n ideal para lograr una convivencia arm\u00f3nica y equilibrada con tu mascota.<\/p>\n\n\n\n<p>Situado en Can Miquel de sa Font, 07810 San Juan Bautista, Illes Balears, este centro de adiestramiento canino en San Juan Bautista es destacado por su atenci\u00f3n afectuoso, expertise y resultados notables. Consulta las valoraciones de otros clientes para descubrir su experiencia.<\/p>\n<\/div>\n<\/div>\n\n\n\n<p><\/p>\n\n\n\n<p>Si necesitas conocer otros (PONER NEGOCIO, ej: asesor\u00eda legal, decoraci\u00f3n de eventos, instalaciones el\u00e9ctricas) puedes <strong><a href=\"\/\">visitar nuestra p\u00e1gina principal<\/a><\/strong>.<\/p>\n","protected":false},"excerpt":{"rendered":"<p>Si est\u00e1s en la b\u00fasqueda de un sitio confiable para el adiestramiento canino en San Juan Bautista, nuestra instituci\u00f3n representa una alternativa destacada. Este centro se dedica en el manejo de mascotas de cualquier edad y raza, usando t\u00e9cnicas respetuosos y tambi\u00e9n \u00fatiles. Gu\u00eda Emocional Canina Entre nuestros tratamientos m\u00e1s solicitados se encuentran los entrenamiento [&hellip;]<\/p>\n","protected":false},"author":2,"featured_media":0,"parent":8199,"menu_order":0,"comment_status":"closed","ping_status":"closed","template":"","meta":{"_et_pb_use_builder":"","_et_pb_old_content":"","_et_gb_content_width":"","footnotes":""},"tags":[1157],"class_list":["post-10247","page","type-page","status-publish","hentry","tag-san-juan-bautista"],"_links":{"self":[{"href":"https:\/\/www.adiestradorcanino.com\/webdelperro\/wp-json\/wp\/v2\/pages\/10247","targetHints":{"allow":["GET"]}}],"collection":[{"href":"https:\/\/www.adiestradorcanino.com\/webdelperro\/wp-json\/wp\/v2\/pages"}],"about":[{"href":"https:\/\/www.adiestradorcanino.com\/webdelperro\/wp-json\/wp\/v2\/types\/page"}],"author":[{"embeddable":true,"href":"https:\/\/www.adiestradorcanino.com\/webdelperro\/wp-json\/wp\/v2\/users\/2"}],"replies":[{"embeddable":true,"href":"https:\/\/www.adiestradorcanino.com\/webdelperro\/wp-json\/wp\/v2\/comments?post=10247"}],"version-history":[{"count":0,"href":"https:\/\/www.adiestradorcanino.com\/webdelperro\/wp-json\/wp\/v2\/pages\/10247\/revisions"}],"up":[{"embeddable":true,"href":"https:\/\/www.adiestradorcanino.com\/webdelperro\/wp-json\/wp\/v2\/pages\/8199"}],"wp:attachment":[{"href":"https:\/\/www.adiestradorcanino.com\/webdelperro\/wp-json\/wp\/v2\/media?parent=10247"}],"wp:term":[{"taxonomy":"post_tag","embeddable":true,"href":"https:\/\/www.adiestradorcanino.com\/webdelperro\/wp-json\/wp\/v2\/tags?post=10247"}],"curies":[{"name":"wp","href":"https:\/\/api.w.org\/{rel}","templated":true}]}}