{"id":10243,"date":"2025-07-09T08:10:20","date_gmt":"2025-07-09T08:10:20","guid":{"rendered":"https:\/\/www.adiestradorcanino.com\/webdelperro\/illes-balears\/felanitx\/adiestramiento-canino-tres-cans-en-felanitx-illes-balears\/"},"modified":"2025-07-09T08:10:20","modified_gmt":"2025-07-09T08:10:20","slug":"adiestramiento-canino-tres-cans-en-felanitx-illes-balears","status":"publish","type":"page","link":"https:\/\/www.adiestradorcanino.com\/webdelperro\/illes-balears\/felanitx\/adiestramiento-canino-tres-cans-en-felanitx-illes-balears\/","title":{"rendered":"Adiestramiento canino Tres Cans en Felanitx, Illes Balears"},"content":{"rendered":"\n<p>En caso de que buscas en la b\u00fasqueda un lugar de confianza id\u00f3neo para adiestramiento de perros en el \u00e1rea de Felanitx, este centro se presenta como una opci\u00f3n destacada. Nuestra instalaci\u00f3n se dedica en el entrenamiento de perros de todas las edades y razas, siempre m\u00e9todos amigables adem\u00e1s de \u00fatiles.<\/p>\n\n\n\n<h2 class=\"wp-block-heading has-text-align-left nombreclinica\">Tres Cans<\/h2>\n\n\n\n<div class=\"wp-block-group is-layout-constrained wp-block-group-is-layout-constrained\">\n<div class=\"wp-block-columns nc-clase-ficha is-layout-flex wp-container-core-columns-is-layout-9d6595d7 wp-block-columns-is-layout-flex\">\n<div class=\"wp-block-column is-vertically-aligned-center is-layout-flow wp-block-column-is-layout-flow\">\n<figure class=\"wp-block-image size-full\"><img decoding=\"async\" src=\"https:\/\/www.adiestradorcanino.com\/webdelperro\/wp-content\/uploads\/2025\/07\/Tres-Cans.png\" alt=\"Tres Cans\" class=\"wp-image-19766\"\/><\/figure>\n\n\n\n<p>Dentro de los tratamientos m\u00e1s demandados est\u00e1n la cursos de obediencia b\u00e1sica, la correcci\u00f3n de conductas no deseadas, la socializaci\u00f3n con otros animales y las clases dirigidas a cachorros. Asimismo, en el centro se adaptan a las necesidades espec\u00edficas de cada familia y su mascota.<\/p>\n<\/div>\n\n\n\n<div class=\"wp-block-column is-vertically-aligned-center is-layout-flow wp-block-column-is-layout-flow\">\n<div class=\"su-service\"><div class=\"su-service-title\" style=\"padding-left:46px;min-height:32px;line-height:32px\"><i class=\"sui sui-user\" style=\"font-size:32px;color:#2471a3\"><\/i> <strong>Nombre<\/strong><\/div><div class=\"su-service-content su-u-clearfix su-u-trim\" style=\"padding-left:46px\">Tres Cans<\/div><\/div>\n\n\n\n<div class=\"su-service\"><div class=\"su-service-title\" style=\"padding-left:46px;min-height:32px;line-height:32px\"><i class=\"sui sui-map-marker\" style=\"font-size:32px;color:#2471a3\"><\/i> <strong>Direcci\u00f3n<\/strong><\/div><div class=\"su-service-content su-u-clearfix su-u-trim\" style=\"padding-left:46px\">Carrer d&#8217;en Costa i Llobera, 07200 Felanitx, Illes Balears<\/div><\/div>\n\n\n\n<div class=\"su-service\"><div class=\"su-service-title\" style=\"padding-left:46px;min-height:32px;line-height:32px\"><i class=\"sui sui-volume-control-phone\" style=\"font-size:32px;color:#2471a3\"><\/i> <strong>Tel\u00e9fono<\/strong><\/div><div class=\"su-service-content su-u-clearfix su-u-trim\" style=\"padding-left:46px\">613 09 15 08<\/div><\/div>\n\n\n\n<div class=\"su-service\"><div class=\"su-service-title\" style=\"padding-left:46px;min-height:32px;line-height:32px\"><i class=\"sui sui-globe\" style=\"font-size:32px;color:#2471a3\"><\/i> <strong>Sitio web<\/strong><\/div><div class=\"su-service-content su-u-clearfix su-u-trim\" style=\"padding-left:46px\"><\/div><\/div>\n\n\n\n<div class=\"su-service\"><div class=\"su-service-title\" style=\"padding-left:46px;min-height:32px;line-height:32px\"><i class=\"sui sui-star\" style=\"font-size:32px;color:#2471a3\"><\/i> Valoraci\u00f3n de los clientes<\/div><div class=\"su-service-content su-u-clearfix su-u-trim\" style=\"padding-left:46px\">5 \/ 5 (23)<\/div><\/div>\n<\/div>\n<\/div>\n<\/div>\n\n\n\n<div class=\"wp-block-columns is-layout-flex wp-container-core-columns-is-layout-9d6595d7 wp-block-columns-is-layout-flex\">\n<div class=\"wp-block-column mapa2 is-layout-flow wp-block-column-is-layout-flow\">\n<h2 class=\"wp-block-heading\">Ubicaci\u00f3n de Tres Cans<\/h2>\n\n\n\n<div class=\"su-gmap su-u-responsive-media-yes mapa\"><iframe loading=\"lazy\" width=\"600\" height=\"280\" src=\"\/\/maps.google.com\/maps?q=Tres%20Cans%2C%20Carrer%20d%26%23039%3Ben%20Costa%20i%20Llobera%2C%2007200%20Felanitx%2C%20Illes%20Balears&amp;output=embed&amp;z=20\" title=\"\"><\/iframe><\/div>\n\n\n\n<h2 class=\"wp-block-heading\">Horarios de Tres Cans<\/h2>\n\n\n\n<figure class=\"wp-block-table\"><table><tbody><tr><td><strong>Lunes<\/strong><\/td><td>lunes: 9:00\u201314:00, 16:00\u201319:00<\/td><\/tr><tr><td><strong>Martes<\/strong><\/td><td>martes: 9:00\u201314:00<\/td><\/tr><tr><td><strong>Mi\u00e9rcoles<\/strong><\/td><td>mi\u00e9rcoles: 9:00\u201314:00, 16:00\u201319:00<\/td><\/tr><tr><td><strong>Jueves<\/strong><\/td><td>jueves: 9:00\u201314:00<\/td><\/tr><tr><td><strong>Viernes<\/strong><\/td><td>viernes: 9:00\u201314:00, 16:00\u201319:00<\/td><\/tr><tr><td><strong>S\u00e1bado<\/strong><\/td><td>s\u00e1bado: Cerrado<\/td><\/tr><tr><td><strong>Domingo<\/strong><\/td><td>domingo: Cerrado<\/td><\/tr><\/tbody><\/table><\/figure>\n\n\n\n<h2 class=\"wp-block-heading\">Tel\u00e9fono de Tres Cans<\/h2>\n\n\n\n<p>Si quieres comunicarte con <strong>Tres Cans<\/strong>, puedes hacerlo directamente llamando al siguiente n\u00famero:<\/p>\n\n\n\n<div class=\"wp-block-buttons is-content-justification-center is-layout-flex wp-container-core-buttons-is-layout-16018d1d wp-block-buttons-is-layout-flex\">\n<div class=\"wp-block-button is-style-fill\"><a class=\"wp-block-button__link has-background has-medium-font-size has-custom-font-size wp-element-button\" href=\"tel:613 09 15 08\" style=\"border-radius:6px;background-color:#2471a3\">Llamar ahora<\/a><\/div>\n<\/div>\n\n\n\n<h2 class=\"wp-block-heading\">M\u00e1s informaci\u00f3n<\/h2>\n\n\n\n<p>En el centro de adiestramiento canino Tres Cans, ubicado en Carrer d&#8217;en Costa i Llobera, 07200 Felanitx, Illes Balears, ofrecemos un enfoque integral y personalizado para adiestrar perros, asegurando que cada mascota reciba la atenci\u00f3n y formaci\u00f3n que necesita. Nuestros servicios abarcan desde la obediencia b\u00e1sica y la socializaci\u00f3n adecuada, hasta la modificaci\u00f3n de conducta, permitiendo que cada perro se convierta en un compa\u00f1ero equilibrado y feliz. Con un equipo de adiestradores de perros en Illes Balears altamente capacitados y apasionados por su trabajo, nos diferenciamos por nuestra metodolog\u00eda basada en el refuerzo positivo y en la comprensi\u00f3n del comportamiento canino, lo que nos convierte en la opci\u00f3n ideal para quienes buscan un servicio de calidad en adiestramiento canino en Felanitx. En Tres Cans, no solo ense\u00f1amos a los perros a obedecer, sino que tambi\u00e9n fortalecemos el v\u00ednculo entre el due\u00f1o y su mascota, garantizando una experiencia enriquecedora para ambos.<\/p>\n\n\n\n<p>Ubicado en Carrer d&#8217;en Costa i Llobera, 07200 Felanitx, Illes Balears, este centro de adiestramiento canino en Felanitx es reconocido por su trato afectuoso, profesionalidad y resultados evidentes. Mira las valoraciones de otros usuarios para conocer su testimonio.<\/p>\n<\/div>\n<\/div>\n\n\n\n<p><\/p>\n\n\n\n<p>Si necesitas conocer otros (PONER NEGOCIO, ej: asesor\u00eda legal, decoraci\u00f3n de eventos, instalaciones el\u00e9ctricas) puedes <strong><a href=\"\/\">visitar nuestra p\u00e1gina principal<\/a><\/strong>.<\/p>\n","protected":false},"excerpt":{"rendered":"<p>En caso de que buscas en la b\u00fasqueda un lugar de confianza id\u00f3neo para adiestramiento de perros en el \u00e1rea de Felanitx, este centro se presenta como una opci\u00f3n destacada. Nuestra instalaci\u00f3n se dedica en el entrenamiento de perros de todas las edades y razas, siempre m\u00e9todos amigables adem\u00e1s de \u00fatiles. Tres Cans Dentro de [&hellip;]<\/p>\n","protected":false},"author":2,"featured_media":0,"parent":8193,"menu_order":0,"comment_status":"closed","ping_status":"closed","template":"","meta":{"_et_pb_use_builder":"","_et_pb_old_content":"","_et_gb_content_width":"","footnotes":""},"tags":[1155],"class_list":["post-10243","page","type-page","status-publish","hentry","tag-felanitx"],"_links":{"self":[{"href":"https:\/\/www.adiestradorcanino.com\/webdelperro\/wp-json\/wp\/v2\/pages\/10243","targetHints":{"allow":["GET"]}}],"collection":[{"href":"https:\/\/www.adiestradorcanino.com\/webdelperro\/wp-json\/wp\/v2\/pages"}],"about":[{"href":"https:\/\/www.adiestradorcanino.com\/webdelperro\/wp-json\/wp\/v2\/types\/page"}],"author":[{"embeddable":true,"href":"https:\/\/www.adiestradorcanino.com\/webdelperro\/wp-json\/wp\/v2\/users\/2"}],"replies":[{"embeddable":true,"href":"https:\/\/www.adiestradorcanino.com\/webdelperro\/wp-json\/wp\/v2\/comments?post=10243"}],"version-history":[{"count":0,"href":"https:\/\/www.adiestradorcanino.com\/webdelperro\/wp-json\/wp\/v2\/pages\/10243\/revisions"}],"up":[{"embeddable":true,"href":"https:\/\/www.adiestradorcanino.com\/webdelperro\/wp-json\/wp\/v2\/pages\/8193"}],"wp:attachment":[{"href":"https:\/\/www.adiestradorcanino.com\/webdelperro\/wp-json\/wp\/v2\/media?parent=10243"}],"wp:term":[{"taxonomy":"post_tag","embeddable":true,"href":"https:\/\/www.adiestradorcanino.com\/webdelperro\/wp-json\/wp\/v2\/tags?post=10243"}],"curies":[{"name":"wp","href":"https:\/\/api.w.org\/{rel}","templated":true}]}}