{"id":10242,"date":"2025-07-09T08:10:11","date_gmt":"2025-07-09T08:10:11","guid":{"rendered":"https:\/\/www.adiestradorcanino.com\/webdelperro\/illes-balears\/algaida\/adiestramiento-canino-sa-caseta-guarderia-canina-sin-jaulas-en-algaida-illes-balears\/"},"modified":"2025-07-09T08:10:11","modified_gmt":"2025-07-09T08:10:11","slug":"adiestramiento-canino-sa-caseta-guarderia-canina-sin-jaulas-en-algaida-illes-balears","status":"publish","type":"page","link":"https:\/\/www.adiestradorcanino.com\/webdelperro\/illes-balears\/algaida\/adiestramiento-canino-sa-caseta-guarderia-canina-sin-jaulas-en-algaida-illes-balears\/","title":{"rendered":"Adiestramiento canino Sa Caseta Guarder\u00eda Canina &#8211; Sin Jaulas en Algaida, Illes Balears"},"content":{"rendered":"\n<p>Si est\u00e1s en la b\u00fasqueda un sitio seguro para el entrenamiento canino en el \u00e1rea de Algaida,  Sa Caseta Guarder\u00eda Canina &#8211; Sin Jaulas representa una excelente opci\u00f3n. Este centro se especializa en el entrenamiento de canes de cualquier edad y raza, siempre con \u00e9ticos y efectivos.<\/p>\n\n\n\n<h2 class=\"wp-block-heading has-text-align-left nombreclinica\">Sa Caseta Guarder\u00eda Canina &#8211; Sin Jaulas<\/h2>\n\n\n\n<div class=\"wp-block-group is-layout-constrained wp-block-group-is-layout-constrained\">\n<div class=\"wp-block-columns nc-clase-ficha is-layout-flex wp-container-core-columns-is-layout-9d6595d7 wp-block-columns-is-layout-flex\">\n<div class=\"wp-block-column is-vertically-aligned-center is-layout-flow wp-block-column-is-layout-flow\">\n<figure class=\"wp-block-image size-full\"><img decoding=\"async\" src=\"https:\/\/www.adiestradorcanino.com\/webdelperro\/wp-content\/uploads\/2025\/07\/Sa-Caseta-Guarderia-Canina-Sin-Jaulas.png\" alt=\"Sa Caseta Guarder\u00eda Canina - Sin Jaulas\" class=\"wp-image-19766\"\/><\/figure>\n\n\n\n<p>Dentro de los tratamientos m\u00e1s demandados est\u00e1n la entrenamiento de obediencia, la modificaci\u00f3n de comportamientos no deseados, la interacci\u00f3n con otros animales y las clases dirigidas a cachorros. Asimismo, en nombre se adaptan a las necesidades concretas de cada familia y su mascota.<\/p>\n<\/div>\n\n\n\n<div class=\"wp-block-column is-vertically-aligned-center is-layout-flow wp-block-column-is-layout-flow\">\n<div class=\"su-service\"><div class=\"su-service-title\" style=\"padding-left:46px;min-height:32px;line-height:32px\"><i class=\"sui sui-user\" style=\"font-size:32px;color:#2471a3\"><\/i> <strong>Nombre<\/strong><\/div><div class=\"su-service-content su-u-clearfix su-u-trim\" style=\"padding-left:46px\">Sa Caseta Guarder\u00eda Canina &#8211; Sin Jaulas<\/div><\/div>\n\n\n\n<div class=\"su-service\"><div class=\"su-service-title\" style=\"padding-left:46px;min-height:32px;line-height:32px\"><i class=\"sui sui-map-marker\" style=\"font-size:32px;color:#2471a3\"><\/i> <strong>Direcci\u00f3n<\/strong><\/div><div class=\"su-service-content su-u-clearfix su-u-trim\" style=\"padding-left:46px\">Cam\u00ed de Sa Caiassa, s\/n, 07210 Algaida, Illes Balears<\/div><\/div>\n\n\n\n<div class=\"su-service\"><div class=\"su-service-title\" style=\"padding-left:46px;min-height:32px;line-height:32px\"><i class=\"sui sui-volume-control-phone\" style=\"font-size:32px;color:#2471a3\"><\/i> <strong>Tel\u00e9fono<\/strong><\/div><div class=\"su-service-content su-u-clearfix su-u-trim\" style=\"padding-left:46px\">666 37 34 33<\/div><\/div>\n\n\n\n<div class=\"su-service\"><div class=\"su-service-title\" style=\"padding-left:46px;min-height:32px;line-height:32px\"><i class=\"sui sui-globe\" style=\"font-size:32px;color:#2471a3\"><\/i> <strong>Sitio web<\/strong><\/div><div class=\"su-service-content su-u-clearfix su-u-trim\" style=\"padding-left:46px\"><\/div><\/div>\n\n\n\n<div class=\"su-service\"><div class=\"su-service-title\" style=\"padding-left:46px;min-height:32px;line-height:32px\"><i class=\"sui sui-star\" style=\"font-size:32px;color:#2471a3\"><\/i> Valoraci\u00f3n de los clientes<\/div><div class=\"su-service-content su-u-clearfix su-u-trim\" style=\"padding-left:46px\">4.7 \/ 5 (141)<\/div><\/div>\n<\/div>\n<\/div>\n<\/div>\n\n\n\n<div class=\"wp-block-columns is-layout-flex wp-container-core-columns-is-layout-9d6595d7 wp-block-columns-is-layout-flex\">\n<div class=\"wp-block-column mapa2 is-layout-flow wp-block-column-is-layout-flow\">\n<h2 class=\"wp-block-heading\">Ubicaci\u00f3n de Sa Caseta Guarder\u00eda Canina &#8211; Sin Jaulas<\/h2>\n\n\n\n<div class=\"su-gmap su-u-responsive-media-yes mapa\"><iframe loading=\"lazy\" width=\"600\" height=\"280\" src=\"\/\/maps.google.com\/maps?q=Sa%20Caseta%20Guarder%C3%ADa%20Canina%20-%20Sin%20Jaulas%2C%20Cam%C3%AD%20de%20Sa%20Caiassa%2C%20s%2Fn%2C%2007210%20Algaida%2C%20Illes%20Balears&amp;output=embed&amp;z=20\" title=\"\"><\/iframe><\/div>\n\n\n\n<h2 class=\"wp-block-heading\">Horarios de Sa Caseta Guarder\u00eda Canina &#8211; Sin Jaulas<\/h2>\n\n\n\n<figure class=\"wp-block-table\"><table><tbody><tr><td><strong>Lunes<\/strong><\/td><td>lunes: 9:00\u201319:30<\/td><\/tr><tr><td><strong>Martes<\/strong><\/td><td>martes: 9:00\u201319:30<\/td><\/tr><tr><td><strong>Mi\u00e9rcoles<\/strong><\/td><td>mi\u00e9rcoles: 9:00\u201319:30<\/td><\/tr><tr><td><strong>Jueves<\/strong><\/td><td>jueves: 9:00\u201319:30<\/td><\/tr><tr><td><strong>Viernes<\/strong><\/td><td>viernes: 9:00\u201319:30<\/td><\/tr><tr><td><strong>S\u00e1bado<\/strong><\/td><td>s\u00e1bado: 9:00\u201319:30<\/td><\/tr><tr><td><strong>Domingo<\/strong><\/td><td>domingo: 9:00\u201319:30<\/td><\/tr><\/tbody><\/table><\/figure>\n\n\n\n<h2 class=\"wp-block-heading\">Tel\u00e9fono de Sa Caseta Guarder\u00eda Canina &#8211; Sin Jaulas<\/h2>\n\n\n\n<p>Si quieres comunicarte con <strong>Sa Caseta Guarder\u00eda Canina &#8211; Sin Jaulas<\/strong>, puedes hacerlo directamente llamando al siguiente n\u00famero:<\/p>\n\n\n\n<div class=\"wp-block-buttons is-content-justification-center is-layout-flex wp-container-core-buttons-is-layout-16018d1d wp-block-buttons-is-layout-flex\">\n<div class=\"wp-block-button is-style-fill\"><a class=\"wp-block-button__link has-background has-medium-font-size has-custom-font-size wp-element-button\" href=\"tel:666 37 34 33\" style=\"border-radius:6px;background-color:#2471a3\">Llamar ahora<\/a><\/div>\n<\/div>\n\n\n\n<h2 class=\"wp-block-heading\">M\u00e1s informaci\u00f3n<\/h2>\n\n\n\n<p>En Sa Caseta Guarder\u00eda Canina &#8211; Sin Jaulas, ubicada en el Cam\u00ed de Sa Caiassa, s\/n, 07210 Algaida, Illes Balears, ofrecemos un enfoque integral y personalizado para el adiestramiento canino en Algaida. Nuestros servicios incluyen programas de obediencia, socializaci\u00f3n y modificaci\u00f3n de conducta, dise\u00f1ados para que tu perro aprenda de manera positiva y divertida. Nuestros adiestradores de perros en Illes Balears est\u00e1n altamente capacitados y utilizan t\u00e9cnicas basadas en el respeto y la comprensi\u00f3n del comportamiento canino, lo que nos diferencia de otros centros. Creemos firmemente en un adiestramiento sin jaulas, proporcionando un ambiente seguro y estimulante donde tu mascota puede desarrollarse plenamente. Si buscas adiestrar perros con un enfoque profesional y cercano, en Sa Caseta encontrar\u00e1s la soluci\u00f3n ideal para fortalecer el v\u00ednculo con tu compa\u00f1ero peludo.<\/p>\n\n\n\n<p>Ubicado en Cam\u00ed de Sa Caiassa, s\/n, 07210 Algaida, Illes Balears, este centro de adiestramiento canino en Algaida es reconocido por su atenci\u00f3n afectuoso, seriedad y resultados notables. Revisa las rese\u00f1as de otros clientes para conocer su opini\u00f3n.<\/p>\n<\/div>\n<\/div>\n\n\n\n<p><\/p>\n\n\n\n<p>Si necesitas conocer otros (PONER NEGOCIO, ej: asesor\u00eda legal, decoraci\u00f3n de eventos, instalaciones el\u00e9ctricas) puedes <strong><a href=\"\/\">visitar nuestra p\u00e1gina principal<\/a><\/strong>.<\/p>\n","protected":false},"excerpt":{"rendered":"<p>Si est\u00e1s en la b\u00fasqueda un sitio seguro para el entrenamiento canino en el \u00e1rea de Algaida, Sa Caseta Guarder\u00eda Canina &#8211; Sin Jaulas representa una excelente opci\u00f3n. Este centro se especializa en el entrenamiento de canes de cualquier edad y raza, siempre con \u00e9ticos y efectivos. Sa Caseta Guarder\u00eda Canina &#8211; Sin Jaulas Dentro [&hellip;]<\/p>\n","protected":false},"author":2,"featured_media":0,"parent":8190,"menu_order":0,"comment_status":"closed","ping_status":"closed","template":"","meta":{"_et_pb_use_builder":"","_et_pb_old_content":"","_et_gb_content_width":"","footnotes":""},"tags":[1154],"class_list":["post-10242","page","type-page","status-publish","hentry","tag-algaida"],"_links":{"self":[{"href":"https:\/\/www.adiestradorcanino.com\/webdelperro\/wp-json\/wp\/v2\/pages\/10242","targetHints":{"allow":["GET"]}}],"collection":[{"href":"https:\/\/www.adiestradorcanino.com\/webdelperro\/wp-json\/wp\/v2\/pages"}],"about":[{"href":"https:\/\/www.adiestradorcanino.com\/webdelperro\/wp-json\/wp\/v2\/types\/page"}],"author":[{"embeddable":true,"href":"https:\/\/www.adiestradorcanino.com\/webdelperro\/wp-json\/wp\/v2\/users\/2"}],"replies":[{"embeddable":true,"href":"https:\/\/www.adiestradorcanino.com\/webdelperro\/wp-json\/wp\/v2\/comments?post=10242"}],"version-history":[{"count":0,"href":"https:\/\/www.adiestradorcanino.com\/webdelperro\/wp-json\/wp\/v2\/pages\/10242\/revisions"}],"up":[{"embeddable":true,"href":"https:\/\/www.adiestradorcanino.com\/webdelperro\/wp-json\/wp\/v2\/pages\/8190"}],"wp:attachment":[{"href":"https:\/\/www.adiestradorcanino.com\/webdelperro\/wp-json\/wp\/v2\/media?parent=10242"}],"wp:term":[{"taxonomy":"post_tag","embeddable":true,"href":"https:\/\/www.adiestradorcanino.com\/webdelperro\/wp-json\/wp\/v2\/tags?post=10242"}],"curies":[{"name":"wp","href":"https:\/\/api.w.org\/{rel}","templated":true}]}}