{"id":10241,"date":"2025-07-09T08:10:07","date_gmt":"2025-07-09T08:10:07","guid":{"rendered":"https:\/\/www.adiestradorcanino.com\/webdelperro\/illes-balears\/illes-balears\/adiestramiento-canino-karolina-wojcik-momentoperro-educadora-canina-en-illes-balears-illes-balears\/"},"modified":"2025-07-09T08:10:07","modified_gmt":"2025-07-09T08:10:07","slug":"adiestramiento-canino-karolina-wojcik-momentoperro-educadora-canina-en-illes-balears-illes-balears","status":"publish","type":"page","link":"https:\/\/www.adiestradorcanino.com\/webdelperro\/illes-balears\/illes-balears\/adiestramiento-canino-karolina-wojcik-momentoperro-educadora-canina-en-illes-balears-illes-balears\/","title":{"rendered":"Adiestramiento canino Karolina W\u00f3jcik Momentoperro &#8211; Educadora Canina en Illes Balears, Illes Balears"},"content":{"rendered":"\n<p>Si est\u00e1s en la b\u00fasqueda un sitio de confianza para el adiestramiento de perros en Illes Balears, este centro representa una alternativa destacada. Nuestra instalaci\u00f3n se especializa en el manejo de canes de todas las edades y razas, siempre utilizando t\u00e9cnicas respetuosos y tambi\u00e9n efectivos.<\/p>\n\n\n\n<h2 class=\"wp-block-heading has-text-align-left nombreclinica\">Karolina W\u00f3jcik Momentoperro &#8211; Educadora Canina<\/h2>\n\n\n\n<div class=\"wp-block-group is-layout-constrained wp-block-group-is-layout-constrained\">\n<div class=\"wp-block-columns nc-clase-ficha is-layout-flex wp-container-core-columns-is-layout-9d6595d7 wp-block-columns-is-layout-flex\">\n<div class=\"wp-block-column is-vertically-aligned-center is-layout-flow wp-block-column-is-layout-flow\">\n<figure class=\"wp-block-image size-full\"><img decoding=\"async\" src=\"https:\/\/www.adiestradorcanino.com\/webdelperro\/wp-content\/uploads\/2025\/07\/Karolina-Wojcik-Momentoperro-Educadora-Canina.png\" alt=\"Karolina W\u00f3jcik Momentoperro - Educadora Canina\" class=\"wp-image-19766\"\/><\/figure>\n\n\n\n<p>Dentro de los tratamientos m\u00e1s demandados est\u00e1n los cursos de obediencia b\u00e1sica, la correcci\u00f3n de conductas no deseadas, la interacci\u00f3n con otros animales y las clases espec\u00edficas para cachorros. Asimismo, en nombre nos adaptamos a las particularidades de cada hogar y su animal.<\/p>\n<\/div>\n\n\n\n<div class=\"wp-block-column is-vertically-aligned-center is-layout-flow wp-block-column-is-layout-flow\">\n<div class=\"su-service\"><div class=\"su-service-title\" style=\"padding-left:46px;min-height:32px;line-height:32px\"><i class=\"sui sui-user\" style=\"font-size:32px;color:#2471a3\"><\/i> <strong>Nombre<\/strong><\/div><div class=\"su-service-content su-u-clearfix su-u-trim\" style=\"padding-left:46px\">Karolina W\u00f3jcik Momentoperro &#8211; Educadora Canina<\/div><\/div>\n\n\n\n<div class=\"su-service\"><div class=\"su-service-title\" style=\"padding-left:46px;min-height:32px;line-height:32px\"><i class=\"sui sui-map-marker\" style=\"font-size:32px;color:#2471a3\"><\/i> <strong>Direcci\u00f3n<\/strong><\/div><div class=\"su-service-content su-u-clearfix su-u-trim\" style=\"padding-left:46px\">Cam\u00ed Can Pere Serra, 07829, Illes Balears<\/div><\/div>\n\n\n\n<div class=\"su-service\"><div class=\"su-service-title\" style=\"padding-left:46px;min-height:32px;line-height:32px\"><i class=\"sui sui-volume-control-phone\" style=\"font-size:32px;color:#2471a3\"><\/i> <strong>Tel\u00e9fono<\/strong><\/div><div class=\"su-service-content su-u-clearfix su-u-trim\" style=\"padding-left:46px\">602 58 58 85<\/div><\/div>\n\n\n\n<div class=\"su-service\"><div class=\"su-service-title\" style=\"padding-left:46px;min-height:32px;line-height:32px\"><i class=\"sui sui-globe\" style=\"font-size:32px;color:#2471a3\"><\/i> <strong>Sitio web<\/strong><\/div><div class=\"su-service-content su-u-clearfix su-u-trim\" style=\"padding-left:46px\">https:\/\/www.instagram.com\/karolina_momentoperro?igsh=Y3Z2OWJ4dXhlMzBm&amp;utm_source=qr<\/div><\/div>\n\n\n\n<div class=\"su-service\"><div class=\"su-service-title\" style=\"padding-left:46px;min-height:32px;line-height:32px\"><i class=\"sui sui-star\" style=\"font-size:32px;color:#2471a3\"><\/i> Valoraci\u00f3n de los clientes<\/div><div class=\"su-service-content su-u-clearfix su-u-trim\" style=\"padding-left:46px\">5 \/ 5 (10)<\/div><\/div>\n<\/div>\n<\/div>\n<\/div>\n\n\n\n<div class=\"wp-block-columns is-layout-flex wp-container-core-columns-is-layout-9d6595d7 wp-block-columns-is-layout-flex\">\n<div class=\"wp-block-column mapa2 is-layout-flow wp-block-column-is-layout-flow\">\n<h2 class=\"wp-block-heading\">Ubicaci\u00f3n de Karolina W\u00f3jcik Momentoperro &#8211; Educadora Canina<\/h2>\n\n\n\n<div class=\"su-gmap su-u-responsive-media-yes mapa\"><iframe loading=\"lazy\" width=\"600\" height=\"280\" src=\"\/\/maps.google.com\/maps?q=Karolina%20W%C3%B3jcik%20Momentoperro%20-%20Educadora%20Canina%2C%20Cam%C3%AD%20Can%20Pere%20Serra%2C%2007829%2C%20Illes%20Balears&amp;output=embed&amp;z=20\" title=\"\"><\/iframe><\/div>\n\n\n\n<h2 class=\"wp-block-heading\">Horarios de Karolina W\u00f3jcik Momentoperro &#8211; Educadora Canina<\/h2>\n\n\n\n<figure class=\"wp-block-table\"><table><tbody><tr><td><strong>Lunes<\/strong><\/td><td>lunes: 9:00\u201317:00<\/td><\/tr><tr><td><strong>Martes<\/strong><\/td><td>martes: 9:00\u201317:00<\/td><\/tr><tr><td><strong>Mi\u00e9rcoles<\/strong><\/td><td>mi\u00e9rcoles: 9:00\u201317:00<\/td><\/tr><tr><td><strong>Jueves<\/strong><\/td><td>jueves: 9:00\u201317:00<\/td><\/tr><tr><td><strong>Viernes<\/strong><\/td><td>viernes: 9:00\u201317:00<\/td><\/tr><tr><td><strong>S\u00e1bado<\/strong><\/td><td>s\u00e1bado: 9:00\u201317:00<\/td><\/tr><tr><td><strong>Domingo<\/strong><\/td><td>domingo: Cerrado<\/td><\/tr><\/tbody><\/table><\/figure>\n\n\n\n<h2 class=\"wp-block-heading\">Tel\u00e9fono de Karolina W\u00f3jcik Momentoperro &#8211; Educadora Canina<\/h2>\n\n\n\n<p>Si quieres comunicarte con <strong>Karolina W\u00f3jcik Momentoperro &#8211; Educadora Canina<\/strong>, puedes hacerlo directamente llamando al siguiente n\u00famero:<\/p>\n\n\n\n<div class=\"wp-block-buttons is-content-justification-center is-layout-flex wp-container-core-buttons-is-layout-16018d1d wp-block-buttons-is-layout-flex\">\n<div class=\"wp-block-button is-style-fill\"><a class=\"wp-block-button__link has-background has-medium-font-size has-custom-font-size wp-element-button\" href=\"tel:602 58 58 85\" style=\"border-radius:6px;background-color:#2471a3\">Llamar ahora<\/a><\/div>\n<\/div>\n\n\n\n<h2 class=\"wp-block-heading\">M\u00e1s informaci\u00f3n<\/h2>\n\n\n\n<p>En el centro de adiestramiento canino Karolina W\u00f3jcik Momentoperro, ubicado en Cam\u00ed Can Pere Serra, 07829, Illes Balears, ofrecemos un enfoque integral y personalizado para adiestrar perros, adaptado a las necesidades de cada mascota y su due\u00f1o. Nuestros servicios incluyen programas de obediencia, socializaci\u00f3n y modificaci\u00f3n de conducta, dise\u00f1ados para fomentar un v\u00ednculo s\u00f3lido entre el perro y su familia. Con un equipo de adiestradores de perros en Illes Balears altamente capacitados, garantizamos t\u00e9cnicas positivas y respetuosas que promueven el bienestar animal. Lo que nos distingue de otros centros de adiestramiento canino en Illes Balears es nuestro compromiso con un aprendizaje positivo y divertido, asegurando que cada sesi\u00f3n sea una experiencia enriquecedora tanto para el perro como para su due\u00f1o. Si buscas un servicio de calidad para educar a tu perro, en Karolina W\u00f3jcik Momentoperro encontrar\u00e1s la soluci\u00f3n ideal para lograr un compa\u00f1ero equilibrado y feliz.<\/p>\n\n\n\n<p>Localizado en Cam\u00ed Can Pere Serra, 07829, Illes Balears, este centro de adiestramiento canino en Illes Balears se considera reconocido por su trato personal, expertise y resultados evidentes. Consulta las rese\u00f1as de otros clientes para descubrir su opini\u00f3n.<\/p>\n<\/div>\n<\/div>\n\n\n\n<p><\/p>\n\n\n\n<p>Si necesitas conocer otros (PONER NEGOCIO, ej: asesor\u00eda legal, decoraci\u00f3n de eventos, instalaciones el\u00e9ctricas) puedes <strong><a href=\"\/\">visitar nuestra p\u00e1gina principal<\/a><\/strong>.<\/p>\n","protected":false},"excerpt":{"rendered":"<p>Si est\u00e1s en la b\u00fasqueda un sitio de confianza para el adiestramiento de perros en Illes Balears, este centro representa una alternativa destacada. Nuestra instalaci\u00f3n se especializa en el manejo de canes de todas las edades y razas, siempre utilizando t\u00e9cnicas respetuosos y tambi\u00e9n efectivos. Karolina W\u00f3jcik Momentoperro &#8211; Educadora Canina Dentro de los tratamientos [&hellip;]<\/p>\n","protected":false},"author":2,"featured_media":0,"parent":8175,"menu_order":0,"comment_status":"closed","ping_status":"closed","template":"","meta":{"_et_pb_use_builder":"","_et_pb_old_content":"","_et_gb_content_width":"","footnotes":""},"tags":[862],"class_list":["post-10241","page","type-page","status-publish","hentry","tag-illes-balears"],"_links":{"self":[{"href":"https:\/\/www.adiestradorcanino.com\/webdelperro\/wp-json\/wp\/v2\/pages\/10241","targetHints":{"allow":["GET"]}}],"collection":[{"href":"https:\/\/www.adiestradorcanino.com\/webdelperro\/wp-json\/wp\/v2\/pages"}],"about":[{"href":"https:\/\/www.adiestradorcanino.com\/webdelperro\/wp-json\/wp\/v2\/types\/page"}],"author":[{"embeddable":true,"href":"https:\/\/www.adiestradorcanino.com\/webdelperro\/wp-json\/wp\/v2\/users\/2"}],"replies":[{"embeddable":true,"href":"https:\/\/www.adiestradorcanino.com\/webdelperro\/wp-json\/wp\/v2\/comments?post=10241"}],"version-history":[{"count":0,"href":"https:\/\/www.adiestradorcanino.com\/webdelperro\/wp-json\/wp\/v2\/pages\/10241\/revisions"}],"up":[{"embeddable":true,"href":"https:\/\/www.adiestradorcanino.com\/webdelperro\/wp-json\/wp\/v2\/pages\/8175"}],"wp:attachment":[{"href":"https:\/\/www.adiestradorcanino.com\/webdelperro\/wp-json\/wp\/v2\/media?parent=10241"}],"wp:term":[{"taxonomy":"post_tag","embeddable":true,"href":"https:\/\/www.adiestradorcanino.com\/webdelperro\/wp-json\/wp\/v2\/tags?post=10241"}],"curies":[{"name":"wp","href":"https:\/\/api.w.org\/{rel}","templated":true}]}}