{"id":10238,"date":"2025-07-09T08:09:48","date_gmt":"2025-07-09T08:09:48","guid":{"rendered":"https:\/\/www.adiestradorcanino.com\/webdelperro\/illes-balears\/sencelles\/adiestramiento-canino-ca-sa-nina-libres-y-felices-como-en-casa-en-sencelles-illes-balears\/"},"modified":"2025-07-09T08:09:48","modified_gmt":"2025-07-09T08:09:48","slug":"adiestramiento-canino-ca-sa-nina-libres-y-felices-como-en-casa-en-sencelles-illes-balears","status":"publish","type":"page","link":"https:\/\/www.adiestradorcanino.com\/webdelperro\/illes-balears\/sencelles\/adiestramiento-canino-ca-sa-nina-libres-y-felices-como-en-casa-en-sencelles-illes-balears\/","title":{"rendered":"Adiestramiento canino Ca Sa Nina Libres Y Felices Como En Casa en Sencelles, Illes Balears"},"content":{"rendered":"\n<p>En caso de que te encuentras en la b\u00fasqueda de un sitio de confianza para adiestramiento de perros dentro de Sencelles, nuestra instituci\u00f3n se presenta como una alternativa destacada. Este lugar trabaja en el entrenamiento de mascotas sin importar la raza o edad, siempre m\u00e9todos \u00e9ticos adem\u00e1s de efectivos.<\/p>\n\n\n\n<h2 class=\"wp-block-heading has-text-align-left nombreclinica\">Ca Sa Nina Libres Y Felices Como En Casa<\/h2>\n\n\n\n<div class=\"wp-block-group is-layout-constrained wp-block-group-is-layout-constrained\">\n<div class=\"wp-block-columns nc-clase-ficha is-layout-flex wp-container-core-columns-is-layout-9d6595d7 wp-block-columns-is-layout-flex\">\n<div class=\"wp-block-column is-vertically-aligned-center is-layout-flow wp-block-column-is-layout-flow\">\n<figure class=\"wp-block-image size-full\"><img decoding=\"async\" src=\"https:\/\/www.adiestradorcanino.com\/webdelperro\/wp-content\/uploads\/2025\/07\/Ca-Sa-Nina-Libres-Y-Felices-Como-En-Casa.jpg\" alt=\"Ca Sa Nina Libres Y Felices Como En Casa\" class=\"wp-image-19766\"\/><\/figure>\n\n\n\n<p>Dentro de nuestros servicios m\u00e1s solicitados se encuentran los entrenamiento de obediencia, la correcci\u00f3n de conductas no deseadas, la socializaci\u00f3n con otros animales y las sesiones especiales para cachorros. Asimismo, en el centro se adaptan a las necesidades concretas de cada familia y su mascota.<\/p>\n<\/div>\n\n\n\n<div class=\"wp-block-column is-vertically-aligned-center is-layout-flow wp-block-column-is-layout-flow\">\n<div class=\"su-service\"><div class=\"su-service-title\" style=\"padding-left:46px;min-height:32px;line-height:32px\"><i class=\"sui sui-user\" style=\"font-size:32px;color:#2471a3\"><\/i> <strong>Nombre<\/strong><\/div><div class=\"su-service-content su-u-clearfix su-u-trim\" style=\"padding-left:46px\">Ca Sa Nina Libres Y Felices Como En Casa<\/div><\/div>\n\n\n\n<div class=\"su-service\"><div class=\"su-service-title\" style=\"padding-left:46px;min-height:32px;line-height:32px\"><i class=\"sui sui-map-marker\" style=\"font-size:32px;color:#2471a3\"><\/i> <strong>Direcci\u00f3n<\/strong><\/div><div class=\"su-service-content su-u-clearfix su-u-trim\" style=\"padding-left:46px\">39.6160228, 2.8653160, 07143 Sencelles, Illes Balears<\/div><\/div>\n\n\n\n<div class=\"su-service\"><div class=\"su-service-title\" style=\"padding-left:46px;min-height:32px;line-height:32px\"><i class=\"sui sui-volume-control-phone\" style=\"font-size:32px;color:#2471a3\"><\/i> <strong>Tel\u00e9fono<\/strong><\/div><div class=\"su-service-content su-u-clearfix su-u-trim\" style=\"padding-left:46px\">641 37 39 76<\/div><\/div>\n\n\n\n<div class=\"su-service\"><div class=\"su-service-title\" style=\"padding-left:46px;min-height:32px;line-height:32px\"><i class=\"sui sui-globe\" style=\"font-size:32px;color:#2471a3\"><\/i> <strong>Sitio web<\/strong><\/div><div class=\"su-service-content su-u-clearfix su-u-trim\" style=\"padding-left:46px\">https:\/\/casaninadogs.wixsite.com\/casaninadogs<\/div><\/div>\n\n\n\n<div class=\"su-service\"><div class=\"su-service-title\" style=\"padding-left:46px;min-height:32px;line-height:32px\"><i class=\"sui sui-star\" style=\"font-size:32px;color:#2471a3\"><\/i> Valoraci\u00f3n de los clientes<\/div><div class=\"su-service-content su-u-clearfix su-u-trim\" style=\"padding-left:46px\">4.9 \/ 5 (110)<\/div><\/div>\n<\/div>\n<\/div>\n<\/div>\n\n\n\n<div class=\"wp-block-columns is-layout-flex wp-container-core-columns-is-layout-9d6595d7 wp-block-columns-is-layout-flex\">\n<div class=\"wp-block-column mapa2 is-layout-flow wp-block-column-is-layout-flow\">\n<h2 class=\"wp-block-heading\">Ubicaci\u00f3n de Ca Sa Nina Libres Y Felices Como En Casa<\/h2>\n\n\n\n<div class=\"su-gmap su-u-responsive-media-yes mapa\"><iframe loading=\"lazy\" width=\"600\" height=\"280\" src=\"\/\/maps.google.com\/maps?q=Ca%20Sa%20Nina%20Libres%20Y%20Felices%20Como%20En%20Casa%2C%2039.6160228%2C%202.8653160%2C%2007143%20Sencelles%2C%20Illes%20Balears&amp;output=embed&amp;z=20\" title=\"\"><\/iframe><\/div>\n\n\n\n<h2 class=\"wp-block-heading\">Horarios de Ca Sa Nina Libres Y Felices Como En Casa<\/h2>\n\n\n\n<figure class=\"wp-block-table\"><table><tbody><tr><td><strong>Lunes<\/strong><\/td><td>lunes: 9:00\u201321:00<\/td><\/tr><tr><td><strong>Martes<\/strong><\/td><td>martes: 9:00\u201321:00<\/td><\/tr><tr><td><strong>Mi\u00e9rcoles<\/strong><\/td><td>mi\u00e9rcoles: 9:00\u201321:00<\/td><\/tr><tr><td><strong>Jueves<\/strong><\/td><td>jueves: 9:00\u201321:00<\/td><\/tr><tr><td><strong>Viernes<\/strong><\/td><td>viernes: 9:00\u201321:00<\/td><\/tr><tr><td><strong>S\u00e1bado<\/strong><\/td><td>s\u00e1bado: 11:00\u201320:00<\/td><\/tr><tr><td><strong>Domingo<\/strong><\/td><td>domingo: 11:00\u201317:00<\/td><\/tr><\/tbody><\/table><\/figure>\n\n\n\n<h2 class=\"wp-block-heading\">Tel\u00e9fono de Ca Sa Nina Libres Y Felices Como En Casa<\/h2>\n\n\n\n<p>Si quieres comunicarte con <strong>Ca Sa Nina Libres Y Felices Como En Casa<\/strong>, puedes hacerlo directamente llamando al siguiente n\u00famero:<\/p>\n\n\n\n<div class=\"wp-block-buttons is-content-justification-center is-layout-flex wp-container-core-buttons-is-layout-16018d1d wp-block-buttons-is-layout-flex\">\n<div class=\"wp-block-button is-style-fill\"><a class=\"wp-block-button__link has-background has-medium-font-size has-custom-font-size wp-element-button\" href=\"tel:641 37 39 76\" style=\"border-radius:6px;background-color:#2471a3\">Llamar ahora<\/a><\/div>\n<\/div>\n\n\n\n<h2 class=\"wp-block-heading\">M\u00e1s informaci\u00f3n<\/h2>\n\n\n\n<p>En el coraz\u00f3n de Sencelles, Illes Balears, el centro de adiestramiento canino Ca Sa Nina Libres Y Felices Como En Casa se destaca como una opci\u00f3n excepcional para quienes buscan adiestrar perros de manera positiva y cari\u00f1osa. Nuestro enfoque integral combina t\u00e9cnicas de obediencia, socializaci\u00f3n y modificaci\u00f3n de conducta, adapt\u00e1ndonos a las necesidades espec\u00edficas de cada mascota y su familia. Contamos con un equipo de adiestradores de perros en Illes Balears altamente capacitados, que emplean m\u00e9todos positivos y respetuosos, garantizando un ambiente seguro y estimulante para el aprendizaje. En Ca Sa Nina, entendemos que cada perro es \u00fanico, por lo que personalizamos nuestros programas para fomentar no solo el buen comportamiento, sino tambi\u00e9n el bienestar emocional de tu compa\u00f1ero. Si deseas un adiestramiento canino en Sencelles que potencie la conexi\u00f3n entre t\u00fa y tu mascota, no dudes en contactarnos y descubrir c\u00f3mo podemos ayudarles a vivir juntos, libres y felices, como en casa.<\/p>\n\n\n\n<p>Situado en 39.6160228, 2.8653160, 07143 Sencelles, Illes Balears, este centro de adiestramiento canino en Sencelles se considera famoso por su trato personal, seriedad y logros notables. Revisa las opiniones de otros due\u00f1os de mascotas para descubrir su opini\u00f3n.<\/p>\n<\/div>\n<\/div>\n\n\n\n<p><\/p>\n\n\n\n<p>Si necesitas conocer otros (PONER NEGOCIO, ej: asesor\u00eda legal, decoraci\u00f3n de eventos, instalaciones el\u00e9ctricas) puedes <strong><a href=\"\/\">visitar nuestra p\u00e1gina principal<\/a><\/strong>.<\/p>\n","protected":false},"excerpt":{"rendered":"<p>En caso de que te encuentras en la b\u00fasqueda de un sitio de confianza para adiestramiento de perros dentro de Sencelles, nuestra instituci\u00f3n se presenta como una alternativa destacada. Este lugar trabaja en el entrenamiento de mascotas sin importar la raza o edad, siempre m\u00e9todos \u00e9ticos adem\u00e1s de efectivos. Ca Sa Nina Libres Y Felices [&hellip;]<\/p>\n","protected":false},"author":2,"featured_media":0,"parent":8184,"menu_order":0,"comment_status":"closed","ping_status":"closed","template":"","meta":{"_et_pb_use_builder":"","_et_pb_old_content":"","_et_gb_content_width":"","footnotes":""},"tags":[945],"class_list":["post-10238","page","type-page","status-publish","hentry","tag-sencelles"],"_links":{"self":[{"href":"https:\/\/www.adiestradorcanino.com\/webdelperro\/wp-json\/wp\/v2\/pages\/10238","targetHints":{"allow":["GET"]}}],"collection":[{"href":"https:\/\/www.adiestradorcanino.com\/webdelperro\/wp-json\/wp\/v2\/pages"}],"about":[{"href":"https:\/\/www.adiestradorcanino.com\/webdelperro\/wp-json\/wp\/v2\/types\/page"}],"author":[{"embeddable":true,"href":"https:\/\/www.adiestradorcanino.com\/webdelperro\/wp-json\/wp\/v2\/users\/2"}],"replies":[{"embeddable":true,"href":"https:\/\/www.adiestradorcanino.com\/webdelperro\/wp-json\/wp\/v2\/comments?post=10238"}],"version-history":[{"count":0,"href":"https:\/\/www.adiestradorcanino.com\/webdelperro\/wp-json\/wp\/v2\/pages\/10238\/revisions"}],"up":[{"embeddable":true,"href":"https:\/\/www.adiestradorcanino.com\/webdelperro\/wp-json\/wp\/v2\/pages\/8184"}],"wp:attachment":[{"href":"https:\/\/www.adiestradorcanino.com\/webdelperro\/wp-json\/wp\/v2\/media?parent=10238"}],"wp:term":[{"taxonomy":"post_tag","embeddable":true,"href":"https:\/\/www.adiestradorcanino.com\/webdelperro\/wp-json\/wp\/v2\/tags?post=10238"}],"curies":[{"name":"wp","href":"https:\/\/api.w.org\/{rel}","templated":true}]}}