{"id":10237,"date":"2025-07-09T08:09:43","date_gmt":"2025-07-09T08:09:43","guid":{"rendered":"https:\/\/www.adiestradorcanino.com\/webdelperro\/illes-balears\/palma\/adiestramiento-canino-margotcans-adiestramiento-canino-en-palma-illes-balears\/"},"modified":"2025-07-09T08:09:43","modified_gmt":"2025-07-09T08:09:43","slug":"adiestramiento-canino-margotcans-adiestramiento-canino-en-palma-illes-balears","status":"publish","type":"page","link":"https:\/\/www.adiestradorcanino.com\/webdelperro\/illes-balears\/palma\/adiestramiento-canino-margotcans-adiestramiento-canino-en-palma-illes-balears\/","title":{"rendered":"Adiestramiento canino Margotcans, Adiestramiento Canino en Palma, Illes Balears"},"content":{"rendered":"\n<p>En caso de que te encuentras buscando un lugar seguro id\u00f3neo para entrenamiento canino en Palma,  Margotcans, Adiestramiento Canino se presenta como una opci\u00f3n destacada. Este lugar se especializa con canes sin importar la raza o edad, siempre m\u00e9todos respetuosos y eficaces.<\/p>\n\n\n\n<h2 class=\"wp-block-heading has-text-align-left nombreclinica\">Margotcans, Adiestramiento Canino<\/h2>\n\n\n\n<div class=\"wp-block-group is-layout-constrained wp-block-group-is-layout-constrained\">\n<div class=\"wp-block-columns nc-clase-ficha is-layout-flex wp-container-core-columns-is-layout-9d6595d7 wp-block-columns-is-layout-flex\">\n<div class=\"wp-block-column is-vertically-aligned-center is-layout-flow wp-block-column-is-layout-flow\">\n<figure class=\"wp-block-image size-full\"><img decoding=\"async\" src=\"https:\/\/www.adiestradorcanino.com\/webdelperro\/wp-content\/uploads\/2025\/07\/Margotcans-Adiestramiento-Canino.png\" alt=\"Margotcans, Adiestramiento Canino\" class=\"wp-image-19766\"\/><\/figure>\n\n\n\n<p>Entre nuestros servicios m\u00e1s demandados est\u00e1n la entrenamiento de obediencia, la correcci\u00f3n de conductas inapropiadas, la socializaci\u00f3n con otros perros y las sesiones especiales para cachorros. Asimismo, en nuestro centro se adaptan a las particularidades de cada familia y animal.<\/p>\n<\/div>\n\n\n\n<div class=\"wp-block-column is-vertically-aligned-center is-layout-flow wp-block-column-is-layout-flow\">\n<div class=\"su-service\"><div class=\"su-service-title\" style=\"padding-left:46px;min-height:32px;line-height:32px\"><i class=\"sui sui-user\" style=\"font-size:32px;color:#2471a3\"><\/i> <strong>Nombre<\/strong><\/div><div class=\"su-service-content su-u-clearfix su-u-trim\" style=\"padding-left:46px\">Margotcans, Adiestramiento Canino<\/div><\/div>\n\n\n\n<div class=\"su-service\"><div class=\"su-service-title\" style=\"padding-left:46px;min-height:32px;line-height:32px\"><i class=\"sui sui-map-marker\" style=\"font-size:32px;color:#2471a3\"><\/i> <strong>Direcci\u00f3n<\/strong><\/div><div class=\"su-service-content su-u-clearfix su-u-trim\" style=\"padding-left:46px\">Urbanizaci\u00f3n Son Cayos, Cam\u00ed de Can Pastilla, 32, Playa de Palma, 07610 Palma, Illes Balears<\/div><\/div>\n\n\n\n<div class=\"su-service\"><div class=\"su-service-title\" style=\"padding-left:46px;min-height:32px;line-height:32px\"><i class=\"sui sui-volume-control-phone\" style=\"font-size:32px;color:#2471a3\"><\/i> <strong>Tel\u00e9fono<\/strong><\/div><div class=\"su-service-content su-u-clearfix su-u-trim\" style=\"padding-left:46px\">666 45 68 41<\/div><\/div>\n\n\n\n<div class=\"su-service\"><div class=\"su-service-title\" style=\"padding-left:46px;min-height:32px;line-height:32px\"><i class=\"sui sui-globe\" style=\"font-size:32px;color:#2471a3\"><\/i> <strong>Sitio web<\/strong><\/div><div class=\"su-service-content su-u-clearfix su-u-trim\" style=\"padding-left:46px\">http:\/\/www.margotcans.com\/<\/div><\/div>\n\n\n\n<div class=\"su-service\"><div class=\"su-service-title\" style=\"padding-left:46px;min-height:32px;line-height:32px\"><i class=\"sui sui-star\" style=\"font-size:32px;color:#2471a3\"><\/i> Valoraci\u00f3n de los clientes<\/div><div class=\"su-service-content su-u-clearfix su-u-trim\" style=\"padding-left:46px\">5 \/ 5 (15)<\/div><\/div>\n<\/div>\n<\/div>\n<\/div>\n\n\n\n<div class=\"wp-block-columns is-layout-flex wp-container-core-columns-is-layout-9d6595d7 wp-block-columns-is-layout-flex\">\n<div class=\"wp-block-column mapa2 is-layout-flow wp-block-column-is-layout-flow\">\n<h2 class=\"wp-block-heading\">Ubicaci\u00f3n de Margotcans, Adiestramiento Canino<\/h2>\n\n\n\n<div class=\"su-gmap su-u-responsive-media-yes mapa\"><iframe loading=\"lazy\" width=\"600\" height=\"280\" src=\"\/\/maps.google.com\/maps?q=Margotcans%2C%20Adiestramiento%20Canino%2C%20Urbanizaci%C3%B3n%20Son%20Cayos%2C%20Cam%C3%AD%20de%20Can%20Pastilla%2C%2032%2C%20Playa%20de%20Palma%2C%2007610%20Palma%2C%20Illes%20Balears&amp;output=embed&amp;z=20\" title=\"\"><\/iframe><\/div>\n\n\n\n<h2 class=\"wp-block-heading\">Horarios de Margotcans, Adiestramiento Canino<\/h2>\n\n\n\n<figure class=\"wp-block-table\"><table><tbody><tr><td><strong>Lunes<\/strong><\/td><td>lunes: Cerrado<\/td><\/tr><tr><td><strong>Martes<\/strong><\/td><td>martes: 18:00\u201320:00<\/td><\/tr><tr><td><strong>Mi\u00e9rcoles<\/strong><\/td><td>mi\u00e9rcoles: Cerrado<\/td><\/tr><tr><td><strong>Jueves<\/strong><\/td><td>jueves: 18:00\u201320:00<\/td><\/tr><tr><td><strong>Viernes<\/strong><\/td><td>viernes: Cerrado<\/td><\/tr><tr><td><strong>S\u00e1bado<\/strong><\/td><td>s\u00e1bado: 12:00\u201315:00<\/td><\/tr><tr><td><strong>Domingo<\/strong><\/td><td>domingo: 12:00\u201314:00<\/td><\/tr><\/tbody><\/table><\/figure>\n\n\n\n<h2 class=\"wp-block-heading\">Tel\u00e9fono de Margotcans, Adiestramiento Canino<\/h2>\n\n\n\n<p>Si quieres comunicarte con <strong>Margotcans, Adiestramiento Canino<\/strong>, puedes hacerlo directamente llamando al siguiente n\u00famero:<\/p>\n\n\n\n<div class=\"wp-block-buttons is-content-justification-center is-layout-flex wp-container-core-buttons-is-layout-16018d1d wp-block-buttons-is-layout-flex\">\n<div class=\"wp-block-button is-style-fill\"><a class=\"wp-block-button__link has-background has-medium-font-size has-custom-font-size wp-element-button\" href=\"tel:666 45 68 41\" style=\"border-radius:6px;background-color:#2471a3\">Llamar ahora<\/a><\/div>\n<\/div>\n\n\n\n<h2 class=\"wp-block-heading\">M\u00e1s informaci\u00f3n<\/h2>\n\n\n\n<p>En el centro de adiestramiento canino Margotcans, ubicado en Urbanizaci\u00f3n Son Cayos, Cam\u00ed de Can Pastilla, 32, Playa de Palma, 07610 Palma, Illes Balears, ofrecemos un enfoque integral para adiestrar perros que prioriza la obediencia, la socializaci\u00f3n y la modificaci\u00f3n de conducta. Nuestros adiestradores de perros en Illes Balears cuentan con una amplia experiencia y utilizan m\u00e9todos positivos y efectivos que garantizan resultados duraderos, adapt\u00e1ndose a las necesidades espec\u00edficas de cada mascota y su propietario. En Margotcans, entendemos que cada perro es \u00fanico, por lo que dise\u00f1amos programas personalizados que fomentan una relaci\u00f3n armoniosa y enriquecedora entre t\u00fa y tu compa\u00f1ero peludo. Si buscas un servicio de calidad en adiestramiento canino en Palma, nuestro compromiso y dedicaci\u00f3n nos destacan entre otros centros, asegurando que tu perro no solo aprenda, sino que tambi\u00e9n disfrute del proceso de aprendizaje.<\/p>\n\n\n\n<p>Localizado en Urbanizaci\u00f3n Son Cayos, Cam\u00ed de Can Pastilla, 32, Playa de Palma, 07610 Palma, Illes Balears, este centro de adiestramiento canino en Palma es famoso por su trato afectuoso, expertise y logros notables. Mira las opiniones de otros clientes para conocer su opini\u00f3n.<\/p>\n<\/div>\n<\/div>\n\n\n\n<p><\/p>\n\n\n\n<p>Si necesitas conocer otros (PONER NEGOCIO, ej: asesor\u00eda legal, decoraci\u00f3n de eventos, instalaciones el\u00e9ctricas) puedes <strong><a href=\"\/\">visitar nuestra p\u00e1gina principal<\/a><\/strong>.<\/p>\n","protected":false},"excerpt":{"rendered":"<p>En caso de que te encuentras buscando un lugar seguro id\u00f3neo para entrenamiento canino en Palma, Margotcans, Adiestramiento Canino se presenta como una opci\u00f3n destacada. Este lugar se especializa con canes sin importar la raza o edad, siempre m\u00e9todos respetuosos y eficaces. Margotcans, Adiestramiento Canino Entre nuestros servicios m\u00e1s demandados est\u00e1n la entrenamiento de obediencia, [&hellip;]<\/p>\n","protected":false},"author":2,"featured_media":0,"parent":8166,"menu_order":0,"comment_status":"closed","ping_status":"closed","template":"","meta":{"_et_pb_use_builder":"","_et_pb_old_content":"","_et_gb_content_width":"","footnotes":""},"tags":[944],"class_list":["post-10237","page","type-page","status-publish","hentry","tag-palma"],"_links":{"self":[{"href":"https:\/\/www.adiestradorcanino.com\/webdelperro\/wp-json\/wp\/v2\/pages\/10237","targetHints":{"allow":["GET"]}}],"collection":[{"href":"https:\/\/www.adiestradorcanino.com\/webdelperro\/wp-json\/wp\/v2\/pages"}],"about":[{"href":"https:\/\/www.adiestradorcanino.com\/webdelperro\/wp-json\/wp\/v2\/types\/page"}],"author":[{"embeddable":true,"href":"https:\/\/www.adiestradorcanino.com\/webdelperro\/wp-json\/wp\/v2\/users\/2"}],"replies":[{"embeddable":true,"href":"https:\/\/www.adiestradorcanino.com\/webdelperro\/wp-json\/wp\/v2\/comments?post=10237"}],"version-history":[{"count":0,"href":"https:\/\/www.adiestradorcanino.com\/webdelperro\/wp-json\/wp\/v2\/pages\/10237\/revisions"}],"up":[{"embeddable":true,"href":"https:\/\/www.adiestradorcanino.com\/webdelperro\/wp-json\/wp\/v2\/pages\/8166"}],"wp:attachment":[{"href":"https:\/\/www.adiestradorcanino.com\/webdelperro\/wp-json\/wp\/v2\/media?parent=10237"}],"wp:term":[{"taxonomy":"post_tag","embeddable":true,"href":"https:\/\/www.adiestradorcanino.com\/webdelperro\/wp-json\/wp\/v2\/tags?post=10237"}],"curies":[{"name":"wp","href":"https:\/\/api.w.org\/{rel}","templated":true}]}}