{"id":10214,"date":"2025-07-09T08:07:05","date_gmt":"2025-07-09T08:07:05","guid":{"rendered":"https:\/\/www.adiestradorcanino.com\/webdelperro\/granada\/granada\/adiestramiento-canino-sit-adiestramiento-canino-granada-en-granada-granada\/"},"modified":"2025-07-09T08:07:05","modified_gmt":"2025-07-09T08:07:05","slug":"adiestramiento-canino-sit-adiestramiento-canino-granada-en-granada-granada","status":"publish","type":"page","link":"https:\/\/www.adiestradorcanino.com\/webdelperro\/granada\/granada\/adiestramiento-canino-sit-adiestramiento-canino-granada-en-granada-granada\/","title":{"rendered":"Adiestramiento canino Sit Adiestramiento Canino Granada en Granada, Granada"},"content":{"rendered":"\n<p>Si acaso te encuentras buscando un lugar seguro para el adiestramiento canino en el \u00e1rea de Granada,  Sit Adiestramiento Canino Granada es una excelente opci\u00f3n. Este lugar se especializa con perros de cualquier edad y raza, siempre con respetuosos adem\u00e1s de efectivos.<\/p>\n\n\n\n<h2 class=\"wp-block-heading has-text-align-left nombreclinica\">Sit Adiestramiento Canino Granada<\/h2>\n\n\n\n<div class=\"wp-block-group is-layout-constrained wp-block-group-is-layout-constrained\">\n<div class=\"wp-block-columns nc-clase-ficha is-layout-flex wp-container-core-columns-is-layout-9d6595d7 wp-block-columns-is-layout-flex\">\n<div class=\"wp-block-column is-vertically-aligned-center is-layout-flow wp-block-column-is-layout-flow\">\n<figure class=\"wp-block-image size-full\"><img decoding=\"async\" src=\"https:\/\/www.adiestradorcanino.com\/webdelperro\/wp-content\/uploads\/2025\/07\/Sit-Adiestramiento-Canino-Granada.png\" alt=\"Sit Adiestramiento Canino Granada\" class=\"wp-image-19766\"\/><\/figure>\n\n\n\n<p>Entre nuestros tratamientos m\u00e1s demandados se encuentran la cursos de obediencia b\u00e1sica, la modificaci\u00f3n de comportamientos no deseados, la socializaci\u00f3n con otros animales y las clases espec\u00edficas para cachorros. Adem\u00e1s, en el centro nos adaptamos a las particularidades de cada familia y su mascota.<\/p>\n<\/div>\n\n\n\n<div class=\"wp-block-column is-vertically-aligned-center is-layout-flow wp-block-column-is-layout-flow\">\n<div class=\"su-service\"><div class=\"su-service-title\" style=\"padding-left:46px;min-height:32px;line-height:32px\"><i class=\"sui sui-user\" style=\"font-size:32px;color:#2471a3\"><\/i> <strong>Nombre<\/strong><\/div><div class=\"su-service-content su-u-clearfix su-u-trim\" style=\"padding-left:46px\">Sit Adiestramiento Canino Granada<\/div><\/div>\n\n\n\n<div class=\"su-service\"><div class=\"su-service-title\" style=\"padding-left:46px;min-height:32px;line-height:32px\"><i class=\"sui sui-map-marker\" style=\"font-size:32px;color:#2471a3\"><\/i> <strong>Direcci\u00f3n<\/strong><\/div><div class=\"su-service-content su-u-clearfix su-u-trim\" style=\"padding-left:46px\">C. Pedro Antonio de Alarc\u00f3n, sn, Ronda, 18002 Granada<\/div><\/div>\n\n\n\n<div class=\"su-service\"><div class=\"su-service-title\" style=\"padding-left:46px;min-height:32px;line-height:32px\"><i class=\"sui sui-volume-control-phone\" style=\"font-size:32px;color:#2471a3\"><\/i> <strong>Tel\u00e9fono<\/strong><\/div><div class=\"su-service-content su-u-clearfix su-u-trim\" style=\"padding-left:46px\">656 65 57 00<\/div><\/div>\n\n\n\n<div class=\"su-service\"><div class=\"su-service-title\" style=\"padding-left:46px;min-height:32px;line-height:32px\"><i class=\"sui sui-globe\" style=\"font-size:32px;color:#2471a3\"><\/i> <strong>Sitio web<\/strong><\/div><div class=\"su-service-content su-u-clearfix su-u-trim\" style=\"padding-left:46px\">https:\/\/cys-sitdogtor.com\/<\/div><\/div>\n\n\n\n<div class=\"su-service\"><div class=\"su-service-title\" style=\"padding-left:46px;min-height:32px;line-height:32px\"><i class=\"sui sui-star\" style=\"font-size:32px;color:#2471a3\"><\/i> Valoraci\u00f3n de los clientes<\/div><div class=\"su-service-content su-u-clearfix su-u-trim\" style=\"padding-left:46px\">5 \/ 5 (6)<\/div><\/div>\n<\/div>\n<\/div>\n<\/div>\n\n\n\n<div class=\"wp-block-columns is-layout-flex wp-container-core-columns-is-layout-9d6595d7 wp-block-columns-is-layout-flex\">\n<div class=\"wp-block-column mapa2 is-layout-flow wp-block-column-is-layout-flow\">\n<h2 class=\"wp-block-heading\">Ubicaci\u00f3n de Sit Adiestramiento Canino Granada<\/h2>\n\n\n\n<div class=\"su-gmap su-u-responsive-media-yes mapa\"><iframe loading=\"lazy\" width=\"600\" height=\"280\" src=\"\/\/maps.google.com\/maps?q=Sit%20Adiestramiento%20Canino%20Granada%2C%20C.%20Pedro%20Antonio%20de%20Alarc%C3%B3n%2C%20sn%2C%20Ronda%2C%2018002%20Granada&amp;output=embed&amp;z=20\" title=\"\"><\/iframe><\/div>\n\n\n\n<h2 class=\"wp-block-heading\">Horarios de Sit Adiestramiento Canino Granada<\/h2>\n\n\n\n<figure class=\"wp-block-table\"><table><tbody><tr><td><strong>Lunes<\/strong><\/td><td>lunes: 9:00\u201321:00<\/td><\/tr><tr><td><strong>Martes<\/strong><\/td><td>martes: 9:00\u201321:00<\/td><\/tr><tr><td><strong>Mi\u00e9rcoles<\/strong><\/td><td>mi\u00e9rcoles: 9:00\u201321:00<\/td><\/tr><tr><td><strong>Jueves<\/strong><\/td><td>jueves: 9:00\u201321:00<\/td><\/tr><tr><td><strong>Viernes<\/strong><\/td><td>viernes: 9:00\u201321:00<\/td><\/tr><tr><td><strong>S\u00e1bado<\/strong><\/td><td>s\u00e1bado: 9:00\u201321:00<\/td><\/tr><tr><td><strong>Domingo<\/strong><\/td><td>domingo: 9:00\u201321:00<\/td><\/tr><\/tbody><\/table><\/figure>\n\n\n\n<h2 class=\"wp-block-heading\">Tel\u00e9fono de Sit Adiestramiento Canino Granada<\/h2>\n\n\n\n<p>Si quieres comunicarte con <strong>Sit Adiestramiento Canino Granada<\/strong>, puedes hacerlo directamente llamando al siguiente n\u00famero:<\/p>\n\n\n\n<div class=\"wp-block-buttons is-content-justification-center is-layout-flex wp-container-core-buttons-is-layout-16018d1d wp-block-buttons-is-layout-flex\">\n<div class=\"wp-block-button is-style-fill\"><a class=\"wp-block-button__link has-background has-medium-font-size has-custom-font-size wp-element-button\" href=\"tel:656 65 57 00\" style=\"border-radius:6px;background-color:#2471a3\">Llamar ahora<\/a><\/div>\n<\/div>\n\n\n\n<h2 class=\"wp-block-heading\">M\u00e1s informaci\u00f3n<\/h2>\n\n\n\n<p>En el coraz\u00f3n de Granada, el centro de adiestramiento canino Sit Adiestramiento Canino Granada, ubicado en C. Pedro Antonio de Alarc\u00f3n, sn, Ronda, 18002 Granada, se destaca por su enfoque integral y personalizado en la educaci\u00f3n de perros. Nuestro equipo de experimentados adiestradores de perros en Granada ofrece una amplia gama de servicios que incluyen obediencia b\u00e1sica, socializaci\u00f3n, y modificaci\u00f3n de conducta, adapt\u00e1ndose a las necesidades espec\u00edficas de cada mascota y su due\u00f1o. Con un m\u00e9todo basado en el refuerzo positivo, garantizamos un ambiente de aprendizaje agradable y efectivo, lo que nos diferencia de otros centros de adiestramiento canino en Granada. Si buscas adiestrar perros de manera profesional y cari\u00f1osa, en Sit Adiestramiento Canino Granada encontrar\u00e1s la soluci\u00f3n ideal para fortalecer el v\u00ednculo con tu mascota y mejorar su comportamiento en diferentes situaciones.<\/p>\n\n\n\n<p>Situado en C. Pedro Antonio de Alarc\u00f3n, sn, Ronda, 18002 Granada, este centro de adiestramiento canino en Granada es reconocido por su trato personal, profesionalidad y resultados notables. Revisa las opiniones de otros clientes para entender su testimonio.<\/p>\n<\/div>\n<\/div>\n\n\n\n<p><\/p>\n\n\n\n<p>Si necesitas conocer otros (PONER NEGOCIO, ej: asesor\u00eda legal, decoraci\u00f3n de eventos, instalaciones el\u00e9ctricas) puedes <strong><a href=\"\/\">visitar nuestra p\u00e1gina principal<\/a><\/strong>.<\/p>\n","protected":false},"excerpt":{"rendered":"<p>Si acaso te encuentras buscando un lugar seguro para el adiestramiento canino en el \u00e1rea de Granada, Sit Adiestramiento Canino Granada es una excelente opci\u00f3n. Este lugar se especializa con perros de cualquier edad y raza, siempre con respetuosos adem\u00e1s de efectivos. Sit Adiestramiento Canino Granada Entre nuestros tratamientos m\u00e1s demandados se encuentran la cursos [&hellip;]<\/p>\n","protected":false},"author":2,"featured_media":0,"parent":8123,"menu_order":0,"comment_status":"closed","ping_status":"closed","template":"","meta":{"_et_pb_use_builder":"","_et_pb_old_content":"","_et_gb_content_width":"","footnotes":""},"tags":[858],"class_list":["post-10214","page","type-page","status-publish","hentry","tag-granada"],"_links":{"self":[{"href":"https:\/\/www.adiestradorcanino.com\/webdelperro\/wp-json\/wp\/v2\/pages\/10214","targetHints":{"allow":["GET"]}}],"collection":[{"href":"https:\/\/www.adiestradorcanino.com\/webdelperro\/wp-json\/wp\/v2\/pages"}],"about":[{"href":"https:\/\/www.adiestradorcanino.com\/webdelperro\/wp-json\/wp\/v2\/types\/page"}],"author":[{"embeddable":true,"href":"https:\/\/www.adiestradorcanino.com\/webdelperro\/wp-json\/wp\/v2\/users\/2"}],"replies":[{"embeddable":true,"href":"https:\/\/www.adiestradorcanino.com\/webdelperro\/wp-json\/wp\/v2\/comments?post=10214"}],"version-history":[{"count":0,"href":"https:\/\/www.adiestradorcanino.com\/webdelperro\/wp-json\/wp\/v2\/pages\/10214\/revisions"}],"up":[{"embeddable":true,"href":"https:\/\/www.adiestradorcanino.com\/webdelperro\/wp-json\/wp\/v2\/pages\/8123"}],"wp:attachment":[{"href":"https:\/\/www.adiestradorcanino.com\/webdelperro\/wp-json\/wp\/v2\/media?parent=10214"}],"wp:term":[{"taxonomy":"post_tag","embeddable":true,"href":"https:\/\/www.adiestradorcanino.com\/webdelperro\/wp-json\/wp\/v2\/tags?post=10214"}],"curies":[{"name":"wp","href":"https:\/\/api.w.org\/{rel}","templated":true}]}}