{"id":10209,"date":"2025-07-09T08:06:39","date_gmt":"2025-07-09T08:06:39","guid":{"rendered":"https:\/\/www.adiestradorcanino.com\/webdelperro\/granada\/fuente-vaqueros\/adiestramiento-canino-escuela-y-residencia-canina-ds-kan-granada-en-fuente-vaqueros-granada\/"},"modified":"2025-07-09T08:06:39","modified_gmt":"2025-07-09T08:06:39","slug":"adiestramiento-canino-escuela-y-residencia-canina-ds-kan-granada-en-fuente-vaqueros-granada","status":"publish","type":"page","link":"https:\/\/www.adiestradorcanino.com\/webdelperro\/granada\/fuente-vaqueros\/adiestramiento-canino-escuela-y-residencia-canina-ds-kan-granada-en-fuente-vaqueros-granada\/","title":{"rendered":"Adiestramiento canino Escuela Y Residencia Canina Ds-kan Granada en Fuente Vaqueros, Granada"},"content":{"rendered":"\n<p>Si acaso buscas en la b\u00fasqueda de un espacio seguro para el entrenamiento canino en Fuente Vaqueros, este centro se presenta como una excelente opci\u00f3n. Este lugar se dedica en el manejo de perros de cualquier edad y raza, usando t\u00e9cnicas \u00e9ticos y tambi\u00e9n \u00fatiles.<\/p>\n\n\n\n<h2 class=\"wp-block-heading has-text-align-left nombreclinica\">Escuela Y Residencia Canina Ds-kan Granada<\/h2>\n\n\n\n<div class=\"wp-block-group is-layout-constrained wp-block-group-is-layout-constrained\">\n<div class=\"wp-block-columns nc-clase-ficha is-layout-flex wp-container-core-columns-is-layout-9d6595d7 wp-block-columns-is-layout-flex\">\n<div class=\"wp-block-column is-vertically-aligned-center is-layout-flow wp-block-column-is-layout-flow\">\n<figure class=\"wp-block-image size-full\"><img decoding=\"async\" src=\"https:\/\/www.adiestradorcanino.com\/webdelperro\/wp-content\/uploads\/2025\/07\/Escuela-Y-Residencia-Canina-Ds-kan-Granada.jpg\" alt=\"Escuela Y Residencia Canina Ds-kan Granada\" class=\"wp-image-19766\"\/><\/figure>\n\n\n\n<p>Dentro de nuestros tratamientos m\u00e1s solicitados est\u00e1n los obediencia b\u00e1sica, la correcci\u00f3n de conductas inapropiadas, la socializaci\u00f3n con otros perros y las clases espec\u00edficas para cachorros. Adem\u00e1s, en nombre se adaptan a las necesidades espec\u00edficas de cada hogar y su animal.<\/p>\n<\/div>\n\n\n\n<div class=\"wp-block-column is-vertically-aligned-center is-layout-flow wp-block-column-is-layout-flow\">\n<div class=\"su-service\"><div class=\"su-service-title\" style=\"padding-left:46px;min-height:32px;line-height:32px\"><i class=\"sui sui-user\" style=\"font-size:32px;color:#2471a3\"><\/i> <strong>Nombre<\/strong><\/div><div class=\"su-service-content su-u-clearfix su-u-trim\" style=\"padding-left:46px\">Escuela Y Residencia Canina Ds-kan Granada<\/div><\/div>\n\n\n\n<div class=\"su-service\"><div class=\"su-service-title\" style=\"padding-left:46px;min-height:32px;line-height:32px\"><i class=\"sui sui-map-marker\" style=\"font-size:32px;color:#2471a3\"><\/i> <strong>Direcci\u00f3n<\/strong><\/div><div class=\"su-service-content su-u-clearfix su-u-trim\" style=\"padding-left:46px\">Camino de Pedro Ruiz 8042, 18340 Fuente Vaqueros, Granada<\/div><\/div>\n\n\n\n<div class=\"su-service\"><div class=\"su-service-title\" style=\"padding-left:46px;min-height:32px;line-height:32px\"><i class=\"sui sui-volume-control-phone\" style=\"font-size:32px;color:#2471a3\"><\/i> <strong>Tel\u00e9fono<\/strong><\/div><div class=\"su-service-content su-u-clearfix su-u-trim\" style=\"padding-left:46px\">677 35 34 62<\/div><\/div>\n\n\n\n<div class=\"su-service\"><div class=\"su-service-title\" style=\"padding-left:46px;min-height:32px;line-height:32px\"><i class=\"sui sui-globe\" style=\"font-size:32px;color:#2471a3\"><\/i> <strong>Sitio web<\/strong><\/div><div class=\"su-service-content su-u-clearfix su-u-trim\" style=\"padding-left:46px\">http:\/\/www.adiestramientogranada.com\/<\/div><\/div>\n\n\n\n<div class=\"su-service\"><div class=\"su-service-title\" style=\"padding-left:46px;min-height:32px;line-height:32px\"><i class=\"sui sui-star\" style=\"font-size:32px;color:#2471a3\"><\/i> Valoraci\u00f3n de los clientes<\/div><div class=\"su-service-content su-u-clearfix su-u-trim\" style=\"padding-left:46px\">4.9 \/ 5 (170)<\/div><\/div>\n<\/div>\n<\/div>\n<\/div>\n\n\n\n<div class=\"wp-block-columns is-layout-flex wp-container-core-columns-is-layout-9d6595d7 wp-block-columns-is-layout-flex\">\n<div class=\"wp-block-column mapa2 is-layout-flow wp-block-column-is-layout-flow\">\n<h2 class=\"wp-block-heading\">Ubicaci\u00f3n de Escuela Y Residencia Canina Ds-kan Granada<\/h2>\n\n\n\n<div class=\"su-gmap su-u-responsive-media-yes mapa\"><iframe loading=\"lazy\" width=\"600\" height=\"280\" src=\"\/\/maps.google.com\/maps?q=Escuela%20Y%20Residencia%20Canina%20Ds-kan%20Granada%2C%20Camino%20de%20Pedro%20Ruiz%208042%2C%2018340%20Fuente%20Vaqueros%2C%20Granada&amp;output=embed&amp;z=20\" title=\"\"><\/iframe><\/div>\n\n\n\n<h2 class=\"wp-block-heading\">Horarios de Escuela Y Residencia Canina Ds-kan Granada<\/h2>\n\n\n\n<figure class=\"wp-block-table\"><table><tbody><tr><td><strong>Lunes<\/strong><\/td><td>lunes: 10:30\u201313:30, 17:30\u201320:30<\/td><\/tr><tr><td><strong>Martes<\/strong><\/td><td>martes: 10:30\u201313:30, 17:30\u201320:30<\/td><\/tr><tr><td><strong>Mi\u00e9rcoles<\/strong><\/td><td>mi\u00e9rcoles: 10:30\u201313:30, 17:30\u201320:30<\/td><\/tr><tr><td><strong>Jueves<\/strong><\/td><td>jueves: 10:30\u201313:30, 17:30\u201320:30<\/td><\/tr><tr><td><strong>Viernes<\/strong><\/td><td>viernes: 10:30\u201313:30, 17:30\u201321:30<\/td><\/tr><tr><td><strong>S\u00e1bado<\/strong><\/td><td>s\u00e1bado: 10:30\u201313:30, 17:30\u201320:30<\/td><\/tr><tr><td><strong>Domingo<\/strong><\/td><td>domingo: 10:30\u201313:30, 17:30\u201320:30<\/td><\/tr><\/tbody><\/table><\/figure>\n\n\n\n<h2 class=\"wp-block-heading\">Tel\u00e9fono de Escuela Y Residencia Canina Ds-kan Granada<\/h2>\n\n\n\n<p>Si quieres comunicarte con <strong>Escuela Y Residencia Canina Ds-kan Granada<\/strong>, puedes hacerlo directamente llamando al siguiente n\u00famero:<\/p>\n\n\n\n<div class=\"wp-block-buttons is-content-justification-center is-layout-flex wp-container-core-buttons-is-layout-16018d1d wp-block-buttons-is-layout-flex\">\n<div class=\"wp-block-button is-style-fill\"><a class=\"wp-block-button__link has-background has-medium-font-size has-custom-font-size wp-element-button\" href=\"tel:677 35 34 62\" style=\"border-radius:6px;background-color:#2471a3\">Llamar ahora<\/a><\/div>\n<\/div>\n\n\n\n<h2 class=\"wp-block-heading\">M\u00e1s informaci\u00f3n<\/h2>\n\n\n\n<p>La Escuela y Residencia Canina Ds-kan Granada, situada en Camino de Pedro Ruiz 8042, 18340 Fuente Vaqueros, Granada, se posiciona como un referente en adiestramiento canino en Fuente Vaqueros. Nuestro centro ofrece una amplia gama de servicios que incluyen obediencia b\u00e1sica, socializaci\u00f3n, modificaci\u00f3n de conducta y adiestramiento especializado, todo dise\u00f1ado para lograr un v\u00ednculo armonioso entre t\u00fa y tu perro. Nuestros adiestradores de perros en Granada cuentan con la experiencia y el conocimiento necesarios para personalizar el proceso de adiestramiento, adapt\u00e1ndolo a las necesidades espec\u00edficas de cada mascota. Lo que nos diferencia es nuestro enfoque integral y personalizado, donde cada perro es tratado como un individuo, garantizando no solo resultados efectivos, sino tambi\u00e9n una experiencia enriquecedora para el animal. Si buscas adiestrar perros de manera profesional y positiva, en la Escuela y Residencia Canina Ds-kan encontrar\u00e1s el compromiso y la dedicaci\u00f3n que tu mascota merece.<\/p>\n\n\n\n<p>Situado en Camino de Pedro Ruiz 8042, 18340 Fuente Vaqueros, Granada, el centro de adiestramiento canino en Fuente Vaqueros es reconocido por su trato cercano, expertise y logros evidentes. Mira las valoraciones de otros due\u00f1os de mascotas para descubrir su opini\u00f3n.<\/p>\n<\/div>\n<\/div>\n\n\n\n<p><\/p>\n\n\n\n<p>Si necesitas conocer otros (PONER NEGOCIO, ej: asesor\u00eda legal, decoraci\u00f3n de eventos, instalaciones el\u00e9ctricas) puedes <strong><a href=\"\/\">visitar nuestra p\u00e1gina principal<\/a><\/strong>.<\/p>\n","protected":false},"excerpt":{"rendered":"<p>Si acaso buscas en la b\u00fasqueda de un espacio seguro para el entrenamiento canino en Fuente Vaqueros, este centro se presenta como una excelente opci\u00f3n. Este lugar se dedica en el manejo de perros de cualquier edad y raza, usando t\u00e9cnicas \u00e9ticos y tambi\u00e9n \u00fatiles. Escuela Y Residencia Canina Ds-kan Granada Dentro de nuestros tratamientos [&hellip;]<\/p>\n","protected":false},"author":2,"featured_media":0,"parent":8129,"menu_order":0,"comment_status":"closed","ping_status":"closed","template":"","meta":{"_et_pb_use_builder":"","_et_pb_old_content":"","_et_gb_content_width":"","footnotes":""},"tags":[1142],"class_list":["post-10209","page","type-page","status-publish","hentry","tag-fuente-vaqueros"],"_links":{"self":[{"href":"https:\/\/www.adiestradorcanino.com\/webdelperro\/wp-json\/wp\/v2\/pages\/10209","targetHints":{"allow":["GET"]}}],"collection":[{"href":"https:\/\/www.adiestradorcanino.com\/webdelperro\/wp-json\/wp\/v2\/pages"}],"about":[{"href":"https:\/\/www.adiestradorcanino.com\/webdelperro\/wp-json\/wp\/v2\/types\/page"}],"author":[{"embeddable":true,"href":"https:\/\/www.adiestradorcanino.com\/webdelperro\/wp-json\/wp\/v2\/users\/2"}],"replies":[{"embeddable":true,"href":"https:\/\/www.adiestradorcanino.com\/webdelperro\/wp-json\/wp\/v2\/comments?post=10209"}],"version-history":[{"count":0,"href":"https:\/\/www.adiestradorcanino.com\/webdelperro\/wp-json\/wp\/v2\/pages\/10209\/revisions"}],"up":[{"embeddable":true,"href":"https:\/\/www.adiestradorcanino.com\/webdelperro\/wp-json\/wp\/v2\/pages\/8129"}],"wp:attachment":[{"href":"https:\/\/www.adiestradorcanino.com\/webdelperro\/wp-json\/wp\/v2\/media?parent=10209"}],"wp:term":[{"taxonomy":"post_tag","embeddable":true,"href":"https:\/\/www.adiestradorcanino.com\/webdelperro\/wp-json\/wp\/v2\/tags?post=10209"}],"curies":[{"name":"wp","href":"https:\/\/api.w.org\/{rel}","templated":true}]}}