{"id":10204,"date":"2025-07-09T08:06:04","date_gmt":"2025-07-09T08:06:04","guid":{"rendered":"https:\/\/www.adiestradorcanino.com\/webdelperro\/girona\/vidreres\/adiestramiento-canino-centre-densinistrament-cani-infahund-en-vidreres-girona\/"},"modified":"2025-07-09T08:06:04","modified_gmt":"2025-07-09T08:06:04","slug":"adiestramiento-canino-centre-densinistrament-cani-infahund-en-vidreres-girona","status":"publish","type":"page","link":"https:\/\/www.adiestradorcanino.com\/webdelperro\/girona\/vidreres\/adiestramiento-canino-centre-densinistrament-cani-infahund-en-vidreres-girona\/","title":{"rendered":"Adiestramiento canino Centre D&#8217;ensinistrament Can\u00ed Infahund en Vidreres, Girona"},"content":{"rendered":"\n<p>Si buscas en la b\u00fasqueda un lugar seguro para adiestramiento de perros en Vidreres, nuestra instituci\u00f3n es una excelente opci\u00f3n. Nuestra instalaci\u00f3n se dedica en el entrenamiento de mascotas sin importar la raza o edad, siempre utilizando t\u00e9cnicas respetuosos adem\u00e1s de efectivos.<\/p>\n\n\n\n<h2 class=\"wp-block-heading has-text-align-left nombreclinica\">Centre D&#8217;ensinistrament Can\u00ed Infahund<\/h2>\n\n\n\n<div class=\"wp-block-group is-layout-constrained wp-block-group-is-layout-constrained\">\n<div class=\"wp-block-columns nc-clase-ficha is-layout-flex wp-container-core-columns-is-layout-9d6595d7 wp-block-columns-is-layout-flex\">\n<div class=\"wp-block-column is-vertically-aligned-center is-layout-flow wp-block-column-is-layout-flow\">\n<figure class=\"wp-block-image size-full\"><img decoding=\"async\" src=\"https:\/\/www.adiestradorcanino.com\/webdelperro\/wp-content\/uploads\/2025\/07\/Centre-Densinistrament-Cani-Infahund.jpg\" alt=\"Centre D'ensinistrament Can\u00ed Infahund\" class=\"wp-image-19766\"\/><\/figure>\n\n\n\n<p>Dentro de los tratamientos m\u00e1s demandados se encuentran la cursos de obediencia b\u00e1sica, la modificaci\u00f3n de comportamientos no deseados, la interacci\u00f3n con otros animales y las clases dirigidas a cachorros. Asimismo, en el centro nos adaptamos a las necesidades espec\u00edficas de cada familia y animal.<\/p>\n<\/div>\n\n\n\n<div class=\"wp-block-column is-vertically-aligned-center is-layout-flow wp-block-column-is-layout-flow\">\n<div class=\"su-service\"><div class=\"su-service-title\" style=\"padding-left:46px;min-height:32px;line-height:32px\"><i class=\"sui sui-user\" style=\"font-size:32px;color:#2471a3\"><\/i> <strong>Nombre<\/strong><\/div><div class=\"su-service-content su-u-clearfix su-u-trim\" style=\"padding-left:46px\">Centre D&#8217;ensinistrament Can\u00ed Infahund<\/div><\/div>\n\n\n\n<div class=\"su-service\"><div class=\"su-service-title\" style=\"padding-left:46px;min-height:32px;line-height:32px\"><i class=\"sui sui-map-marker\" style=\"font-size:32px;color:#2471a3\"><\/i> <strong>Direcci\u00f3n<\/strong><\/div><div class=\"su-service-content su-u-clearfix su-u-trim\" style=\"padding-left:46px\">les Borias, 17411 Vidreres, Girona<\/div><\/div>\n\n\n\n<div class=\"su-service\"><div class=\"su-service-title\" style=\"padding-left:46px;min-height:32px;line-height:32px\"><i class=\"sui sui-volume-control-phone\" style=\"font-size:32px;color:#2471a3\"><\/i> <strong>Tel\u00e9fono<\/strong><\/div><div class=\"su-service-content su-u-clearfix su-u-trim\" style=\"padding-left:46px\">619 96 07 87<\/div><\/div>\n\n\n\n<div class=\"su-service\"><div class=\"su-service-title\" style=\"padding-left:46px;min-height:32px;line-height:32px\"><i class=\"sui sui-globe\" style=\"font-size:32px;color:#2471a3\"><\/i> <strong>Sitio web<\/strong><\/div><div class=\"su-service-content su-u-clearfix su-u-trim\" style=\"padding-left:46px\">http:\/\/www.infahund.cat\/<\/div><\/div>\n\n\n\n<div class=\"su-service\"><div class=\"su-service-title\" style=\"padding-left:46px;min-height:32px;line-height:32px\"><i class=\"sui sui-star\" style=\"font-size:32px;color:#2471a3\"><\/i> Valoraci\u00f3n de los clientes<\/div><div class=\"su-service-content su-u-clearfix su-u-trim\" style=\"padding-left:46px\">4.7 \/ 5 (417)<\/div><\/div>\n<\/div>\n<\/div>\n<\/div>\n\n\n\n<div class=\"wp-block-columns is-layout-flex wp-container-core-columns-is-layout-9d6595d7 wp-block-columns-is-layout-flex\">\n<div class=\"wp-block-column mapa2 is-layout-flow wp-block-column-is-layout-flow\">\n<h2 class=\"wp-block-heading\">Ubicaci\u00f3n de Centre D&#8217;ensinistrament Can\u00ed Infahund<\/h2>\n\n\n\n<div class=\"su-gmap su-u-responsive-media-yes mapa\"><iframe loading=\"lazy\" width=\"600\" height=\"280\" src=\"\/\/maps.google.com\/maps?q=Centre%20D%26%23039%3Bensinistrament%20Can%C3%AD%20Infahund%2C%20les%20Borias%2C%2017411%20Vidreres%2C%20Girona&amp;output=embed&amp;z=20\" title=\"\"><\/iframe><\/div>\n\n\n\n<h2 class=\"wp-block-heading\">Horarios de Centre D&#8217;ensinistrament Can\u00ed Infahund<\/h2>\n\n\n\n<figure class=\"wp-block-table\"><table><tbody><tr><td><strong>Lunes<\/strong><\/td><td>lunes: 9:00\u201311:00, 17:00\u201321:00<\/td><\/tr><tr><td><strong>Martes<\/strong><\/td><td>martes: Cerrado<\/td><\/tr><tr><td><strong>Mi\u00e9rcoles<\/strong><\/td><td>mi\u00e9rcoles: 9:00\u201311:00, 17:00\u201321:00<\/td><\/tr><tr><td><strong>Jueves<\/strong><\/td><td>jueves: Cerrado<\/td><\/tr><tr><td><strong>Viernes<\/strong><\/td><td>viernes: 17:00\u201321:00<\/td><\/tr><tr><td><strong>S\u00e1bado<\/strong><\/td><td>s\u00e1bado: 9:00\u201311:00<\/td><\/tr><tr><td><strong>Domingo<\/strong><\/td><td>domingo: Cerrado<\/td><\/tr><\/tbody><\/table><\/figure>\n\n\n\n<h2 class=\"wp-block-heading\">Tel\u00e9fono de Centre D&#8217;ensinistrament Can\u00ed Infahund<\/h2>\n\n\n\n<p>Si quieres comunicarte con <strong>Centre D&#8217;ensinistrament Can\u00ed Infahund<\/strong>, puedes hacerlo directamente llamando al siguiente n\u00famero:<\/p>\n\n\n\n<div class=\"wp-block-buttons is-content-justification-center is-layout-flex wp-container-core-buttons-is-layout-16018d1d wp-block-buttons-is-layout-flex\">\n<div class=\"wp-block-button is-style-fill\"><a class=\"wp-block-button__link has-background has-medium-font-size has-custom-font-size wp-element-button\" href=\"tel:619 96 07 87\" style=\"border-radius:6px;background-color:#2471a3\">Llamar ahora<\/a><\/div>\n<\/div>\n\n\n\n<h2 class=\"wp-block-heading\">M\u00e1s informaci\u00f3n<\/h2>\n\n\n\n<p>El Centre D&#8217;ensinistrament Can\u00ed Infahund, ubicado en les Borias, 17411 Vidreres, Girona, se destaca como un referente en adiestramiento canino en Vidreres, ofreciendo servicios personalizados que abarcan desde la obediencia b\u00e1sica y la socializaci\u00f3n hasta la modificaci\u00f3n de conducta. Nuestros adiestradores de perros en Girona cuentan con una amplia experiencia y utilizan m\u00e9todos positivos y efectivos, garantizando que cada sesi\u00f3n sea tanto educativa como divertida para tu mascota. En Infahund, entendemos que cada perro es \u00fanico, por lo que adaptamos nuestros programas para satisfacer las necesidades espec\u00edficas de cada animal, asegurando un aprendizaje efectivo y duradero. Si buscas adiestrar perros de manera profesional y cercana, nuestro enfoque integral y el compromiso con el bienestar animal nos convierten en la mejor opci\u00f3n en la provincia de Girona.<\/p>\n\n\n\n<p>Ubicado en les Borias, 17411 Vidreres, Girona, este centro de adiestramiento canino en Vidreres es destacado por su trato personal, seriedad y logros evidentes. Revisa las valoraciones de otros clientes para conocer su experiencia.<\/p>\n<\/div>\n<\/div>\n\n\n\n<p><\/p>\n\n\n\n<p>Si necesitas conocer otros (PONER NEGOCIO, ej: asesor\u00eda legal, decoraci\u00f3n de eventos, instalaciones el\u00e9ctricas) puedes <strong><a href=\"\/\">visitar nuestra p\u00e1gina principal<\/a><\/strong>.<\/p>\n","protected":false},"excerpt":{"rendered":"<p>Si buscas en la b\u00fasqueda un lugar seguro para adiestramiento de perros en Vidreres, nuestra instituci\u00f3n es una excelente opci\u00f3n. Nuestra instalaci\u00f3n se dedica en el entrenamiento de mascotas sin importar la raza o edad, siempre utilizando t\u00e9cnicas respetuosos adem\u00e1s de efectivos. Centre D&#8217;ensinistrament Can\u00ed Infahund Dentro de los tratamientos m\u00e1s demandados se encuentran la [&hellip;]<\/p>\n","protected":false},"author":2,"featured_media":0,"parent":8104,"menu_order":0,"comment_status":"closed","ping_status":"closed","template":"","meta":{"_et_pb_use_builder":"","_et_pb_old_content":"","_et_gb_content_width":"","footnotes":""},"tags":[1135],"class_list":["post-10204","page","type-page","status-publish","hentry","tag-vidreres"],"_links":{"self":[{"href":"https:\/\/www.adiestradorcanino.com\/webdelperro\/wp-json\/wp\/v2\/pages\/10204","targetHints":{"allow":["GET"]}}],"collection":[{"href":"https:\/\/www.adiestradorcanino.com\/webdelperro\/wp-json\/wp\/v2\/pages"}],"about":[{"href":"https:\/\/www.adiestradorcanino.com\/webdelperro\/wp-json\/wp\/v2\/types\/page"}],"author":[{"embeddable":true,"href":"https:\/\/www.adiestradorcanino.com\/webdelperro\/wp-json\/wp\/v2\/users\/2"}],"replies":[{"embeddable":true,"href":"https:\/\/www.adiestradorcanino.com\/webdelperro\/wp-json\/wp\/v2\/comments?post=10204"}],"version-history":[{"count":0,"href":"https:\/\/www.adiestradorcanino.com\/webdelperro\/wp-json\/wp\/v2\/pages\/10204\/revisions"}],"up":[{"embeddable":true,"href":"https:\/\/www.adiestradorcanino.com\/webdelperro\/wp-json\/wp\/v2\/pages\/8104"}],"wp:attachment":[{"href":"https:\/\/www.adiestradorcanino.com\/webdelperro\/wp-json\/wp\/v2\/media?parent=10204"}],"wp:term":[{"taxonomy":"post_tag","embeddable":true,"href":"https:\/\/www.adiestradorcanino.com\/webdelperro\/wp-json\/wp\/v2\/tags?post=10204"}],"curies":[{"name":"wp","href":"https:\/\/api.w.org\/{rel}","templated":true}]}}