{"id":10202,"date":"2025-07-09T08:05:52","date_gmt":"2025-07-09T08:05:52","guid":{"rendered":"https:\/\/www.adiestradorcanino.com\/webdelperro\/girona\/palafrugell\/adiestramiento-canino-adiestradora-de-perros-cristina-mascaros-en-palafrugell-girona\/"},"modified":"2025-07-09T08:05:52","modified_gmt":"2025-07-09T08:05:52","slug":"adiestramiento-canino-adiestradora-de-perros-cristina-mascaros-en-palafrugell-girona","status":"publish","type":"page","link":"https:\/\/www.adiestradorcanino.com\/webdelperro\/girona\/palafrugell\/adiestramiento-canino-adiestradora-de-perros-cristina-mascaros-en-palafrugell-girona\/","title":{"rendered":"Adiestramiento canino Adiestradora De Perros Cristina Mascar\u00f3s en Palafrugell, Girona"},"content":{"rendered":"\n<p>En caso de que est\u00e1s buscando un espacio seguro para el entrenamiento canino en el \u00e1rea de Palafrugell, nuestra instituci\u00f3n se presenta como una excelente opci\u00f3n. Este centro se dedica en el entrenamiento de mascotas de cualquier edad y raza, siempre con respetuosos y eficaces.<\/p>\n\n\n\n<h2 class=\"wp-block-heading has-text-align-left nombreclinica\">Adiestradora De Perros Cristina Mascar\u00f3s<\/h2>\n\n\n\n<div class=\"wp-block-group is-layout-constrained wp-block-group-is-layout-constrained\">\n<div class=\"wp-block-columns nc-clase-ficha is-layout-flex wp-container-core-columns-is-layout-9d6595d7 wp-block-columns-is-layout-flex\">\n<div class=\"wp-block-column is-vertically-aligned-center is-layout-flow wp-block-column-is-layout-flow\">\n<figure class=\"wp-block-image size-full\"><img decoding=\"async\" src=\"https:\/\/www.adiestradorcanino.com\/webdelperro\/wp-content\/uploads\/2025\/07\/Adiestradora-De-Perros-Cristina-Mascaros.png\" alt=\"Adiestradora De Perros Cristina Mascar\u00f3s\" class=\"wp-image-19766\"\/><\/figure>\n\n\n\n<p>Entre nuestros servicios m\u00e1s solicitados se encuentran los cursos de obediencia b\u00e1sica, la correcci\u00f3n de conductas inapropiadas, la socializaci\u00f3n con otros perros y las sesiones especiales para cachorros. Asimismo, en el centro nos adaptamos a las necesidades espec\u00edficas de cada familia y su mascota.<\/p>\n<\/div>\n\n\n\n<div class=\"wp-block-column is-vertically-aligned-center is-layout-flow wp-block-column-is-layout-flow\">\n<div class=\"su-service\"><div class=\"su-service-title\" style=\"padding-left:46px;min-height:32px;line-height:32px\"><i class=\"sui sui-user\" style=\"font-size:32px;color:#2471a3\"><\/i> <strong>Nombre<\/strong><\/div><div class=\"su-service-content su-u-clearfix su-u-trim\" style=\"padding-left:46px\">Adiestradora De Perros Cristina Mascar\u00f3s<\/div><\/div>\n\n\n\n<div class=\"su-service\"><div class=\"su-service-title\" style=\"padding-left:46px;min-height:32px;line-height:32px\"><i class=\"sui sui-map-marker\" style=\"font-size:32px;color:#2471a3\"><\/i> <strong>Direcci\u00f3n<\/strong><\/div><div class=\"su-service-content su-u-clearfix su-u-trim\" style=\"padding-left:46px\">Carrer de la Roella, 43, 17200 Palafrugell, Girona<\/div><\/div>\n\n\n\n<div class=\"su-service\"><div class=\"su-service-title\" style=\"padding-left:46px;min-height:32px;line-height:32px\"><i class=\"sui sui-volume-control-phone\" style=\"font-size:32px;color:#2471a3\"><\/i> <strong>Tel\u00e9fono<\/strong><\/div><div class=\"su-service-content su-u-clearfix su-u-trim\" style=\"padding-left:46px\">607 24 16 05<\/div><\/div>\n\n\n\n<div class=\"su-service\"><div class=\"su-service-title\" style=\"padding-left:46px;min-height:32px;line-height:32px\"><i class=\"sui sui-globe\" style=\"font-size:32px;color:#2471a3\"><\/i> <strong>Sitio web<\/strong><\/div><div class=\"su-service-content su-u-clearfix su-u-trim\" style=\"padding-left:46px\">https:\/\/www.instagram.com\/cristina_mascaros\/<\/div><\/div>\n\n\n\n<div class=\"su-service\"><div class=\"su-service-title\" style=\"padding-left:46px;min-height:32px;line-height:32px\"><i class=\"sui sui-star\" style=\"font-size:32px;color:#2471a3\"><\/i> Valoraci\u00f3n de los clientes<\/div><div class=\"su-service-content su-u-clearfix su-u-trim\" style=\"padding-left:46px\">5 \/ 5 (52)<\/div><\/div>\n<\/div>\n<\/div>\n<\/div>\n\n\n\n<div class=\"wp-block-columns is-layout-flex wp-container-core-columns-is-layout-9d6595d7 wp-block-columns-is-layout-flex\">\n<div class=\"wp-block-column mapa2 is-layout-flow wp-block-column-is-layout-flow\">\n<h2 class=\"wp-block-heading\">Ubicaci\u00f3n de Adiestradora De Perros Cristina Mascar\u00f3s<\/h2>\n\n\n\n<div class=\"su-gmap su-u-responsive-media-yes mapa\"><iframe loading=\"lazy\" width=\"600\" height=\"280\" src=\"\/\/maps.google.com\/maps?q=Adiestradora%20De%20Perros%20Cristina%20Mascar%C3%B3s%2C%20Carrer%20de%20la%20Roella%2C%2043%2C%2017200%20Palafrugell%2C%20Girona&amp;output=embed&amp;z=20\" title=\"\"><\/iframe><\/div>\n\n\n\n<h2 class=\"wp-block-heading\">Horarios de Adiestradora De Perros Cristina Mascar\u00f3s<\/h2>\n\n\n\n<figure class=\"wp-block-table\"><table><tbody><tr><td><strong>Lunes<\/strong><\/td><td>lunes: 9:00\u201321:00<\/td><\/tr><tr><td><strong>Martes<\/strong><\/td><td>martes: 9:00\u201321:00<\/td><\/tr><tr><td><strong>Mi\u00e9rcoles<\/strong><\/td><td>mi\u00e9rcoles: 9:00\u201321:00<\/td><\/tr><tr><td><strong>Jueves<\/strong><\/td><td>jueves: 9:00\u201321:00<\/td><\/tr><tr><td><strong>Viernes<\/strong><\/td><td>viernes: 9:00\u201321:00<\/td><\/tr><tr><td><strong>S\u00e1bado<\/strong><\/td><td>s\u00e1bado: 9:00\u201321:00<\/td><\/tr><tr><td><strong>Domingo<\/strong><\/td><td>domingo: Cerrado<\/td><\/tr><\/tbody><\/table><\/figure>\n\n\n\n<h2 class=\"wp-block-heading\">Tel\u00e9fono de Adiestradora De Perros Cristina Mascar\u00f3s<\/h2>\n\n\n\n<p>Si quieres comunicarte con <strong>Adiestradora De Perros Cristina Mascar\u00f3s<\/strong>, puedes hacerlo directamente llamando al siguiente n\u00famero:<\/p>\n\n\n\n<div class=\"wp-block-buttons is-content-justification-center is-layout-flex wp-container-core-buttons-is-layout-16018d1d wp-block-buttons-is-layout-flex\">\n<div class=\"wp-block-button is-style-fill\"><a class=\"wp-block-button__link has-background has-medium-font-size has-custom-font-size wp-element-button\" href=\"tel:607 24 16 05\" style=\"border-radius:6px;background-color:#2471a3\">Llamar ahora<\/a><\/div>\n<\/div>\n\n\n\n<h2 class=\"wp-block-heading\">M\u00e1s informaci\u00f3n<\/h2>\n\n\n\n<p>En el centro de adiestramiento canino Adiestradora De Perros Cristina Mascar\u00f3s, situado en Carrer de la Roella, 43, 17200 Palafrugell, Girona, ofrecemos una amplia gama de servicios para adiestrar perros, enfocados en la obediencia, la socializaci\u00f3n y la modificaci\u00f3n de conducta. Nuestro enfoque personalizado y profesional se adapta a las necesidades espec\u00edficas de cada mascota y su propietario, garantizando un aprendizaje efectivo y duradero. Como referentes en adiestramiento canino en Palafrugell, nuestros adiestradores de perros en Girona utilizan t\u00e9cnicas positivas y respetuosas, lo que nos distingue de otros centros. En Adiestradora De Perros Cristina Mascar\u00f3s, nos comprometemos a crear un v\u00ednculo fuerte y saludable entre t\u00fa y tu perro, ayud\u00e1ndote a disfrutar de una convivencia armoniosa.<\/p>\n\n\n\n<p>Localizado en Carrer de la Roella, 43, 17200 Palafrugell, Girona, el centro de adiestramiento canino en Palafrugell se considera destacado por su trato personal, profesionalidad y logros notables. Mira las rese\u00f1as de otros due\u00f1os de mascotas para descubrir su experiencia.<\/p>\n<\/div>\n<\/div>\n\n\n\n<p><\/p>\n\n\n\n<p>Si necesitas conocer otros (PONER NEGOCIO, ej: asesor\u00eda legal, decoraci\u00f3n de eventos, instalaciones el\u00e9ctricas) puedes <strong><a href=\"\/\">visitar nuestra p\u00e1gina principal<\/a><\/strong>.<\/p>\n","protected":false},"excerpt":{"rendered":"<p>En caso de que est\u00e1s buscando un espacio seguro para el entrenamiento canino en el \u00e1rea de Palafrugell, nuestra instituci\u00f3n se presenta como una excelente opci\u00f3n. Este centro se dedica en el entrenamiento de mascotas de cualquier edad y raza, siempre con respetuosos y eficaces. Adiestradora De Perros Cristina Mascar\u00f3s Entre nuestros servicios m\u00e1s solicitados [&hellip;]<\/p>\n","protected":false},"author":2,"featured_media":0,"parent":8113,"menu_order":0,"comment_status":"closed","ping_status":"closed","template":"","meta":{"_et_pb_use_builder":"","_et_pb_old_content":"","_et_gb_content_width":"","footnotes":""},"tags":[1138],"class_list":["post-10202","page","type-page","status-publish","hentry","tag-palafrugell"],"_links":{"self":[{"href":"https:\/\/www.adiestradorcanino.com\/webdelperro\/wp-json\/wp\/v2\/pages\/10202","targetHints":{"allow":["GET"]}}],"collection":[{"href":"https:\/\/www.adiestradorcanino.com\/webdelperro\/wp-json\/wp\/v2\/pages"}],"about":[{"href":"https:\/\/www.adiestradorcanino.com\/webdelperro\/wp-json\/wp\/v2\/types\/page"}],"author":[{"embeddable":true,"href":"https:\/\/www.adiestradorcanino.com\/webdelperro\/wp-json\/wp\/v2\/users\/2"}],"replies":[{"embeddable":true,"href":"https:\/\/www.adiestradorcanino.com\/webdelperro\/wp-json\/wp\/v2\/comments?post=10202"}],"version-history":[{"count":0,"href":"https:\/\/www.adiestradorcanino.com\/webdelperro\/wp-json\/wp\/v2\/pages\/10202\/revisions"}],"up":[{"embeddable":true,"href":"https:\/\/www.adiestradorcanino.com\/webdelperro\/wp-json\/wp\/v2\/pages\/8113"}],"wp:attachment":[{"href":"https:\/\/www.adiestradorcanino.com\/webdelperro\/wp-json\/wp\/v2\/media?parent=10202"}],"wp:term":[{"taxonomy":"post_tag","embeddable":true,"href":"https:\/\/www.adiestradorcanino.com\/webdelperro\/wp-json\/wp\/v2\/tags?post=10202"}],"curies":[{"name":"wp","href":"https:\/\/api.w.org\/{rel}","templated":true}]}}