{"id":10201,"date":"2025-07-09T08:05:47","date_gmt":"2025-07-09T08:05:47","guid":{"rendered":"https:\/\/www.adiestradorcanino.com\/webdelperro\/girona\/cassa-de-la-selva\/adiestramiento-canino-centre-cani-k-ssa-ensinistrament-i-residencia-canina-en-cassa-de-la-selva-girona\/"},"modified":"2025-07-09T08:05:47","modified_gmt":"2025-07-09T08:05:47","slug":"adiestramiento-canino-centre-cani-k-ssa-ensinistrament-i-residencia-canina-en-cassa-de-la-selva-girona","status":"publish","type":"page","link":"https:\/\/www.adiestradorcanino.com\/webdelperro\/girona\/cassa-de-la-selva\/adiestramiento-canino-centre-cani-k-ssa-ensinistrament-i-residencia-canina-en-cassa-de-la-selva-girona\/","title":{"rendered":"Adiestramiento canino Centre Can\u00ed K-ssa, Ensinistrament I Resid\u00e8ncia Canina en Cass\u00e0 De La Selva, Girona"},"content":{"rendered":"\n<p>Si te encuentras buscando un sitio de confianza para el adiestramiento canino en Cass\u00e0 De La Selva, este centro se presenta como una alternativa destacada. Este centro se dedica en el manejo de perros sin importar la raza o edad, siempre utilizando t\u00e9cnicas respetuosos y tambi\u00e9n efectivos.<\/p>\n\n\n\n<h2 class=\"wp-block-heading has-text-align-left nombreclinica\">Centre Can\u00ed K-ssa, Ensinistrament I Resid\u00e8ncia Canina<\/h2>\n\n\n\n<div class=\"wp-block-group is-layout-constrained wp-block-group-is-layout-constrained\">\n<div class=\"wp-block-columns nc-clase-ficha is-layout-flex wp-container-core-columns-is-layout-9d6595d7 wp-block-columns-is-layout-flex\">\n<div class=\"wp-block-column is-vertically-aligned-center is-layout-flow wp-block-column-is-layout-flow\">\n<figure class=\"wp-block-image size-full\"><img decoding=\"async\" src=\"https:\/\/www.adiestradorcanino.com\/webdelperro\/wp-content\/uploads\/2025\/07\/Centre-Cani-K-ssa-Ensinistrament-I-Residencia-Canina.jpg\" alt=\"Centre Can\u00ed K-ssa, Ensinistrament I Resid\u00e8ncia Canina\" class=\"wp-image-19766\"\/><\/figure>\n\n\n\n<p>Entre nuestros tratamientos m\u00e1s solicitados se encuentran la cursos de obediencia b\u00e1sica, la correcci\u00f3n de conductas inapropiadas, la socializaci\u00f3n con otros perros y las clases dirigidas a cachorros. Asimismo, en el centro nos adaptamos a las particularidades de cada familia y animal.<\/p>\n<\/div>\n\n\n\n<div class=\"wp-block-column is-vertically-aligned-center is-layout-flow wp-block-column-is-layout-flow\">\n<div class=\"su-service\"><div class=\"su-service-title\" style=\"padding-left:46px;min-height:32px;line-height:32px\"><i class=\"sui sui-user\" style=\"font-size:32px;color:#2471a3\"><\/i> <strong>Nombre<\/strong><\/div><div class=\"su-service-content su-u-clearfix su-u-trim\" style=\"padding-left:46px\">Centre Can\u00ed K-ssa, Ensinistrament I Resid\u00e8ncia Canina<\/div><\/div>\n\n\n\n<div class=\"su-service\"><div class=\"su-service-title\" style=\"padding-left:46px;min-height:32px;line-height:32px\"><i class=\"sui sui-map-marker\" style=\"font-size:32px;color:#2471a3\"><\/i> <strong>Direcci\u00f3n<\/strong><\/div><div class=\"su-service-content su-u-clearfix su-u-trim\" style=\"padding-left:46px\">Veinat les Serres 52, 17244 Cass\u00e0 de la Selva, Girona<\/div><\/div>\n\n\n\n<div class=\"su-service\"><div class=\"su-service-title\" style=\"padding-left:46px;min-height:32px;line-height:32px\"><i class=\"sui sui-volume-control-phone\" style=\"font-size:32px;color:#2471a3\"><\/i> <strong>Tel\u00e9fono<\/strong><\/div><div class=\"su-service-content su-u-clearfix su-u-trim\" style=\"padding-left:46px\">660 30 66 16<\/div><\/div>\n\n\n\n<div class=\"su-service\"><div class=\"su-service-title\" style=\"padding-left:46px;min-height:32px;line-height:32px\"><i class=\"sui sui-globe\" style=\"font-size:32px;color:#2471a3\"><\/i> <strong>Sitio web<\/strong><\/div><div class=\"su-service-content su-u-clearfix su-u-trim\" style=\"padding-left:46px\">https:\/\/www.instagram.com\/centrekssa<\/div><\/div>\n\n\n\n<div class=\"su-service\"><div class=\"su-service-title\" style=\"padding-left:46px;min-height:32px;line-height:32px\"><i class=\"sui sui-star\" style=\"font-size:32px;color:#2471a3\"><\/i> Valoraci\u00f3n de los clientes<\/div><div class=\"su-service-content su-u-clearfix su-u-trim\" style=\"padding-left:46px\">4.9 \/ 5 (77)<\/div><\/div>\n<\/div>\n<\/div>\n<\/div>\n\n\n\n<div class=\"wp-block-columns is-layout-flex wp-container-core-columns-is-layout-9d6595d7 wp-block-columns-is-layout-flex\">\n<div class=\"wp-block-column mapa2 is-layout-flow wp-block-column-is-layout-flow\">\n<h2 class=\"wp-block-heading\">Ubicaci\u00f3n de Centre Can\u00ed K-ssa, Ensinistrament I Resid\u00e8ncia Canina<\/h2>\n\n\n\n<div class=\"su-gmap su-u-responsive-media-yes mapa\"><iframe loading=\"lazy\" width=\"600\" height=\"280\" src=\"\/\/maps.google.com\/maps?q=Centre%20Can%C3%AD%20K-ssa%2C%20Ensinistrament%20I%20Resid%C3%A8ncia%20Canina%2C%20Veinat%20les%20Serres%2052%2C%2017244%20Cass%C3%A0%20de%20la%20Selva%2C%20Girona&amp;output=embed&amp;z=20\" title=\"\"><\/iframe><\/div>\n\n\n\n<h2 class=\"wp-block-heading\">Horarios de Centre Can\u00ed K-ssa, Ensinistrament I Resid\u00e8ncia Canina<\/h2>\n\n\n\n<figure class=\"wp-block-table\"><table><tbody><tr><td><strong>Lunes<\/strong><\/td><td><\/td><\/tr><tr><td><strong>Martes<\/strong><\/td><td><\/td><\/tr><tr><td><strong>Mi\u00e9rcoles<\/strong><\/td><td><\/td><\/tr><tr><td><strong>Jueves<\/strong><\/td><td><\/td><\/tr><tr><td><strong>Viernes<\/strong><\/td><td><\/td><\/tr><tr><td><strong>S\u00e1bado<\/strong><\/td><td><\/td><\/tr><tr><td><strong>Domingo<\/strong><\/td><td><\/td><\/tr><\/tbody><\/table><\/figure>\n\n\n\n<h2 class=\"wp-block-heading\">Tel\u00e9fono de Centre Can\u00ed K-ssa, Ensinistrament I Resid\u00e8ncia Canina<\/h2>\n\n\n\n<p>Si quieres comunicarte con <strong>Centre Can\u00ed K-ssa, Ensinistrament I Resid\u00e8ncia Canina<\/strong>, puedes hacerlo directamente llamando al siguiente n\u00famero:<\/p>\n\n\n\n<div class=\"wp-block-buttons is-content-justification-center is-layout-flex wp-container-core-buttons-is-layout-16018d1d wp-block-buttons-is-layout-flex\">\n<div class=\"wp-block-button is-style-fill\"><a class=\"wp-block-button__link has-background has-medium-font-size has-custom-font-size wp-element-button\" href=\"tel:660 30 66 16\" style=\"border-radius:6px;background-color:#2471a3\">Llamar ahora<\/a><\/div>\n<\/div>\n\n\n\n<h2 class=\"wp-block-heading\">M\u00e1s informaci\u00f3n<\/h2>\n\n\n\n<p>En el coraz\u00f3n de Cass\u00e0 de la Selva, Girona, se encuentra el Centre Can\u00ed K-ssa, un referente en adiestramiento canino que ofrece servicios personalizados para adiestrar perros de todas las razas y edades. Nuestro enfoque integral abarca desde la obediencia b\u00e1sica hasta la socializaci\u00f3n y la modificaci\u00f3n de conducta, garantizando un desarrollo armonioso y equilibrado de tu mascota. Contamos con un equipo de adiestradores de perros en Girona altamente capacitados que utilizan t\u00e9cnicas positivas y respetuosas, adapt\u00e1ndose a las necesidades espec\u00edficas de cada animal y su due\u00f1o. En Centre Can\u00ed K-ssa, no solo nos dedicamos a educar a tu perro, sino que tambi\u00e9n fomentamos una relaci\u00f3n s\u00f3lida y armoniosa entre t\u00fa y tu compa\u00f1ero peludo. Si buscas un servicio de calidad en adiestramiento canino en Cass\u00e0 De La Selva, nuestro compromiso y profesionalidad te brindar\u00e1n la confianza necesaria para lograr los mejores resultados.<\/p>\n\n\n\n<p>Localizado en Veinat les Serres 52, 17244 Cass\u00e0 de la Selva, Girona, este centro de adiestramiento canino en Cass\u00e0 De La Selva es famoso por su trato cercano, profesionalidad y logros visibles. Mira las valoraciones de otros clientes para conocer su testimonio.<\/p>\n<\/div>\n<\/div>\n\n\n\n<p><\/p>\n\n\n\n<p>Si necesitas conocer otros (PONER NEGOCIO, ej: asesor\u00eda legal, decoraci\u00f3n de eventos, instalaciones el\u00e9ctricas) puedes <strong><a href=\"\/\">visitar nuestra p\u00e1gina principal<\/a><\/strong>.<\/p>\n","protected":false},"excerpt":{"rendered":"<p>Si te encuentras buscando un sitio de confianza para el adiestramiento canino en Cass\u00e0 De La Selva, este centro se presenta como una alternativa destacada. Este centro se dedica en el manejo de perros sin importar la raza o edad, siempre utilizando t\u00e9cnicas respetuosos y tambi\u00e9n efectivos. Centre Can\u00ed K-ssa, Ensinistrament I Resid\u00e8ncia Canina Entre [&hellip;]<\/p>\n","protected":false},"author":2,"featured_media":0,"parent":8110,"menu_order":0,"comment_status":"closed","ping_status":"closed","template":"","meta":{"_et_pb_use_builder":"","_et_pb_old_content":"","_et_gb_content_width":"","footnotes":""},"tags":[1137],"class_list":["post-10201","page","type-page","status-publish","hentry","tag-cassa-de-la-selva"],"_links":{"self":[{"href":"https:\/\/www.adiestradorcanino.com\/webdelperro\/wp-json\/wp\/v2\/pages\/10201","targetHints":{"allow":["GET"]}}],"collection":[{"href":"https:\/\/www.adiestradorcanino.com\/webdelperro\/wp-json\/wp\/v2\/pages"}],"about":[{"href":"https:\/\/www.adiestradorcanino.com\/webdelperro\/wp-json\/wp\/v2\/types\/page"}],"author":[{"embeddable":true,"href":"https:\/\/www.adiestradorcanino.com\/webdelperro\/wp-json\/wp\/v2\/users\/2"}],"replies":[{"embeddable":true,"href":"https:\/\/www.adiestradorcanino.com\/webdelperro\/wp-json\/wp\/v2\/comments?post=10201"}],"version-history":[{"count":0,"href":"https:\/\/www.adiestradorcanino.com\/webdelperro\/wp-json\/wp\/v2\/pages\/10201\/revisions"}],"up":[{"embeddable":true,"href":"https:\/\/www.adiestradorcanino.com\/webdelperro\/wp-json\/wp\/v2\/pages\/8110"}],"wp:attachment":[{"href":"https:\/\/www.adiestradorcanino.com\/webdelperro\/wp-json\/wp\/v2\/media?parent=10201"}],"wp:term":[{"taxonomy":"post_tag","embeddable":true,"href":"https:\/\/www.adiestradorcanino.com\/webdelperro\/wp-json\/wp\/v2\/tags?post=10201"}],"curies":[{"name":"wp","href":"https:\/\/api.w.org\/{rel}","templated":true}]}}