{"id":10157,"date":"2025-07-09T08:00:45","date_gmt":"2025-07-09T08:00:45","guid":{"rendered":"https:\/\/www.adiestradorcanino.com\/webdelperro\/cordoba\/el-alcaide\/adiestramiento-canino-adecan-cordoba-centro-canino-en-el-alcaide-cordoba\/"},"modified":"2025-07-09T08:00:45","modified_gmt":"2025-07-09T08:00:45","slug":"adiestramiento-canino-adecan-cordoba-centro-canino-en-el-alcaide-cordoba","status":"publish","type":"page","link":"https:\/\/www.adiestradorcanino.com\/webdelperro\/cordoba\/el-alcaide\/adiestramiento-canino-adecan-cordoba-centro-canino-en-el-alcaide-cordoba\/","title":{"rendered":"Adiestramiento canino Adecan C\u00f3rdoba Centro Canino en El Alcaide, C\u00f3rdoba"},"content":{"rendered":"\n<p>Si acaso est\u00e1s en la b\u00fasqueda un sitio confiable para el adiestramiento de perros en El Alcaide, nuestra instituci\u00f3n representa una alternativa destacada. Nuestra instalaci\u00f3n se dedica en el entrenamiento de perros sin importar la raza o edad, siempre utilizando m\u00e9todos \u00e9ticos y tambi\u00e9n eficaces.<\/p>\n\n\n\n<h2 class=\"wp-block-heading has-text-align-left nombreclinica\">Adecan C\u00f3rdoba Centro Canino<\/h2>\n\n\n\n<div class=\"wp-block-group is-layout-constrained wp-block-group-is-layout-constrained\">\n<div class=\"wp-block-columns nc-clase-ficha is-layout-flex wp-container-core-columns-is-layout-9d6595d7 wp-block-columns-is-layout-flex\">\n<div class=\"wp-block-column is-vertically-aligned-center is-layout-flow wp-block-column-is-layout-flow\">\n<figure class=\"wp-block-image size-full\"><img decoding=\"async\" src=\"https:\/\/www.adiestradorcanino.com\/webdelperro\/wp-content\/uploads\/2025\/07\/Adecan-Cordoba-Centro-Canino.jpg\" alt=\"Adecan C\u00f3rdoba Centro Canino\" class=\"wp-image-19766\"\/><\/figure>\n\n\n\n<p>Entre los servicios m\u00e1s demandados est\u00e1n la entrenamiento de obediencia, la modificaci\u00f3n de comportamientos no deseados, la socializaci\u00f3n con otros perros y las clases espec\u00edficas para cachorros. Asimismo, en el centro nos adaptamos a las necesidades espec\u00edficas de cada hogar y su animal.<\/p>\n<\/div>\n\n\n\n<div class=\"wp-block-column is-vertically-aligned-center is-layout-flow wp-block-column-is-layout-flow\">\n<div class=\"su-service\"><div class=\"su-service-title\" style=\"padding-left:46px;min-height:32px;line-height:32px\"><i class=\"sui sui-user\" style=\"font-size:32px;color:#2471a3\"><\/i> <strong>Nombre<\/strong><\/div><div class=\"su-service-content su-u-clearfix su-u-trim\" style=\"padding-left:46px\">Adecan C\u00f3rdoba Centro Canino<\/div><\/div>\n\n\n\n<div class=\"su-service\"><div class=\"su-service-title\" style=\"padding-left:46px;min-height:32px;line-height:32px\"><i class=\"sui sui-map-marker\" style=\"font-size:32px;color:#2471a3\"><\/i> <strong>Direcci\u00f3n<\/strong><\/div><div class=\"su-service-content su-u-clearfix su-u-trim\" style=\"padding-left:46px\">Alcaide Parcelas 14005, 14005 El Alcaide, C\u00f3rdoba<\/div><\/div>\n\n\n\n<div class=\"su-service\"><div class=\"su-service-title\" style=\"padding-left:46px;min-height:32px;line-height:32px\"><i class=\"sui sui-volume-control-phone\" style=\"font-size:32px;color:#2471a3\"><\/i> <strong>Tel\u00e9fono<\/strong><\/div><div class=\"su-service-content su-u-clearfix su-u-trim\" style=\"padding-left:46px\">677 22 28 13<\/div><\/div>\n\n\n\n<div class=\"su-service\"><div class=\"su-service-title\" style=\"padding-left:46px;min-height:32px;line-height:32px\"><i class=\"sui sui-globe\" style=\"font-size:32px;color:#2471a3\"><\/i> <strong>Sitio web<\/strong><\/div><div class=\"su-service-content su-u-clearfix su-u-trim\" style=\"padding-left:46px\">http:\/\/www.adecancentrocanino.com\/<\/div><\/div>\n\n\n\n<div class=\"su-service\"><div class=\"su-service-title\" style=\"padding-left:46px;min-height:32px;line-height:32px\"><i class=\"sui sui-star\" style=\"font-size:32px;color:#2471a3\"><\/i> Valoraci\u00f3n de los clientes<\/div><div class=\"su-service-content su-u-clearfix su-u-trim\" style=\"padding-left:46px\">4.9 \/ 5 (86)<\/div><\/div>\n<\/div>\n<\/div>\n<\/div>\n\n\n\n<div class=\"wp-block-columns is-layout-flex wp-container-core-columns-is-layout-9d6595d7 wp-block-columns-is-layout-flex\">\n<div class=\"wp-block-column mapa2 is-layout-flow wp-block-column-is-layout-flow\">\n<h2 class=\"wp-block-heading\">Ubicaci\u00f3n de Adecan C\u00f3rdoba Centro Canino<\/h2>\n\n\n\n<div class=\"su-gmap su-u-responsive-media-yes mapa\"><iframe loading=\"lazy\" width=\"600\" height=\"280\" src=\"\/\/maps.google.com\/maps?q=Adecan%20C%C3%B3rdoba%20Centro%20Canino%2C%20Alcaide%20Parcelas%2014005%2C%2014005%20El%20Alcaide%2C%20C%C3%B3rdoba&amp;output=embed&amp;z=20\" title=\"\"><\/iframe><\/div>\n\n\n\n<h2 class=\"wp-block-heading\">Horarios de Adecan C\u00f3rdoba Centro Canino<\/h2>\n\n\n\n<figure class=\"wp-block-table\"><table><tbody><tr><td><strong>Lunes<\/strong><\/td><td>lunes: 9:00\u201314:00, 18:00\u201323:00<\/td><\/tr><tr><td><strong>Martes<\/strong><\/td><td>martes: 9:00\u201314:00, 18:00\u201323:00<\/td><\/tr><tr><td><strong>Mi\u00e9rcoles<\/strong><\/td><td>mi\u00e9rcoles: 9:00\u201314:00, 18:00\u201323:00<\/td><\/tr><tr><td><strong>Jueves<\/strong><\/td><td>jueves: 9:00\u201314:00, 18:00\u201323:00<\/td><\/tr><tr><td><strong>Viernes<\/strong><\/td><td>viernes: 9:00\u201314:00, 18:00\u201323:00<\/td><\/tr><tr><td><strong>S\u00e1bado<\/strong><\/td><td>s\u00e1bado: Cerrado<\/td><\/tr><tr><td><strong>Domingo<\/strong><\/td><td>domingo: Cerrado<\/td><\/tr><\/tbody><\/table><\/figure>\n\n\n\n<h2 class=\"wp-block-heading\">Tel\u00e9fono de Adecan C\u00f3rdoba Centro Canino<\/h2>\n\n\n\n<p>Si quieres comunicarte con <strong>Adecan C\u00f3rdoba Centro Canino<\/strong>, puedes hacerlo directamente llamando al siguiente n\u00famero:<\/p>\n\n\n\n<div class=\"wp-block-buttons is-content-justification-center is-layout-flex wp-container-core-buttons-is-layout-16018d1d wp-block-buttons-is-layout-flex\">\n<div class=\"wp-block-button is-style-fill\"><a class=\"wp-block-button__link has-background has-medium-font-size has-custom-font-size wp-element-button\" href=\"tel:677 22 28 13\" style=\"border-radius:6px;background-color:#2471a3\">Llamar ahora<\/a><\/div>\n<\/div>\n\n\n\n<h2 class=\"wp-block-heading\">M\u00e1s informaci\u00f3n<\/h2>\n\n\n\n<p>En el coraz\u00f3n de El Alcaide, C\u00f3rdoba, se encuentra el centro de adiestramiento canino Adecan C\u00f3rdoba Centro Canino, un referente en la educaci\u00f3n y formaci\u00f3n de perros. Ofrecemos una amplia gama de servicios que incluyen adiestramiento en obediencia, socializaci\u00f3n, y modificaci\u00f3n de conducta, dise\u00f1ados para adaptarse a las necesidades espec\u00edficas de cada mascota y su due\u00f1o. Nuestros adiestradores de perros en C\u00f3rdoba cuentan con una experiencia s\u00f3lida y un enfoque personalizado, garantizando un ambiente positivo y efectivo para el aprendizaje. Lo que realmente nos diferencia es nuestra metodolog\u00eda basada en el refuerzo positivo y la creaci\u00f3n de un v\u00ednculo fuerte entre el perro y su propietario, lo que asegura resultados duraderos y satisfactorios. Si buscas un lugar confiable para adiestrar perros en El Alcaide, Adecan C\u00f3rdoba es tu mejor opci\u00f3n para lograr una convivencia armoniosa y feliz con tu fiel amigo.<\/p>\n\n\n\n<p>Situado en Alcaide Parcelas 14005, 14005 El Alcaide, C\u00f3rdoba, este centro de adiestramiento canino en El Alcaide se considera destacado por su atenci\u00f3n personal, seriedad y resultados evidentes. Revisa las rese\u00f1as de otros usuarios para entender su experiencia.<\/p>\n<\/div>\n<\/div>\n\n\n\n<p><\/p>\n\n\n\n<p>Si necesitas conocer otros (PONER NEGOCIO, ej: asesor\u00eda legal, decoraci\u00f3n de eventos, instalaciones el\u00e9ctricas) puedes <strong><a href=\"\/\">visitar nuestra p\u00e1gina principal<\/a><\/strong>.<\/p>\n","protected":false},"excerpt":{"rendered":"<p>Si acaso est\u00e1s en la b\u00fasqueda un sitio confiable para el adiestramiento de perros en El Alcaide, nuestra instituci\u00f3n representa una alternativa destacada. Nuestra instalaci\u00f3n se dedica en el entrenamiento de perros sin importar la raza o edad, siempre utilizando m\u00e9todos \u00e9ticos y tambi\u00e9n eficaces. Adecan C\u00f3rdoba Centro Canino Entre los servicios m\u00e1s demandados est\u00e1n [&hellip;]<\/p>\n","protected":false},"author":2,"featured_media":0,"parent":8024,"menu_order":0,"comment_status":"closed","ping_status":"closed","template":"","meta":{"_et_pb_use_builder":"","_et_pb_old_content":"","_et_gb_content_width":"","footnotes":""},"tags":[1116],"class_list":["post-10157","page","type-page","status-publish","hentry","tag-el-alcaide"],"_links":{"self":[{"href":"https:\/\/www.adiestradorcanino.com\/webdelperro\/wp-json\/wp\/v2\/pages\/10157","targetHints":{"allow":["GET"]}}],"collection":[{"href":"https:\/\/www.adiestradorcanino.com\/webdelperro\/wp-json\/wp\/v2\/pages"}],"about":[{"href":"https:\/\/www.adiestradorcanino.com\/webdelperro\/wp-json\/wp\/v2\/types\/page"}],"author":[{"embeddable":true,"href":"https:\/\/www.adiestradorcanino.com\/webdelperro\/wp-json\/wp\/v2\/users\/2"}],"replies":[{"embeddable":true,"href":"https:\/\/www.adiestradorcanino.com\/webdelperro\/wp-json\/wp\/v2\/comments?post=10157"}],"version-history":[{"count":0,"href":"https:\/\/www.adiestradorcanino.com\/webdelperro\/wp-json\/wp\/v2\/pages\/10157\/revisions"}],"up":[{"embeddable":true,"href":"https:\/\/www.adiestradorcanino.com\/webdelperro\/wp-json\/wp\/v2\/pages\/8024"}],"wp:attachment":[{"href":"https:\/\/www.adiestradorcanino.com\/webdelperro\/wp-json\/wp\/v2\/media?parent=10157"}],"wp:term":[{"taxonomy":"post_tag","embeddable":true,"href":"https:\/\/www.adiestradorcanino.com\/webdelperro\/wp-json\/wp\/v2\/tags?post=10157"}],"curies":[{"name":"wp","href":"https:\/\/api.w.org\/{rel}","templated":true}]}}