{"id":10152,"date":"2025-07-09T08:00:09","date_gmt":"2025-07-09T08:00:09","guid":{"rendered":"https:\/\/www.adiestradorcanino.com\/webdelperro\/ciudad-real\/moral-de-calatrava\/adiestramiento-canino-centro-canino-aryacan-en-moral-de-calatrava-ciudad-real\/"},"modified":"2025-07-09T08:00:09","modified_gmt":"2025-07-09T08:00:09","slug":"adiestramiento-canino-centro-canino-aryacan-en-moral-de-calatrava-ciudad-real","status":"publish","type":"page","link":"https:\/\/www.adiestradorcanino.com\/webdelperro\/ciudad-real\/moral-de-calatrava\/adiestramiento-canino-centro-canino-aryacan-en-moral-de-calatrava-ciudad-real\/","title":{"rendered":"Adiestramiento canino Centro Canino Aryacan en Moral De Calatrava, Ciudad Real"},"content":{"rendered":"\n<p>Si buscas buscando un espacio de confianza para entrenamiento canino en Moral De Calatrava,  Centro Canino Aryacan es una opci\u00f3n destacada. Este lugar se dedica en el entrenamiento de mascotas sin importar la raza o edad, siempre utilizando con amigables y eficaces.<\/p>\n\n\n\n<h2 class=\"wp-block-heading has-text-align-left nombreclinica\">Centro Canino Aryacan<\/h2>\n\n\n\n<div class=\"wp-block-group is-layout-constrained wp-block-group-is-layout-constrained\">\n<div class=\"wp-block-columns nc-clase-ficha is-layout-flex wp-container-core-columns-is-layout-9d6595d7 wp-block-columns-is-layout-flex\">\n<div class=\"wp-block-column is-vertically-aligned-center is-layout-flow wp-block-column-is-layout-flow\">\n<figure class=\"wp-block-image size-full\"><img decoding=\"async\" src=\"https:\/\/www.adiestradorcanino.com\/webdelperro\/wp-content\/uploads\/2025\/07\/Centro-Canino-Aryacan.png\" alt=\"Centro Canino Aryacan\" class=\"wp-image-19766\"\/><\/figure>\n\n\n\n<p>Entre nuestros tratamientos m\u00e1s solicitados se encuentran la entrenamiento de obediencia, la modificaci\u00f3n de comportamientos no deseados, la interacci\u00f3n con otros animales y las clases espec\u00edficas para cachorros. Adem\u00e1s, en el centro se adaptan a las necesidades espec\u00edficas de cada familia y su mascota.<\/p>\n<\/div>\n\n\n\n<div class=\"wp-block-column is-vertically-aligned-center is-layout-flow wp-block-column-is-layout-flow\">\n<div class=\"su-service\"><div class=\"su-service-title\" style=\"padding-left:46px;min-height:32px;line-height:32px\"><i class=\"sui sui-user\" style=\"font-size:32px;color:#2471a3\"><\/i> <strong>Nombre<\/strong><\/div><div class=\"su-service-content su-u-clearfix su-u-trim\" style=\"padding-left:46px\">Centro Canino Aryacan<\/div><\/div>\n\n\n\n<div class=\"su-service\"><div class=\"su-service-title\" style=\"padding-left:46px;min-height:32px;line-height:32px\"><i class=\"sui sui-map-marker\" style=\"font-size:32px;color:#2471a3\"><\/i> <strong>Direcci\u00f3n<\/strong><\/div><div class=\"su-service-content su-u-clearfix su-u-trim\" style=\"padding-left:46px\">C. Calder\u00f3n, 12, 13350 Moral de Calatrava, Ciudad Real<\/div><\/div>\n\n\n\n<div class=\"su-service\"><div class=\"su-service-title\" style=\"padding-left:46px;min-height:32px;line-height:32px\"><i class=\"sui sui-volume-control-phone\" style=\"font-size:32px;color:#2471a3\"><\/i> <strong>Tel\u00e9fono<\/strong><\/div><div class=\"su-service-content su-u-clearfix su-u-trim\" style=\"padding-left:46px\">696 24 27 85<\/div><\/div>\n\n\n\n<div class=\"su-service\"><div class=\"su-service-title\" style=\"padding-left:46px;min-height:32px;line-height:32px\"><i class=\"sui sui-globe\" style=\"font-size:32px;color:#2471a3\"><\/i> <strong>Sitio web<\/strong><\/div><div class=\"su-service-content su-u-clearfix su-u-trim\" style=\"padding-left:46px\"><\/div><\/div>\n\n\n\n<div class=\"su-service\"><div class=\"su-service-title\" style=\"padding-left:46px;min-height:32px;line-height:32px\"><i class=\"sui sui-star\" style=\"font-size:32px;color:#2471a3\"><\/i> Valoraci\u00f3n de los clientes<\/div><div class=\"su-service-content su-u-clearfix su-u-trim\" style=\"padding-left:46px\">5 \/ 5 (23)<\/div><\/div>\n<\/div>\n<\/div>\n<\/div>\n\n\n\n<div class=\"wp-block-columns is-layout-flex wp-container-core-columns-is-layout-9d6595d7 wp-block-columns-is-layout-flex\">\n<div class=\"wp-block-column mapa2 is-layout-flow wp-block-column-is-layout-flow\">\n<h2 class=\"wp-block-heading\">Ubicaci\u00f3n de Centro Canino Aryacan<\/h2>\n\n\n\n<div class=\"su-gmap su-u-responsive-media-yes mapa\"><iframe loading=\"lazy\" width=\"600\" height=\"280\" src=\"\/\/maps.google.com\/maps?q=Centro%20Canino%20Aryacan%2C%20C.%20Calder%C3%B3n%2C%2012%2C%2013350%20Moral%20de%20Calatrava%2C%20Ciudad%20Real&amp;output=embed&amp;z=20\" title=\"\"><\/iframe><\/div>\n\n\n\n<h2 class=\"wp-block-heading\">Horarios de Centro Canino Aryacan<\/h2>\n\n\n\n<figure class=\"wp-block-table\"><table><tbody><tr><td><strong>Lunes<\/strong><\/td><td>lunes: 9:00\u201311:00, 19:00\u201321:00<\/td><\/tr><tr><td><strong>Martes<\/strong><\/td><td>martes: 9:00\u201311:00, 19:00\u201321:00<\/td><\/tr><tr><td><strong>Mi\u00e9rcoles<\/strong><\/td><td>mi\u00e9rcoles: 9:00\u201311:00, 19:00\u201321:00<\/td><\/tr><tr><td><strong>Jueves<\/strong><\/td><td>jueves: 9:00\u201311:00, 19:00\u201321:00<\/td><\/tr><tr><td><strong>Viernes<\/strong><\/td><td>viernes: 9:00\u201311:00, 19:00\u201321:00<\/td><\/tr><tr><td><strong>S\u00e1bado<\/strong><\/td><td>s\u00e1bado: 9:00\u201311:00<\/td><\/tr><tr><td><strong>Domingo<\/strong><\/td><td>domingo: 19:00\u201321:00<\/td><\/tr><\/tbody><\/table><\/figure>\n\n\n\n<h2 class=\"wp-block-heading\">Tel\u00e9fono de Centro Canino Aryacan<\/h2>\n\n\n\n<p>Si quieres comunicarte con <strong>Centro Canino Aryacan<\/strong>, puedes hacerlo directamente llamando al siguiente n\u00famero:<\/p>\n\n\n\n<div class=\"wp-block-buttons is-content-justification-center is-layout-flex wp-container-core-buttons-is-layout-16018d1d wp-block-buttons-is-layout-flex\">\n<div class=\"wp-block-button is-style-fill\"><a class=\"wp-block-button__link has-background has-medium-font-size has-custom-font-size wp-element-button\" href=\"tel:696 24 27 85\" style=\"border-radius:6px;background-color:#2471a3\">Llamar ahora<\/a><\/div>\n<\/div>\n\n\n\n<h2 class=\"wp-block-heading\">M\u00e1s informaci\u00f3n<\/h2>\n\n\n\n<p>En el coraz\u00f3n de Moral de Calatrava, Ciudad Real, se encuentra el Centro Canino Aryacan, un referente en adiestramiento canino que ofrece servicios especializados para educar a tu perro de manera positiva y amorosa. Nuestro enfoque integral abarca desde la obediencia b\u00e1sica y la socializaci\u00f3n hasta la modificaci\u00f3n de conducta, garantizando que cada perro reciba la atenci\u00f3n y el tratamiento adecuado a sus necesidades. Contamos con un equipo de adiestradores de perros altamente cualificados y apasionados por su trabajo, quienes utilizan m\u00e9todos positivos y personalizados para asegurar el bienestar de tu mascota. En el Centro Canino Aryacan, no solo nos dedicamos a adiestrar perros, sino tambi\u00e9n a construir un v\u00ednculo s\u00f3lido entre t\u00fa y tu compa\u00f1ero canino, lo que nos distingue de otros centros de adiestramiento canino en Moral de Calatrava. Si buscas un servicio de calidad y un enfoque profesional en el adiestramiento canino en Ciudad Real, no dudes en contactarnos y descubrir c\u00f3mo podemos ayudarte a transformar la vida de tu perro.<\/p>\n\n\n\n<p>Localizado en C. Calder\u00f3n, 12, 13350 Moral de Calatrava, Ciudad Real, este centro de adiestramiento canino en Moral De Calatrava se considera reconocido por su trato personal, seriedad y resultados notables. Consulta las valoraciones de otros clientes para conocer su experiencia.<\/p>\n<\/div>\n<\/div>\n\n\n\n<p><\/p>\n\n\n\n<p>Si necesitas conocer otros (PONER NEGOCIO, ej: asesor\u00eda legal, decoraci\u00f3n de eventos, instalaciones el\u00e9ctricas) puedes <strong><a href=\"\/\">visitar nuestra p\u00e1gina principal<\/a><\/strong>.<\/p>\n","protected":false},"excerpt":{"rendered":"<p>Si buscas buscando un espacio de confianza para entrenamiento canino en Moral De Calatrava, Centro Canino Aryacan es una opci\u00f3n destacada. Este lugar se dedica en el entrenamiento de mascotas sin importar la raza o edad, siempre utilizando con amigables y eficaces. Centro Canino Aryacan Entre nuestros tratamientos m\u00e1s solicitados se encuentran la entrenamiento de [&hellip;]<\/p>\n","protected":false},"author":2,"featured_media":0,"parent":8011,"menu_order":0,"comment_status":"closed","ping_status":"closed","template":"","meta":{"_et_pb_use_builder":"","_et_pb_old_content":"","_et_gb_content_width":"","footnotes":""},"tags":[1113],"class_list":["post-10152","page","type-page","status-publish","hentry","tag-moral-de-calatrava"],"_links":{"self":[{"href":"https:\/\/www.adiestradorcanino.com\/webdelperro\/wp-json\/wp\/v2\/pages\/10152","targetHints":{"allow":["GET"]}}],"collection":[{"href":"https:\/\/www.adiestradorcanino.com\/webdelperro\/wp-json\/wp\/v2\/pages"}],"about":[{"href":"https:\/\/www.adiestradorcanino.com\/webdelperro\/wp-json\/wp\/v2\/types\/page"}],"author":[{"embeddable":true,"href":"https:\/\/www.adiestradorcanino.com\/webdelperro\/wp-json\/wp\/v2\/users\/2"}],"replies":[{"embeddable":true,"href":"https:\/\/www.adiestradorcanino.com\/webdelperro\/wp-json\/wp\/v2\/comments?post=10152"}],"version-history":[{"count":0,"href":"https:\/\/www.adiestradorcanino.com\/webdelperro\/wp-json\/wp\/v2\/pages\/10152\/revisions"}],"up":[{"embeddable":true,"href":"https:\/\/www.adiestradorcanino.com\/webdelperro\/wp-json\/wp\/v2\/pages\/8011"}],"wp:attachment":[{"href":"https:\/\/www.adiestradorcanino.com\/webdelperro\/wp-json\/wp\/v2\/media?parent=10152"}],"wp:term":[{"taxonomy":"post_tag","embeddable":true,"href":"https:\/\/www.adiestradorcanino.com\/webdelperro\/wp-json\/wp\/v2\/tags?post=10152"}],"curies":[{"name":"wp","href":"https:\/\/api.w.org\/{rel}","templated":true}]}}