{"id":10130,"date":"2025-07-09T07:57:53","date_gmt":"2025-07-09T07:57:53","guid":{"rendered":"https:\/\/www.adiestradorcanino.com\/webdelperro\/palencia\/aguilar-de-campoo\/adiestramiento-canino-can-poo-centro-canino-en-aguilar-de-campoo-palencia\/"},"modified":"2025-07-09T07:57:53","modified_gmt":"2025-07-09T07:57:53","slug":"adiestramiento-canino-can-poo-centro-canino-en-aguilar-de-campoo-palencia","status":"publish","type":"page","link":"https:\/\/www.adiestradorcanino.com\/webdelperro\/palencia\/aguilar-de-campoo\/adiestramiento-canino-can-poo-centro-canino-en-aguilar-de-campoo-palencia\/","title":{"rendered":"Adiestramiento canino Can-poo Centro Canino en Aguilar De Campoo, Palencia"},"content":{"rendered":"\n<p>En caso de que est\u00e1s buscando un sitio seguro id\u00f3neo para adiestramiento de perros dentro de Aguilar De Campoo, este centro es una alternativa destacada. Nuestra instalaci\u00f3n trabaja en el manejo de perros de todas las edades y razas, usando con respetuosos y tambi\u00e9n efectivos.<\/p>\n\n\n\n<h2 class=\"wp-block-heading has-text-align-left nombreclinica\">Can-poo Centro Canino<\/h2>\n\n\n\n<div class=\"wp-block-group is-layout-constrained wp-block-group-is-layout-constrained\">\n<div class=\"wp-block-columns nc-clase-ficha is-layout-flex wp-container-core-columns-is-layout-9d6595d7 wp-block-columns-is-layout-flex\">\n<div class=\"wp-block-column is-vertically-aligned-center is-layout-flow wp-block-column-is-layout-flow\">\n<figure class=\"wp-block-image size-full\"><img decoding=\"async\" src=\"https:\/\/www.adiestradorcanino.com\/webdelperro\/wp-content\/uploads\/2025\/07\/Can-poo-Centro-Canino.png\" alt=\"Can-poo Centro Canino\" class=\"wp-image-19766\"\/><\/figure>\n\n\n\n<p>Entre los tratamientos m\u00e1s solicitados se encuentran los obediencia b\u00e1sica, la correcci\u00f3n de conductas inapropiadas, la socializaci\u00f3n con otros animales y las clases dirigidas a cachorros. Asimismo, en nombre se adaptan a las particularidades de cada familia y animal.<\/p>\n<\/div>\n\n\n\n<div class=\"wp-block-column is-vertically-aligned-center is-layout-flow wp-block-column-is-layout-flow\">\n<div class=\"su-service\"><div class=\"su-service-title\" style=\"padding-left:46px;min-height:32px;line-height:32px\"><i class=\"sui sui-user\" style=\"font-size:32px;color:#2471a3\"><\/i> <strong>Nombre<\/strong><\/div><div class=\"su-service-content su-u-clearfix su-u-trim\" style=\"padding-left:46px\">Can-poo Centro Canino<\/div><\/div>\n\n\n\n<div class=\"su-service\"><div class=\"su-service-title\" style=\"padding-left:46px;min-height:32px;line-height:32px\"><i class=\"sui sui-map-marker\" style=\"font-size:32px;color:#2471a3\"><\/i> <strong>Direcci\u00f3n<\/strong><\/div><div class=\"su-service-content su-u-clearfix su-u-trim\" style=\"padding-left:46px\">Ctra. Cervera &#8211; Aguilar, km. 232, 34810 Aguilar de Campoo, Palencia<\/div><\/div>\n\n\n\n<div class=\"su-service\"><div class=\"su-service-title\" style=\"padding-left:46px;min-height:32px;line-height:32px\"><i class=\"sui sui-volume-control-phone\" style=\"font-size:32px;color:#2471a3\"><\/i> <strong>Tel\u00e9fono<\/strong><\/div><div class=\"su-service-content su-u-clearfix su-u-trim\" style=\"padding-left:46px\">665 97 93 88<\/div><\/div>\n\n\n\n<div class=\"su-service\"><div class=\"su-service-title\" style=\"padding-left:46px;min-height:32px;line-height:32px\"><i class=\"sui sui-globe\" style=\"font-size:32px;color:#2471a3\"><\/i> <strong>Sitio web<\/strong><\/div><div class=\"su-service-content su-u-clearfix su-u-trim\" style=\"padding-left:46px\">http:\/\/www.can-poo.com\/<\/div><\/div>\n\n\n\n<div class=\"su-service\"><div class=\"su-service-title\" style=\"padding-left:46px;min-height:32px;line-height:32px\"><i class=\"sui sui-star\" style=\"font-size:32px;color:#2471a3\"><\/i> Valoraci\u00f3n de los clientes<\/div><div class=\"su-service-content su-u-clearfix su-u-trim\" style=\"padding-left:46px\">4.9 \/ 5 (68)<\/div><\/div>\n<\/div>\n<\/div>\n<\/div>\n\n\n\n<div class=\"wp-block-columns is-layout-flex wp-container-core-columns-is-layout-9d6595d7 wp-block-columns-is-layout-flex\">\n<div class=\"wp-block-column mapa2 is-layout-flow wp-block-column-is-layout-flow\">\n<h2 class=\"wp-block-heading\">Ubicaci\u00f3n de Can-poo Centro Canino<\/h2>\n\n\n\n<div class=\"su-gmap su-u-responsive-media-yes mapa\"><iframe loading=\"lazy\" width=\"600\" height=\"280\" src=\"\/\/maps.google.com\/maps?q=Can-poo%20Centro%20Canino%2C%20Ctra.%20Cervera%20-%20Aguilar%2C%20km.%20232%2C%2034810%20Aguilar%20de%20Campoo%2C%20Palencia&amp;output=embed&amp;z=20\" title=\"\"><\/iframe><\/div>\n\n\n\n<h2 class=\"wp-block-heading\">Horarios de Can-poo Centro Canino<\/h2>\n\n\n\n<figure class=\"wp-block-table\"><table><tbody><tr><td><strong>Lunes<\/strong><\/td><td>lunes: 10:00\u201316:00<\/td><\/tr><tr><td><strong>Martes<\/strong><\/td><td>martes: 10:00\u201316:00<\/td><\/tr><tr><td><strong>Mi\u00e9rcoles<\/strong><\/td><td>mi\u00e9rcoles: 10:00\u201316:00<\/td><\/tr><tr><td><strong>Jueves<\/strong><\/td><td>jueves: 10:00\u201316:00<\/td><\/tr><tr><td><strong>Viernes<\/strong><\/td><td>viernes: 10:00\u201316:00<\/td><\/tr><tr><td><strong>S\u00e1bado<\/strong><\/td><td>s\u00e1bado: 10:00\u201313:00<\/td><\/tr><tr><td><strong>Domingo<\/strong><\/td><td>domingo: Cerrado<\/td><\/tr><\/tbody><\/table><\/figure>\n\n\n\n<h2 class=\"wp-block-heading\">Tel\u00e9fono de Can-poo Centro Canino<\/h2>\n\n\n\n<p>Si quieres comunicarte con <strong>Can-poo Centro Canino<\/strong>, puedes hacerlo directamente llamando al siguiente n\u00famero:<\/p>\n\n\n\n<div class=\"wp-block-buttons is-content-justification-center is-layout-flex wp-container-core-buttons-is-layout-16018d1d wp-block-buttons-is-layout-flex\">\n<div class=\"wp-block-button is-style-fill\"><a class=\"wp-block-button__link has-background has-medium-font-size has-custom-font-size wp-element-button\" href=\"tel:665 97 93 88\" style=\"border-radius:6px;background-color:#2471a3\">Llamar ahora<\/a><\/div>\n<\/div>\n\n\n\n<h2 class=\"wp-block-heading\">M\u00e1s informaci\u00f3n<\/h2>\n\n\n\n<p>En el coraz\u00f3n de Aguilar de Campoo, Palencia, se encuentra Can-poo Centro Canino, un referente en adiestramiento canino en Aguilar de Campoo. Nuestro centro se especializa en ofrecer servicios integrales que abarcan desde la obediencia b\u00e1sica hasta la socializaci\u00f3n y la modificaci\u00f3n de conducta, adapt\u00e1ndonos a las necesidades espec\u00edficas de cada perro y su due\u00f1o. Nuestros adiestradores de perros en Palencia cuentan con experiencia y un enfoque profesional que combina t\u00e9cnicas positivas y positivas, garantizando un aprendizaje ameno y eficaz. Lo que nos diferencia de otros centros es nuestra dedicaci\u00f3n al bienestar del animal y la creaci\u00f3n de un v\u00ednculo fuerte y saludable entre el perro y su propietario. Si buscas adiestrar perros de manera positiva y cari\u00f1osa, en Can-poo Centro Canino te proporcionaremos las herramientas necesarias para lograrlo, asegurando que cada sesi\u00f3n sea una experiencia enriquecedora tanto para ti como para tu mascota.<\/p>\n\n\n\n<p>Localizado en Ctra. Cervera &#8211; Aguilar, km. 232, 34810 Aguilar de Campoo, Palencia, el centro de adiestramiento canino en Aguilar De Campoo se considera famoso por su trato cercano, seriedad y resultados visibles. Revisa las opiniones de otros due\u00f1os de mascotas para conocer su opini\u00f3n.<\/p>\n<\/div>\n<\/div>\n\n\n\n<p><\/p>\n\n\n\n<p>Si necesitas conocer otros (PONER NEGOCIO, ej: asesor\u00eda legal, decoraci\u00f3n de eventos, instalaciones el\u00e9ctricas) puedes <strong><a href=\"\/\">visitar nuestra p\u00e1gina principal<\/a><\/strong>.<\/p>\n","protected":false},"excerpt":{"rendered":"<p>En caso de que est\u00e1s buscando un sitio seguro id\u00f3neo para adiestramiento de perros dentro de Aguilar De Campoo, este centro es una alternativa destacada. Nuestra instalaci\u00f3n trabaja en el manejo de perros de todas las edades y razas, usando con respetuosos y tambi\u00e9n efectivos. Can-poo Centro Canino Entre los tratamientos m\u00e1s solicitados se encuentran [&hellip;]<\/p>\n","protected":false},"author":2,"featured_media":0,"parent":7974,"menu_order":0,"comment_status":"closed","ping_status":"closed","template":"","meta":{"_et_pb_use_builder":"","_et_pb_old_content":"","_et_gb_content_width":"","footnotes":""},"tags":[1105],"class_list":["post-10130","page","type-page","status-publish","hentry","tag-aguilar-de-campoo"],"_links":{"self":[{"href":"https:\/\/www.adiestradorcanino.com\/webdelperro\/wp-json\/wp\/v2\/pages\/10130","targetHints":{"allow":["GET"]}}],"collection":[{"href":"https:\/\/www.adiestradorcanino.com\/webdelperro\/wp-json\/wp\/v2\/pages"}],"about":[{"href":"https:\/\/www.adiestradorcanino.com\/webdelperro\/wp-json\/wp\/v2\/types\/page"}],"author":[{"embeddable":true,"href":"https:\/\/www.adiestradorcanino.com\/webdelperro\/wp-json\/wp\/v2\/users\/2"}],"replies":[{"embeddable":true,"href":"https:\/\/www.adiestradorcanino.com\/webdelperro\/wp-json\/wp\/v2\/comments?post=10130"}],"version-history":[{"count":0,"href":"https:\/\/www.adiestradorcanino.com\/webdelperro\/wp-json\/wp\/v2\/pages\/10130\/revisions"}],"up":[{"embeddable":true,"href":"https:\/\/www.adiestradorcanino.com\/webdelperro\/wp-json\/wp\/v2\/pages\/7974"}],"wp:attachment":[{"href":"https:\/\/www.adiestradorcanino.com\/webdelperro\/wp-json\/wp\/v2\/media?parent=10130"}],"wp:term":[{"taxonomy":"post_tag","embeddable":true,"href":"https:\/\/www.adiestradorcanino.com\/webdelperro\/wp-json\/wp\/v2\/tags?post=10130"}],"curies":[{"name":"wp","href":"https:\/\/api.w.org\/{rel}","templated":true}]}}