{"id":10119,"date":"2025-07-09T07:56:58","date_gmt":"2025-07-09T07:56:58","guid":{"rendered":"https:\/\/www.adiestradorcanino.com\/webdelperro\/cantabria\/setien\/adiestramiento-canino-el-norte-agility-club-en-setien-cantabria\/"},"modified":"2025-07-09T07:56:58","modified_gmt":"2025-07-09T07:56:58","slug":"adiestramiento-canino-el-norte-agility-club-en-setien-cantabria","status":"publish","type":"page","link":"https:\/\/www.adiestradorcanino.com\/webdelperro\/cantabria\/setien\/adiestramiento-canino-el-norte-agility-club-en-setien-cantabria\/","title":{"rendered":"Adiestramiento canino El Norte Agility Club en Setien, Cantabria"},"content":{"rendered":"\n<p>Si buscas en la b\u00fasqueda un sitio de confianza para el adiestramiento de perros dentro de Setien, este centro representa una excelente opci\u00f3n. Nuestra instalaci\u00f3n trabaja en el manejo de mascotas de todas las edades y razas, siempre utilizando t\u00e9cnicas respetuosos y efectivos.<\/p>\n\n\n\n<h2 class=\"wp-block-heading has-text-align-left nombreclinica\">El Norte Agility Club<\/h2>\n\n\n\n<div class=\"wp-block-group is-layout-constrained wp-block-group-is-layout-constrained\">\n<div class=\"wp-block-columns nc-clase-ficha is-layout-flex wp-container-core-columns-is-layout-9d6595d7 wp-block-columns-is-layout-flex\">\n<div class=\"wp-block-column is-vertically-aligned-center is-layout-flow wp-block-column-is-layout-flow\">\n<figure class=\"wp-block-image size-full\"><img decoding=\"async\" src=\"https:\/\/www.adiestradorcanino.com\/webdelperro\/wp-content\/uploads\/2025\/07\/El-Norte-Agility-Club.png\" alt=\"El Norte Agility Club\" class=\"wp-image-19766\"\/><\/figure>\n\n\n\n<p>Entre nuestros servicios m\u00e1s solicitados se encuentran la cursos de obediencia b\u00e1sica, la correcci\u00f3n de conductas inapropiadas, la interacci\u00f3n con otros animales y las clases dirigidas a cachorros. Adem\u00e1s, en el centro nos adaptamos a las necesidades espec\u00edficas de cada familia y su mascota.<\/p>\n<\/div>\n\n\n\n<div class=\"wp-block-column is-vertically-aligned-center is-layout-flow wp-block-column-is-layout-flow\">\n<div class=\"su-service\"><div class=\"su-service-title\" style=\"padding-left:46px;min-height:32px;line-height:32px\"><i class=\"sui sui-user\" style=\"font-size:32px;color:#2471a3\"><\/i> <strong>Nombre<\/strong><\/div><div class=\"su-service-content su-u-clearfix su-u-trim\" style=\"padding-left:46px\">El Norte Agility Club<\/div><\/div>\n\n\n\n<div class=\"su-service\"><div class=\"su-service-title\" style=\"padding-left:46px;min-height:32px;line-height:32px\"><i class=\"sui sui-map-marker\" style=\"font-size:32px;color:#2471a3\"><\/i> <strong>Direcci\u00f3n<\/strong><\/div><div class=\"su-service-content su-u-clearfix su-u-trim\" style=\"padding-left:46px\">Bo. Vayas, 39719 Setien, Cantabria<\/div><\/div>\n\n\n\n<div class=\"su-service\"><div class=\"su-service-title\" style=\"padding-left:46px;min-height:32px;line-height:32px\"><i class=\"sui sui-volume-control-phone\" style=\"font-size:32px;color:#2471a3\"><\/i> <strong>Tel\u00e9fono<\/strong><\/div><div class=\"su-service-content su-u-clearfix su-u-trim\" style=\"padding-left:46px\">625 65 67 96<\/div><\/div>\n\n\n\n<div class=\"su-service\"><div class=\"su-service-title\" style=\"padding-left:46px;min-height:32px;line-height:32px\"><i class=\"sui sui-globe\" style=\"font-size:32px;color:#2471a3\"><\/i> <strong>Sitio web<\/strong><\/div><div class=\"su-service-content su-u-clearfix su-u-trim\" style=\"padding-left:46px\"><\/div><\/div>\n\n\n\n<div class=\"su-service\"><div class=\"su-service-title\" style=\"padding-left:46px;min-height:32px;line-height:32px\"><i class=\"sui sui-star\" style=\"font-size:32px;color:#2471a3\"><\/i> Valoraci\u00f3n de los clientes<\/div><div class=\"su-service-content su-u-clearfix su-u-trim\" style=\"padding-left:46px\">5 \/ 5 (1)<\/div><\/div>\n<\/div>\n<\/div>\n<\/div>\n\n\n\n<div class=\"wp-block-columns is-layout-flex wp-container-core-columns-is-layout-9d6595d7 wp-block-columns-is-layout-flex\">\n<div class=\"wp-block-column mapa2 is-layout-flow wp-block-column-is-layout-flow\">\n<h2 class=\"wp-block-heading\">Ubicaci\u00f3n de El Norte Agility Club<\/h2>\n\n\n\n<div class=\"su-gmap su-u-responsive-media-yes mapa\"><iframe loading=\"lazy\" width=\"600\" height=\"280\" src=\"\/\/maps.google.com\/maps?q=El%20Norte%20Agility%20Club%2C%20Bo.%20Vayas%2C%2039719%20Setien%2C%20Cantabria&amp;output=embed&amp;z=20\" title=\"\"><\/iframe><\/div>\n\n\n\n<h2 class=\"wp-block-heading\">Horarios de El Norte Agility Club<\/h2>\n\n\n\n<figure class=\"wp-block-table\"><table><tbody><tr><td><strong>Lunes<\/strong><\/td><td>lunes: 10:00\u201322:00<\/td><\/tr><tr><td><strong>Martes<\/strong><\/td><td>martes: 10:00\u201322:00<\/td><\/tr><tr><td><strong>Mi\u00e9rcoles<\/strong><\/td><td>mi\u00e9rcoles: 10:00\u201322:00<\/td><\/tr><tr><td><strong>Jueves<\/strong><\/td><td>jueves: 10:00\u201322:00<\/td><\/tr><tr><td><strong>Viernes<\/strong><\/td><td>viernes: 10:00\u201322:00<\/td><\/tr><tr><td><strong>S\u00e1bado<\/strong><\/td><td>s\u00e1bado: 10:00\u201322:00<\/td><\/tr><tr><td><strong>Domingo<\/strong><\/td><td>domingo: 10:00\u201322:00<\/td><\/tr><\/tbody><\/table><\/figure>\n\n\n\n<h2 class=\"wp-block-heading\">Tel\u00e9fono de El Norte Agility Club<\/h2>\n\n\n\n<p>Si quieres comunicarte con <strong>El Norte Agility Club<\/strong>, puedes hacerlo directamente llamando al siguiente n\u00famero:<\/p>\n\n\n\n<div class=\"wp-block-buttons is-content-justification-center is-layout-flex wp-container-core-buttons-is-layout-16018d1d wp-block-buttons-is-layout-flex\">\n<div class=\"wp-block-button is-style-fill\"><a class=\"wp-block-button__link has-background has-medium-font-size has-custom-font-size wp-element-button\" href=\"tel:625 65 67 96\" style=\"border-radius:6px;background-color:#2471a3\">Llamar ahora<\/a><\/div>\n<\/div>\n\n\n\n<h2 class=\"wp-block-heading\">M\u00e1s informaci\u00f3n<\/h2>\n\n\n\n<p>El Norte Agility Club, situado en Bo. Vayas, 39719 Setien, Cantabria, es el centro de adiestramiento canino ideal para quienes buscan educar a sus perros de manera positiva y responsable. Con un equipo de adiestradores de perros en Cantabria altamente capacitados, ofrecemos servicios especializados que abarcan desde la obediencia b\u00e1sica y la socializaci\u00f3n hasta la modificaci\u00f3n de conducta, adapt\u00e1ndonos a las necesidades individuales de cada mascota. Nuestro enfoque se centra en construir un v\u00ednculo s\u00f3lido entre el perro y su due\u00f1o, utilizando t\u00e9cnicas positivas y respetuosas que garantizan un aprendizaje agradable. Lo que nos diferencia de otros centros es nuestra metodolog\u00eda personalizada y la atenci\u00f3n cercana que brindamos a cada cliente, asegurando que tanto los perros como sus due\u00f1os se sientan apoyados en su proceso de adiestramiento canino en Setien. En El Norte Agility Club, tu perro no solo aprender\u00e1 a obedecer, sino que tambi\u00e9n se convertir\u00e1 en un compa\u00f1ero equilibrado y feliz.<\/p>\n\n\n\n<p>Localizado en Bo. Vayas, 39719 Setien, Cantabria, el centro de adiestramiento canino en Setien es reconocido por su atenci\u00f3n cercano, seriedad y resultados notables. Revisa las valoraciones de otros clientes para descubrir su experiencia.<\/p>\n<\/div>\n<\/div>\n\n\n\n<p><\/p>\n\n\n\n<p>Si necesitas conocer otros (PONER NEGOCIO, ej: asesor\u00eda legal, decoraci\u00f3n de eventos, instalaciones el\u00e9ctricas) puedes <strong><a href=\"\/\">visitar nuestra p\u00e1gina principal<\/a><\/strong>.<\/p>\n","protected":false},"excerpt":{"rendered":"<p>Si buscas en la b\u00fasqueda un sitio de confianza para el adiestramiento de perros dentro de Setien, este centro representa una excelente opci\u00f3n. Nuestra instalaci\u00f3n trabaja en el manejo de mascotas de todas las edades y razas, siempre utilizando t\u00e9cnicas respetuosos y efectivos. El Norte Agility Club Entre nuestros servicios m\u00e1s solicitados se encuentran la [&hellip;]<\/p>\n","protected":false},"author":2,"featured_media":0,"parent":7952,"menu_order":0,"comment_status":"closed","ping_status":"closed","template":"","meta":{"_et_pb_use_builder":"","_et_pb_old_content":"","_et_gb_content_width":"","footnotes":""},"tags":[1099],"class_list":["post-10119","page","type-page","status-publish","hentry","tag-setien"],"_links":{"self":[{"href":"https:\/\/www.adiestradorcanino.com\/webdelperro\/wp-json\/wp\/v2\/pages\/10119","targetHints":{"allow":["GET"]}}],"collection":[{"href":"https:\/\/www.adiestradorcanino.com\/webdelperro\/wp-json\/wp\/v2\/pages"}],"about":[{"href":"https:\/\/www.adiestradorcanino.com\/webdelperro\/wp-json\/wp\/v2\/types\/page"}],"author":[{"embeddable":true,"href":"https:\/\/www.adiestradorcanino.com\/webdelperro\/wp-json\/wp\/v2\/users\/2"}],"replies":[{"embeddable":true,"href":"https:\/\/www.adiestradorcanino.com\/webdelperro\/wp-json\/wp\/v2\/comments?post=10119"}],"version-history":[{"count":0,"href":"https:\/\/www.adiestradorcanino.com\/webdelperro\/wp-json\/wp\/v2\/pages\/10119\/revisions"}],"up":[{"embeddable":true,"href":"https:\/\/www.adiestradorcanino.com\/webdelperro\/wp-json\/wp\/v2\/pages\/7952"}],"wp:attachment":[{"href":"https:\/\/www.adiestradorcanino.com\/webdelperro\/wp-json\/wp\/v2\/media?parent=10119"}],"wp:term":[{"taxonomy":"post_tag","embeddable":true,"href":"https:\/\/www.adiestradorcanino.com\/webdelperro\/wp-json\/wp\/v2\/tags?post=10119"}],"curies":[{"name":"wp","href":"https:\/\/api.w.org\/{rel}","templated":true}]}}