{"id":10100,"date":"2025-07-09T07:55:03","date_gmt":"2025-07-09T07:55:03","guid":{"rendered":"https:\/\/www.adiestradorcanino.com\/webdelperro\/cadiz\/jerez-de-la-frontera\/adiestramiento-canino-club-canino-el-area-en-jerez-de-la-frontera-cadiz\/"},"modified":"2025-07-09T07:55:03","modified_gmt":"2025-07-09T07:55:03","slug":"adiestramiento-canino-club-canino-el-area-en-jerez-de-la-frontera-cadiz","status":"publish","type":"page","link":"https:\/\/www.adiestradorcanino.com\/webdelperro\/cadiz\/jerez-de-la-frontera\/adiestramiento-canino-club-canino-el-area-en-jerez-de-la-frontera-cadiz\/","title":{"rendered":"Adiestramiento canino Club Canino El \u00c1rea en Jerez De La Frontera, C\u00e1diz"},"content":{"rendered":"\n<p>Si est\u00e1s en la b\u00fasqueda un espacio confiable id\u00f3neo para entrenamiento canino en el \u00e1rea de Jerez De La Frontera, nuestra instituci\u00f3n es una excelente opci\u00f3n. Este centro se especializa con perros sin importar la raza o edad, usando m\u00e9todos \u00e9ticos y tambi\u00e9n efectivos.<\/p>\n\n\n\n<h2 class=\"wp-block-heading has-text-align-left nombreclinica\">Club Canino El \u00c1rea<\/h2>\n\n\n\n<div class=\"wp-block-group is-layout-constrained wp-block-group-is-layout-constrained\">\n<div class=\"wp-block-columns nc-clase-ficha is-layout-flex wp-container-core-columns-is-layout-9d6595d7 wp-block-columns-is-layout-flex\">\n<div class=\"wp-block-column is-vertically-aligned-center is-layout-flow wp-block-column-is-layout-flow\">\n<figure class=\"wp-block-image size-full\"><img decoding=\"async\" src=\"https:\/\/www.adiestradorcanino.com\/webdelperro\/wp-content\/uploads\/2025\/07\/Club-Canino-El-Area.png\" alt=\"Club Canino El \u00c1rea\" class=\"wp-image-19766\"\/><\/figure>\n\n\n\n<p>Dentro de los servicios m\u00e1s demandados se encuentran la obediencia b\u00e1sica, la correcci\u00f3n de conductas inapropiadas, la interacci\u00f3n con otros animales y las sesiones especiales para cachorros. Adem\u00e1s, en nombre nos adaptamos a las necesidades concretas de cada familia y su mascota.<\/p>\n<\/div>\n\n\n\n<div class=\"wp-block-column is-vertically-aligned-center is-layout-flow wp-block-column-is-layout-flow\">\n<div class=\"su-service\"><div class=\"su-service-title\" style=\"padding-left:46px;min-height:32px;line-height:32px\"><i class=\"sui sui-user\" style=\"font-size:32px;color:#2471a3\"><\/i> <strong>Nombre<\/strong><\/div><div class=\"su-service-content su-u-clearfix su-u-trim\" style=\"padding-left:46px\">Club Canino El \u00c1rea<\/div><\/div>\n\n\n\n<div class=\"su-service\"><div class=\"su-service-title\" style=\"padding-left:46px;min-height:32px;line-height:32px\"><i class=\"sui sui-map-marker\" style=\"font-size:32px;color:#2471a3\"><\/i> <strong>Direcci\u00f3n<\/strong><\/div><div class=\"su-service-content su-u-clearfix su-u-trim\" style=\"padding-left:46px\">Av. de las Mandarinas, 11406 Jerez de la Frontera, C\u00e1diz<\/div><\/div>\n\n\n\n<div class=\"su-service\"><div class=\"su-service-title\" style=\"padding-left:46px;min-height:32px;line-height:32px\"><i class=\"sui sui-volume-control-phone\" style=\"font-size:32px;color:#2471a3\"><\/i> <strong>Tel\u00e9fono<\/strong><\/div><div class=\"su-service-content su-u-clearfix su-u-trim\" style=\"padding-left:46px\">699 31 64 16<\/div><\/div>\n\n\n\n<div class=\"su-service\"><div class=\"su-service-title\" style=\"padding-left:46px;min-height:32px;line-height:32px\"><i class=\"sui sui-globe\" style=\"font-size:32px;color:#2471a3\"><\/i> <strong>Sitio web<\/strong><\/div><div class=\"su-service-content su-u-clearfix su-u-trim\" style=\"padding-left:46px\"><\/div><\/div>\n\n\n\n<div class=\"su-service\"><div class=\"su-service-title\" style=\"padding-left:46px;min-height:32px;line-height:32px\"><i class=\"sui sui-star\" style=\"font-size:32px;color:#2471a3\"><\/i> Valoraci\u00f3n de los clientes<\/div><div class=\"su-service-content su-u-clearfix su-u-trim\" style=\"padding-left:46px\">4.4 \/ 5 (32)<\/div><\/div>\n<\/div>\n<\/div>\n<\/div>\n\n\n\n<div class=\"wp-block-columns is-layout-flex wp-container-core-columns-is-layout-9d6595d7 wp-block-columns-is-layout-flex\">\n<div class=\"wp-block-column mapa2 is-layout-flow wp-block-column-is-layout-flow\">\n<h2 class=\"wp-block-heading\">Ubicaci\u00f3n de Club Canino El \u00c1rea<\/h2>\n\n\n\n<div class=\"su-gmap su-u-responsive-media-yes mapa\"><iframe loading=\"lazy\" width=\"600\" height=\"280\" src=\"\/\/maps.google.com\/maps?q=Club%20Canino%20El%20%C3%81rea%2C%20Av.%20de%20las%20Mandarinas%2C%2011406%20Jerez%20de%20la%20Frontera%2C%20C%C3%A1diz&amp;output=embed&amp;z=20\" title=\"\"><\/iframe><\/div>\n\n\n\n<h2 class=\"wp-block-heading\">Horarios de Club Canino El \u00c1rea<\/h2>\n\n\n\n<figure class=\"wp-block-table\"><table><tbody><tr><td><strong>Lunes<\/strong><\/td><td>lunes: 9:00\u201320:00<\/td><\/tr><tr><td><strong>Martes<\/strong><\/td><td>martes: 9:00\u201320:00<\/td><\/tr><tr><td><strong>Mi\u00e9rcoles<\/strong><\/td><td>mi\u00e9rcoles: 9:00\u201320:00<\/td><\/tr><tr><td><strong>Jueves<\/strong><\/td><td>jueves: 9:00\u201320:00<\/td><\/tr><tr><td><strong>Viernes<\/strong><\/td><td>viernes: 9:00\u201320:00<\/td><\/tr><tr><td><strong>S\u00e1bado<\/strong><\/td><td>s\u00e1bado: Abierto 24 horas<\/td><\/tr><tr><td><strong>Domingo<\/strong><\/td><td>domingo: Abierto 24 horas<\/td><\/tr><\/tbody><\/table><\/figure>\n\n\n\n<h2 class=\"wp-block-heading\">Tel\u00e9fono de Club Canino El \u00c1rea<\/h2>\n\n\n\n<p>Si quieres comunicarte con <strong>Club Canino El \u00c1rea<\/strong>, puedes hacerlo directamente llamando al siguiente n\u00famero:<\/p>\n\n\n\n<div class=\"wp-block-buttons is-content-justification-center is-layout-flex wp-container-core-buttons-is-layout-16018d1d wp-block-buttons-is-layout-flex\">\n<div class=\"wp-block-button is-style-fill\"><a class=\"wp-block-button__link has-background has-medium-font-size has-custom-font-size wp-element-button\" href=\"tel:699 31 64 16\" style=\"border-radius:6px;background-color:#2471a3\">Llamar ahora<\/a><\/div>\n<\/div>\n\n\n\n<h2 class=\"wp-block-heading\">M\u00e1s informaci\u00f3n<\/h2>\n\n\n\n<p>En el coraz\u00f3n de Jerez de la Frontera, C\u00e1diz, se encuentra el Club Canino El \u00c1rea, un destacado centro de adiestramiento canino que ofrece una variedad de servicios especializados para adiestrar perros de todas las razas y edades. Nuestro enfoque integral abarca la obediencia b\u00e1sica, la socializaci\u00f3n positiva y la modificaci\u00f3n de conducta, garantizando que cada perro reciba la atenci\u00f3n y el entrenamiento que necesita para convertirse en un compa\u00f1ero equilibrado y feliz. Con un equipo de adiestradores de perros en C\u00e1diz altamente capacitados y apasionados por el bienestar animal, en El \u00c1rea nos diferenciamos por nuestra metodolog\u00eda personalizada, adaptando cada programa a las necesidades espec\u00edficas de cada perro y su propietario. Si buscas un servicio de calidad en adiestramiento canino en Jerez de la Frontera, no dudes en visitarnos y descubrir c\u00f3mo podemos ayudarte a construir una relaci\u00f3n armoniosa con tu mascota.<\/p>\n\n\n\n<p>Localizado en Av. de las Mandarinas, 11406 Jerez de la Frontera, C\u00e1diz, el centro de adiestramiento canino en Jerez De La Frontera se considera reconocido por su trato cercano, seriedad y logros notables. Revisa las rese\u00f1as de otros usuarios para conocer su opini\u00f3n.<\/p>\n<\/div>\n<\/div>\n\n\n\n<p><\/p>\n\n\n\n<p>Si necesitas conocer otros (PONER NEGOCIO, ej: asesor\u00eda legal, decoraci\u00f3n de eventos, instalaciones el\u00e9ctricas) puedes <strong><a href=\"\/\">visitar nuestra p\u00e1gina principal<\/a><\/strong>.<\/p>\n","protected":false},"excerpt":{"rendered":"<p>Si est\u00e1s en la b\u00fasqueda un espacio confiable id\u00f3neo para entrenamiento canino en el \u00e1rea de Jerez De La Frontera, nuestra instituci\u00f3n es una excelente opci\u00f3n. Este centro se especializa con perros sin importar la raza o edad, usando m\u00e9todos \u00e9ticos y tambi\u00e9n efectivos. Club Canino El \u00c1rea Dentro de los servicios m\u00e1s demandados se [&hellip;]<\/p>\n","protected":false},"author":2,"featured_media":0,"parent":7916,"menu_order":0,"comment_status":"closed","ping_status":"closed","template":"","meta":{"_et_pb_use_builder":"","_et_pb_old_content":"","_et_gb_content_width":"","footnotes":""},"tags":[1087],"class_list":["post-10100","page","type-page","status-publish","hentry","tag-jerez-de-la-frontera"],"_links":{"self":[{"href":"https:\/\/www.adiestradorcanino.com\/webdelperro\/wp-json\/wp\/v2\/pages\/10100","targetHints":{"allow":["GET"]}}],"collection":[{"href":"https:\/\/www.adiestradorcanino.com\/webdelperro\/wp-json\/wp\/v2\/pages"}],"about":[{"href":"https:\/\/www.adiestradorcanino.com\/webdelperro\/wp-json\/wp\/v2\/types\/page"}],"author":[{"embeddable":true,"href":"https:\/\/www.adiestradorcanino.com\/webdelperro\/wp-json\/wp\/v2\/users\/2"}],"replies":[{"embeddable":true,"href":"https:\/\/www.adiestradorcanino.com\/webdelperro\/wp-json\/wp\/v2\/comments?post=10100"}],"version-history":[{"count":0,"href":"https:\/\/www.adiestradorcanino.com\/webdelperro\/wp-json\/wp\/v2\/pages\/10100\/revisions"}],"up":[{"embeddable":true,"href":"https:\/\/www.adiestradorcanino.com\/webdelperro\/wp-json\/wp\/v2\/pages\/7916"}],"wp:attachment":[{"href":"https:\/\/www.adiestradorcanino.com\/webdelperro\/wp-json\/wp\/v2\/media?parent=10100"}],"wp:term":[{"taxonomy":"post_tag","embeddable":true,"href":"https:\/\/www.adiestradorcanino.com\/webdelperro\/wp-json\/wp\/v2\/tags?post=10100"}],"curies":[{"name":"wp","href":"https:\/\/api.w.org\/{rel}","templated":true}]}}