{"id":10083,"date":"2025-07-09T07:53:23","date_gmt":"2025-07-09T07:53:23","guid":{"rendered":"https:\/\/www.adiestradorcanino.com\/webdelperro\/burgos\/burgos\/adiestramiento-canino-lupocan-adiestramiento-en-burgos-burgos\/"},"modified":"2025-07-09T07:53:23","modified_gmt":"2025-07-09T07:53:23","slug":"adiestramiento-canino-lupocan-adiestramiento-en-burgos-burgos","status":"publish","type":"page","link":"https:\/\/www.adiestradorcanino.com\/webdelperro\/burgos\/burgos\/adiestramiento-canino-lupocan-adiestramiento-en-burgos-burgos\/","title":{"rendered":"Adiestramiento canino Lupocan Adiestramiento en Burgos, Burgos"},"content":{"rendered":"\n<p>En caso de que est\u00e1s buscando un lugar de confianza para el el adiestramiento canino en el \u00e1rea de Burgos, este centro representa una opci\u00f3n destacada. Este centro se especializa en el entrenamiento de mascotas sin importar la raza o edad, siempre utilizando m\u00e9todos amigables adem\u00e1s de \u00fatiles.<\/p>\n\n\n\n<h2 class=\"wp-block-heading has-text-align-left nombreclinica\">Lupocan Adiestramiento<\/h2>\n\n\n\n<div class=\"wp-block-group is-layout-constrained wp-block-group-is-layout-constrained\">\n<div class=\"wp-block-columns nc-clase-ficha is-layout-flex wp-container-core-columns-is-layout-9d6595d7 wp-block-columns-is-layout-flex\">\n<div class=\"wp-block-column is-vertically-aligned-center is-layout-flow wp-block-column-is-layout-flow\">\n<figure class=\"wp-block-image size-full\"><img decoding=\"async\" src=\"https:\/\/www.adiestradorcanino.com\/webdelperro\/wp-content\/uploads\/2025\/07\/Lupocan-Adiestramiento.jpg\" alt=\"Lupocan Adiestramiento\" class=\"wp-image-19766\"\/><\/figure>\n\n\n\n<p>Dentro de los tratamientos m\u00e1s solicitados est\u00e1n la cursos de obediencia b\u00e1sica, la correcci\u00f3n de conductas no deseadas, la socializaci\u00f3n con otros animales y las clases dirigidas a cachorros. Adem\u00e1s, en nombre se adaptan a las necesidades concretas de cada familia y su mascota.<\/p>\n<\/div>\n\n\n\n<div class=\"wp-block-column is-vertically-aligned-center is-layout-flow wp-block-column-is-layout-flow\">\n<div class=\"su-service\"><div class=\"su-service-title\" style=\"padding-left:46px;min-height:32px;line-height:32px\"><i class=\"sui sui-user\" style=\"font-size:32px;color:#2471a3\"><\/i> <strong>Nombre<\/strong><\/div><div class=\"su-service-content su-u-clearfix su-u-trim\" style=\"padding-left:46px\">Lupocan Adiestramiento<\/div><\/div>\n\n\n\n<div class=\"su-service\"><div class=\"su-service-title\" style=\"padding-left:46px;min-height:32px;line-height:32px\"><i class=\"sui sui-map-marker\" style=\"font-size:32px;color:#2471a3\"><\/i> <strong>Direcci\u00f3n<\/strong><\/div><div class=\"su-service-content su-u-clearfix su-u-trim\" style=\"padding-left:46px\">C. Principe Felipe, 09198 Burgos<\/div><\/div>\n\n\n\n<div class=\"su-service\"><div class=\"su-service-title\" style=\"padding-left:46px;min-height:32px;line-height:32px\"><i class=\"sui sui-volume-control-phone\" style=\"font-size:32px;color:#2471a3\"><\/i> <strong>Tel\u00e9fono<\/strong><\/div><div class=\"su-service-content su-u-clearfix su-u-trim\" style=\"padding-left:46px\">654 52 03 74<\/div><\/div>\n\n\n\n<div class=\"su-service\"><div class=\"su-service-title\" style=\"padding-left:46px;min-height:32px;line-height:32px\"><i class=\"sui sui-globe\" style=\"font-size:32px;color:#2471a3\"><\/i> <strong>Sitio web<\/strong><\/div><div class=\"su-service-content su-u-clearfix su-u-trim\" style=\"padding-left:46px\"><\/div><\/div>\n\n\n\n<div class=\"su-service\"><div class=\"su-service-title\" style=\"padding-left:46px;min-height:32px;line-height:32px\"><i class=\"sui sui-star\" style=\"font-size:32px;color:#2471a3\"><\/i> Valoraci\u00f3n de los clientes<\/div><div class=\"su-service-content su-u-clearfix su-u-trim\" style=\"padding-left:46px\">5 \/ 5 (8)<\/div><\/div>\n<\/div>\n<\/div>\n<\/div>\n\n\n\n<div class=\"wp-block-columns is-layout-flex wp-container-core-columns-is-layout-9d6595d7 wp-block-columns-is-layout-flex\">\n<div class=\"wp-block-column mapa2 is-layout-flow wp-block-column-is-layout-flow\">\n<h2 class=\"wp-block-heading\">Ubicaci\u00f3n de Lupocan Adiestramiento<\/h2>\n\n\n\n<div class=\"su-gmap su-u-responsive-media-yes mapa\"><iframe loading=\"lazy\" width=\"600\" height=\"280\" src=\"\/\/maps.google.com\/maps?q=Lupocan%20Adiestramiento%2C%20C.%20Principe%20Felipe%2C%2009198%20Burgos&amp;output=embed&amp;z=20\" title=\"\"><\/iframe><\/div>\n\n\n\n<h2 class=\"wp-block-heading\">Horarios de Lupocan Adiestramiento<\/h2>\n\n\n\n<figure class=\"wp-block-table\"><table><tbody><tr><td><strong>Lunes<\/strong><\/td><td>lunes: 10:00\u201320:00<\/td><\/tr><tr><td><strong>Martes<\/strong><\/td><td>martes: 10:00\u201320:00<\/td><\/tr><tr><td><strong>Mi\u00e9rcoles<\/strong><\/td><td>mi\u00e9rcoles: 10:00\u201320:00<\/td><\/tr><tr><td><strong>Jueves<\/strong><\/td><td>jueves: 10:00\u201320:00<\/td><\/tr><tr><td><strong>Viernes<\/strong><\/td><td>viernes: 10:00\u201320:00<\/td><\/tr><tr><td><strong>S\u00e1bado<\/strong><\/td><td>s\u00e1bado: 10:00\u201320:00<\/td><\/tr><tr><td><strong>Domingo<\/strong><\/td><td>domingo: 10:00\u201320:00<\/td><\/tr><\/tbody><\/table><\/figure>\n\n\n\n<h2 class=\"wp-block-heading\">Tel\u00e9fono de Lupocan Adiestramiento<\/h2>\n\n\n\n<p>Si quieres comunicarte con <strong>Lupocan Adiestramiento<\/strong>, puedes hacerlo directamente llamando al siguiente n\u00famero:<\/p>\n\n\n\n<div class=\"wp-block-buttons is-content-justification-center is-layout-flex wp-container-core-buttons-is-layout-16018d1d wp-block-buttons-is-layout-flex\">\n<div class=\"wp-block-button is-style-fill\"><a class=\"wp-block-button__link has-background has-medium-font-size has-custom-font-size wp-element-button\" href=\"tel:654 52 03 74\" style=\"border-radius:6px;background-color:#2471a3\">Llamar ahora<\/a><\/div>\n<\/div>\n\n\n\n<h2 class=\"wp-block-heading\">M\u00e1s informaci\u00f3n<\/h2>\n\n\n\n<p>En el coraz\u00f3n de Burgos, en C. Principe Felipe, 09198, se encuentra Lupocan Adiestramiento, un centro especializado en adiestramiento canino que se destaca por su enfoque integral y personalizado. Nuestros servicios abarcan desde la obediencia b\u00e1sica y avanzada hasta la socializaci\u00f3n y modificaci\u00f3n de conducta, garantizando que cada perro reciba la atenci\u00f3n y el m\u00e9todo adecuado a sus necesidades. Contamos con un equipo de adiestradores de perros en Burgos altamente capacitados, que utilizan t\u00e9cnicas basadas en el refuerzo positivo, promoviendo un aprendizaje eficaz y armonioso entre el perro y su propietario. En Lupocan, entendemos que cada mascota es \u00fanica; por eso, nos esforzamos en ofrecer un ambiente amigable y profesional, donde no solo se adiestran perros, sino que tambi\u00e9n se fortalecen los lazos familiares. Si buscas adiestramiento canino en Burgos de calidad, Lupocan es tu mejor opci\u00f3n para asegurar una convivencia feliz y equilibrada con tu fiel compa\u00f1ero.<\/p>\n\n\n\n<p>Localizado en C. Principe Felipe, 09198 Burgos, el centro de adiestramiento canino en Burgos ha sido famoso por su atenci\u00f3n personal, expertise y resultados notables. Consulta las valoraciones de otros clientes para conocer su opini\u00f3n.<\/p>\n<\/div>\n<\/div>\n\n\n\n<p><\/p>\n\n\n\n<p>Si necesitas conocer otros (PONER NEGOCIO, ej: asesor\u00eda legal, decoraci\u00f3n de eventos, instalaciones el\u00e9ctricas) puedes <strong><a href=\"\/\">visitar nuestra p\u00e1gina principal<\/a><\/strong>.<\/p>\n","protected":false},"excerpt":{"rendered":"<p>En caso de que est\u00e1s buscando un lugar de confianza para el el adiestramiento canino en el \u00e1rea de Burgos, este centro representa una opci\u00f3n destacada. Este centro se especializa en el entrenamiento de mascotas sin importar la raza o edad, siempre utilizando m\u00e9todos amigables adem\u00e1s de \u00fatiles. Lupocan Adiestramiento Dentro de los tratamientos m\u00e1s [&hellip;]<\/p>\n","protected":false},"author":2,"featured_media":0,"parent":7887,"menu_order":0,"comment_status":"closed","ping_status":"closed","template":"","meta":{"_et_pb_use_builder":"","_et_pb_old_content":"","_et_gb_content_width":"","footnotes":""},"tags":[848],"class_list":["post-10083","page","type-page","status-publish","hentry","tag-burgos"],"_links":{"self":[{"href":"https:\/\/www.adiestradorcanino.com\/webdelperro\/wp-json\/wp\/v2\/pages\/10083","targetHints":{"allow":["GET"]}}],"collection":[{"href":"https:\/\/www.adiestradorcanino.com\/webdelperro\/wp-json\/wp\/v2\/pages"}],"about":[{"href":"https:\/\/www.adiestradorcanino.com\/webdelperro\/wp-json\/wp\/v2\/types\/page"}],"author":[{"embeddable":true,"href":"https:\/\/www.adiestradorcanino.com\/webdelperro\/wp-json\/wp\/v2\/users\/2"}],"replies":[{"embeddable":true,"href":"https:\/\/www.adiestradorcanino.com\/webdelperro\/wp-json\/wp\/v2\/comments?post=10083"}],"version-history":[{"count":0,"href":"https:\/\/www.adiestradorcanino.com\/webdelperro\/wp-json\/wp\/v2\/pages\/10083\/revisions"}],"up":[{"embeddable":true,"href":"https:\/\/www.adiestradorcanino.com\/webdelperro\/wp-json\/wp\/v2\/pages\/7887"}],"wp:attachment":[{"href":"https:\/\/www.adiestradorcanino.com\/webdelperro\/wp-json\/wp\/v2\/media?parent=10083"}],"wp:term":[{"taxonomy":"post_tag","embeddable":true,"href":"https:\/\/www.adiestradorcanino.com\/webdelperro\/wp-json\/wp\/v2\/tags?post=10083"}],"curies":[{"name":"wp","href":"https:\/\/api.w.org\/{rel}","templated":true}]}}