{"id":10073,"date":"2025-07-09T07:52:23","date_gmt":"2025-07-09T07:52:23","guid":{"rendered":"https:\/\/www.adiestradorcanino.com\/webdelperro\/bizkaia\/bilbao\/adiestramiento-canino-centro-canino-roblezal-oficinas-en-bilbao-bizkaia\/"},"modified":"2025-07-09T07:52:23","modified_gmt":"2025-07-09T07:52:23","slug":"adiestramiento-canino-centro-canino-roblezal-oficinas-en-bilbao-bizkaia","status":"publish","type":"page","link":"https:\/\/www.adiestradorcanino.com\/webdelperro\/bizkaia\/bilbao\/adiestramiento-canino-centro-canino-roblezal-oficinas-en-bilbao-bizkaia\/","title":{"rendered":"Adiestramiento canino Centro Canino Roblezal (oficinas) en Bilbao, Bizkaia"},"content":{"rendered":"\n<p>Si acaso te encuentras en la b\u00fasqueda un sitio de confianza para el adiestramiento de perros dentro de Bilbao, nuestra instituci\u00f3n representa una opci\u00f3n destacada. Este lugar trabaja con canes sin importar la raza o edad, siempre utilizando t\u00e9cnicas respetuosos y tambi\u00e9n efectivos.<\/p>\n\n\n\n<h2 class=\"wp-block-heading has-text-align-left nombreclinica\">Centro Canino Roblezal (oficinas)<\/h2>\n\n\n\n<div class=\"wp-block-group is-layout-constrained wp-block-group-is-layout-constrained\">\n<div class=\"wp-block-columns nc-clase-ficha is-layout-flex wp-container-core-columns-is-layout-9d6595d7 wp-block-columns-is-layout-flex\">\n<div class=\"wp-block-column is-vertically-aligned-center is-layout-flow wp-block-column-is-layout-flow\">\n\n\n<p>Dentro de los servicios m\u00e1s solicitados est\u00e1n los entrenamiento de obediencia, la modificaci\u00f3n de comportamientos no deseados, la socializaci\u00f3n con otros animales y las sesiones especiales para cachorros. Asimismo, en el centro nos adaptamos a las particularidades de cada familia y animal.<\/p>\n<\/div>\n\n\n\n<div class=\"wp-block-column is-vertically-aligned-center is-layout-flow wp-block-column-is-layout-flow\">\n<div class=\"su-service\"><div class=\"su-service-title\" style=\"padding-left:46px;min-height:32px;line-height:32px\"><i class=\"sui sui-user\" style=\"font-size:32px;color:#2471a3\"><\/i> <strong>Nombre<\/strong><\/div><div class=\"su-service-content su-u-clearfix su-u-trim\" style=\"padding-left:46px\">Centro Canino Roblezal (oficinas)<\/div><\/div>\n\n\n\n<div class=\"su-service\"><div class=\"su-service-title\" style=\"padding-left:46px;min-height:32px;line-height:32px\"><i class=\"sui sui-map-marker\" style=\"font-size:32px;color:#2471a3\"><\/i> <strong>Direcci\u00f3n<\/strong><\/div><div class=\"su-service-content su-u-clearfix su-u-trim\" style=\"padding-left:46px\">M\u00e1ximo Aguirre Kalea, 28, Abando, 48011 Bilbao, Bizkaia<\/div><\/div>\n\n\n\n<div class=\"su-service\"><div class=\"su-service-title\" style=\"padding-left:46px;min-height:32px;line-height:32px\"><i class=\"sui sui-volume-control-phone\" style=\"font-size:32px;color:#2471a3\"><\/i> <strong>Tel\u00e9fono<\/strong><\/div><div class=\"su-service-content su-u-clearfix su-u-trim\" style=\"padding-left:46px\">629 46 82 42<\/div><\/div>\n\n\n\n<div class=\"su-service\"><div class=\"su-service-title\" style=\"padding-left:46px;min-height:32px;line-height:32px\"><i class=\"sui sui-globe\" style=\"font-size:32px;color:#2471a3\"><\/i> <strong>Sitio web<\/strong><\/div><div class=\"su-service-content su-u-clearfix su-u-trim\" style=\"padding-left:46px\">http:\/\/www.roblezal.com\/<\/div><\/div>\n\n\n\n<div class=\"su-service\"><div class=\"su-service-title\" style=\"padding-left:46px;min-height:32px;line-height:32px\"><i class=\"sui sui-star\" style=\"font-size:32px;color:#2471a3\"><\/i> Valoraci\u00f3n de los clientes<\/div><div class=\"su-service-content su-u-clearfix su-u-trim\" style=\"padding-left:46px\">3.8 \/ 5 (5)<\/div><\/div>\n<\/div>\n<\/div>\n<\/div>\n\n\n\n<div class=\"wp-block-columns is-layout-flex wp-container-core-columns-is-layout-9d6595d7 wp-block-columns-is-layout-flex\">\n<div class=\"wp-block-column mapa2 is-layout-flow wp-block-column-is-layout-flow\">\n<h2 class=\"wp-block-heading\">Ubicaci\u00f3n de Centro Canino Roblezal (oficinas)<\/h2>\n\n\n\n<div class=\"su-gmap su-u-responsive-media-yes mapa\"><iframe loading=\"lazy\" width=\"600\" height=\"280\" src=\"\/\/maps.google.com\/maps?q=Centro%20Canino%20Roblezal%20%28oficinas%29%2C%20M%C3%A1ximo%20Aguirre%20Kalea%2C%2028%2C%20Abando%2C%2048011%20Bilbao%2C%20Bizkaia&amp;output=embed&amp;z=20\" title=\"\"><\/iframe><\/div>\n\n\n\n<h2 class=\"wp-block-heading\">Horarios de Centro Canino Roblezal (oficinas)<\/h2>\n\n\n\n<figure class=\"wp-block-table\"><table><tbody><tr><td><strong>Lunes<\/strong><\/td><td>lunes: 9:00\u201320:00<\/td><\/tr><tr><td><strong>Martes<\/strong><\/td><td>martes: 9:00\u201320:00<\/td><\/tr><tr><td><strong>Mi\u00e9rcoles<\/strong><\/td><td>mi\u00e9rcoles: 9:00\u201320:00<\/td><\/tr><tr><td><strong>Jueves<\/strong><\/td><td>jueves: 9:00\u201320:00<\/td><\/tr><tr><td><strong>Viernes<\/strong><\/td><td>viernes: 9:00\u201320:00<\/td><\/tr><tr><td><strong>S\u00e1bado<\/strong><\/td><td>s\u00e1bado: Cerrado<\/td><\/tr><tr><td><strong>Domingo<\/strong><\/td><td>domingo: Cerrado<\/td><\/tr><\/tbody><\/table><\/figure>\n\n\n\n<h2 class=\"wp-block-heading\">Tel\u00e9fono de Centro Canino Roblezal (oficinas)<\/h2>\n\n\n\n<p>Si quieres comunicarte con <strong>Centro Canino Roblezal (oficinas)<\/strong>, puedes hacerlo directamente llamando al siguiente n\u00famero:<\/p>\n\n\n\n<div class=\"wp-block-buttons is-content-justification-center is-layout-flex wp-container-core-buttons-is-layout-16018d1d wp-block-buttons-is-layout-flex\">\n<div class=\"wp-block-button is-style-fill\"><a class=\"wp-block-button__link has-background has-medium-font-size has-custom-font-size wp-element-button\" href=\"tel:629 46 82 42\" style=\"border-radius:6px;background-color:#2471a3\">Llamar ahora<\/a><\/div>\n<\/div>\n\n\n\n<h2 class=\"wp-block-heading\">M\u00e1s informaci\u00f3n<\/h2>\n\n\n\n<p>En el coraz\u00f3n de Bilbao, en M\u00e1ximo Aguirre Kalea, 28, se encuentra el Centro Canino Roblezal, un referente en adiestramiento canino en Bilbao y Bizkaia. Nuestro enfoque integral combina t\u00e9cnicas de obediencia, socializaci\u00f3n y modificaci\u00f3n de conducta, adapt\u00e1ndose a las necesidades espec\u00edficas de cada perro y su due\u00f1o. Contamos con un equipo de adiestradores de perros en Bizkaia altamente capacitados, que utilizan m\u00e9todos positivos y efectivos para garantizar un aprendizaje ameno y duradero. En Centro Canino Roblezal, nos destacamos por nuestra atenci\u00f3n personalizada y nuestro compromiso con la educaci\u00f3n responsable, asegurando que cada sesi\u00f3n sea una experiencia enriquecedora que fortalezca el v\u00ednculo entre el due\u00f1o y su mascota. Si buscas adiestrar perros en un ambiente profesional y cercano, \u00a1te invitamos a conocernos!<\/p>\n\n\n\n<p>Localizado en M\u00e1ximo Aguirre Kalea, 28, Abando, 48011 Bilbao, Bizkaia, el centro de adiestramiento canino en Bilbao se considera destacado por su trato cercano, profesionalidad y resultados visibles. Revisa las opiniones de otros usuarios para conocer su testimonio.<\/p>\n<\/div>\n<\/div>\n\n\n\n<p><\/p>\n\n\n\n<p>Si necesitas conocer otros (PONER NEGOCIO, ej: asesor\u00eda legal, decoraci\u00f3n de eventos, instalaciones el\u00e9ctricas) puedes <strong><a href=\"\/\">visitar nuestra p\u00e1gina principal<\/a><\/strong>.<\/p>\n","protected":false},"excerpt":{"rendered":"<p>Si acaso te encuentras en la b\u00fasqueda un sitio de confianza para el adiestramiento de perros dentro de Bilbao, nuestra instituci\u00f3n representa una opci\u00f3n destacada. Este lugar trabaja con canes sin importar la raza o edad, siempre utilizando t\u00e9cnicas respetuosos y tambi\u00e9n efectivos. Centro Canino Roblezal (oficinas) Dentro de los servicios m\u00e1s solicitados est\u00e1n los [&hellip;]<\/p>\n","protected":false},"author":2,"featured_media":0,"parent":7690,"menu_order":0,"comment_status":"closed","ping_status":"closed","template":"","meta":{"_et_pb_use_builder":"","_et_pb_old_content":"","_et_gb_content_width":"","footnotes":""},"tags":[1012],"class_list":["post-10073","page","type-page","status-publish","hentry","tag-bilbao"],"_links":{"self":[{"href":"https:\/\/www.adiestradorcanino.com\/webdelperro\/wp-json\/wp\/v2\/pages\/10073","targetHints":{"allow":["GET"]}}],"collection":[{"href":"https:\/\/www.adiestradorcanino.com\/webdelperro\/wp-json\/wp\/v2\/pages"}],"about":[{"href":"https:\/\/www.adiestradorcanino.com\/webdelperro\/wp-json\/wp\/v2\/types\/page"}],"author":[{"embeddable":true,"href":"https:\/\/www.adiestradorcanino.com\/webdelperro\/wp-json\/wp\/v2\/users\/2"}],"replies":[{"embeddable":true,"href":"https:\/\/www.adiestradorcanino.com\/webdelperro\/wp-json\/wp\/v2\/comments?post=10073"}],"version-history":[{"count":0,"href":"https:\/\/www.adiestradorcanino.com\/webdelperro\/wp-json\/wp\/v2\/pages\/10073\/revisions"}],"up":[{"embeddable":true,"href":"https:\/\/www.adiestradorcanino.com\/webdelperro\/wp-json\/wp\/v2\/pages\/7690"}],"wp:attachment":[{"href":"https:\/\/www.adiestradorcanino.com\/webdelperro\/wp-json\/wp\/v2\/media?parent=10073"}],"wp:term":[{"taxonomy":"post_tag","embeddable":true,"href":"https:\/\/www.adiestradorcanino.com\/webdelperro\/wp-json\/wp\/v2\/tags?post=10073"}],"curies":[{"name":"wp","href":"https:\/\/api.w.org\/{rel}","templated":true}]}}