{"id":10071,"date":"2025-07-09T07:52:12","date_gmt":"2025-07-09T07:52:12","guid":{"rendered":"https:\/\/www.adiestradorcanino.com\/webdelperro\/vizcaya\/bilbao\/adiestramiento-canino-thoky-guau-educacion-alojamiento-guarderia-paseos-y-venta-de-productos-caninos-en-bilbao-vizcaya\/"},"modified":"2025-07-09T07:52:12","modified_gmt":"2025-07-09T07:52:12","slug":"adiestramiento-canino-thoky-guau-educacion-alojamiento-guarderia-paseos-y-venta-de-productos-caninos-en-bilbao-vizcaya","status":"publish","type":"page","link":"https:\/\/www.adiestradorcanino.com\/webdelperro\/vizcaya\/bilbao\/adiestramiento-canino-thoky-guau-educacion-alojamiento-guarderia-paseos-y-venta-de-productos-caninos-en-bilbao-vizcaya\/","title":{"rendered":"Adiestramiento canino Thoky Guau Educaci\u00f3n, Alojamiento, Guarder\u00eda, Paseos Y Venta De Productos Caninos. en Bilbao, Vizcaya"},"content":{"rendered":"\n<p>En caso de que te encuentras en la b\u00fasqueda un sitio seguro para el entrenamiento canino dentro de Bilbao, este centro es una excelente opci\u00f3n. Este lugar trabaja en el entrenamiento de mascotas sin importar la raza o edad, usando m\u00e9todos respetuosos adem\u00e1s de \u00fatiles.<\/p>\n\n\n\n<h2 class=\"wp-block-heading has-text-align-left nombreclinica\">Thoky Guau Educaci\u00f3n, Alojamiento, Guarder\u00eda, Paseos Y Venta De Productos Caninos.<\/h2>\n\n\n\n<div class=\"wp-block-group is-layout-constrained wp-block-group-is-layout-constrained\">\n<div class=\"wp-block-columns nc-clase-ficha is-layout-flex wp-container-core-columns-is-layout-9d6595d7 wp-block-columns-is-layout-flex\">\n<div class=\"wp-block-column is-vertically-aligned-center is-layout-flow wp-block-column-is-layout-flow\">\n<figure class=\"wp-block-image size-full\"><img decoding=\"async\" src=\"https:\/\/www.adiestradorcanino.com\/webdelperro\/wp-content\/uploads\/2025\/07\/Thoky-Guau-Educacion-Alojamiento-Guarderia-Paseos-Y-Venta-De-Productos-Caninos.jpg\" alt=\"Thoky Guau Educaci\u00f3n, Alojamiento, Guarder\u00eda, Paseos Y Venta De Productos Caninos.\" class=\"wp-image-19766\"\/><\/figure>\n\n\n\n<p>Entre nuestros tratamientos m\u00e1s demandados est\u00e1n los obediencia b\u00e1sica, la modificaci\u00f3n de comportamientos no deseados, la interacci\u00f3n con otros animales y las sesiones especiales para cachorros. Asimismo, en el centro se adaptan a las particularidades de cada familia y animal.<\/p>\n<\/div>\n\n\n\n<div class=\"wp-block-column is-vertically-aligned-center is-layout-flow wp-block-column-is-layout-flow\">\n<div class=\"su-service\"><div class=\"su-service-title\" style=\"padding-left:46px;min-height:32px;line-height:32px\"><i class=\"sui sui-user\" style=\"font-size:32px;color:#2471a3\"><\/i> <strong>Nombre<\/strong><\/div><div class=\"su-service-content su-u-clearfix su-u-trim\" style=\"padding-left:46px\">Thoky Guau Educaci\u00f3n, Alojamiento, Guarder\u00eda, Paseos Y Venta De Productos Caninos.<\/div><\/div>\n\n\n\n<div class=\"su-service\"><div class=\"su-service-title\" style=\"padding-left:46px;min-height:32px;line-height:32px\"><i class=\"sui sui-map-marker\" style=\"font-size:32px;color:#2471a3\"><\/i> <strong>Direcci\u00f3n<\/strong><\/div><div class=\"su-service-content su-u-clearfix su-u-trim\" style=\"padding-left:46px\">Zamakola Kalea, 57, Ibaiondo, 48003 Bilbao, Vizcaya<\/div><\/div>\n\n\n\n<div class=\"su-service\"><div class=\"su-service-title\" style=\"padding-left:46px;min-height:32px;line-height:32px\"><i class=\"sui sui-volume-control-phone\" style=\"font-size:32px;color:#2471a3\"><\/i> <strong>Tel\u00e9fono<\/strong><\/div><div class=\"su-service-content su-u-clearfix su-u-trim\" style=\"padding-left:46px\">600 82 01 67<\/div><\/div>\n\n\n\n<div class=\"su-service\"><div class=\"su-service-title\" style=\"padding-left:46px;min-height:32px;line-height:32px\"><i class=\"sui sui-globe\" style=\"font-size:32px;color:#2471a3\"><\/i> <strong>Sitio web<\/strong><\/div><div class=\"su-service-content su-u-clearfix su-u-trim\" style=\"padding-left:46px\"><\/div><\/div>\n\n\n\n<div class=\"su-service\"><div class=\"su-service-title\" style=\"padding-left:46px;min-height:32px;line-height:32px\"><i class=\"sui sui-star\" style=\"font-size:32px;color:#2471a3\"><\/i> Valoraci\u00f3n de los clientes<\/div><div class=\"su-service-content su-u-clearfix su-u-trim\" style=\"padding-left:46px\">4.3 \/ 5 (20)<\/div><\/div>\n<\/div>\n<\/div>\n<\/div>\n\n\n\n<div class=\"wp-block-columns is-layout-flex wp-container-core-columns-is-layout-9d6595d7 wp-block-columns-is-layout-flex\">\n<div class=\"wp-block-column mapa2 is-layout-flow wp-block-column-is-layout-flow\">\n<h2 class=\"wp-block-heading\">Ubicaci\u00f3n de Thoky Guau Educaci\u00f3n, Alojamiento, Guarder\u00eda, Paseos Y Venta De Productos Caninos.<\/h2>\n\n\n\n<div class=\"su-gmap su-u-responsive-media-yes mapa\"><iframe loading=\"lazy\" width=\"600\" height=\"280\" src=\"\/\/maps.google.com\/maps?q=Thoky%20Guau%20Educaci%C3%B3n%2C%20Alojamiento%2C%20Guarder%C3%ADa%2C%20Paseos%20Y%20Venta%20De%20Productos%20Caninos.%2C%20Zamakola%20Kalea%2C%2057%2C%20Ibaiondo%2C%2048003%20Bilbao%2C%20Vizcaya&amp;output=embed&amp;z=20\" title=\"\"><\/iframe><\/div>\n\n\n\n<h2 class=\"wp-block-heading\">Horarios de Thoky Guau Educaci\u00f3n, Alojamiento, Guarder\u00eda, Paseos Y Venta De Productos Caninos.<\/h2>\n\n\n\n<figure class=\"wp-block-table\"><table><tbody><tr><td><strong>Lunes<\/strong><\/td><td>lunes: 9:00\u201319:00<\/td><\/tr><tr><td><strong>Martes<\/strong><\/td><td>martes: 9:00\u201319:00<\/td><\/tr><tr><td><strong>Mi\u00e9rcoles<\/strong><\/td><td>mi\u00e9rcoles: 9:00\u201319:00<\/td><\/tr><tr><td><strong>Jueves<\/strong><\/td><td>jueves: 9:00\u201319:00<\/td><\/tr><tr><td><strong>Viernes<\/strong><\/td><td>viernes: 9:00\u201319:00<\/td><\/tr><tr><td><strong>S\u00e1bado<\/strong><\/td><td>s\u00e1bado: 9:00\u201313:00<\/td><\/tr><tr><td><strong>Domingo<\/strong><\/td><td>domingo: Cerrado<\/td><\/tr><\/tbody><\/table><\/figure>\n\n\n\n<h2 class=\"wp-block-heading\">Tel\u00e9fono de Thoky Guau Educaci\u00f3n, Alojamiento, Guarder\u00eda, Paseos Y Venta De Productos Caninos.<\/h2>\n\n\n\n<p>Si quieres comunicarte con <strong>Thoky Guau Educaci\u00f3n, Alojamiento, Guarder\u00eda, Paseos Y Venta De Productos Caninos.<\/strong>, puedes hacerlo directamente llamando al siguiente n\u00famero:<\/p>\n\n\n\n<div class=\"wp-block-buttons is-content-justification-center is-layout-flex wp-container-core-buttons-is-layout-16018d1d wp-block-buttons-is-layout-flex\">\n<div class=\"wp-block-button is-style-fill\"><a class=\"wp-block-button__link has-background has-medium-font-size has-custom-font-size wp-element-button\" href=\"tel:600 82 01 67\" style=\"border-radius:6px;background-color:#2471a3\">Llamar ahora<\/a><\/div>\n<\/div>\n\n\n\n<h2 class=\"wp-block-heading\">M\u00e1s informaci\u00f3n<\/h2>\n\n\n\n<p>Thoky Guau Educaci\u00f3n es el centro de adiestramiento canino en Bilbao que ofrece una amplia gama de servicios para el bienestar y educaci\u00f3n de tu mascota. Situado en Zamakola Kalea, 57, en Ibaiondo, este centro destaca por su enfoque integral en el adiestramiento de perros, abarcando desde la obediencia b\u00e1sica y la socializaci\u00f3n hasta la modificaci\u00f3n de conducta. Con un equipo de adiestradores de perros en Vizcaya altamente capacitados, Thoky Guau se compromete a proporcionar un ambiente seguro y positivo, donde cada perro puede aprender a su propio ritmo. Adem\u00e1s de adiestramiento, el centro ofrece servicios de alojamiento, guarder\u00eda y paseos, as\u00ed como una selecci\u00f3n de productos caninos de alta calidad. La combinaci\u00f3n de atenci\u00f3n personalizada y t\u00e9cnicas de adiestramiento modernas hace de Thoky Guau una opci\u00f3n \u00fanica y confiable para aquellos que buscan adiestrar perros en Bilbao. Con nosotros, tu mascota no solo aprender\u00e1 a comportarse mejor, sino que tambi\u00e9n disfrutar\u00e1 de una experiencia enriquecedora y divertida.<\/p>\n\n\n\n<p>Ubicado en Zamakola Kalea, 57, Ibaiondo, 48003 Bilbao, Vizcaya, este centro de adiestramiento canino en Bilbao ha sido destacado por su trato afectuoso, seriedad y logros notables. Consulta las rese\u00f1as de otros due\u00f1os de mascotas para descubrir su opini\u00f3n.<\/p>\n<\/div>\n<\/div>\n\n\n\n<p><\/p>\n\n\n\n<p>Si necesitas conocer otros (PONER NEGOCIO, ej: asesor\u00eda legal, decoraci\u00f3n de eventos, instalaciones el\u00e9ctricas) puedes <strong><a href=\"\/\">visitar nuestra p\u00e1gina principal<\/a><\/strong>.<\/p>\n","protected":false},"excerpt":{"rendered":"<p>En caso de que te encuentras en la b\u00fasqueda un sitio seguro para el entrenamiento canino dentro de Bilbao, este centro es una excelente opci\u00f3n. Este lugar trabaja en el entrenamiento de mascotas sin importar la raza o edad, usando m\u00e9todos respetuosos adem\u00e1s de \u00fatiles. Thoky Guau Educaci\u00f3n, Alojamiento, Guarder\u00eda, Paseos Y Venta De Productos [&hellip;]<\/p>\n","protected":false},"author":2,"featured_media":0,"parent":7650,"menu_order":0,"comment_status":"closed","ping_status":"closed","template":"","meta":{"_et_pb_use_builder":"","_et_pb_old_content":"","_et_gb_content_width":"","footnotes":""},"tags":[1012],"class_list":["post-10071","page","type-page","status-publish","hentry","tag-bilbao"],"_links":{"self":[{"href":"https:\/\/www.adiestradorcanino.com\/webdelperro\/wp-json\/wp\/v2\/pages\/10071","targetHints":{"allow":["GET"]}}],"collection":[{"href":"https:\/\/www.adiestradorcanino.com\/webdelperro\/wp-json\/wp\/v2\/pages"}],"about":[{"href":"https:\/\/www.adiestradorcanino.com\/webdelperro\/wp-json\/wp\/v2\/types\/page"}],"author":[{"embeddable":true,"href":"https:\/\/www.adiestradorcanino.com\/webdelperro\/wp-json\/wp\/v2\/users\/2"}],"replies":[{"embeddable":true,"href":"https:\/\/www.adiestradorcanino.com\/webdelperro\/wp-json\/wp\/v2\/comments?post=10071"}],"version-history":[{"count":0,"href":"https:\/\/www.adiestradorcanino.com\/webdelperro\/wp-json\/wp\/v2\/pages\/10071\/revisions"}],"up":[{"embeddable":true,"href":"https:\/\/www.adiestradorcanino.com\/webdelperro\/wp-json\/wp\/v2\/pages\/7650"}],"wp:attachment":[{"href":"https:\/\/www.adiestradorcanino.com\/webdelperro\/wp-json\/wp\/v2\/media?parent=10071"}],"wp:term":[{"taxonomy":"post_tag","embeddable":true,"href":"https:\/\/www.adiestradorcanino.com\/webdelperro\/wp-json\/wp\/v2\/tags?post=10071"}],"curies":[{"name":"wp","href":"https:\/\/api.w.org\/{rel}","templated":true}]}}