{"id":10066,"date":"2025-07-09T07:51:36","date_gmt":"2025-07-09T07:51:36","guid":{"rendered":"https:\/\/www.adiestradorcanino.com\/webdelperro\/barcelona\/sant-boi-de-llobregat\/adiestramiento-canino-adisnaturagna-en-sant-boi-de-llobregat-barcelona\/"},"modified":"2025-07-09T07:51:36","modified_gmt":"2025-07-09T07:51:36","slug":"adiestramiento-canino-adisnaturagna-en-sant-boi-de-llobregat-barcelona","status":"publish","type":"page","link":"https:\/\/www.adiestradorcanino.com\/webdelperro\/barcelona\/sant-boi-de-llobregat\/adiestramiento-canino-adisnaturagna-en-sant-boi-de-llobregat-barcelona\/","title":{"rendered":"Adiestramiento canino Adisnaturagna en Sant Boi De Llobregat, Barcelona"},"content":{"rendered":"\n<p>En caso de que est\u00e1s en la b\u00fasqueda de un lugar confiable para adiestramiento de perros en Sant Boi De Llobregat, este centro se presenta como una opci\u00f3n destacada. Este lugar se especializa con mascotas sin importar la raza o edad, siempre utilizando t\u00e9cnicas \u00e9ticos y tambi\u00e9n \u00fatiles.<\/p>\n\n\n\n<h2 class=\"wp-block-heading has-text-align-left nombreclinica\">Adisnaturagna<\/h2>\n\n\n\n<div class=\"wp-block-group is-layout-constrained wp-block-group-is-layout-constrained\">\n<div class=\"wp-block-columns nc-clase-ficha is-layout-flex wp-container-core-columns-is-layout-9d6595d7 wp-block-columns-is-layout-flex\">\n<div class=\"wp-block-column is-vertically-aligned-center is-layout-flow wp-block-column-is-layout-flow\">\n<figure class=\"wp-block-image size-full\"><img decoding=\"async\" src=\"https:\/\/www.adiestradorcanino.com\/webdelperro\/wp-content\/uploads\/2025\/07\/Adisnaturagna.jpg\" alt=\"Adisnaturagna\" class=\"wp-image-19766\"\/><\/figure>\n\n\n\n<p>Entre los servicios m\u00e1s demandados se encuentran los cursos de obediencia b\u00e1sica, la correcci\u00f3n de conductas no deseadas, la socializaci\u00f3n con otros animales y las clases dirigidas a cachorros. Asimismo, en nuestro centro se adaptan a las necesidades espec\u00edficas de cada familia y su mascota.<\/p>\n<\/div>\n\n\n\n<div class=\"wp-block-column is-vertically-aligned-center is-layout-flow wp-block-column-is-layout-flow\">\n<div class=\"su-service\"><div class=\"su-service-title\" style=\"padding-left:46px;min-height:32px;line-height:32px\"><i class=\"sui sui-user\" style=\"font-size:32px;color:#2471a3\"><\/i> <strong>Nombre<\/strong><\/div><div class=\"su-service-content su-u-clearfix su-u-trim\" style=\"padding-left:46px\">Adisnaturagna<\/div><\/div>\n\n\n\n<div class=\"su-service\"><div class=\"su-service-title\" style=\"padding-left:46px;min-height:32px;line-height:32px\"><i class=\"sui sui-map-marker\" style=\"font-size:32px;color:#2471a3\"><\/i> <strong>Direcci\u00f3n<\/strong><\/div><div class=\"su-service-content su-u-clearfix su-u-trim\" style=\"padding-left:46px\">Carrer Rossell\u00f3, 93-95, 08830 Sant Boi de Llobregat, Barcelona<\/div><\/div>\n\n\n\n<div class=\"su-service\"><div class=\"su-service-title\" style=\"padding-left:46px;min-height:32px;line-height:32px\"><i class=\"sui sui-volume-control-phone\" style=\"font-size:32px;color:#2471a3\"><\/i> <strong>Tel\u00e9fono<\/strong><\/div><div class=\"su-service-content su-u-clearfix su-u-trim\" style=\"padding-left:46px\">673 48 63 83<\/div><\/div>\n\n\n\n<div class=\"su-service\"><div class=\"su-service-title\" style=\"padding-left:46px;min-height:32px;line-height:32px\"><i class=\"sui sui-globe\" style=\"font-size:32px;color:#2471a3\"><\/i> <strong>Sitio web<\/strong><\/div><div class=\"su-service-content su-u-clearfix su-u-trim\" style=\"padding-left:46px\"><\/div><\/div>\n\n\n\n<div class=\"su-service\"><div class=\"su-service-title\" style=\"padding-left:46px;min-height:32px;line-height:32px\"><i class=\"sui sui-star\" style=\"font-size:32px;color:#2471a3\"><\/i> Valoraci\u00f3n de los clientes<\/div><div class=\"su-service-content su-u-clearfix su-u-trim\" style=\"padding-left:46px\">5 \/ 5 (46)<\/div><\/div>\n<\/div>\n<\/div>\n<\/div>\n\n\n\n<div class=\"wp-block-columns is-layout-flex wp-container-core-columns-is-layout-9d6595d7 wp-block-columns-is-layout-flex\">\n<div class=\"wp-block-column mapa2 is-layout-flow wp-block-column-is-layout-flow\">\n<h2 class=\"wp-block-heading\">Ubicaci\u00f3n de Adisnaturagna<\/h2>\n\n\n\n<div class=\"su-gmap su-u-responsive-media-yes mapa\"><iframe loading=\"lazy\" width=\"600\" height=\"280\" src=\"\/\/maps.google.com\/maps?q=Adisnaturagna%2C%20Carrer%20Rossell%C3%B3%2C%2093-95%2C%2008830%20Sant%20Boi%20de%20Llobregat%2C%20Barcelona&amp;output=embed&amp;z=20\" title=\"\"><\/iframe><\/div>\n\n\n\n<h2 class=\"wp-block-heading\">Horarios de Adisnaturagna<\/h2>\n\n\n\n<figure class=\"wp-block-table\"><table><tbody><tr><td><strong>Lunes<\/strong><\/td><td><\/td><\/tr><tr><td><strong>Martes<\/strong><\/td><td><\/td><\/tr><tr><td><strong>Mi\u00e9rcoles<\/strong><\/td><td><\/td><\/tr><tr><td><strong>Jueves<\/strong><\/td><td><\/td><\/tr><tr><td><strong>Viernes<\/strong><\/td><td><\/td><\/tr><tr><td><strong>S\u00e1bado<\/strong><\/td><td><\/td><\/tr><tr><td><strong>Domingo<\/strong><\/td><td><\/td><\/tr><\/tbody><\/table><\/figure>\n\n\n\n<h2 class=\"wp-block-heading\">Tel\u00e9fono de Adisnaturagna<\/h2>\n\n\n\n<p>Si quieres comunicarte con <strong>Adisnaturagna<\/strong>, puedes hacerlo directamente llamando al siguiente n\u00famero:<\/p>\n\n\n\n<div class=\"wp-block-buttons is-content-justification-center is-layout-flex wp-container-core-buttons-is-layout-16018d1d wp-block-buttons-is-layout-flex\">\n<div class=\"wp-block-button is-style-fill\"><a class=\"wp-block-button__link has-background has-medium-font-size has-custom-font-size wp-element-button\" href=\"tel:673 48 63 83\" style=\"border-radius:6px;background-color:#2471a3\">Llamar ahora<\/a><\/div>\n<\/div>\n\n\n\n<h2 class=\"wp-block-heading\">M\u00e1s informaci\u00f3n<\/h2>\n\n\n\n<p>En el centro de adiestramiento canino Adisnaturagna, ubicado en Carrer Rossell\u00f3, 93-95, 08830 Sant Boi de Llobregat, Barcelona, ofrecemos una amplia gama de servicios dise\u00f1ados para adiestrar perros de todas las edades y razas. Nuestro enfoque integral incluye programas de obediencia b\u00e1sica, socializaci\u00f3n, modificaci\u00f3n de conducta y adiestramiento especializado, siempre adaptados a las necesidades espec\u00edficas de cada mascota y su propietario. Lo que nos diferencia de otros adiestradores de perros en Barcelona es nuestra metodolog\u00eda basada en el respeto y la conexi\u00f3n emocional, garantizando un aprendizaje efectivo y duradero. Si buscas un servicio de adiestramiento canino en Sant Boi De Llobregat que combine profesionalismo y cercan\u00eda, Adisnaturagna es tu mejor opci\u00f3n para educar a tu perro de manera positiva y positiva.<\/p>\n\n\n\n<p>Ubicado en Carrer Rossell\u00f3, 93-95, 08830 Sant Boi de Llobregat, Barcelona, el centro de adiestramiento canino en Sant Boi De Llobregat ha sido reconocido por su trato afectuoso, profesionalidad y resultados notables. Revisa las valoraciones de otros due\u00f1os de mascotas para conocer su experiencia.<\/p>\n<\/div>\n<\/div>\n\n\n\n<p><\/p>\n\n\n\n<p>Si necesitas conocer otros (PONER NEGOCIO, ej: asesor\u00eda legal, decoraci\u00f3n de eventos, instalaciones el\u00e9ctricas) puedes <strong><a href=\"\/\">visitar nuestra p\u00e1gina principal<\/a><\/strong>.<\/p>\n","protected":false},"excerpt":{"rendered":"<p>En caso de que est\u00e1s en la b\u00fasqueda de un lugar confiable para adiestramiento de perros en Sant Boi De Llobregat, este centro se presenta como una opci\u00f3n destacada. Este lugar se especializa con mascotas sin importar la raza o edad, siempre utilizando t\u00e9cnicas \u00e9ticos y tambi\u00e9n \u00fatiles. Adisnaturagna Entre los servicios m\u00e1s demandados se [&hellip;]<\/p>\n","protected":false},"author":2,"featured_media":0,"parent":7868,"menu_order":0,"comment_status":"closed","ping_status":"closed","template":"","meta":{"_et_pb_use_builder":"","_et_pb_old_content":"","_et_gb_content_width":"","footnotes":""},"tags":[1075],"class_list":["post-10066","page","type-page","status-publish","hentry","tag-sant-boi-de-llobregat"],"_links":{"self":[{"href":"https:\/\/www.adiestradorcanino.com\/webdelperro\/wp-json\/wp\/v2\/pages\/10066","targetHints":{"allow":["GET"]}}],"collection":[{"href":"https:\/\/www.adiestradorcanino.com\/webdelperro\/wp-json\/wp\/v2\/pages"}],"about":[{"href":"https:\/\/www.adiestradorcanino.com\/webdelperro\/wp-json\/wp\/v2\/types\/page"}],"author":[{"embeddable":true,"href":"https:\/\/www.adiestradorcanino.com\/webdelperro\/wp-json\/wp\/v2\/users\/2"}],"replies":[{"embeddable":true,"href":"https:\/\/www.adiestradorcanino.com\/webdelperro\/wp-json\/wp\/v2\/comments?post=10066"}],"version-history":[{"count":0,"href":"https:\/\/www.adiestradorcanino.com\/webdelperro\/wp-json\/wp\/v2\/pages\/10066\/revisions"}],"up":[{"embeddable":true,"href":"https:\/\/www.adiestradorcanino.com\/webdelperro\/wp-json\/wp\/v2\/pages\/7868"}],"wp:attachment":[{"href":"https:\/\/www.adiestradorcanino.com\/webdelperro\/wp-json\/wp\/v2\/media?parent=10066"}],"wp:term":[{"taxonomy":"post_tag","embeddable":true,"href":"https:\/\/www.adiestradorcanino.com\/webdelperro\/wp-json\/wp\/v2\/tags?post=10066"}],"curies":[{"name":"wp","href":"https:\/\/api.w.org\/{rel}","templated":true}]}}