{"id":10062,"date":"2025-07-09T07:51:15","date_gmt":"2025-07-09T07:51:15","guid":{"rendered":"https:\/\/www.adiestradorcanino.com\/webdelperro\/barcelona\/valldoreix\/adiestramiento-canino-huescan-adiestrador-canino-en-valldoreix-barcelona\/"},"modified":"2025-07-09T07:51:15","modified_gmt":"2025-07-09T07:51:15","slug":"adiestramiento-canino-huescan-adiestrador-canino-en-valldoreix-barcelona","status":"publish","type":"page","link":"https:\/\/www.adiestradorcanino.com\/webdelperro\/barcelona\/valldoreix\/adiestramiento-canino-huescan-adiestrador-canino-en-valldoreix-barcelona\/","title":{"rendered":"Adiestramiento canino Huescan &#8211; Adiestrador Canino en Valldoreix, Barcelona"},"content":{"rendered":"\n<p>En caso de que est\u00e1s en la b\u00fasqueda de un lugar de confianza para el el adiestramiento canino dentro de Valldoreix, este centro es una excelente opci\u00f3n. Nuestra instalaci\u00f3n trabaja en el entrenamiento de perros de cualquier edad y raza, siempre utilizando con respetuosos adem\u00e1s de \u00fatiles.<\/p>\n\n\n\n<h2 class=\"wp-block-heading has-text-align-left nombreclinica\">Huescan &#8211; Adiestrador Canino<\/h2>\n\n\n\n<div class=\"wp-block-group is-layout-constrained wp-block-group-is-layout-constrained\">\n<div class=\"wp-block-columns nc-clase-ficha is-layout-flex wp-container-core-columns-is-layout-9d6595d7 wp-block-columns-is-layout-flex\">\n<div class=\"wp-block-column is-vertically-aligned-center is-layout-flow wp-block-column-is-layout-flow\">\n<figure class=\"wp-block-image size-full\"><img decoding=\"async\" src=\"https:\/\/www.adiestradorcanino.com\/webdelperro\/wp-content\/uploads\/2025\/07\/Huescan-Adiestrador-Canino.jpg\" alt=\"Huescan - Adiestrador Canino\" class=\"wp-image-19766\"\/><\/figure>\n\n\n\n<p>Entre los tratamientos m\u00e1s demandados se encuentran los obediencia b\u00e1sica, la correcci\u00f3n de conductas inapropiadas, la socializaci\u00f3n con otros animales y las clases espec\u00edficas para cachorros. Adem\u00e1s, en nombre nos adaptamos a las particularidades de cada hogar y su animal.<\/p>\n<\/div>\n\n\n\n<div class=\"wp-block-column is-vertically-aligned-center is-layout-flow wp-block-column-is-layout-flow\">\n<div class=\"su-service\"><div class=\"su-service-title\" style=\"padding-left:46px;min-height:32px;line-height:32px\"><i class=\"sui sui-user\" style=\"font-size:32px;color:#2471a3\"><\/i> <strong>Nombre<\/strong><\/div><div class=\"su-service-content su-u-clearfix su-u-trim\" style=\"padding-left:46px\">Huescan &#8211; Adiestrador Canino<\/div><\/div>\n\n\n\n<div class=\"su-service\"><div class=\"su-service-title\" style=\"padding-left:46px;min-height:32px;line-height:32px\"><i class=\"sui sui-map-marker\" style=\"font-size:32px;color:#2471a3\"><\/i> <strong>Direcci\u00f3n<\/strong><\/div><div class=\"su-service-content su-u-clearfix su-u-trim\" style=\"padding-left:46px\">Carrer Albert Ros\u00e0s, 4, 08197 Valldoreix, Barcelona<\/div><\/div>\n\n\n\n<div class=\"su-service\"><div class=\"su-service-title\" style=\"padding-left:46px;min-height:32px;line-height:32px\"><i class=\"sui sui-volume-control-phone\" style=\"font-size:32px;color:#2471a3\"><\/i> <strong>Tel\u00e9fono<\/strong><\/div><div class=\"su-service-content su-u-clearfix su-u-trim\" style=\"padding-left:46px\">610 43 44 00<\/div><\/div>\n\n\n\n<div class=\"su-service\"><div class=\"su-service-title\" style=\"padding-left:46px;min-height:32px;line-height:32px\"><i class=\"sui sui-globe\" style=\"font-size:32px;color:#2471a3\"><\/i> <strong>Sitio web<\/strong><\/div><div class=\"su-service-content su-u-clearfix su-u-trim\" style=\"padding-left:46px\">https:\/\/www.instagram.com\/hues.can\/<\/div><\/div>\n\n\n\n<div class=\"su-service\"><div class=\"su-service-title\" style=\"padding-left:46px;min-height:32px;line-height:32px\"><i class=\"sui sui-star\" style=\"font-size:32px;color:#2471a3\"><\/i> Valoraci\u00f3n de los clientes<\/div><div class=\"su-service-content su-u-clearfix su-u-trim\" style=\"padding-left:46px\">4.3 \/ 5 (24)<\/div><\/div>\n<\/div>\n<\/div>\n<\/div>\n\n\n\n<div class=\"wp-block-columns is-layout-flex wp-container-core-columns-is-layout-9d6595d7 wp-block-columns-is-layout-flex\">\n<div class=\"wp-block-column mapa2 is-layout-flow wp-block-column-is-layout-flow\">\n<h2 class=\"wp-block-heading\">Ubicaci\u00f3n de Huescan &#8211; Adiestrador Canino<\/h2>\n\n\n\n<div class=\"su-gmap su-u-responsive-media-yes mapa\"><iframe loading=\"lazy\" width=\"600\" height=\"280\" src=\"\/\/maps.google.com\/maps?q=Huescan%20-%20Adiestrador%20Canino%2C%20Carrer%20Albert%20Ros%C3%A0s%2C%204%2C%2008197%20Valldoreix%2C%20Barcelona&amp;output=embed&amp;z=20\" title=\"\"><\/iframe><\/div>\n\n\n\n<h2 class=\"wp-block-heading\">Horarios de Huescan &#8211; Adiestrador Canino<\/h2>\n\n\n\n<figure class=\"wp-block-table\"><table><tbody><tr><td><strong>Lunes<\/strong><\/td><td>lunes: 9:00\u201314:00, 17:00\u201320:00<\/td><\/tr><tr><td><strong>Martes<\/strong><\/td><td>martes: 9:00\u201314:00, 17:00\u201320:00<\/td><\/tr><tr><td><strong>Mi\u00e9rcoles<\/strong><\/td><td>mi\u00e9rcoles: 9:00\u201314:00, 17:00\u201320:00<\/td><\/tr><tr><td><strong>Jueves<\/strong><\/td><td>jueves: 9:00\u201314:00, 17:00\u201320:00<\/td><\/tr><tr><td><strong>Viernes<\/strong><\/td><td>viernes: 9:00\u201314:00, 17:00\u201320:00<\/td><\/tr><tr><td><strong>S\u00e1bado<\/strong><\/td><td>s\u00e1bado: Cerrado<\/td><\/tr><tr><td><strong>Domingo<\/strong><\/td><td>domingo: 19:00\u201320:00<\/td><\/tr><\/tbody><\/table><\/figure>\n\n\n\n<h2 class=\"wp-block-heading\">Tel\u00e9fono de Huescan &#8211; Adiestrador Canino<\/h2>\n\n\n\n<p>Si quieres comunicarte con <strong>Huescan &#8211; Adiestrador Canino<\/strong>, puedes hacerlo directamente llamando al siguiente n\u00famero:<\/p>\n\n\n\n<div class=\"wp-block-buttons is-content-justification-center is-layout-flex wp-container-core-buttons-is-layout-16018d1d wp-block-buttons-is-layout-flex\">\n<div class=\"wp-block-button is-style-fill\"><a class=\"wp-block-button__link has-background has-medium-font-size has-custom-font-size wp-element-button\" href=\"tel:610 43 44 00\" style=\"border-radius:6px;background-color:#2471a3\">Llamar ahora<\/a><\/div>\n<\/div>\n\n\n\n<h2 class=\"wp-block-heading\">M\u00e1s informaci\u00f3n<\/h2>\n\n\n\n<p>En el coraz\u00f3n de Valldoreix, Barcelona, se encuentra el centro de adiestramiento canino Huescan &#8211; Adiestrador Canino, un lugar dedicado a ofrecer servicios de excelencia para educar y transformar la relaci\u00f3n entre due\u00f1os y sus mascotas. Nuestro enfoque integral en el adiestramiento canino abarca desde la obediencia b\u00e1sica y la socializaci\u00f3n hasta la modificaci\u00f3n de conducta, asegurando que cada perro reciba una formaci\u00f3n adaptada a sus necesidades \u00fanicas. Con un equipo de adiestradores de perros en Barcelona altamente capacitados y apasionados por el bienestar animal, en Huescan nos destacamos por nuestro m\u00e9todo positivo y personalizado, que fomenta un ambiente de aprendizaje divertido y efectivo. Si buscas adiestramiento canino en Valldoreix que garantice resultados duraderos y una convivencia armoniosa con tu perro, no dudes en contactarnos; estamos aqu\u00ed para ayudarte a adiestrar perros y mejorar su comportamiento de manera profesional y cercana.<\/p>\n\n\n\n<p>Ubicado en Carrer Albert Ros\u00e0s, 4, 08197 Valldoreix, Barcelona, este centro de adiestramiento canino en Valldoreix se considera destacado por su trato cercano, profesionalidad y logros evidentes. Consulta las opiniones de otros usuarios para entender su testimonio.<\/p>\n<\/div>\n<\/div>\n\n\n\n<p><\/p>\n\n\n\n<p>Si necesitas conocer otros (PONER NEGOCIO, ej: asesor\u00eda legal, decoraci\u00f3n de eventos, instalaciones el\u00e9ctricas) puedes <strong><a href=\"\/\">visitar nuestra p\u00e1gina principal<\/a><\/strong>.<\/p>\n","protected":false},"excerpt":{"rendered":"<p>En caso de que est\u00e1s en la b\u00fasqueda de un lugar de confianza para el el adiestramiento canino dentro de Valldoreix, este centro es una excelente opci\u00f3n. Nuestra instalaci\u00f3n trabaja en el entrenamiento de perros de cualquier edad y raza, siempre utilizando con respetuosos adem\u00e1s de \u00fatiles. Huescan &#8211; Adiestrador Canino Entre los tratamientos m\u00e1s [&hellip;]<\/p>\n","protected":false},"author":2,"featured_media":0,"parent":7865,"menu_order":0,"comment_status":"closed","ping_status":"closed","template":"","meta":{"_et_pb_use_builder":"","_et_pb_old_content":"","_et_gb_content_width":"","footnotes":""},"tags":[1074],"class_list":["post-10062","page","type-page","status-publish","hentry","tag-valldoreix"],"_links":{"self":[{"href":"https:\/\/www.adiestradorcanino.com\/webdelperro\/wp-json\/wp\/v2\/pages\/10062","targetHints":{"allow":["GET"]}}],"collection":[{"href":"https:\/\/www.adiestradorcanino.com\/webdelperro\/wp-json\/wp\/v2\/pages"}],"about":[{"href":"https:\/\/www.adiestradorcanino.com\/webdelperro\/wp-json\/wp\/v2\/types\/page"}],"author":[{"embeddable":true,"href":"https:\/\/www.adiestradorcanino.com\/webdelperro\/wp-json\/wp\/v2\/users\/2"}],"replies":[{"embeddable":true,"href":"https:\/\/www.adiestradorcanino.com\/webdelperro\/wp-json\/wp\/v2\/comments?post=10062"}],"version-history":[{"count":0,"href":"https:\/\/www.adiestradorcanino.com\/webdelperro\/wp-json\/wp\/v2\/pages\/10062\/revisions"}],"up":[{"embeddable":true,"href":"https:\/\/www.adiestradorcanino.com\/webdelperro\/wp-json\/wp\/v2\/pages\/7865"}],"wp:attachment":[{"href":"https:\/\/www.adiestradorcanino.com\/webdelperro\/wp-json\/wp\/v2\/media?parent=10062"}],"wp:term":[{"taxonomy":"post_tag","embeddable":true,"href":"https:\/\/www.adiestradorcanino.com\/webdelperro\/wp-json\/wp\/v2\/tags?post=10062"}],"curies":[{"name":"wp","href":"https:\/\/api.w.org\/{rel}","templated":true}]}}