{"id":10057,"date":"2025-07-09T07:50:45","date_gmt":"2025-07-09T07:50:45","guid":{"rendered":"https:\/\/www.adiestradorcanino.com\/webdelperro\/barcelona\/el-prat-de-llobregat\/adiestramiento-canino-k9-working-adiestramiento-canino-en-el-prat-de-llobregat-barcelona\/"},"modified":"2025-07-09T07:50:45","modified_gmt":"2025-07-09T07:50:45","slug":"adiestramiento-canino-k9-working-adiestramiento-canino-en-el-prat-de-llobregat-barcelona","status":"publish","type":"page","link":"https:\/\/www.adiestradorcanino.com\/webdelperro\/barcelona\/el-prat-de-llobregat\/adiestramiento-canino-k9-working-adiestramiento-canino-en-el-prat-de-llobregat-barcelona\/","title":{"rendered":"Adiestramiento canino K9 Working Adiestramiento Canino en El Prat De Llobregat, Barcelona"},"content":{"rendered":"\n<p>Si acaso est\u00e1s en la b\u00fasqueda de un sitio confiable para el el adiestramiento canino en El Prat De Llobregat, nuestra instituci\u00f3n representa una opci\u00f3n destacada. Nuestra instalaci\u00f3n se especializa en el manejo de canes de cualquier edad y raza, usando con amigables y tambi\u00e9n eficaces.<\/p>\n\n\n\n<h2 class=\"wp-block-heading has-text-align-left nombreclinica\">K9 Working Adiestramiento Canino<\/h2>\n\n\n\n<div class=\"wp-block-group is-layout-constrained wp-block-group-is-layout-constrained\">\n<div class=\"wp-block-columns nc-clase-ficha is-layout-flex wp-container-core-columns-is-layout-9d6595d7 wp-block-columns-is-layout-flex\">\n<div class=\"wp-block-column is-vertically-aligned-center is-layout-flow wp-block-column-is-layout-flow\">\n<figure class=\"wp-block-image size-full\"><img decoding=\"async\" src=\"https:\/\/www.adiestradorcanino.com\/webdelperro\/wp-content\/uploads\/2025\/07\/K9-Working-Adiestramiento-Canino.png\" alt=\"K9 Working Adiestramiento Canino\" class=\"wp-image-19766\"\/><\/figure>\n\n\n\n<p>Entre los servicios m\u00e1s solicitados est\u00e1n la obediencia b\u00e1sica, la modificaci\u00f3n de comportamientos no deseados, la interacci\u00f3n con otros animales y las clases dirigidas a cachorros. Adem\u00e1s, en nombre se adaptan a las particularidades de cada hogar y su animal.<\/p>\n<\/div>\n\n\n\n<div class=\"wp-block-column is-vertically-aligned-center is-layout-flow wp-block-column-is-layout-flow\">\n<div class=\"su-service\"><div class=\"su-service-title\" style=\"padding-left:46px;min-height:32px;line-height:32px\"><i class=\"sui sui-user\" style=\"font-size:32px;color:#2471a3\"><\/i> <strong>Nombre<\/strong><\/div><div class=\"su-service-content su-u-clearfix su-u-trim\" style=\"padding-left:46px\">K9 Working Adiestramiento Canino<\/div><\/div>\n\n\n\n<div class=\"su-service\"><div class=\"su-service-title\" style=\"padding-left:46px;min-height:32px;line-height:32px\"><i class=\"sui sui-map-marker\" style=\"font-size:32px;color:#2471a3\"><\/i> <strong>Direcci\u00f3n<\/strong><\/div><div class=\"su-service-content su-u-clearfix su-u-trim\" style=\"padding-left:46px\">Carrer Rector Farr\u00e9s i Poch, 08820 El Prat de Llobregat, Barcelona<\/div><\/div>\n\n\n\n<div class=\"su-service\"><div class=\"su-service-title\" style=\"padding-left:46px;min-height:32px;line-height:32px\"><i class=\"sui sui-volume-control-phone\" style=\"font-size:32px;color:#2471a3\"><\/i> <strong>Tel\u00e9fono<\/strong><\/div><div class=\"su-service-content su-u-clearfix su-u-trim\" style=\"padding-left:46px\"><\/div><\/div>\n\n\n\n<div class=\"su-service\"><div class=\"su-service-title\" style=\"padding-left:46px;min-height:32px;line-height:32px\"><i class=\"sui sui-globe\" style=\"font-size:32px;color:#2471a3\"><\/i> <strong>Sitio web<\/strong><\/div><div class=\"su-service-content su-u-clearfix su-u-trim\" style=\"padding-left:46px\">https:\/\/k9working.com\/<\/div><\/div>\n\n\n\n<div class=\"su-service\"><div class=\"su-service-title\" style=\"padding-left:46px;min-height:32px;line-height:32px\"><i class=\"sui sui-star\" style=\"font-size:32px;color:#2471a3\"><\/i> Valoraci\u00f3n de los clientes<\/div><div class=\"su-service-content su-u-clearfix su-u-trim\" style=\"padding-left:46px\">5 \/ 5 (11)<\/div><\/div>\n<\/div>\n<\/div>\n<\/div>\n\n\n\n<div class=\"wp-block-columns is-layout-flex wp-container-core-columns-is-layout-9d6595d7 wp-block-columns-is-layout-flex\">\n<div class=\"wp-block-column mapa2 is-layout-flow wp-block-column-is-layout-flow\">\n<h2 class=\"wp-block-heading\">Ubicaci\u00f3n de K9 Working Adiestramiento Canino<\/h2>\n\n\n\n<div class=\"su-gmap su-u-responsive-media-yes mapa\"><iframe loading=\"lazy\" width=\"600\" height=\"280\" src=\"\/\/maps.google.com\/maps?q=K9%20Working%20Adiestramiento%20Canino%2C%20Carrer%20Rector%20Farr%C3%A9s%20i%20Poch%2C%2008820%20El%20Prat%20de%20Llobregat%2C%20Barcelona&amp;output=embed&amp;z=20\" title=\"\"><\/iframe><\/div>\n\n\n\n<h2 class=\"wp-block-heading\">Horarios de K9 Working Adiestramiento Canino<\/h2>\n\n\n\n<figure class=\"wp-block-table\"><table><tbody><tr><td><strong>Lunes<\/strong><\/td><td>lunes: 7:00\u201320:00<\/td><\/tr><tr><td><strong>Martes<\/strong><\/td><td>martes: 7:00\u201320:00<\/td><\/tr><tr><td><strong>Mi\u00e9rcoles<\/strong><\/td><td>mi\u00e9rcoles: 7:00\u201320:00<\/td><\/tr><tr><td><strong>Jueves<\/strong><\/td><td>jueves: 7:00\u201320:00<\/td><\/tr><tr><td><strong>Viernes<\/strong><\/td><td>viernes: 7:00\u201321:00<\/td><\/tr><tr><td><strong>S\u00e1bado<\/strong><\/td><td>s\u00e1bado: 7:00\u201321:00<\/td><\/tr><tr><td><strong>Domingo<\/strong><\/td><td>domingo: 7:00\u201321:00<\/td><\/tr><\/tbody><\/table><\/figure>\n\n\n\n<h2 class=\"wp-block-heading\">Tel\u00e9fono de K9 Working Adiestramiento Canino<\/h2>\n\n\n\n<p>Si quieres comunicarte con <strong>K9 Working Adiestramiento Canino<\/strong>, puedes hacerlo directamente llamando al siguiente n\u00famero:<\/p>\n\n\n\n<div class=\"wp-block-buttons is-content-justification-center is-layout-flex wp-container-core-buttons-is-layout-16018d1d wp-block-buttons-is-layout-flex\">\n<div class=\"wp-block-button is-style-fill\"><a class=\"wp-block-button__link has-background has-medium-font-size has-custom-font-size wp-element-button\" href=\"tel:\" style=\"border-radius:6px;background-color:#2471a3\">Llamar ahora<\/a><\/div>\n<\/div>\n\n\n\n<h2 class=\"wp-block-heading\">M\u00e1s informaci\u00f3n<\/h2>\n\n\n\n<p>K9 Working Adiestramiento Canino, ubicado en Carrer Rector Farr\u00e9s i Poch, 08820 El Prat de Llobregat, Barcelona, se destaca como el centro ideal para quienes buscan adiestramiento canino en El Prat de Llobregat. Nuestro equipo de adiestradores de perros en Barcelona ofrece una amplia variedad de servicios, incluyendo obediencia b\u00e1sica, socializaci\u00f3n, y modificaci\u00f3n de conducta, adaptados a las necesidades espec\u00edficas de cada mascota y su due\u00f1o. Con un enfoque profesional y personalizado, trabajamos para fortalecer la comunicaci\u00f3n entre el perro y su humano, garantizando resultados efectivos y duraderos. En K9 Working priorizamos el bienestar animal, lo que nos diferencia de otros centros de adiestramiento, ya que creemos que un perro feliz es un perro educado. Si buscas adiestrar perros con un m\u00e9todo positivo y basado en el respeto, no dudes en contactarnos para comenzar esta enriquecedora experiencia.<\/p>\n\n\n\n<p>Ubicado en Carrer Rector Farr\u00e9s i Poch, 08820 El Prat de Llobregat, Barcelona, el centro de adiestramiento canino en El Prat De Llobregat ha sido destacado por su atenci\u00f3n cercano, seriedad y resultados evidentes. Revisa las rese\u00f1as de otros usuarios para descubrir su testimonio.<\/p>\n<\/div>\n<\/div>\n\n\n\n<p><\/p>\n\n\n\n<p>Si necesitas conocer otros (PONER NEGOCIO, ej: asesor\u00eda legal, decoraci\u00f3n de eventos, instalaciones el\u00e9ctricas) puedes <strong><a href=\"\/\">visitar nuestra p\u00e1gina principal<\/a><\/strong>.<\/p>\n","protected":false},"excerpt":{"rendered":"<p>Si acaso est\u00e1s en la b\u00fasqueda de un sitio confiable para el el adiestramiento canino en El Prat De Llobregat, nuestra instituci\u00f3n representa una opci\u00f3n destacada. Nuestra instalaci\u00f3n se especializa en el manejo de canes de cualquier edad y raza, usando con amigables y tambi\u00e9n eficaces. K9 Working Adiestramiento Canino Entre los servicios m\u00e1s solicitados [&hellip;]<\/p>\n","protected":false},"author":2,"featured_media":0,"parent":7856,"menu_order":0,"comment_status":"closed","ping_status":"closed","template":"","meta":{"_et_pb_use_builder":"","_et_pb_old_content":"","_et_gb_content_width":"","footnotes":""},"tags":[1071],"class_list":["post-10057","page","type-page","status-publish","hentry","tag-el-prat-de-llobregat"],"_links":{"self":[{"href":"https:\/\/www.adiestradorcanino.com\/webdelperro\/wp-json\/wp\/v2\/pages\/10057","targetHints":{"allow":["GET"]}}],"collection":[{"href":"https:\/\/www.adiestradorcanino.com\/webdelperro\/wp-json\/wp\/v2\/pages"}],"about":[{"href":"https:\/\/www.adiestradorcanino.com\/webdelperro\/wp-json\/wp\/v2\/types\/page"}],"author":[{"embeddable":true,"href":"https:\/\/www.adiestradorcanino.com\/webdelperro\/wp-json\/wp\/v2\/users\/2"}],"replies":[{"embeddable":true,"href":"https:\/\/www.adiestradorcanino.com\/webdelperro\/wp-json\/wp\/v2\/comments?post=10057"}],"version-history":[{"count":0,"href":"https:\/\/www.adiestradorcanino.com\/webdelperro\/wp-json\/wp\/v2\/pages\/10057\/revisions"}],"up":[{"embeddable":true,"href":"https:\/\/www.adiestradorcanino.com\/webdelperro\/wp-json\/wp\/v2\/pages\/7856"}],"wp:attachment":[{"href":"https:\/\/www.adiestradorcanino.com\/webdelperro\/wp-json\/wp\/v2\/media?parent=10057"}],"wp:term":[{"taxonomy":"post_tag","embeddable":true,"href":"https:\/\/www.adiestradorcanino.com\/webdelperro\/wp-json\/wp\/v2\/tags?post=10057"}],"curies":[{"name":"wp","href":"https:\/\/api.w.org\/{rel}","templated":true}]}}