{"id":10055,"date":"2025-07-09T07:50:34","date_gmt":"2025-07-09T07:50:34","guid":{"rendered":"https:\/\/www.adiestradorcanino.com\/webdelperro\/barcelona\/viladecans\/adiestramiento-canino-petjades-educacio-canina-en-viladecans-barcelona\/"},"modified":"2025-07-09T07:50:34","modified_gmt":"2025-07-09T07:50:34","slug":"adiestramiento-canino-petjades-educacio-canina-en-viladecans-barcelona","status":"publish","type":"page","link":"https:\/\/www.adiestradorcanino.com\/webdelperro\/barcelona\/viladecans\/adiestramiento-canino-petjades-educacio-canina-en-viladecans-barcelona\/","title":{"rendered":"Adiestramiento canino Petjades &#8211; Educaci\u00f3 Canina en Viladecans, Barcelona"},"content":{"rendered":"\n<p>Si buscas en la b\u00fasqueda un sitio confiable para el adiestramiento canino en Viladecans, este centro representa una excelente opci\u00f3n. Nuestra instalaci\u00f3n se dedica con canes de cualquier edad y raza, siempre t\u00e9cnicas amigables adem\u00e1s de \u00fatiles.<\/p>\n\n\n\n<h2 class=\"wp-block-heading has-text-align-left nombreclinica\">Petjades &#8211; Educaci\u00f3 Canina<\/h2>\n\n\n\n<div class=\"wp-block-group is-layout-constrained wp-block-group-is-layout-constrained\">\n<div class=\"wp-block-columns nc-clase-ficha is-layout-flex wp-container-core-columns-is-layout-9d6595d7 wp-block-columns-is-layout-flex\">\n<div class=\"wp-block-column is-vertically-aligned-center is-layout-flow wp-block-column-is-layout-flow\">\n<figure class=\"wp-block-image size-full\"><img decoding=\"async\" src=\"https:\/\/www.adiestradorcanino.com\/webdelperro\/wp-content\/uploads\/2025\/07\/Petjades-Educacio-Canina.png\" alt=\"Petjades - Educaci\u00f3 Canina\" class=\"wp-image-19766\"\/><\/figure>\n\n\n\n<p>Entre los tratamientos m\u00e1s demandados est\u00e1n la entrenamiento de obediencia, la correcci\u00f3n de conductas no deseadas, la socializaci\u00f3n con otros perros y las sesiones especiales para cachorros. Asimismo, en nombre nos adaptamos a las necesidades concretas de cada familia y animal.<\/p>\n<\/div>\n\n\n\n<div class=\"wp-block-column is-vertically-aligned-center is-layout-flow wp-block-column-is-layout-flow\">\n<div class=\"su-service\"><div class=\"su-service-title\" style=\"padding-left:46px;min-height:32px;line-height:32px\"><i class=\"sui sui-user\" style=\"font-size:32px;color:#2471a3\"><\/i> <strong>Nombre<\/strong><\/div><div class=\"su-service-content su-u-clearfix su-u-trim\" style=\"padding-left:46px\">Petjades &#8211; Educaci\u00f3 Canina<\/div><\/div>\n\n\n\n<div class=\"su-service\"><div class=\"su-service-title\" style=\"padding-left:46px;min-height:32px;line-height:32px\"><i class=\"sui sui-map-marker\" style=\"font-size:32px;color:#2471a3\"><\/i> <strong>Direcci\u00f3n<\/strong><\/div><div class=\"su-service-content su-u-clearfix su-u-trim\" style=\"padding-left:46px\">Passeig del Tamariu, 9, 08840 Viladecans, Barcelona<\/div><\/div>\n\n\n\n<div class=\"su-service\"><div class=\"su-service-title\" style=\"padding-left:46px;min-height:32px;line-height:32px\"><i class=\"sui sui-volume-control-phone\" style=\"font-size:32px;color:#2471a3\"><\/i> <strong>Tel\u00e9fono<\/strong><\/div><div class=\"su-service-content su-u-clearfix su-u-trim\" style=\"padding-left:46px\">654 85 78 30<\/div><\/div>\n\n\n\n<div class=\"su-service\"><div class=\"su-service-title\" style=\"padding-left:46px;min-height:32px;line-height:32px\"><i class=\"sui sui-globe\" style=\"font-size:32px;color:#2471a3\"><\/i> <strong>Sitio web<\/strong><\/div><div class=\"su-service-content su-u-clearfix su-u-trim\" style=\"padding-left:46px\">http:\/\/www.petjades.cat\/<\/div><\/div>\n\n\n\n<div class=\"su-service\"><div class=\"su-service-title\" style=\"padding-left:46px;min-height:32px;line-height:32px\"><i class=\"sui sui-star\" style=\"font-size:32px;color:#2471a3\"><\/i> Valoraci\u00f3n de los clientes<\/div><div class=\"su-service-content su-u-clearfix su-u-trim\" style=\"padding-left:46px\">5 \/ 5 (39)<\/div><\/div>\n<\/div>\n<\/div>\n<\/div>\n\n\n\n<div class=\"wp-block-columns is-layout-flex wp-container-core-columns-is-layout-9d6595d7 wp-block-columns-is-layout-flex\">\n<div class=\"wp-block-column mapa2 is-layout-flow wp-block-column-is-layout-flow\">\n<h2 class=\"wp-block-heading\">Ubicaci\u00f3n de Petjades &#8211; Educaci\u00f3 Canina<\/h2>\n\n\n\n<div class=\"su-gmap su-u-responsive-media-yes mapa\"><iframe loading=\"lazy\" width=\"600\" height=\"280\" src=\"\/\/maps.google.com\/maps?q=Petjades%20-%20Educaci%C3%B3%20Canina%2C%20Passeig%20del%20Tamariu%2C%209%2C%2008840%20Viladecans%2C%20Barcelona&amp;output=embed&amp;z=20\" title=\"\"><\/iframe><\/div>\n\n\n\n<h2 class=\"wp-block-heading\">Horarios de Petjades &#8211; Educaci\u00f3 Canina<\/h2>\n\n\n\n<figure class=\"wp-block-table\"><table><tbody><tr><td><strong>Lunes<\/strong><\/td><td>lunes: 9:00\u201320:00<\/td><\/tr><tr><td><strong>Martes<\/strong><\/td><td>martes: 9:00\u201320:00<\/td><\/tr><tr><td><strong>Mi\u00e9rcoles<\/strong><\/td><td>mi\u00e9rcoles: 9:00\u201320:00<\/td><\/tr><tr><td><strong>Jueves<\/strong><\/td><td>jueves: 9:00\u201320:00<\/td><\/tr><tr><td><strong>Viernes<\/strong><\/td><td>viernes: 9:00\u201320:00<\/td><\/tr><tr><td><strong>S\u00e1bado<\/strong><\/td><td>s\u00e1bado: 9:00\u201313:00<\/td><\/tr><tr><td><strong>Domingo<\/strong><\/td><td>domingo: Cerrado<\/td><\/tr><\/tbody><\/table><\/figure>\n\n\n\n<h2 class=\"wp-block-heading\">Tel\u00e9fono de Petjades &#8211; Educaci\u00f3 Canina<\/h2>\n\n\n\n<p>Si quieres comunicarte con <strong>Petjades &#8211; Educaci\u00f3 Canina<\/strong>, puedes hacerlo directamente llamando al siguiente n\u00famero:<\/p>\n\n\n\n<div class=\"wp-block-buttons is-content-justification-center is-layout-flex wp-container-core-buttons-is-layout-16018d1d wp-block-buttons-is-layout-flex\">\n<div class=\"wp-block-button is-style-fill\"><a class=\"wp-block-button__link has-background has-medium-font-size has-custom-font-size wp-element-button\" href=\"tel:654 85 78 30\" style=\"border-radius:6px;background-color:#2471a3\">Llamar ahora<\/a><\/div>\n<\/div>\n\n\n\n<h2 class=\"wp-block-heading\">M\u00e1s informaci\u00f3n<\/h2>\n\n\n\n<p>En el coraz\u00f3n de Viladecans, en el Passeig del Tamariu, 9, se encuentra Petjades &#8211; Educaci\u00f3 Canina, un destacado centro de adiestramiento canino en Viladecans que ofrece servicios personalizados para educar a tu perro. Nuestros adiestradores de perros en Barcelona se especializan en obediencia, socializaci\u00f3n y modificaci\u00f3n de conducta, utilizando m\u00e9todos positivos que fomentan una relaci\u00f3n armoniosa entre el propietario y su mascota. En Petjades, entendemos que cada perro es \u00fanico, por lo que adaptamos nuestros programas a las necesidades espec\u00edficas de cada animal, garantizando un aprendizaje efectivo y duradero. Con un enfoque cercano y profesional, nuestro objetivo es que cada sesi\u00f3n no solo eduque, sino que tambi\u00e9n fortalezca el v\u00ednculo entre t\u00fa y tu compa\u00f1ero peludo. Si buscas adiestrar perros en un ambiente amigable y profesional, Petjades es tu mejor opci\u00f3n en la provincia de Barcelona.<\/p>\n\n\n\n<p>Situado en Passeig del Tamariu, 9, 08840 Viladecans, Barcelona, este centro de adiestramiento canino en Viladecans es famoso por su trato cercano, profesionalidad y logros visibles. Consulta las valoraciones de otros clientes para conocer su testimonio.<\/p>\n<\/div>\n<\/div>\n\n\n\n<p><\/p>\n\n\n\n<p>Si necesitas conocer otros (PONER NEGOCIO, ej: asesor\u00eda legal, decoraci\u00f3n de eventos, instalaciones el\u00e9ctricas) puedes <strong><a href=\"\/\">visitar nuestra p\u00e1gina principal<\/a><\/strong>.<\/p>\n","protected":false},"excerpt":{"rendered":"<p>Si buscas en la b\u00fasqueda un sitio confiable para el adiestramiento canino en Viladecans, este centro representa una excelente opci\u00f3n. Nuestra instalaci\u00f3n se dedica con canes de cualquier edad y raza, siempre t\u00e9cnicas amigables adem\u00e1s de \u00fatiles. Petjades &#8211; Educaci\u00f3 Canina Entre los tratamientos m\u00e1s demandados est\u00e1n la entrenamiento de obediencia, la correcci\u00f3n de conductas [&hellip;]<\/p>\n","protected":false},"author":2,"featured_media":0,"parent":7853,"menu_order":0,"comment_status":"closed","ping_status":"closed","template":"","meta":{"_et_pb_use_builder":"","_et_pb_old_content":"","_et_gb_content_width":"","footnotes":""},"tags":[1070],"class_list":["post-10055","page","type-page","status-publish","hentry","tag-viladecans"],"_links":{"self":[{"href":"https:\/\/www.adiestradorcanino.com\/webdelperro\/wp-json\/wp\/v2\/pages\/10055","targetHints":{"allow":["GET"]}}],"collection":[{"href":"https:\/\/www.adiestradorcanino.com\/webdelperro\/wp-json\/wp\/v2\/pages"}],"about":[{"href":"https:\/\/www.adiestradorcanino.com\/webdelperro\/wp-json\/wp\/v2\/types\/page"}],"author":[{"embeddable":true,"href":"https:\/\/www.adiestradorcanino.com\/webdelperro\/wp-json\/wp\/v2\/users\/2"}],"replies":[{"embeddable":true,"href":"https:\/\/www.adiestradorcanino.com\/webdelperro\/wp-json\/wp\/v2\/comments?post=10055"}],"version-history":[{"count":0,"href":"https:\/\/www.adiestradorcanino.com\/webdelperro\/wp-json\/wp\/v2\/pages\/10055\/revisions"}],"up":[{"embeddable":true,"href":"https:\/\/www.adiestradorcanino.com\/webdelperro\/wp-json\/wp\/v2\/pages\/7853"}],"wp:attachment":[{"href":"https:\/\/www.adiestradorcanino.com\/webdelperro\/wp-json\/wp\/v2\/media?parent=10055"}],"wp:term":[{"taxonomy":"post_tag","embeddable":true,"href":"https:\/\/www.adiestradorcanino.com\/webdelperro\/wp-json\/wp\/v2\/tags?post=10055"}],"curies":[{"name":"wp","href":"https:\/\/api.w.org\/{rel}","templated":true}]}}