{"id":10049,"date":"2025-07-09T07:49:54","date_gmt":"2025-07-09T07:49:54","guid":{"rendered":"https:\/\/www.adiestradorcanino.com\/webdelperro\/barcelona\/badalona\/adiestramiento-canino-can-therapy-educacion-canina-badalona-en-badalona-barcelona\/"},"modified":"2025-07-09T07:49:54","modified_gmt":"2025-07-09T07:49:54","slug":"adiestramiento-canino-can-therapy-educacion-canina-badalona-en-badalona-barcelona","status":"publish","type":"page","link":"https:\/\/www.adiestradorcanino.com\/webdelperro\/barcelona\/badalona\/adiestramiento-canino-can-therapy-educacion-canina-badalona-en-badalona-barcelona\/","title":{"rendered":"Adiestramiento canino Can Therapy Educaci\u00f3n Canina Badalona en Badalona, Barcelona"},"content":{"rendered":"\n<p>Si acaso est\u00e1s en la b\u00fasqueda de un lugar de confianza para adiestramiento de perros en el \u00e1rea de Badalona, nuestra instituci\u00f3n se presenta como una excelente opci\u00f3n. Este lugar se especializa con canes de cualquier edad y raza, siempre utilizando con respetuosos adem\u00e1s de efectivos.<\/p>\n\n\n\n<h2 class=\"wp-block-heading has-text-align-left nombreclinica\">Can Therapy Educaci\u00f3n Canina Badalona<\/h2>\n\n\n\n<div class=\"wp-block-group is-layout-constrained wp-block-group-is-layout-constrained\">\n<div class=\"wp-block-columns nc-clase-ficha is-layout-flex wp-container-core-columns-is-layout-9d6595d7 wp-block-columns-is-layout-flex\">\n<div class=\"wp-block-column is-vertically-aligned-center is-layout-flow wp-block-column-is-layout-flow\">\n<figure class=\"wp-block-image size-full\"><img decoding=\"async\" src=\"https:\/\/www.adiestradorcanino.com\/webdelperro\/wp-content\/uploads\/2025\/07\/Can-Therapy-Educacion-Canina-Badalona.png\" alt=\"Can Therapy Educaci\u00f3n Canina Badalona\" class=\"wp-image-19766\"\/><\/figure>\n\n\n\n<p>Dentro de los tratamientos m\u00e1s solicitados se encuentran los obediencia b\u00e1sica, la correcci\u00f3n de conductas no deseadas, la socializaci\u00f3n con otros animales y las sesiones especiales para cachorros. Adem\u00e1s, en nuestro centro se adaptan a las particularidades de cada familia y su mascota.<\/p>\n<\/div>\n\n\n\n<div class=\"wp-block-column is-vertically-aligned-center is-layout-flow wp-block-column-is-layout-flow\">\n<div class=\"su-service\"><div class=\"su-service-title\" style=\"padding-left:46px;min-height:32px;line-height:32px\"><i class=\"sui sui-user\" style=\"font-size:32px;color:#2471a3\"><\/i> <strong>Nombre<\/strong><\/div><div class=\"su-service-content su-u-clearfix su-u-trim\" style=\"padding-left:46px\">Can Therapy Educaci\u00f3n Canina Badalona<\/div><\/div>\n\n\n\n<div class=\"su-service\"><div class=\"su-service-title\" style=\"padding-left:46px;min-height:32px;line-height:32px\"><i class=\"sui sui-map-marker\" style=\"font-size:32px;color:#2471a3\"><\/i> <strong>Direcci\u00f3n<\/strong><\/div><div class=\"su-service-content su-u-clearfix su-u-trim\" style=\"padding-left:46px\">Carrer de Francesc Layret, 52, 1\u00ba1\u00aa, 08911 Badalona, Barcelona<\/div><\/div>\n\n\n\n<div class=\"su-service\"><div class=\"su-service-title\" style=\"padding-left:46px;min-height:32px;line-height:32px\"><i class=\"sui sui-volume-control-phone\" style=\"font-size:32px;color:#2471a3\"><\/i> <strong>Tel\u00e9fono<\/strong><\/div><div class=\"su-service-content su-u-clearfix su-u-trim\" style=\"padding-left:46px\">610 30 52 97<\/div><\/div>\n\n\n\n<div class=\"su-service\"><div class=\"su-service-title\" style=\"padding-left:46px;min-height:32px;line-height:32px\"><i class=\"sui sui-globe\" style=\"font-size:32px;color:#2471a3\"><\/i> <strong>Sitio web<\/strong><\/div><div class=\"su-service-content su-u-clearfix su-u-trim\" style=\"padding-left:46px\">https:\/\/can-therapy.com\/<\/div><\/div>\n\n\n\n<div class=\"su-service\"><div class=\"su-service-title\" style=\"padding-left:46px;min-height:32px;line-height:32px\"><i class=\"sui sui-star\" style=\"font-size:32px;color:#2471a3\"><\/i> Valoraci\u00f3n de los clientes<\/div><div class=\"su-service-content su-u-clearfix su-u-trim\" style=\"padding-left:46px\">4.9 \/ 5 (31)<\/div><\/div>\n<\/div>\n<\/div>\n<\/div>\n\n\n\n<div class=\"wp-block-columns is-layout-flex wp-container-core-columns-is-layout-9d6595d7 wp-block-columns-is-layout-flex\">\n<div class=\"wp-block-column mapa2 is-layout-flow wp-block-column-is-layout-flow\">\n<h2 class=\"wp-block-heading\">Ubicaci\u00f3n de Can Therapy Educaci\u00f3n Canina Badalona<\/h2>\n\n\n\n<div class=\"su-gmap su-u-responsive-media-yes mapa\"><iframe loading=\"lazy\" width=\"600\" height=\"280\" src=\"\/\/maps.google.com\/maps?q=Can%20Therapy%20Educaci%C3%B3n%20Canina%20Badalona%2C%20Carrer%20de%20Francesc%20Layret%2C%2052%2C%201%C2%BA1%C2%AA%2C%2008911%20Badalona%2C%20Barcelona&amp;output=embed&amp;z=20\" title=\"\"><\/iframe><\/div>\n\n\n\n<h2 class=\"wp-block-heading\">Horarios de Can Therapy Educaci\u00f3n Canina Badalona<\/h2>\n\n\n\n<figure class=\"wp-block-table\"><table><tbody><tr><td><strong>Lunes<\/strong><\/td><td>lunes: 9:00\u201320:00<\/td><\/tr><tr><td><strong>Martes<\/strong><\/td><td>martes: 9:00\u201320:00<\/td><\/tr><tr><td><strong>Mi\u00e9rcoles<\/strong><\/td><td>mi\u00e9rcoles: 9:00\u201320:00<\/td><\/tr><tr><td><strong>Jueves<\/strong><\/td><td>jueves: 9:00\u201320:00<\/td><\/tr><tr><td><strong>Viernes<\/strong><\/td><td>viernes: 9:00\u201320:00<\/td><\/tr><tr><td><strong>S\u00e1bado<\/strong><\/td><td>s\u00e1bado: Cerrado<\/td><\/tr><tr><td><strong>Domingo<\/strong><\/td><td>domingo: Cerrado<\/td><\/tr><\/tbody><\/table><\/figure>\n\n\n\n<h2 class=\"wp-block-heading\">Tel\u00e9fono de Can Therapy Educaci\u00f3n Canina Badalona<\/h2>\n\n\n\n<p>Si quieres comunicarte con <strong>Can Therapy Educaci\u00f3n Canina Badalona<\/strong>, puedes hacerlo directamente llamando al siguiente n\u00famero:<\/p>\n\n\n\n<div class=\"wp-block-buttons is-content-justification-center is-layout-flex wp-container-core-buttons-is-layout-16018d1d wp-block-buttons-is-layout-flex\">\n<div class=\"wp-block-button is-style-fill\"><a class=\"wp-block-button__link has-background has-medium-font-size has-custom-font-size wp-element-button\" href=\"tel:610 30 52 97\" style=\"border-radius:6px;background-color:#2471a3\">Llamar ahora<\/a><\/div>\n<\/div>\n\n\n\n<h2 class=\"wp-block-heading\">M\u00e1s informaci\u00f3n<\/h2>\n\n\n\n<p>Can Therapy Educaci\u00f3n Canina Badalona, ubicado en Carrer de Francesc Layret, 52, 1\u00ba1\u00aa, 08911 Badalona, Barcelona, es el centro de adiestramiento canino ideal para quienes buscan un servicio de calidad en la educaci\u00f3n de sus perros. Nuestro enfoque se centra en la obediencia, la socializaci\u00f3n y la modificaci\u00f3n de conducta, adapt\u00e1ndonos a las necesidades espec\u00edficas de cada mascota y su familia. Contamos con un equipo de adiestradores de perros en Barcelona altamente capacitados que utilizan t\u00e9cnicas basadas en el refuerzo positivo, garantizando un ambiente de aprendizaje seguro y agradable. Lo que nos diferencia de otros centros de adiestramiento canino en Badalona es nuestra atenci\u00f3n personalizada y nuestro compromiso con el bienestar emocional de cada perro, asegurando as\u00ed una educaci\u00f3n positiva y duradera. Si deseas adiestrar perros de manera profesional y cercana, en Can Therapy te ofrecemos las herramientas necesarias para fortalecer el v\u00ednculo con tu mascota y lograr un comportamiento ejemplar.<\/p>\n\n\n\n<p>Localizado en Carrer de Francesc Layret, 52, 1\u00ba1\u00aa, 08911 Badalona, Barcelona, el centro de adiestramiento canino en Badalona es famoso por su atenci\u00f3n afectuoso, profesionalidad y logros notables. Revisa las opiniones de otros usuarios para descubrir su testimonio.<\/p>\n<\/div>\n<\/div>\n\n\n\n<p><\/p>\n\n\n\n<p>Si necesitas conocer otros (PONER NEGOCIO, ej: asesor\u00eda legal, decoraci\u00f3n de eventos, instalaciones el\u00e9ctricas) puedes <strong><a href=\"\/\">visitar nuestra p\u00e1gina principal<\/a><\/strong>.<\/p>\n","protected":false},"excerpt":{"rendered":"<p>Si acaso est\u00e1s en la b\u00fasqueda de un lugar de confianza para adiestramiento de perros en el \u00e1rea de Badalona, nuestra instituci\u00f3n se presenta como una excelente opci\u00f3n. Este lugar se especializa con canes de cualquier edad y raza, siempre utilizando con respetuosos adem\u00e1s de efectivos. Can Therapy Educaci\u00f3n Canina Badalona Dentro de los tratamientos [&hellip;]<\/p>\n","protected":false},"author":2,"featured_media":0,"parent":7850,"menu_order":0,"comment_status":"closed","ping_status":"closed","template":"","meta":{"_et_pb_use_builder":"","_et_pb_old_content":"","_et_gb_content_width":"","footnotes":""},"tags":[1069],"class_list":["post-10049","page","type-page","status-publish","hentry","tag-badalona"],"_links":{"self":[{"href":"https:\/\/www.adiestradorcanino.com\/webdelperro\/wp-json\/wp\/v2\/pages\/10049","targetHints":{"allow":["GET"]}}],"collection":[{"href":"https:\/\/www.adiestradorcanino.com\/webdelperro\/wp-json\/wp\/v2\/pages"}],"about":[{"href":"https:\/\/www.adiestradorcanino.com\/webdelperro\/wp-json\/wp\/v2\/types\/page"}],"author":[{"embeddable":true,"href":"https:\/\/www.adiestradorcanino.com\/webdelperro\/wp-json\/wp\/v2\/users\/2"}],"replies":[{"embeddable":true,"href":"https:\/\/www.adiestradorcanino.com\/webdelperro\/wp-json\/wp\/v2\/comments?post=10049"}],"version-history":[{"count":0,"href":"https:\/\/www.adiestradorcanino.com\/webdelperro\/wp-json\/wp\/v2\/pages\/10049\/revisions"}],"up":[{"embeddable":true,"href":"https:\/\/www.adiestradorcanino.com\/webdelperro\/wp-json\/wp\/v2\/pages\/7850"}],"wp:attachment":[{"href":"https:\/\/www.adiestradorcanino.com\/webdelperro\/wp-json\/wp\/v2\/media?parent=10049"}],"wp:term":[{"taxonomy":"post_tag","embeddable":true,"href":"https:\/\/www.adiestradorcanino.com\/webdelperro\/wp-json\/wp\/v2\/tags?post=10049"}],"curies":[{"name":"wp","href":"https:\/\/api.w.org\/{rel}","templated":true}]}}